{"id":4933,"date":"2026-03-20T19:49:40","date_gmt":"2026-03-20T17:49:40","guid":{"rendered":"https:\/\/dominiiklased.ee\/%d1%81%d1%8d%d0%bc%d1%8e%d1%8d%d0%bb-%d0%bc%d0%b0%d1%86%d1%86%d1%83%d0%ba%d0%b5%d0%bb%d0%bb%d0%b8\/"},"modified":"2026-03-22T20:38:11","modified_gmt":"2026-03-22T18:38:11","slug":"%d1%81%d1%8d%d0%bc%d1%8e%d1%8d%d0%bb-%d0%bc%d0%b0%d1%86%d1%86%d1%83%d0%ba%d0%b5%d0%bb%d0%bb%d0%b8","status":"publish","type":"page","link":"https:\/\/dominiiklased.ee\/ru\/%d1%81%d1%8d%d0%bc%d1%8e%d1%8d%d0%bb-%d0%bc%d0%b0%d1%86%d1%86%d1%83%d0%ba%d0%b5%d0%bb%d0%bb%d0%b8\/","title":{"rendered":"\u0421\u044d\u043c\u044e\u044d\u043b \u041c\u0430\u0446\u0446\u0443\u043a\u0435\u043b\u043b\u0438"},"content":{"rendered":"\t\t<div data-elementor-type=\"wp-page\" data-elementor-id=\"4933\" class=\"elementor elementor-4933 elementor-4829\">\n\t\t\t\t<div class=\"aux-parallax-section elementor-element elementor-element-2284ac6 e-flex e-con-boxed e-con e-parent\" data-id=\"2284ac6\" data-element_type=\"container\" data-e-type=\"container\">\n\t\t\t\t\t<div class=\"e-con-inner\">\n\t\t\t\t<div class=\"elementor-element elementor-element-51ccffe elementor-widget elementor-widget-heading\" data-id=\"51ccffe\" data-element_type=\"widget\" data-e-type=\"widget\" data-widget_type=\"heading.default\">\n\t\t\t\t<div class=\"elementor-widget-container\">\n\t\t\t\t\t<h2 class=\"elementor-heading-title elementor-size-default\">\u041d\u0430\u0448\u0438 \u043e\u0431\u0440\u0430\u0437\u0446\u044b \u0434\u043b\u044f \u043f\u043e\u0434\u0440\u0430\u0436\u0430\u043d\u0438\u044f<\/h2>\t\t\t\t<\/div>\n\t\t\t\t<\/div>\n\t\t\t\t<div class=\"elementor-element elementor-element-0bb9e25 elementor-widget elementor-widget-aux_menu_box\" data-id=\"0bb9e25\" data-element_type=\"widget\" data-e-type=\"widget\" data-widget_type=\"aux_menu_box.default\">\n\t\t\t\t<div class=\"elementor-widget-container\">\n\t\t\t\t\t<div class=\"aux-elementor-header-menu aux-nav-menu-element aux-nav-menu-element-0bb9e25\"><div class=\"aux-burger-box\" data-target-panel=\"toggle-bar\" data-target-content=\".elementor-element-0bb9e25 .aux-master-menu\"><div class=\"aux-burger aux-lite-small\"><span class=\"mid-line\"><\/span><\/div><\/div><!-- start master menu -->\n<nav id=\"master-menu-elementor-0bb9e25\" class=\"menu-dominikaanlased-russian-container\">\n\n\t<ul id=\"menu-dominikaanlased-russian\" class=\"aux-master-menu aux-no-js aux-skin-classic aux-with-indicator aux-with-splitter aux-horizontal\" data-type=\"horizontal\"  data-switch-type=\"toggle\" data-switch-parent=\".elementor-element-0bb9e25 .aux-toggle-menu-bar\" data-switch-width=\"115\"  >\n\t\t<!-- start single menu -->\n\t\t<li id=\"menu-item-1847\" class=\"menu-item menu-item-type-post_type menu-item-object-page menu-item-1847 aux-menu-depth-0 aux-menu-root-1 aux-menu-item\">\n\t\t\t<a href=\"https:\/\/dominiiklased.ee\/ru\/%d0%b1%d0%bb%d0%b0%d0%b6%d0%b5%d0%bd%d0%bd%d0%b0%d1%8f-%d0%b0%d0%b3%d0%bd%d0%b5%d1%81-%d0%b4%d0%b5-%d0%bb%d0%b0%d0%bd%d0%b6%d0%b0%d0%ba\/\" class=\"aux-item-content\">\n\t\t\t\t<span class=\"aux-menu-label\">\u0411\u043b\u0430\u0436\u0435\u043d\u043d\u0430\u044f \u0410\u0433\u043d\u0435\u0441 \u0434\u0435 \u041b\u0430\u043d\u0436\u0430\u043a<\/span>\n\t\t\t<\/a>\n\t\t<\/li>\n\t\t<!-- end single menu -->\n\t\t<!-- start single menu -->\n\t\t<li id=\"menu-item-1848\" class=\"menu-item menu-item-type-post_type menu-item-object-page menu-item-1848 aux-menu-depth-0 aux-menu-root-2 aux-menu-item\">\n\t\t\t<a href=\"https:\/\/dominiiklased.ee\/ru\/%d1%85%d0%be%d1%81%d0%b5-%d0%b0%d0%bb%d1%8c%d0%b2%d0%b0%d1%80%d0%b5%d1%81-%d1%84%d0%b5%d1%80%d0%bd%d0%b0%d0%bd%d0%b4%d0%b5%d1%81\/\" class=\"aux-item-content\">\n\t\t\t\t<span class=\"aux-menu-label\">\u0425\u043e\u0441\u0435 \u0410\u043b\u044c\u0432\u0430\u0440\u0435\u0441 \u0424\u0435\u0440\u043d\u0430\u043d\u0434\u0435\u0441<\/span>\n\t\t\t<\/a>\n\t\t<\/li>\n\t\t<!-- end single menu -->\n\t\t<!-- start single menu -->\n\t\t<li id=\"menu-item-1849\" class=\"menu-item menu-item-type-post_type menu-item-object-page menu-item-1849 aux-menu-depth-0 aux-menu-root-3 aux-menu-item\">\n\t\t\t<a href=\"https:\/\/dominiiklased.ee\/ru\/%d1%82%d0%b5%d1%80%d0%b5%d0%b7%d0%b0-%d1%87%d0%b8%d0%ba%d0%b0%d0%b1%d0%b0\/\" class=\"aux-item-content\">\n\t\t\t\t<span class=\"aux-menu-label\">\u0422\u0435\u0440\u0435\u0437\u0430 \u200b\u200b\u0427\u0438\u043a\u0430\u0431\u0430<\/span>\n\t\t\t<\/a>\n\t\t<\/li>\n\t\t<!-- end single menu -->\n\t\t<!-- start single menu -->\n\t\t<li id=\"menu-item-1850\" class=\"menu-item menu-item-type-post_type menu-item-object-page menu-item-1850 aux-menu-depth-0 aux-menu-root-4 aux-menu-item\">\n\t\t\t<a href=\"https:\/\/dominiiklased.ee\/ru\/%d1%82%d0%b8%d1%82%d1%83%d1%81-%d1%85%d0%be%d1%80%d1%82%d0%b5%d0%bd\/\" class=\"aux-item-content\">\n\t\t\t\t<span class=\"aux-menu-label\">\u0422\u0438\u0442\u0443\u0441 \u0425\u043e\u0440\u0442\u0435\u043d<\/span>\n\t\t\t<\/a>\n\t\t<\/li>\n\t\t<!-- end single menu -->\n\t\t<!-- start single menu -->\n\t\t<li id=\"menu-item-1851\" class=\"menu-item menu-item-type-post_type menu-item-object-page menu-item-1851 aux-menu-depth-0 aux-menu-root-5 aux-menu-item\">\n\t\t\t<a href=\"https:\/\/dominiiklased.ee\/ru\/%d0%bc%d0%b0%d1%80%d0%b8-%d0%b6%d0%be%d0%b7%d0%b5%d1%84-%d0%bb%d0%b0%d0%b3%d1%80%d0%b0%d0%bd%d0%b6\/\" class=\"aux-item-content\">\n\t\t\t\t<span class=\"aux-menu-label\">\u041c\u0430\u0440\u0438 \u0416\u043e\u0437\u0435\u0444 \u041b\u0430\u0433\u0440\u0430\u043d\u0436<\/span>\n\t\t\t<\/a>\n\t\t<\/li>\n\t\t<!-- end single menu -->\n\t\t<!-- start single menu -->\n\t\t<li id=\"menu-item-1860\" class=\"menu-item menu-item-type-post_type menu-item-object-page menu-item-1860 aux-menu-depth-0 aux-menu-root-6 aux-menu-item\">\n\t\t\t<a href=\"https:\/\/dominiiklased.ee\/ru\/%d0%b2%d0%b8%d0%bd%d1%81%d0%b5%d0%bd%d1%82-%d0%bb%d0%b8%d0%b5%d0%bc-%d0%b8%d0%b7-peace\/\" class=\"aux-item-content\">\n\t\t\t\t<span class=\"aux-menu-label\">\u0412\u0438\u043d\u0441\u0435\u043d\u0442 \u041b\u0438\u0435\u043c \u0438\u0437 Peace<\/span>\n\t\t\t<\/a>\n\t\t<\/li>\n\t\t<!-- end single menu -->\n\t\t<!-- start single menu -->\n\t\t<li id=\"menu-item-1861\" class=\"menu-item menu-item-type-post_type menu-item-object-page menu-item-1861 aux-menu-depth-0 aux-menu-root-7 aux-menu-item\">\n\t\t\t<a href=\"https:\/\/dominiiklased.ee\/ru\/%d1%85%d1%83%d0%b0%d0%bd-%d0%bc%d0%b0%d1%81%d0%b8%d0%b0%d1%81\/\" class=\"aux-item-content\">\n\t\t\t\t<span class=\"aux-menu-label\">\u0425\u0443\u0430\u043d \u041c\u0430\u0441\u0438\u0430\u0441<\/span>\n\t\t\t<\/a>\n\t\t<\/li>\n\t\t<!-- end single menu -->\n\t\t<!-- start single menu -->\n\t\t<li id=\"menu-item-1862\" class=\"menu-item menu-item-type-post_type menu-item-object-page menu-item-1862 aux-menu-depth-0 aux-menu-root-8 aux-menu-item\">\n\t\t\t<a href=\"https:\/\/dominiiklased.ee\/ru\/%d0%b4%d0%b6%d0%be%d1%80%d0%b4%d0%b6%d0%b8%d0%be-%d0%bb%d0%b0-%d0%bf%d0%b8%d1%80%d0%b0\/\" class=\"aux-item-content\">\n\t\t\t\t<span class=\"aux-menu-label\">\u0414\u0436\u043e\u0440\u0434\u0436\u0438\u043e \u041b\u0430 \u041f\u0438\u0440\u0430<\/span>\n\t\t\t<\/a>\n\t\t<\/li>\n\t\t<!-- end single menu -->\n\t\t<!-- start single menu -->\n\t\t<li id=\"menu-item-1863\" class=\"menu-item menu-item-type-post_type menu-item-object-page menu-item-1863 aux-menu-depth-0 aux-menu-root-9 aux-menu-item\">\n\t\t\t<a href=\"https:\/\/dominiiklased.ee\/ru\/%d1%84%d1%80%d0%b0%d0%bd%d1%86%d0%b8%d1%81%d0%ba-%d0%b2%d0%b8%d1%82%d0%be%d1%80%d0%b8%d0%b9%d1%81%d0%ba%d0%b8%d0%b9\/\" class=\"aux-item-content\">\n\t\t\t\t<span class=\"aux-menu-label\">\u0424\u0440\u0430\u043d\u0446\u0438\u0441\u043a \u0412\u0438\u0442\u043e\u0440\u0438\u0439\u0441\u043a\u0438\u0439<\/span>\n\t\t\t<\/a>\n\t\t<\/li>\n\t\t<!-- end single menu -->\n\t<\/ul>\n\n<\/nav>\n<!-- end master menu -->\n<div class=\"aux-toggle-menu-bar\"><\/div><\/div><style>@media only screen and (min-width: 116px) { .elementor-element-0bb9e25 .aux-burger-box { display: none } }<\/style>\t\t\t\t<\/div>\n\t\t\t\t<\/div>\n\t\t\t\t\t<\/div>\n\t\t\t\t<\/div>\n\t\t<div class=\"aux-parallax-section elementor-element elementor-element-c41fd24 e-flex e-con-boxed e-con e-parent\" data-id=\"c41fd24\" data-element_type=\"container\" data-e-type=\"container\">\n\t\t\t\t\t<div class=\"e-con-inner\">\n\t\t<div class=\"elementor-element elementor-element-f8c7192 e-con-full e-flex e-con e-child\" data-id=\"f8c7192\" data-element_type=\"container\" data-e-type=\"container\">\n\t\t\t\t<div class=\"elementor-element elementor-element-c99461e aux-appear-watch-animation aux-fade-in-up elementor-widget elementor-widget-aux_modern_heading\" data-id=\"c99461e\" data-element_type=\"widget\" data-e-type=\"widget\" data-widget_type=\"aux_modern_heading.default\">\n\t\t\t\t<div class=\"elementor-widget-container\">\n\t\t\t\t\t<section class=\"aux-widget-modern-heading\">\n            <div class=\"aux-widget-inner\"><h2 class=\"aux-modern-heading-primary\">\u0421\u044d\u043c\u044e\u044d\u043b \u041c\u0430\u0446\u0446\u0443\u043a\u0435\u043b\u043b\u0438<\/h2><h3 class=\"aux-modern-heading-secondary\"><span class=\"aux-head-before\">\u00b0 \u041c\u0438\u043b\u0430\u043d 1806 \u2013 \u2020 \u0411\u0435\u043d\u0442\u043e\u043d 1864<\/span><\/h3><div class=\"aux-modern-heading-divider\"><\/div><div class=\"aux-modern-heading-description\"><p>\u0421\u0430\u043c\u0443\u044d\u043b\u044c \u041c\u0430\u0446\u0446\u0443\u043a\u0435\u043b\u043b\u0438 \u0440\u043e\u0434\u0438\u043b\u0441\u044f \u0432 \u041c\u0438\u043b\u0430\u043d\u0435 \u0432 1806 \u0433\u043e\u0434\u0443 \u0432 \u0441\u0435\u043c\u044c\u0435 \u0438\u043d\u0442\u0435\u043b\u043b\u0438\u0433\u0435\u043d\u0446\u0438\u0438. \u0412 \u044e\u043d\u043e\u0441\u0442\u0438 \u043e\u043d \u043f\u043e\u0447\u0443\u0432\u0441\u0442\u0432\u043e\u0432\u0430\u043b \u043f\u0440\u0438\u0437\u0432\u0430\u043d\u0438\u0435.<br> \u041e\u043d \u0437\u0430\u043d\u0438\u043c\u0430\u043b\u0441\u044f \u043c\u0438\u0441\u0441\u0438\u043e\u043d\u0435\u0440\u0441\u043a\u043e\u0439 \u0434\u0435\u044f\u0442\u0435\u043b\u044c\u043d\u043e\u0441\u0442\u044c\u044e \u0438 \u0432 1823 \u0433\u043e\u0434\u0443 \u0432\u0441\u0442\u0443\u043f\u0438\u043b \u0432 \u041e\u0440\u0434\u0435\u043d \u043f\u0440\u043e\u043f\u043e\u0432\u0435\u0434\u043d\u0438\u043a\u043e\u0432. \u041f\u043e\u0441\u043b\u0435 \u043d\u043e\u0432\u0438\u0446\u0438\u0430\u0442\u0430, \u0432 \u0432\u043e\u0437\u0440\u0430\u0441\u0442\u0435 \u0432\u0441\u0435\u0433\u043e 22 \u043b\u0435\u0442, \u0435\u0433\u043e \u043e\u0442\u043f\u0440\u0430\u0432\u0438\u043b\u0438 \u0442\u0443\u0434\u0430.<br> \u041f\u0440\u0438\u0435\u0445\u0430\u043b \u0432 \u0421\u043e\u0435\u0434\u0438\u043d\u0435\u043d\u043d\u044b\u0435 \u0428\u0442\u0430\u0442\u044b \u0432 \u0432\u043e\u0437\u0440\u0430\u0441\u0442\u0435 18 \u043b\u0435\u0442, \u0447\u0442\u043e\u0431\u044b \u0441\u043b\u0443\u0436\u0438\u0442\u044c \u043a\u043e\u0440\u0435\u043d\u043d\u044b\u043c \u0430\u043c\u0435\u0440\u0438\u043a\u0430\u043d\u0446\u0430\u043c \u0438 \u043d\u043e\u0432\u044b\u043c \u0438\u043c\u043c\u0438\u0433\u0440\u0430\u043d\u0442\u0430\u043c.<br> \u041e\u043d \u0440\u0430\u0431\u043e\u0442\u0430\u043b \u0432 \u0440\u0435\u0433\u0438\u043e\u043d\u0430\u0445 \u041c\u0438\u0447\u0438\u0433\u0430\u043d\u0430, \u0412\u0438\u0441\u043a\u043e\u043d\u0441\u0438\u043d\u0430 \u0438 \u0410\u0439\u043e\u0432\u044b, \u0438\u0437\u0443\u0447\u0430\u044f \u043c\u0435\u0441\u0442\u043d\u044b\u0435 \u044f\u0437\u044b\u043a\u0438 \u0438 \u0441\u043e\u0437\u0434\u0430\u0432\u0430\u044f \u0434\u0435\u0441\u044f\u0442\u043a\u0438 \u043f\u0440\u0435\u0434\u043f\u0440\u0438\u044f\u0442\u0438\u0439.<br> \u043f\u0440\u0438\u0445\u043e\u0434\u044b, \u0446\u0435\u0440\u043a\u0432\u0438 \u0438 \u0448\u043a\u043e\u043b\u044b. \u041a\u0440\u043e\u043c\u0435 \u0442\u043e\u0433\u043e, \u043e\u043d \u0431\u044b\u043b \u0443\u0447\u0438\u0442\u0435\u043b\u0435\u043c, \u043f\u0435\u0440\u0435\u0432\u043e\u0434\u0447\u0438\u043a\u043e\u043c \u0438 \u0430\u0440\u0445\u0438\u0442\u0435\u043a\u0442\u043e\u0440\u043e\u043c, \u0441\u043f\u0440\u043e\u0435\u043a\u0442\u0438\u0440\u043e\u0432\u0430\u0432\u0448\u0438\u043c \u043d\u0435\u0441\u043a\u043e\u043b\u044c\u043a\u043e \u0437\u0434\u0430\u043d\u0438\u0439.<br> \u0438\u0437\u0432\u0435\u0441\u0442\u043d\u044b\u0435 \u0446\u0435\u0440\u043a\u0432\u0438, \u0432 \u0442\u043e\u043c \u0447\u0438\u0441\u043b\u0435 \u0441\u043e\u0431\u043e\u0440 \u0421\u0432\u044f\u0442\u043e\u0433\u043e \u0410\u0432\u0433\u0443\u0441\u0442\u0438\u043d\u0430 \u0432 \u0414\u0443\u0431\u0443\u043a\u0435.<br> \u041c\u0430\u0446\u0446\u0443\u043a\u0435\u043b\u043b\u0438 \u0437\u0430\u0449\u0438\u0449\u0430\u043b \u043f\u0440\u0430\u0432\u0430 \u043a\u043e\u0440\u0435\u043d\u043d\u044b\u0445 \u0436\u0438\u0442\u0435\u043b\u0435\u0439 \u0438 \u0438\u043c\u043c\u0438\u0433\u0440\u0430\u043d\u0442\u043e\u0432 \u0438 \u0441\u043f\u043e\u0441\u043e\u0431\u0441\u0442\u0432\u043e\u0432\u0430\u043b \u0440\u0430\u0437\u0432\u0438\u0442\u0438\u044e \u043e\u0431\u0440\u0430\u0437\u043e\u0432\u0430\u043d\u0438\u044f, \u0437\u0430\u043d\u0438\u043c\u0430\u044f\u0441\u044c \u043f\u0435\u0440\u0435\u0432\u043e\u0434\u043e\u043c \u043b\u0438\u0442\u0443\u0440\u0433\u0438\u0447\u0435\u0441\u043a\u0438\u0445 \u0442\u0435\u043a\u0441\u0442\u043e\u0432.<br> \u0442\u0435\u043a\u0441\u0442\u044b \u043d\u0430 \u0440\u043e\u0434\u043d\u043e\u043c \u044f\u0437\u044b\u043a\u0435 \u043c\u0435\u0441\u0442\u043d\u043e\u0433\u043e \u043d\u0430\u0441\u0435\u043b\u0435\u043d\u0438\u044f. \u0418\u0437-\u0437\u0430 \u0441\u0432\u043e\u0435\u0439 \u0441\u043a\u0440\u043e\u043c\u043d\u043e\u0441\u0442\u0438 \u043e\u043d \u043e\u0442\u043a\u0430\u0437\u0430\u043b\u0441\u044f \u043e\u0442 \u0435\u043f\u0438\u0441\u043a\u043e\u043f\u0441\u043a\u043e\u0433\u043e \u0441\u0430\u043d\u0430 \u0438 \u043e\u0441\u0442\u0430\u043b\u0441\u044f<br> \u0432\u0435\u0440\u043d\u044b\u0435 \u043f\u0440\u043e\u0441\u0442\u043e\u0439 \u043c\u0438\u0441\u0441\u0438\u043e\u043d\u0435\u0440\u0441\u043a\u043e\u0439 \u0436\u0438\u0437\u043d\u0438.<br> \u041e\u043d \u0443\u043c\u0435\u0440 \u0432 1864 \u0433\u043e\u0434\u0443 \u0432 \u0411\u0435\u043d\u0442\u043e\u043d\u0435, \u0448\u0442\u0430\u0442 \u0412\u0438\u0441\u043a\u043e\u043d\u0441\u0438\u043d.<br> \u0412 1993 \u0433\u043e\u0434\u0443 \u041f\u0430\u043f\u0430 \u0418\u043e\u0430\u043d\u043d \u041f\u0430\u0432\u0435\u043b II \u043f\u0440\u0438\u0447\u0438\u0441\u043b\u0438\u043b \u0435\u0433\u043e \u043a \u043b\u0438\u043a\u0443 \u0431\u043b\u0430\u0436\u0435\u043d\u043d\u044b\u0445.        <\/p><\/div><\/div>\n        <\/section>\t\t\t\t<\/div>\n\t\t\t\t<\/div>\n\t\t\t\t<\/div>\n\t\t<div class=\"elementor-element elementor-element-9a4430c aux-appear-watch-animation aux-scale-down e-con-full e-flex e-con e-child\" data-id=\"9a4430c\" data-element_type=\"container\" data-e-type=\"container\">\n\t\t\t\t<div class=\"elementor-element elementor-element-46c0b7d elementor-widget elementor-widget-aux_image\" data-id=\"46c0b7d\" data-element_type=\"widget\" data-e-type=\"widget\" data-widget_type=\"aux_image.default\">\n\t\t\t\t<div class=\"elementor-widget-container\">\n\t\t\t\t\t<section class=\"widget-container aux-widget-image aux-alignnone aux-parent-auc8d19c9d\">\n    <div class=\"aux-media-hint-frame \">\n        <div class=\"aux-media-image \" >\n        \n            \n\n            \n            <img fetchpriority=\"high\" decoding=\"async\" width=\"1585\" height=\"2560\" src=\"data:image\/gif;base64,R0lGODlhAQABAIAAAAAAAP\/\/\/yH5BAEAAAAALAAAAAABAAEAAAIBRAA7\" class=\"aux-attachment aux-featured-image aux-attachment-id-4816 aux-preload aux-blank\" alt=\"Mazzucchelli\" data-ratio=\"0.62\" data-original-w=\"1585\" data-src=\"https:\/\/dominiiklased.ee\/wp-content\/uploads\/2026\/03\/Mazzucchelli-scaled.jpg\" \/>            \n                <\/div>\n    <\/div>\n\n<\/section><!-- widget-container -->\t\t\t\t<\/div>\n\t\t\t\t<\/div>\n\t\t\t\t<div class=\"elementor-element elementor-element-85916eb elementor-widget elementor-widget-heading\" data-id=\"85916eb\" data-element_type=\"widget\" data-e-type=\"widget\" data-widget_type=\"heading.default\">\n\t\t\t\t<div class=\"elementor-widget-container\">\n\t\t\t\t\t<h2 class=\"elementor-heading-title elementor-size-default\">\u041a\u0430\u0439 \u041a\u0438\u0443\u0434\u0441\u0443 \u2014 \u0436\u0438\u0432\u043e\u043f\u0438\u0441\u044c, \u0440\u043e\u0441\u043f\u0438\u0441\u044c \u043f\u043e \u0441\u0442\u0435\u043a\u043b\u0443 \u0438 \u043f\u043b\u0430\u0432\u043b\u0435\u043d\u0438\u0435.<\/h2>\t\t\t\t<\/div>\n\t\t\t\t<\/div>\n\t\t\t\t<\/div>\n\t\t\t\t\t<\/div>\n\t\t\t\t<\/div>\n\t\t\t\t<\/div>\n\t\t","protected":false},"excerpt":{"rendered":"<p>\u041d\u0430\u0448\u0438 \u043e\u0431\u0440\u0430\u0437\u0446\u044b \u0434\u043b\u044f \u043f\u043e\u0434\u0440\u0430\u0436\u0430\u043d\u0438\u044f Agn\u00e8s de Langeac Jos\u00e9 \u00c1lavrez Fern\u00e0ndez Teresa Chikaba Titus Horten Marie Joseph Lagrange Vincent Liem of Peace Juan Macias Giorgio La Pira Franciscus de Vitoria Samuel Mazzuchelli \u0421\u044d\u043c\u044e\u044d\u043b \u041c\u0430\u0446\u0446\u0443\u043a\u0435\u043b\u043b\u0438 \u00b0 \u041c\u0438\u043b\u0430\u043d 1806 \u2013 \u2020 \u0411\u0435\u043d\u0442\u043e\u043d 1864 \u0421\u0430\u043c\u0443\u044d\u043b\u044c \u041c\u0430\u0446\u0446\u0443\u043a\u0435\u043b\u043b\u0438 \u0440\u043e\u0434\u0438\u043b\u0441\u044f \u0432 \u041c\u0438\u043b\u0430\u043d\u0435 \u0432 1806 \u0433\u043e\u0434\u0443 \u0432 \u0441\u0435\u043c\u044c\u0435 \u0438\u043d\u0442\u0435\u043b\u043b\u0438\u0433\u0435\u043d\u0446\u0438\u0438. \u0412 \u044e\u043d\u043e\u0441\u0442\u0438 \u043e\u043d \u043f\u043e\u0447\u0443\u0432\u0441\u0442\u0432\u043e\u0432\u0430\u043b [&hellip;]<\/p>\n","protected":false},"author":2,"featured_media":0,"parent":0,"menu_order":0,"comment_status":"closed","ping_status":"closed","template":"templates\/page-builder-content.php","meta":{"footnotes":""},"class_list":["post-4933","page","type-page","status-publish","hentry"],"_links":{"self":[{"href":"https:\/\/dominiiklased.ee\/ru\/wp-json\/wp\/v2\/pages\/4933","targetHints":{"allow":["GET"]}}],"collection":[{"href":"https:\/\/dominiiklased.ee\/ru\/wp-json\/wp\/v2\/pages"}],"about":[{"href":"https:\/\/dominiiklased.ee\/ru\/wp-json\/wp\/v2\/types\/page"}],"author":[{"embeddable":true,"href":"https:\/\/dominiiklased.ee\/ru\/wp-json\/wp\/v2\/users\/2"}],"replies":[{"embeddable":true,"href":"https:\/\/dominiiklased.ee\/ru\/wp-json\/wp\/v2\/comments?post=4933"}],"version-history":[{"count":1,"href":"https:\/\/dominiiklased.ee\/ru\/wp-json\/wp\/v2\/pages\/4933\/revisions"}],"predecessor-version":[{"id":4934,"href":"https:\/\/dominiiklased.ee\/ru\/wp-json\/wp\/v2\/pages\/4933\/revisions\/4934"}],"wp:attachment":[{"href":"https:\/\/dominiiklased.ee\/ru\/wp-json\/wp\/v2\/media?parent=4933"}],"curies":[{"name":"wp","href":"https:\/\/api.w.org\/{rel}","templated":true}]}}