{"id":2905,"date":"2025-04-20T21:16:08","date_gmt":"2025-04-20T18:16:08","guid":{"rendered":"https:\/\/dominiiklased.ee\/%d0%b2%d0%b8%d1%82%d0%b0%d0%bc%d0%b8%d0%bd%d1%8b-%d0%b4%d0%bb%d1%8f-%d1%83%d0%bc%d0%b0\/"},"modified":"2026-03-22T21:01:12","modified_gmt":"2026-03-22T19:01:12","slug":"%d0%b2%d0%b8%d1%82%d0%b0%d0%bc%d0%b8%d0%bd%d1%8b-%d0%b4%d0%bb%d1%8f-%d1%83%d0%bc%d0%b0","status":"publish","type":"page","link":"https:\/\/dominiiklased.ee\/ru\/%d0%b2%d0%b8%d1%82%d0%b0%d0%bc%d0%b8%d0%bd%d1%8b-%d0%b4%d0%bb%d1%8f-%d1%83%d0%bc%d0%b0\/","title":{"rendered":"\u0412\u0438\u0442\u0430\u043c\u0438\u043d\u044b \u0434\u043b\u044f \u0443\u043c\u0430"},"content":{"rendered":"\t\t<div data-elementor-type=\"wp-page\" data-elementor-id=\"2905\" class=\"elementor elementor-2905 elementor-2502\">\n\t\t\t\t<div class=\"aux-parallax-section elementor-element elementor-element-46e1247 e-con-full e-flex e-con e-parent\" data-id=\"46e1247\" data-element_type=\"container\" data-e-type=\"container\">\n\t\t<div class=\"elementor-element elementor-element-baae426 e-con-full e-flex e-con e-child\" data-id=\"baae426\" data-element_type=\"container\" data-e-type=\"container\">\n\t\t\t\t<div class=\"elementor-element elementor-element-ab98aaa aux-appear-watch-animation aux-fade-in-up elementor-widget elementor-widget-aux_modern_heading\" data-id=\"ab98aaa\" data-element_type=\"widget\" data-e-type=\"widget\" data-widget_type=\"aux_modern_heading.default\">\n\t\t\t\t<div class=\"elementor-widget-container\">\n\t\t\t\t\t<section class=\"aux-widget-modern-heading\">\n            <div class=\"aux-widget-inner\"><h2 class=\"aux-modern-heading-primary\"><\/h2><h3 class=\"aux-modern-heading-secondary\"><span class=\"aux-head-before\">\u0412\u0438\u0442\u0430\u043c\u0438\u043d\u044b \u0434\u043b\u044f \u0443\u043c\u0430<\/span><\/h3><div class=\"aux-modern-heading-divider\"><\/div><div class=\"aux-modern-heading-description\"><p>\u0412 \u044d\u0442\u043e\u043c \u0440\u0430\u0437\u0434\u0435\u043b\u0435 \u0432\u044b \u043d\u0430\u0439\u0434\u0435\u0442\u0435 \u0434\u043e\u043a\u0443\u043c\u0435\u043d\u0442\u044b, \u043a\u043e\u0442\u043e\u0440\u044b\u0435 \u0441\u043e\u0434\u0435\u0440\u0436\u0430\u0442 \u0434\u0443\u0445\u043e\u0432\u043d\u0443\u044e \u0438\u043d\u0444\u043e\u0440\u043c\u0430\u0446\u0438\u044e.<\/p><p>\u0418\u0445 \u043c\u043e\u0436\u043d\u043e \u043d\u0430\u0439\u0442\u0438 \u0432 \u0444\u043e\u0440\u043c\u0430\u0442\u0435 PDF \u0437\u0434\u0435\u0441\u044c:<\/p><\/div><\/div>\n        <\/section>\t\t\t\t<\/div>\n\t\t\t\t<\/div>\n\t\t\t\t<div class=\"elementor-element elementor-element-64c9d76 elementor-widget elementor-widget-text-editor\" data-id=\"64c9d76\" data-element_type=\"widget\" data-e-type=\"widget\" data-widget_type=\"text-editor.default\">\n\t\t\t\t<div class=\"elementor-widget-container\">\n\t\t\t\t\t\t\t\t\t<p><a href=\"https:\/\/dominiiklased.ee\/wp-content\/uploads\/2025\/04\/2021.05.24-Praedicator-Gratiae-EN.pdf\">Pr\u00e6dicator Grati\u00e6: P\u00fcha Isa kiri Jutlustajate Ordu meistrile<\/a><\/p>\t\t\t\t\t\t\t\t<\/div>\n\t\t\t\t<\/div>\n\t\t\t\t<div class=\"elementor-element elementor-element-63d9287 elementor-widget elementor-widget-text-editor\" data-id=\"63d9287\" data-element_type=\"widget\" data-e-type=\"widget\" data-widget_type=\"text-editor.default\">\n\t\t\t\t<div class=\"elementor-widget-container\">\n\t\t\t\t\t\t\t\t\t<p><a href=\"https:\/\/dominiiklased.ee\/wp-content\/uploads\/2025\/04\/2021.05.24-Praedicator-Gratiae-FR.pdf\">Pr\u00e6dicator Grati\u00e6: Lettre du Saint P\u00e8re au Ma\u00eetre de l\u2019Ordre des Pr\u00eacheurs<\/a><\/p>\t\t\t\t\t\t\t\t<\/div>\n\t\t\t\t<\/div>\n\t\t\t\t<div class=\"elementor-element elementor-element-6a494d1 elementor-widget elementor-widget-text-editor\" data-id=\"6a494d1\" data-element_type=\"widget\" data-e-type=\"widget\" data-widget_type=\"text-editor.default\">\n\t\t\t\t<div class=\"elementor-widget-container\">\n\t\t\t\t\t\t\t\t\t<p><a href=\"https:\/\/dominiiklased.ee\/wp-content\/uploads\/2025\/06\/Letter-to-the-Order-on-the-Canonization-of-Pier-Giorgio-Frassati_EN.pdf\">Letter to the Order on the Canonization of Pier Giorgio Frassati_EN<\/a><\/p>\t\t\t\t\t\t\t\t<\/div>\n\t\t\t\t<\/div>\n\t\t\t\t<div class=\"elementor-element elementor-element-097a097 elementor-widget elementor-widget-text-editor\" data-id=\"097a097\" data-element_type=\"widget\" data-e-type=\"widget\" data-widget_type=\"text-editor.default\">\n\t\t\t\t<div class=\"elementor-widget-container\">\n\t\t\t\t\t\t\t\t\t<p><strong>\u041d\u041e\u0412\u042b\u0419:  <a href=\"https:\/\/dominiiklased.ee\/wp-content\/uploads\/2026\/01\/Radcliffe-peatukk-I-IK-EE.pdf\">\u0422\u0438\u043c\u043e\u0442\u0438 \u0420\u044d\u0434\u043a\u043b\u0438\u0444\u0444, OP,  <em>\u0414\u0430\u0432\u0430\u0439\u0442\u0435 \u043f\u043e\u0441\u043b\u0443\u0448\u0430\u0435\u043c \u0432\u043c\u0435\u0441\u0442\u0435. \u0420\u0430\u0437\u043c\u044b\u0448\u043b\u0435\u043d\u0438\u044f \u043e \u0441\u0438\u043d\u043e\u0434\u0430\u043b\u044c\u043d\u043e\u0441\u0442\u0438. <\/em><\/a><\/strong><\/p>\t\t\t\t\t\t\t\t<\/div>\n\t\t\t\t<\/div>\n\t\t\t\t<\/div>\n\t\t<div class=\"elementor-element elementor-element-4b2b34d e-flex e-con-boxed e-con e-child\" data-id=\"4b2b34d\" data-element_type=\"container\" data-e-type=\"container\">\n\t\t\t\t\t<div class=\"e-con-inner\">\n\t\t\t\t<div class=\"elementor-element elementor-element-686d616 elementor-widget elementor-widget-aux_modern_button\" data-id=\"686d616\" data-element_type=\"widget\" data-e-type=\"widget\" data-widget_type=\"aux_modern_button.default\">\n\t\t\t\t<div class=\"elementor-widget-container\">\n\t\t\t\t\t    <div class=\"aux-modern-button-wrapper aux-modern-button-align-left\" >\n                    <a class=\"aux-modern-button aux-white aux-modern-button-md aux-modern-button-normal aux-modern-button-default aux-icon-right\" href=\"https:\/\/dominiiklased.ee\/jutlused\/\">\n                <div class=\"aux-overlay\"><\/div>\n                                    <div class=\"aux-icon \">\n                        <i aria-hidden=\"true\" class=\"fas fa-file-import\"><\/i>                    <\/div>\n                                <div class=\"aux-text\">\n<span class=\"aux-text-before\">\u0421\u043c. \u0442\u0430\u043a\u0436\u0435 \u041f\u0420\u041e\u041f\u041e\u0412\u0415\u0414\u0418<\/span>                <\/div>\n            <\/a>\n            \n    <\/div>\n\n    \t\t\t\t<\/div>\n\t\t\t\t<\/div>\n\t\t\t\t<div class=\"elementor-element elementor-element-dce09e7 elementor-widget elementor-widget-aux_modern_button\" data-id=\"dce09e7\" data-element_type=\"widget\" data-e-type=\"widget\" data-widget_type=\"aux_modern_button.default\">\n\t\t\t\t<div class=\"elementor-widget-container\">\n\t\t\t\t\t    <div class=\"aux-modern-button-wrapper aux-modern-button-align-left\" >\n                    <a class=\"aux-modern-button aux-white aux-modern-button-md aux-modern-button-normal aux-modern-button-default aux-icon-right\" href=\"https:\/\/dominiiklased.ee\/ressursitekstid\/\">\n                <div class=\"aux-overlay\"><\/div>\n                                    <div class=\"aux-icon \">\n                        <i aria-hidden=\"true\" class=\"fas fa-file-import\"><\/i>                    <\/div>\n                                <div class=\"aux-text\">\n<span class=\"aux-text-before\">\u0421\u043c. \u0442\u0430\u043a\u0436\u0435 \u0422\u0415\u041a\u0421\u0422\u042b \u0420\u0415\u0421\u0423\u0420\u0421\u041e\u0412<\/span>                <\/div>\n            <\/a>\n            \n    <\/div>\n\n    \t\t\t\t<\/div>\n\t\t\t\t<\/div>\n\t\t\t\t<div class=\"elementor-element elementor-element-d27844c elementor-widget-divider--view-line elementor-widget elementor-widget-divider\" data-id=\"d27844c\" data-element_type=\"widget\" data-e-type=\"widget\" data-widget_type=\"divider.default\">\n\t\t\t\t<div class=\"elementor-widget-container\">\n\t\t\t\t\t\t\t<div class=\"elementor-divider\">\n\t\t\t<span class=\"elementor-divider-separator\">\n\t\t\t\t\t\t<\/span>\n\t\t<\/div>\n\t\t\t\t\t\t<\/div>\n\t\t\t\t<\/div>\n\t\t\t\t<div class=\"elementor-element elementor-element-23ac10f elementor-widget elementor-widget-aux_modern_button\" data-id=\"23ac10f\" data-element_type=\"widget\" data-e-type=\"widget\" data-widget_type=\"aux_modern_button.default\">\n\t\t\t\t<div class=\"elementor-widget-container\">\n\t\t\t\t\t    <div class=\"aux-modern-button-wrapper aux-modern-button-align-left\" >\n                    <a class=\"aux-modern-button aux-warning aux-modern-button-md aux-modern-button-normal aux-modern-button-default aux-icon-right\" href=\"https:\/\/dominiiklased.ee\/intervjuu-kardinal-timothy-radcliffe-op\/\">\n                <div class=\"aux-overlay\"><\/div>\n                                    <div class=\"aux-icon \">\n                        <i aria-hidden=\"true\" class=\"far fa-file-video\"><\/i>                    <\/div>\n                                <div class=\"aux-text\">\n<span class=\"aux-text-before\">\u0418\u043d\u0442\u0435\u0440\u0432\u044c\u044e \u0441 \u043a\u0430\u0440\u0434\u0438\u043d\u0430\u043b\u043e\u043c \u0422\u0438\u043c\u043e\u0442\u0438 \u0420\u044d\u0434\u043a\u043b\u0438\u0444\u0444\u043e\u043c (OP).<\/span>                <\/div>\n            <\/a>\n            \n    <\/div>\n\n    \t\t\t\t<\/div>\n\t\t\t\t<\/div>\n\t\t\t\t<div class=\"elementor-element elementor-element-a5cb9e8 elementor-widget elementor-widget-aux_modern_button\" data-id=\"a5cb9e8\" data-element_type=\"widget\" data-e-type=\"widget\" data-widget_type=\"aux_modern_button.default\">\n\t\t\t\t<div class=\"elementor-widget-container\">\n\t\t\t\t\t    <div class=\"aux-modern-button-wrapper aux-modern-button-align-left\" >\n                    <a class=\"aux-modern-button aux-warning aux-modern-button-md aux-modern-button-normal aux-modern-button-default aux-icon-right\" href=\"https:\/\/dominiiklased.ee\/avalik-lugemine\/\">\n                <div class=\"aux-overlay\"><\/div>\n                                    <div class=\"aux-icon \">\n                        <i aria-hidden=\"true\" class=\"far fa-file-video\"><\/i>                    <\/div>\n                                <div class=\"aux-text\">\n<span class=\"aux-text-before\">\u0426\u0435\u0440\u0435\u043c\u043e\u043d\u0438\u044f \u043f\u043e\u043c\u0438\u043d\u043e\u0432\u0435\u043d\u0438\u044f \u0436\u0435\u0440\u0442\u0432 \u043a\u043e\u043c\u043c\u0443\u043d\u0438\u0437\u043c\u0430 \u0441\u043e\u0441\u0442\u043e\u0438\u0442\u0441\u044f \u0432 \u0441\u0435\u043d\u0442\u044f\u0431\u0440\u0435 2025 \u0433\u043e\u0434\u0430. <\/span>                <\/div>\n            <\/a>\n            \n    <\/div>\n\n    \t\t\t\t<\/div>\n\t\t\t\t<\/div>\n\t\t\t\t\t<\/div>\n\t\t\t\t<\/div>\n\t\t\t\t<\/div>\n\t\t\t\t<\/div>\n\t\t","protected":false},"excerpt":{"rendered":"<p>\u0412\u0438\u0442\u0430\u043c\u0438\u043d\u044b \u0434\u043b\u044f \u0443\u043c\u0430 \u0412 \u044d\u0442\u043e\u043c \u0440\u0430\u0437\u0434\u0435\u043b\u0435 \u0432\u044b \u043d\u0430\u0439\u0434\u0435\u0442\u0435 \u0434\u043e\u043a\u0443\u043c\u0435\u043d\u0442\u044b, \u043a\u043e\u0442\u043e\u0440\u044b\u0435 \u0441\u043e\u0434\u0435\u0440\u0436\u0430\u0442 \u0434\u0443\u0445\u043e\u0432\u043d\u0443\u044e \u0438\u043d\u0444\u043e\u0440\u043c\u0430\u0446\u0438\u044e. \u0418\u0445 \u043c\u043e\u0436\u043d\u043e \u043d\u0430\u0439\u0442\u0438 \u0432 \u0444\u043e\u0440\u043c\u0430\u0442\u0435 PDF \u0437\u0434\u0435\u0441\u044c: Pr\u00e6dicator Grati\u00e6: P\u00fcha Isa kiri Jutlustajate Ordu meistrile Pr\u00e6dicator Grati\u00e6: Lettre du Saint P\u00e8re au Ma\u00eetre de l\u2019Ordre des Pr\u00eacheurs Letter to the Order on the Canonization of Pier Giorgio Frassati_EN \u041d\u041e\u0412\u042b\u0419: \u0422\u0438\u043c\u043e\u0442\u0438 \u0420\u044d\u0434\u043a\u043b\u0438\u0444\u0444, OP, [&hellip;]<\/p>\n","protected":false},"author":1,"featured_media":0,"parent":0,"menu_order":0,"comment_status":"closed","ping_status":"closed","template":"templates\/page-builder-content.php","meta":{"footnotes":""},"class_list":["post-2905","page","type-page","status-publish","hentry"],"_links":{"self":[{"href":"https:\/\/dominiiklased.ee\/ru\/wp-json\/wp\/v2\/pages\/2905","targetHints":{"allow":["GET"]}}],"collection":[{"href":"https:\/\/dominiiklased.ee\/ru\/wp-json\/wp\/v2\/pages"}],"about":[{"href":"https:\/\/dominiiklased.ee\/ru\/wp-json\/wp\/v2\/types\/page"}],"author":[{"embeddable":true,"href":"https:\/\/dominiiklased.ee\/ru\/wp-json\/wp\/v2\/users\/1"}],"replies":[{"embeddable":true,"href":"https:\/\/dominiiklased.ee\/ru\/wp-json\/wp\/v2\/comments?post=2905"}],"version-history":[{"count":6,"href":"https:\/\/dominiiklased.ee\/ru\/wp-json\/wp\/v2\/pages\/2905\/revisions"}],"predecessor-version":[{"id":4971,"href":"https:\/\/dominiiklased.ee\/ru\/wp-json\/wp\/v2\/pages\/2905\/revisions\/4971"}],"wp:attachment":[{"href":"https:\/\/dominiiklased.ee\/ru\/wp-json\/wp\/v2\/media?parent=2905"}],"curies":[{"name":"wp","href":"https:\/\/api.w.org\/{rel}","templated":true}]}}