{"id":1692,"date":"2025-02-28T20:36:47","date_gmt":"2025-02-28T18:36:47","guid":{"rendered":"https:\/\/dominiiklased.ee\/%d1%82%d0%b5%d1%80%d0%b5%d0%b7%d0%b0-%d1%87%d0%b8%d0%ba%d0%b0%d0%b1%d0%b0\/"},"modified":"2026-03-22T20:48:47","modified_gmt":"2026-03-22T18:48:47","slug":"%d1%82%d0%b5%d1%80%d0%b5%d0%b7%d0%b0-%d1%87%d0%b8%d0%ba%d0%b0%d0%b1%d0%b0","status":"publish","type":"page","link":"https:\/\/dominiiklased.ee\/ru\/%d1%82%d0%b5%d1%80%d0%b5%d0%b7%d0%b0-%d1%87%d0%b8%d0%ba%d0%b0%d0%b1%d0%b0\/","title":{"rendered":"\u0422\u0435\u0440\u0435\u0437\u0430 \u200b\u200b\u0427\u0438\u043a\u0430\u0431\u0430"},"content":{"rendered":"\t\t<div data-elementor-type=\"wp-page\" data-elementor-id=\"1692\" class=\"elementor elementor-1692 elementor-650\">\n\t\t\t\t<div class=\"aux-parallax-section elementor-element elementor-element-2284ac6 e-flex e-con-boxed e-con e-parent\" data-id=\"2284ac6\" data-element_type=\"container\" data-e-type=\"container\">\n\t\t\t\t\t<div class=\"e-con-inner\">\n\t\t\t\t<div class=\"elementor-element elementor-element-51ccffe elementor-widget elementor-widget-heading\" data-id=\"51ccffe\" data-element_type=\"widget\" data-e-type=\"widget\" data-widget_type=\"heading.default\">\n\t\t\t\t<div class=\"elementor-widget-container\">\n\t\t\t\t\t<h2 class=\"elementor-heading-title elementor-size-default\">\u041d\u0430\u0448\u0438 \u043e\u0431\u0440\u0430\u0437\u0446\u044b \u0434\u043b\u044f \u043f\u043e\u0434\u0440\u0430\u0436\u0430\u043d\u0438\u044f<\/h2>\t\t\t\t<\/div>\n\t\t\t\t<\/div>\n\t\t\t\t<div class=\"elementor-element elementor-element-0bb9e25 elementor-widget elementor-widget-aux_menu_box\" data-id=\"0bb9e25\" data-element_type=\"widget\" data-e-type=\"widget\" data-widget_type=\"aux_menu_box.default\">\n\t\t\t\t<div class=\"elementor-widget-container\">\n\t\t\t\t\t<div class=\"aux-elementor-header-menu aux-nav-menu-element aux-nav-menu-element-0bb9e25\"><div class=\"aux-burger-box\" data-target-panel=\"toggle-bar\" data-target-content=\".elementor-element-0bb9e25 .aux-master-menu\"><div class=\"aux-burger aux-lite-small\"><span class=\"mid-line\"><\/span><\/div><\/div><!-- start master menu -->\n<nav id=\"master-menu-elementor-0bb9e25\" class=\"menu-dominikaanlased-russian-container\">\n\n\t<ul id=\"menu-dominikaanlased-russian\" class=\"aux-master-menu aux-no-js aux-skin-classic aux-with-indicator aux-with-splitter aux-horizontal\" data-type=\"horizontal\"  data-switch-type=\"toggle\" data-switch-parent=\".elementor-element-0bb9e25 .aux-toggle-menu-bar\" data-switch-width=\"115\"  >\n\t\t<!-- start single menu -->\n\t\t<li id=\"menu-item-1847\" class=\"menu-item menu-item-type-post_type menu-item-object-page menu-item-1847 aux-menu-depth-0 aux-menu-root-1 aux-menu-item\">\n\t\t\t<a href=\"https:\/\/dominiiklased.ee\/ru\/%d0%b1%d0%bb%d0%b0%d0%b6%d0%b5%d0%bd%d0%bd%d0%b0%d1%8f-%d0%b0%d0%b3%d0%bd%d0%b5%d1%81-%d0%b4%d0%b5-%d0%bb%d0%b0%d0%bd%d0%b6%d0%b0%d0%ba\/\" class=\"aux-item-content\">\n\t\t\t\t<span class=\"aux-menu-label\">\u0411\u043b\u0430\u0436\u0435\u043d\u043d\u0430\u044f \u0410\u0433\u043d\u0435\u0441 \u0434\u0435 \u041b\u0430\u043d\u0436\u0430\u043a<\/span>\n\t\t\t<\/a>\n\t\t<\/li>\n\t\t<!-- end single menu -->\n\t\t<!-- start single menu -->\n\t\t<li id=\"menu-item-1848\" class=\"menu-item menu-item-type-post_type menu-item-object-page menu-item-1848 aux-menu-depth-0 aux-menu-root-2 aux-menu-item\">\n\t\t\t<a href=\"https:\/\/dominiiklased.ee\/ru\/%d1%85%d0%be%d1%81%d0%b5-%d0%b0%d0%bb%d1%8c%d0%b2%d0%b0%d1%80%d0%b5%d1%81-%d1%84%d0%b5%d1%80%d0%bd%d0%b0%d0%bd%d0%b4%d0%b5%d1%81\/\" class=\"aux-item-content\">\n\t\t\t\t<span class=\"aux-menu-label\">\u0425\u043e\u0441\u0435 \u0410\u043b\u044c\u0432\u0430\u0440\u0435\u0441 \u0424\u0435\u0440\u043d\u0430\u043d\u0434\u0435\u0441<\/span>\n\t\t\t<\/a>\n\t\t<\/li>\n\t\t<!-- end single menu -->\n\t\t<!-- start single menu -->\n\t\t<li id=\"menu-item-1849\" class=\"menu-item menu-item-type-post_type menu-item-object-page menu-item-1849 aux-menu-depth-0 aux-menu-root-3 aux-menu-item\">\n\t\t\t<a href=\"https:\/\/dominiiklased.ee\/ru\/%d1%82%d0%b5%d1%80%d0%b5%d0%b7%d0%b0-%d1%87%d0%b8%d0%ba%d0%b0%d0%b1%d0%b0\/\" class=\"aux-item-content\">\n\t\t\t\t<span class=\"aux-menu-label\">\u0422\u0435\u0440\u0435\u0437\u0430 \u200b\u200b\u0427\u0438\u043a\u0430\u0431\u0430<\/span>\n\t\t\t<\/a>\n\t\t<\/li>\n\t\t<!-- end single menu -->\n\t\t<!-- start single menu -->\n\t\t<li id=\"menu-item-1850\" class=\"menu-item menu-item-type-post_type menu-item-object-page menu-item-1850 aux-menu-depth-0 aux-menu-root-4 aux-menu-item\">\n\t\t\t<a href=\"https:\/\/dominiiklased.ee\/ru\/%d1%82%d0%b8%d1%82%d1%83%d1%81-%d1%85%d0%be%d1%80%d1%82%d0%b5%d0%bd\/\" class=\"aux-item-content\">\n\t\t\t\t<span class=\"aux-menu-label\">\u0422\u0438\u0442\u0443\u0441 \u0425\u043e\u0440\u0442\u0435\u043d<\/span>\n\t\t\t<\/a>\n\t\t<\/li>\n\t\t<!-- end single menu -->\n\t\t<!-- start single menu -->\n\t\t<li id=\"menu-item-1851\" class=\"menu-item menu-item-type-post_type menu-item-object-page menu-item-1851 aux-menu-depth-0 aux-menu-root-5 aux-menu-item\">\n\t\t\t<a href=\"https:\/\/dominiiklased.ee\/ru\/%d0%bc%d0%b0%d1%80%d0%b8-%d0%b6%d0%be%d0%b7%d0%b5%d1%84-%d0%bb%d0%b0%d0%b3%d1%80%d0%b0%d0%bd%d0%b6\/\" class=\"aux-item-content\">\n\t\t\t\t<span class=\"aux-menu-label\">\u041c\u0430\u0440\u0438 \u0416\u043e\u0437\u0435\u0444 \u041b\u0430\u0433\u0440\u0430\u043d\u0436<\/span>\n\t\t\t<\/a>\n\t\t<\/li>\n\t\t<!-- end single menu -->\n\t\t<!-- start single menu -->\n\t\t<li id=\"menu-item-1860\" class=\"menu-item menu-item-type-post_type menu-item-object-page menu-item-1860 aux-menu-depth-0 aux-menu-root-6 aux-menu-item\">\n\t\t\t<a href=\"https:\/\/dominiiklased.ee\/ru\/%d0%b2%d0%b8%d0%bd%d1%81%d0%b5%d0%bd%d1%82-%d0%bb%d0%b8%d0%b5%d0%bc-%d0%b8%d0%b7-peace\/\" class=\"aux-item-content\">\n\t\t\t\t<span class=\"aux-menu-label\">\u0412\u0438\u043d\u0441\u0435\u043d\u0442 \u041b\u0438\u0435\u043c \u0438\u0437 Peace<\/span>\n\t\t\t<\/a>\n\t\t<\/li>\n\t\t<!-- end single menu -->\n\t\t<!-- start single menu -->\n\t\t<li id=\"menu-item-1861\" class=\"menu-item menu-item-type-post_type menu-item-object-page menu-item-1861 aux-menu-depth-0 aux-menu-root-7 aux-menu-item\">\n\t\t\t<a href=\"https:\/\/dominiiklased.ee\/ru\/%d1%85%d1%83%d0%b0%d0%bd-%d0%bc%d0%b0%d1%81%d0%b8%d0%b0%d1%81\/\" class=\"aux-item-content\">\n\t\t\t\t<span class=\"aux-menu-label\">\u0425\u0443\u0430\u043d \u041c\u0430\u0441\u0438\u0430\u0441<\/span>\n\t\t\t<\/a>\n\t\t<\/li>\n\t\t<!-- end single menu -->\n\t\t<!-- start single menu -->\n\t\t<li id=\"menu-item-1862\" class=\"menu-item menu-item-type-post_type menu-item-object-page menu-item-1862 aux-menu-depth-0 aux-menu-root-8 aux-menu-item\">\n\t\t\t<a href=\"https:\/\/dominiiklased.ee\/ru\/%d0%b4%d0%b6%d0%be%d1%80%d0%b4%d0%b6%d0%b8%d0%be-%d0%bb%d0%b0-%d0%bf%d0%b8%d1%80%d0%b0\/\" class=\"aux-item-content\">\n\t\t\t\t<span class=\"aux-menu-label\">\u0414\u0436\u043e\u0440\u0434\u0436\u0438\u043e \u041b\u0430 \u041f\u0438\u0440\u0430<\/span>\n\t\t\t<\/a>\n\t\t<\/li>\n\t\t<!-- end single menu -->\n\t\t<!-- start single menu -->\n\t\t<li id=\"menu-item-1863\" class=\"menu-item menu-item-type-post_type menu-item-object-page menu-item-1863 aux-menu-depth-0 aux-menu-root-9 aux-menu-item\">\n\t\t\t<a href=\"https:\/\/dominiiklased.ee\/ru\/%d1%84%d1%80%d0%b0%d0%bd%d1%86%d0%b8%d1%81%d0%ba-%d0%b2%d0%b8%d1%82%d0%be%d1%80%d0%b8%d0%b9%d1%81%d0%ba%d0%b8%d0%b9\/\" class=\"aux-item-content\">\n\t\t\t\t<span class=\"aux-menu-label\">\u0424\u0440\u0430\u043d\u0446\u0438\u0441\u043a \u0412\u0438\u0442\u043e\u0440\u0438\u0439\u0441\u043a\u0438\u0439<\/span>\n\t\t\t<\/a>\n\t\t<\/li>\n\t\t<!-- end single menu -->\n\t<\/ul>\n\n<\/nav>\n<!-- end master menu -->\n<div class=\"aux-toggle-menu-bar\"><\/div><\/div><style>@media only screen and (min-width: 116px) { .elementor-element-0bb9e25 .aux-burger-box { display: none } }<\/style>\t\t\t\t<\/div>\n\t\t\t\t<\/div>\n\t\t\t\t\t<\/div>\n\t\t\t\t<\/div>\n\t\t<div class=\"aux-parallax-section elementor-element elementor-element-c41fd24 e-flex e-con-boxed e-con e-parent\" data-id=\"c41fd24\" data-element_type=\"container\" data-e-type=\"container\">\n\t\t\t\t\t<div class=\"e-con-inner\">\n\t\t<div class=\"elementor-element elementor-element-f8c7192 e-con-full e-flex e-con e-child\" data-id=\"f8c7192\" data-element_type=\"container\" data-e-type=\"container\">\n\t\t\t\t<div class=\"elementor-element elementor-element-c99461e aux-appear-watch-animation aux-fade-in-up elementor-widget elementor-widget-aux_modern_heading\" data-id=\"c99461e\" data-element_type=\"widget\" data-e-type=\"widget\" data-widget_type=\"aux_modern_heading.default\">\n\t\t\t\t<div class=\"elementor-widget-container\">\n\t\t\t\t\t<section class=\"aux-widget-modern-heading\">\n            <div class=\"aux-widget-inner\"><h2 class=\"aux-modern-heading-primary\">\u0422\u0435\u0440\u0435\u0437\u0430 \u200b\u200b\u0427\u0438\u043a\u0430\u0431\u0430<\/h2><h3 class=\"aux-modern-heading-secondary\"><span class=\"aux-head-before\">\u00b0 \u0413\u0430\u043d\u0430 \u043e\u043a\u043e\u043b\u043e 1676 \u0433. \u2013 \u2020 6 \u0434\u0435\u043a\u0430\u0431\u0440\u044f 1748 \u0433. <\/span><\/h3><div class=\"aux-modern-heading-divider\"><\/div><div class=\"aux-modern-heading-description\"><p>\u041d\u0430\u0448\u0438 \u0437\u043d\u0430\u043d\u0438\u044f \u043e \u0427\u0438\u043a\u0430\u0431\u0435 \u0432 \u043e\u0441\u043d\u043e\u0432\u043d\u043e\u043c \u043f\u043e\u0447\u0435\u0440\u043f\u043d\u0443\u0442\u044b \u0438\u0437 \u0435\u0433\u043e \u0431\u0438\u043e\u0433\u0440\u0430\u0444\u0438\u0438, \u043d\u0430\u043f\u0438\u0441\u0430\u043d\u043d\u043e\u0439 \u043f\u043e\u0441\u043b\u0435 \u0435\u0433\u043e \u0441\u043c\u0435\u0440\u0442\u0438 \u043e\u043a\u043e\u043b\u043e 1752 \u0433\u043e\u0434\u0430. \u0432 \u044d\u0442\u043e\u043c \u0433\u043e\u0434\u0443.<\/p><p>\u0427\u0438\u043a\u0430\u0431\u0430 \u0440\u043e\u0434\u0438\u043b\u0430\u0441\u044c \u0432 \u043a\u043d\u044f\u0436\u0435\u0441\u043a\u043e\u0439 \u0441\u0435\u043c\u044c\u0435 \u0432 \u0440\u0435\u0433\u0438\u043e\u043d\u0435, \u043a\u043e\u0442\u043e\u0440\u044b\u0439 \u0432\u043a\u043b\u044e\u0447\u0430\u0435\u0442 \u0432 \u0441\u0435\u0431\u044f \u0442\u0435\u0440\u0440\u0438\u0442\u043e\u0440\u0438\u044e \u0441\u043e\u0432\u0440\u0435\u043c\u0435\u043d\u043d\u044b\u0445 \u0413\u0430\u043d\u044b, \u0422\u043e\u0433\u043e, \u0411\u0435\u043d\u0438\u043d\u0430 \u0438 \u0437\u0430\u043f\u0430\u0434\u043d\u043e\u0439 \u041d\u0438\u0433\u0435\u0440\u0438\u0438. \u0412 \u044e\u043d\u043e\u043c \u0432\u043e\u0437\u0440\u0430\u0441\u0442\u0435 \u0435\u0451 \u043f\u043e\u0445\u0438\u0442\u0438\u043b\u0438 \u043f\u043e\u0440\u0442\u0443\u0433\u0430\u043b\u044c\u0441\u043a\u0438\u0435 \u0440\u0430\u0431\u043e\u0442\u043e\u0440\u0433\u043e\u0432\u0446\u044b, \u043a\u043e\u0442\u043e\u0440\u044b\u0435 \u043a\u0440\u0435\u0441\u0442\u0438\u043b\u0438 \u0435\u0451 \u043f\u043e\u0434 \u0438\u043c\u0435\u043d\u0435\u043c \u0422\u0435\u0440\u0435\u0437\u0430. \u0417\u0430\u0442\u0435\u043c \u0435\u0451 \u043f\u0440\u043e\u0434\u0430\u043b\u0438 \u0432 \u0440\u0430\u0431\u0441\u0442\u0432\u043e, \u0438 \u043e\u043d\u0430 \u043e\u043a\u0430\u0437\u0430\u043b\u0430\u0441\u044c \u0432 \u0418\u0441\u043f\u0430\u043d\u0438\u0438, \u0433\u0434\u0435 \u0433\u0435\u0440\u0446\u043e\u0433\u0438\u043d\u044f \u0410\u0440\u043a\u043e\u0441\u0441\u043a\u0430\u044f \u043a\u0443\u043f\u0438\u043b\u0430 \u0435\u0451 \u0438 \u043f\u0440\u0438\u043d\u044f\u043b\u0430 \u0432 \u0441\u0432\u043e\u0439 \u0434\u043e\u043c. \u0412\u043e \u0432\u0440\u0435\u043c\u044f \u0441\u043b\u0443\u0436\u0431\u044b \u0443 \u0433\u0435\u0440\u0446\u043e\u0433\u0438\u043d\u0438 \u0422\u0435\u0440\u0435\u0437\u0430 \u200b\u200b\u0431\u044b\u043b\u0430 \u0433\u043b\u0443\u0431\u043e\u043a\u043e \u0432\u043f\u0435\u0447\u0430\u0442\u043b\u0435\u043d\u0430 \u0431\u043b\u0430\u0433\u043e\u0447\u0435\u0441\u0442\u0438\u0435\u043c \u0441\u0432\u043e\u0435\u0439 \u0433\u043e\u0441\u043f\u043e\u0436\u0438 \u0438 \u043d\u0430\u0447\u0430\u043b\u0430 \u043f\u043e\u0434\u0440\u0430\u0436\u0430\u0442\u044c \u0435\u0439 \u0432 \u0440\u0435\u043b\u0438\u0433\u0438\u043e\u0437\u043d\u043e\u0439 \u0436\u0438\u0437\u043d\u0438. \u0412 \u0442\u043e \u0436\u0435 \u0432\u0440\u0435\u043c\u044f \u0435\u0439 \u0431\u044b\u043b\u0430 \u043f\u0440\u0435\u0434\u043e\u0441\u0442\u0430\u0432\u043b\u0435\u043d\u0430 \u200b\u200b\u0432\u043e\u0437\u043c\u043e\u0436\u043d\u043e\u0441\u0442\u044c \u043f\u0440\u0438\u043e\u0431\u0440\u0435\u0441\u0442\u0438 \u0437\u043d\u0430\u043d\u0438\u044f \u0438 \u043d\u0430\u0432\u044b\u043a\u0438, \u043d\u0435\u043e\u0431\u0445\u043e\u0434\u0438\u043c\u044b\u0435 \u0434\u043b\u044f \u043f\u043e\u0441\u0442\u0443\u043f\u043b\u0435\u043d\u0438\u044f \u0432 \u043c\u043e\u043d\u0430\u0441\u0442\u044b\u0440\u044c.    <\/p><p>\u0412 1703 \u0433\u043e\u0434\u0443, \u043f\u043e\u0441\u043b\u0435 \u0441\u043c\u0435\u0440\u0442\u0438 \u0441\u0432\u043e\u0435\u0439 \u0433\u043e\u0441\u043f\u043e\u0436\u0438, \u0422\u0435\u0440\u0435\u0437\u0430 \u200b\u200b\u0431\u044b\u043b\u0430 \u043e\u0441\u0432\u043e\u0431\u043e\u0436\u0434\u0435\u043d\u0430 \u043e\u0442 \u0440\u0430\u0431\u0441\u0442\u0432\u0430. \u0413\u043e\u0441\u043f\u043e\u0436\u0430 \u043f\u043e\u0441\u043e\u0432\u0435\u0442\u043e\u0432\u0430\u043b\u0430 \u0441\u0432\u043e\u0435\u0439 \u0441\u0435\u043c\u044c\u0435 \u043f\u0440\u0435\u0434\u043e\u0441\u0442\u0430\u0432\u0438\u0442\u044c \u0422\u0435\u0440\u0435\u0437\u0435 \u043d\u0435\u043e\u0431\u0445\u043e\u0434\u0438\u043c\u043e\u0435 \u043f\u0440\u0438\u0434\u0430\u043d\u043e\u0435, \u0447\u0442\u043e\u0431\u044b \u043e\u043d\u0430 \u043c\u043e\u0433\u043b\u0430 \u043f\u043e\u0441\u0442\u0443\u043f\u0438\u0442\u044c \u0432 \u043c\u043e\u043d\u0430\u0441\u0442\u044b\u0440\u044c. \u041f\u043e\u0441\u043b\u0435 \u043d\u0435\u0441\u043a\u043e\u043b\u044c\u043a\u0438\u0445 \u043e\u0442\u043a\u0430\u0437\u043e\u0432 \u043e\u043d\u0430 \u043d\u0430\u043a\u043e\u043d\u0435\u0446 \u0431\u044b\u043b\u0430 \u043f\u0440\u0438\u043d\u044f\u0442\u0430 \u0432 \u043e\u0431\u0449\u0438\u043d\u0443 \u043a\u0430\u044e\u0449\u0438\u0445\u0441\u044f \u043c\u043e\u043d\u0430\u0445\u0438\u043d\u044c \u0422\u0440\u0435\u0442\u044c\u0435\u0433\u043e \u043e\u0440\u0434\u0435\u043d\u0430 \u0434\u043e\u043c\u0438\u043d\u0438\u043a\u0430\u043d\u043e\u043a \u0421\u0432\u044f\u0442\u043e\u0439 \u041c\u0430\u0440\u0438\u0438 \u041c\u0430\u0433\u0434\u0430\u043b\u0438\u043d\u044b \u0432 \u0421\u0430\u043b\u0430\u043c\u0430\u043d\u043a\u0435. \u0422\u0430\u043c \u043e\u043d\u0430 \u0437\u0430\u0441\u043b\u0443\u0436\u0438\u043b\u0430 \u0443\u0432\u0430\u0436\u0435\u043d\u0438\u0435 \u0441\u0432\u043e\u0438\u0445 \u0441\u0435\u0441\u0442\u0435\u0440 \u0437\u0430 \u0441\u0432\u043e\u044e \u0433\u043b\u0443\u0431\u043e\u043a\u0443\u044e \u043d\u0430\u0431\u043e\u0436\u043d\u043e\u0441\u0442\u044c, \u0449\u0435\u0434\u0440\u043e\u0441\u0442\u044c \u043f\u043e \u043e\u0442\u043d\u043e\u0448\u0435\u043d\u0438\u044e \u043a \u0431\u0435\u0434\u043d\u044b\u043c \u0438 \u0446\u0435\u043b\u0438\u0442\u0435\u043b\u044c\u0441\u043a\u0438\u0435 \u0434\u0430\u0440\u044b. \u0412 \u043d\u0430\u0441\u0442\u043e\u044f\u0449\u0435\u0435 \u0432\u0440\u0435\u043c\u044f \u041e\u0440\u0434\u0435\u043d \u043f\u0440\u043e\u043f\u043e\u0432\u0435\u0434\u043d\u0438\u043a\u043e\u0432 \u043f\u0440\u043e\u0434\u0432\u0438\u0433\u0430\u0435\u0442 \u043f\u0440\u043e\u0446\u0435\u0441\u0441 \u0435\u0435 \u0431\u0435\u0430\u0442\u0438\u0444\u0438\u043a\u0430\u0446\u0438\u0438.    <\/p><\/div><\/div>\n        <\/section>\t\t\t\t<\/div>\n\t\t\t\t<\/div>\n\t\t\t\t<\/div>\n\t\t<div class=\"elementor-element elementor-element-9a4430c aux-appear-watch-animation aux-scale-down e-con-full e-flex e-con e-child\" data-id=\"9a4430c\" data-element_type=\"container\" data-e-type=\"container\">\n\t\t\t\t<div class=\"elementor-element elementor-element-46c0b7d elementor-widget elementor-widget-aux_image\" data-id=\"46c0b7d\" data-element_type=\"widget\" data-e-type=\"widget\" data-widget_type=\"aux_image.default\">\n\t\t\t\t<div class=\"elementor-widget-container\">\n\t\t\t\t\t<section class=\"widget-container aux-widget-image aux-alignnone aux-parent-au44346b07\">\n    <div class=\"aux-media-hint-frame \">\n        <div class=\"aux-media-image \" >\n        \n            \n\n            \n            <img fetchpriority=\"high\" decoding=\"async\" width=\"284\" height=\"413\" src=\"data:image\/gif;base64,R0lGODlhAQABAIAAAAAAAP\/\/\/yH5BAEAAAAALAAAAAABAAEAAAIBRAA7\" class=\"aux-attachment aux-featured-image aux-attachment-id-545 aux-preload aux-blank\" alt=\"Teresa_Juliana_Tshikaba\" data-ratio=\"0.69\" data-original-w=\"284\" data-src=\"https:\/\/dominiiklased.ee\/wp-content\/uploads\/2025\/02\/Teresa_Juliana_Tshikaba.jpg\" \/>            \n                <\/div>\n    <\/div>\n\n<\/section><!-- widget-container -->\t\t\t\t<\/div>\n\t\t\t\t<\/div>\n\t\t\t\t<\/div>\n\t\t\t\t\t<\/div>\n\t\t\t\t<\/div>\n\t\t\t\t<\/div>\n\t\t","protected":false},"excerpt":{"rendered":"<p>\u041d\u0430\u0448\u0438 \u043e\u0431\u0440\u0430\u0437\u0446\u044b \u0434\u043b\u044f \u043f\u043e\u0434\u0440\u0430\u0436\u0430\u043d\u0438\u044f Agn\u00e8s de Langeac Jos\u00e9 \u00c1lavrez Fern\u00e0ndez Teresa Chikaba Titus Horten Marie Joseph Lagrange Vincent Liem of Peace Juan Macias Giorgio La Pira Franciscus de Vitoria Samuel Mazzuchelli \u0422\u0435\u0440\u0435\u0437\u0430 \u200b\u200b\u0427\u0438\u043a\u0430\u0431\u0430 \u00b0 \u0413\u0430\u043d\u0430 \u043e\u043a\u043e\u043b\u043e 1676 \u0433. \u2013 \u2020 6 \u0434\u0435\u043a\u0430\u0431\u0440\u044f 1748 \u0433. \u041d\u0430\u0448\u0438 \u0437\u043d\u0430\u043d\u0438\u044f \u043e \u0427\u0438\u043a\u0430\u0431\u0435 \u0432 \u043e\u0441\u043d\u043e\u0432\u043d\u043e\u043c \u043f\u043e\u0447\u0435\u0440\u043f\u043d\u0443\u0442\u044b \u0438\u0437 \u0435\u0433\u043e \u0431\u0438\u043e\u0433\u0440\u0430\u0444\u0438\u0438, \u043d\u0430\u043f\u0438\u0441\u0430\u043d\u043d\u043e\u0439 [&hellip;]<\/p>\n","protected":false},"author":1,"featured_media":0,"parent":0,"menu_order":0,"comment_status":"closed","ping_status":"closed","template":"templates\/page-builder-content.php","meta":{"footnotes":""},"class_list":["post-1692","page","type-page","status-publish","hentry"],"_links":{"self":[{"href":"https:\/\/dominiiklased.ee\/ru\/wp-json\/wp\/v2\/pages\/1692","targetHints":{"allow":["GET"]}}],"collection":[{"href":"https:\/\/dominiiklased.ee\/ru\/wp-json\/wp\/v2\/pages"}],"about":[{"href":"https:\/\/dominiiklased.ee\/ru\/wp-json\/wp\/v2\/types\/page"}],"author":[{"embeddable":true,"href":"https:\/\/dominiiklased.ee\/ru\/wp-json\/wp\/v2\/users\/1"}],"replies":[{"embeddable":true,"href":"https:\/\/dominiiklased.ee\/ru\/wp-json\/wp\/v2\/comments?post=1692"}],"version-history":[{"count":4,"href":"https:\/\/dominiiklased.ee\/ru\/wp-json\/wp\/v2\/pages\/1692\/revisions"}],"predecessor-version":[{"id":4969,"href":"https:\/\/dominiiklased.ee\/ru\/wp-json\/wp\/v2\/pages\/1692\/revisions\/4969"}],"wp:attachment":[{"href":"https:\/\/dominiiklased.ee\/ru\/wp-json\/wp\/v2\/media?parent=1692"}],"curies":[{"name":"wp","href":"https:\/\/api.w.org\/{rel}","templated":true}]}}