{"id":4999,"date":"2026-03-21T07:10:39","date_gmt":"2026-03-21T05:10:39","guid":{"rendered":"https:\/\/dominiiklased.ee\/wywiad-z-kardynalem-timothym-radcliffem-op\/"},"modified":"2026-03-22T21:10:37","modified_gmt":"2026-03-22T19:10:37","slug":"wywiad-z-kardynalem-timothym-radcliffem-op","status":"publish","type":"page","link":"https:\/\/dominiiklased.ee\/pl\/wywiad-z-kardynalem-timothym-radcliffem-op\/","title":{"rendered":"wywiad z kardyna\u0142em Timothym Radcliffem OP"},"content":{"rendered":"\t\t<div data-elementor-type=\"wp-page\" data-elementor-id=\"4999\" class=\"elementor elementor-4999 elementor-4838\">\n\t\t\t\t<div class=\"aux-parallax-section elementor-element elementor-element-46e1247 e-flex e-con-boxed e-con e-parent\" data-id=\"46e1247\" data-element_type=\"container\" data-e-type=\"container\">\n\t\t\t\t\t<div class=\"e-con-inner\">\n\t\t<div class=\"elementor-element elementor-element-baae426 e-con-full e-flex e-con e-child\" data-id=\"baae426\" data-element_type=\"container\" data-e-type=\"container\">\n\t\t\t\t<div class=\"elementor-element elementor-element-ab98aaa aux-appear-watch-animation aux-fade-in-up elementor-widget elementor-widget-aux_modern_heading\" data-id=\"ab98aaa\" data-element_type=\"widget\" data-e-type=\"widget\" data-widget_type=\"aux_modern_heading.default\">\n\t\t\t\t<div class=\"elementor-widget-container\">\n\t\t\t\t\t<section class=\"aux-widget-modern-heading\">\n            <div class=\"aux-widget-inner\"><h2 class=\"aux-modern-heading-primary\">Marzec 2026<\/h2><h3 class=\"aux-modern-heading-secondary\"><span class=\"aux-head-before\">O synodalno\u015bci w lokalnych zborach<br> Ekskluzywny wywiad z kardyna\u0142em Timothym Radcliffem OP<\/span><\/h3><div class=\"aux-modern-heading-divider\"><\/div><div class=\"aux-modern-heading-description\"><p class=\"Textbody\">Debata na temat synodalno\u015bci, zapocz\u0105tkowana przez nie\u017cyj\u0105cego ju\u017c papie\u017ca Franciszka, trwa w Ko\u015bciele katolickim do dzi\u015b.<\/p>\n<p class=\"Textbody\">W pierwszej fazie Ko\u015bcio\u0142y lokalne z ca\u0142ego \u015bwiata przes\u0142a\u0142y synodowi swoje przemy\u015blenia i oczekiwania dotycz\u0105ce synodalno\u015bci. Podczas dw\u00f3ch zgromadze\u0144 og\u00f3lnych synodu w latach 2023 i 2024, uczestnicy, jako przedstawiciele Ko\u015bcio\u0142\u00f3w lokalnych, po\u015bwi\u0119cili czas na wsp\u00f3ln\u0105 refleksj\u0119 nad poruszonymi kwestiami.   <\/p>\n<p class=\"Textbody\">Kardyna\u0142 Timothy Radcliffe z Zakonu Kaznodziejskiego odegra\u0142 szczeg\u00f3ln\u0105 rol\u0119 w tej fazie procesu. Na pro\u015bb\u0119 papie\u017ca Franciszka przedstawi\u0142 uczestnikom dw\u00f3ch zgromadze\u0144 og\u00f3lnych synodu szereg refleksji na temat synodalno\u015bci. Po zgromadzeniach og\u00f3lnych synodu, zadaniem kongregacji jest teraz zastosowanie wniosk\u00f3w synodu w ich lokalnych kontekstach.  <\/p>\n<p class=\"Textbody\">Obecnie przygotowywane jest esto\u0144skie t\u0142umaczenie refleksji kardyna\u0142a Radcliffe'a na temat synodalno\u015bci. W zwi\u0105zku z tym by\u0142y prze\u0142o\u017cony Zakonu Kaznodziejskiego udzieli\u0142 wywiadu stronie internetowej esto\u0144skich dominikan\u00f3w. W wywiadzie dzieli si\u0119 on swoimi wra\u017ceniami z tego wa\u017cnego procesu, podkre\u015bla jego znaczenie dla przysz\u0142o\u015bci Ko\u015bcio\u0142a i przedstawia kilka refleksji na temat tego, jak mo\u017cna przezwyci\u0119\u017cy\u0107 rozmaite sprzeczno\u015bci w kwestii synodalno\u015bci na szczeblu lokalnym. <\/p>\n<p class=\"Textbody\"> <\/p><\/div><\/div>\n        <\/section>\t\t\t\t<\/div>\n\t\t\t\t<\/div>\n\t\t\t\t<\/div>\n\t\t<div class=\"elementor-element elementor-element-3704b04 aux-appear-watch-animation aux-scale-down e-con-full e-flex e-con e-child\" data-id=\"3704b04\" data-element_type=\"container\" data-e-type=\"container\">\n\t\t\t\t<div class=\"elementor-element elementor-element-3e4416a elementor-widget elementor-widget-text-editor\" data-id=\"3e4416a\" data-element_type=\"widget\" data-e-type=\"widget\" data-widget_type=\"text-editor.default\">\n\t\t\t\t<div class=\"elementor-widget-container\">\n\t\t\t\t\t\t\t\t\tPoni\u017cej znajduje si\u0119 wywiad z kardyna\u0142em Radcliffem, kt\u00f3ry ko\u0144czy si\u0119 specjalnym przes\u0142aniem do narodu esto\u0144skiego.\t\t\t\t\t\t\t\t<\/div>\n\t\t\t\t<\/div>\n\t\t\t\t<div class=\"elementor-element elementor-element-5c6de91 elementor-widget elementor-widget-video\" data-id=\"5c6de91\" data-element_type=\"widget\" data-e-type=\"widget\" data-settings=\"{&quot;youtube_url&quot;:&quot;https:\\\/\\\/youtu.be\\\/0B1mVG-GX7U&quot;,&quot;video_type&quot;:&quot;youtube&quot;,&quot;controls&quot;:&quot;yes&quot;}\" data-widget_type=\"video.default\">\n\t\t\t\t<div class=\"elementor-widget-container\">\n\t\t\t\t\t\t\t<div class=\"elementor-wrapper elementor-open-inline\">\n\t\t\t<div class=\"elementor-video\"><\/div>\t\t<\/div>\n\t\t\t\t\t\t<\/div>\n\t\t\t\t<\/div>\n\t\t\t\t<\/div>\n\t\t\t\t\t<\/div>\n\t\t\t\t<\/div>\n\t\t\t\t<\/div>\n\t\t","protected":false},"excerpt":{"rendered":"<p>Marzec 2026 O synodalno\u015bci w lokalnych zborach Ekskluzywny wywiad z kardyna\u0142em Timothym Radcliffem OP Debata na temat synodalno\u015bci, zapocz\u0105tkowana przez nie\u017cyj\u0105cego ju\u017c papie\u017ca Franciszka, trwa w Ko\u015bciele katolickim do dzi\u015b. W pierwszej fazie Ko\u015bcio\u0142y lokalne z ca\u0142ego \u015bwiata przes\u0142a\u0142y synodowi swoje przemy\u015blenia i oczekiwania dotycz\u0105ce synodalno\u015bci. Podczas dw\u00f3ch zgromadze\u0144 og\u00f3lnych synodu w latach 2023 i [&hellip;]<\/p>\n","protected":false},"author":2,"featured_media":0,"parent":0,"menu_order":0,"comment_status":"closed","ping_status":"closed","template":"templates\/page-builder-content.php","meta":{"footnotes":""},"class_list":["post-4999","page","type-page","status-publish","hentry"],"_links":{"self":[{"href":"https:\/\/dominiiklased.ee\/pl\/wp-json\/wp\/v2\/pages\/4999","targetHints":{"allow":["GET"]}}],"collection":[{"href":"https:\/\/dominiiklased.ee\/pl\/wp-json\/wp\/v2\/pages"}],"about":[{"href":"https:\/\/dominiiklased.ee\/pl\/wp-json\/wp\/v2\/types\/page"}],"author":[{"embeddable":true,"href":"https:\/\/dominiiklased.ee\/pl\/wp-json\/wp\/v2\/users\/2"}],"replies":[{"embeddable":true,"href":"https:\/\/dominiiklased.ee\/pl\/wp-json\/wp\/v2\/comments?post=4999"}],"version-history":[{"count":2,"href":"https:\/\/dominiiklased.ee\/pl\/wp-json\/wp\/v2\/pages\/4999\/revisions"}],"predecessor-version":[{"id":5006,"href":"https:\/\/dominiiklased.ee\/pl\/wp-json\/wp\/v2\/pages\/4999\/revisions\/5006"}],"wp:attachment":[{"href":"https:\/\/dominiiklased.ee\/pl\/wp-json\/wp\/v2\/media?parent=4999"}],"curies":[{"name":"wp","href":"https:\/\/api.w.org\/{rel}","templated":true}]}}