{"id":4965,"date":"2026-01-19T09:20:32","date_gmt":"2026-01-19T07:20:32","guid":{"rendered":"https:\/\/dominiiklased.ee\/tydzien-modlitwy\/"},"modified":"2026-03-22T20:48:01","modified_gmt":"2026-03-22T18:48:01","slug":"tydzien-modlitwy","status":"publish","type":"page","link":"https:\/\/dominiiklased.ee\/pl\/tydzien-modlitwy\/","title":{"rendered":"Tydzie\u0144 Modlitwy"},"content":{"rendered":"\t\t<div data-elementor-type=\"wp-page\" data-elementor-id=\"4965\" class=\"elementor elementor-4965 elementor-4624\">\n\t\t\t\t<div class=\"aux-parallax-section elementor-element elementor-element-46e1247 e-flex e-con-boxed e-con e-parent\" data-id=\"46e1247\" data-element_type=\"container\" data-e-type=\"container\">\n\t\t\t\t\t<div class=\"e-con-inner\">\n\t\t<div class=\"elementor-element elementor-element-baae426 e-con-full e-flex e-con e-child\" data-id=\"baae426\" data-element_type=\"container\" data-e-type=\"container\">\n\t\t\t\t<div class=\"elementor-element elementor-element-ab98aaa aux-appear-watch-animation aux-fade-in-up elementor-widget elementor-widget-aux_modern_heading\" data-id=\"ab98aaa\" data-element_type=\"widget\" data-e-type=\"widget\" data-widget_type=\"aux_modern_heading.default\">\n\t\t\t\t<div class=\"elementor-widget-container\">\n\t\t\t\t\t<section class=\"aux-widget-modern-heading\">\n            <div class=\"aux-widget-inner\"><h2 class=\"aux-modern-heading-primary\">18.-25. Stycze\u0144 2026<\/h2><h3 class=\"aux-modern-heading-secondary\"><span class=\"aux-head-before\">Tydzie\u0144 Modlitw o Jedno\u015b\u0107 Chrze\u015bcijan  <\/span><\/h3><div class=\"aux-modern-heading-divider\"><\/div><div class=\"aux-modern-heading-description\"><p><strong>Co roku od 18 do 25 stycznia wszyscy chrze\u015bcijanie s\u0105 zaproszeni do udzia\u0142u w arcykap\u0142a\u0144skiej modlitwie Chrystusa: \u201eModl\u0119 si\u0119 za nich, aby wszyscy stanowili jedno, jak Ty, Ojcze, we Mnie, a Ja w Tobie, aby i oni stanowili w Nas jedno, aby \u015bwiat uwierzy\u0142, \u017ce\u015b Ty Mnie pos\u0142a\u0142\u201d (J 17,21).   <\/strong><\/p><p>Tydzie\u0144 Modlitw o Jedno\u015b\u0107 Chrze\u015bcijan jest organizowany wsp\u00f3lnie przez \u015awiatow\u0105 Rad\u0119 Ko\u015bcio\u0142\u00f3w i Papiesk\u0105 Dykasteri\u0119 ds. Popierania Jedno\u015bci Chrze\u015bcijan od 1966 roku. Na p\u00f3\u0142kuli p\u00f3\u0142nocnej tradycyjny okres Tygodnia Modlitw przypada na 18\u201325 stycznia, w okresie \u015bwi\u0105t aposto\u0142\u00f3w Piotra i Paw\u0142a. Na p\u00f3\u0142kuli po\u0142udniowej Tydzie\u0144 Modlitw jest cz\u0119sto obchodzony w dniu Pi\u0119\u0107dziesi\u0105tnicy. Esto\u0144ska Rada Ko\u015bcio\u0142\u00f3w rozpocz\u0119\u0142a wsp\u00f3lne ekumeniczne modlitwy w dniu Pi\u0119\u0107dziesi\u0105tnicy w 1995 roku.      w 2018 roku. W kolejnych latach spotykali si\u0119 na zaproszenie r\u00f3\u017cnych wyzna\u0144. Od 2018 roku Nieszpory Tygodnia Modlitw o Jedno\u015b\u0107 Chrze\u015bcijan s\u0105 odmawiane w katedrze \u015bw. Piotra i Paw\u0142a w Tallinie od 18 do 25 stycznia; tematy modlitw s\u0105 r\u00f3wnie\u017c udost\u0119pniane innym zborom w komunikatach prasowych.     2025. W 2018 roku do wstawiennictwa przy\u0142\u0105czy\u0142a si\u0119 Konferencja Nauczycielska EELK.<\/p><ol start=\"2026\"><li>Tematy Tygodnia Modlitw 2019 zosta\u0142y przygotowane przez Ormia\u0144ski Ko\u015bci\u00f3\u0142 Apostolski na podstawie tekstu Pisma \u015awi\u0119tego: \u201eJedno cia\u0142o i jeden Duch, bo i wy zostali\u015bcie wezwani do jednej nadziei waszego powo\u0142ania\u201d.<br> \u201e(Efezjan 4,4). Mo\u017cna je przeczyta\u0107 tutaj: <a href=\"https:\/\/oikoumene.org\/sites\/default\/files\/2025-07\/EN%20%202026%20WPCU.pdf\">https:\/\/oikoumene.org\/sites\/default\/files\/2025-07\/EN%20%202026%20WPCU.pdf<\/a> Przypomina si\u0119, \u017ce wszyscy chrze\u015bcijanie stanowi\u0105 jedno cia\u0142o w Chrystusie, prowadzone przez Ducha \u015awi\u0119tego. Ta jedno\u015b\u0107 jest niezb\u0119dna, kt\u00f3rej nie niszczy r\u00f3\u017cnorodno\u015b\u0107 wyznaniowa, kulturowa czy narodowa, lecz raczej j\u0105 wzbogaca. Duch \u015awi\u0119ty sprawia, \u017ce \u200b\u200bjedno\u015b\u0107 chrze\u015bcijan staje si\u0119 widoczna na tym \u015bwiecie, Duch wprawia lud Bo\u017cy w ruch pielgrzymki ku wsp\u00f3lnej nadziei. Wsp\u00f3lna nadzieja wszystkich le\u017cy w \u017cyciu wiecznym z Jezusem Chrystusem. Pielgrzymka trwa, a\u017c \u201edojdziemy wszyscy do jedno\u015bci wiary i poznania Syna Bo\u017cego, do cz\u0142owieka doskona\u0142ego, do miary wielko\u015bci wed\u0142ug Pe\u0142ni Chrystusa\u201d (Efezjan 4,13). Dojrza\u0142o\u015b\u0107 duchowa, jako miara pe\u0142ni Chrystusa, jest wci\u0105\u017c przed chrze\u015bcijanami \u2013 do niej nieustannie d\u0105\u017cymy i wytrwale, poznaj\u0105c Chrystusa. W Chrystusie odnajdujemy wsp\u00f3ln\u0105 wiar\u0119 i braterstwo, odnow\u0119 umys\u0142u i czynn\u0105 mi\u0142o\u015b\u0107.       <\/li><\/ol><p>Jednak\u017ce widzialna jedno\u015b\u0107 chrze\u015bcijan nie jest celem samym w sobie, lecz \u015brodkiem uwidaczniania Ewangelii Chrystusa w \u015bwiecie, aby ludzie mogli odnale\u017a\u0107 wiar\u0119 w Chrystusa. 5 listopada 2025 roku w Rzymie, wsp\u00f3lnie przez Konferencj\u0119 Ko\u015bcio\u0142\u00f3w Europejskich i Rad\u0119 Konferencji Episkopat\u00f3w Europy, zaprezentowano dokument \u201eCharta \u0152cumenica\u201d. W tym dokumencie Ko\u015bcio\u0142y europejskie potwierdzaj\u0105, \u017ce s\u0105 na wsp\u00f3lnej pielgrzymce, \u017ce pozostaj\u0105 w dialogu i \u017ce s\u0105 zaanga\u017cowane we wsp\u00f3lne g\u0142oszenie Ewangelii. \u201eWiarygodne \u015bwiadectwo wymaga, aby\u015bmy g\u0142osili Dobr\u0105 Nowin\u0119 razem, a nie rywalizuj\u0105c ze sob\u0105\u201d. Dokument podkre\u015bla, \u017ce \u200b\u200bwiara g\u0142oszona wsp\u00f3lnie potwierdza szacunek dla \u017cycia; znaczenie relacji mi\u0119dzyludzkich, w tym ma\u0142\u017ce\u0144stwa i rodziny; preferencyjn\u0105 opcj\u0119 na rzecz ubogich; gotowo\u015b\u0107 do przebaczania; i wsp\u00f3\u0142czucie we wszystkim. D\u0105\u017c\u0105c do pokoju w Europie, pragn\u0105c ponownie \u201eprzeku\u0107 miecze na lemiesze, a w\u0142\u00f3cznie na sierpy\u201d (J 2,4), zdajemy sobie spraw\u0119, \u017ce musimy stawi\u0107 czo\u0142a tragicznej rzeczywisto\u015bci wyboru mi\u0119dzy pozwoleniem na kontynuacj\u0119 przemocy a u\u017cyciem si\u0142y, aby j\u0105 po\u0142o\u017cy\u0107 kres. \u201eJako Ko\u015bcio\u0142y musimy prosi\u0107 Boga o pok\u00f3j jako Jego dar, uznaj\u0105c, \u017ce pok\u00f3j nale\u017cy r\u00f3wnie\u017c aktywnie budowa\u0107 dzie\u0144 po dniu poprzez akty sprawiedliwo\u015bci i mi\u0142o\u015bci\u201d. Dlatego nasza wiara nie pozwala nam traci\u0107 nadziei na naszych przeciwnik\u00f3w. Nie uto\u017csamiamy tych, kt\u00f3rzy b\u0142\u0105dz\u0105 w swoich b\u0142\u0119dach lub trac\u0105 w nich nadziej\u0119.<\/p><p>M\u00f3dlmy si\u0119 o jedno\u015b\u0107 ludu Bo\u017cego wed\u0142ug woli Chrystusa, aby ludzie uwierzyli w Ewangeli\u0119 i na\u015bladowali Pana Chrystusa:  <\/p><p><em>Bo\u017ce, nasz Ojcze Niebieski, wielbimy Ciebie, kt\u00f3ry objawi\u0142e\u015b si\u0119 \u015bwiatu w prawdzie, dobru i pi\u0119knie. Modlimy si\u0119, aby\u015b pozwoli\u0142 nam \u017cy\u0107 razem jako Twoje dzieci na \u015bwiecie, pe\u0142ni\u0105c Twoj\u0105 wol\u0119. Uczy\u0144 nas odwa\u017cnymi w wyznawaniu wiary chrze\u015bcija\u0144skiej, aby\u015bmy mogli by\u0107 nosicielami prawdy, \u015bwiat\u0142a, czysto\u015bci, dobra i pi\u0119kna na \u015bwiecie.    <\/em><\/p><p><em>Panie, wys\u0142uchaj naszej modlitwy i prowad\u017a nas!<\/em><\/p><p><em>\u0141askawy Bo\u017ce, stajemy przed Tob\u0105, \u017ca\u0142uj\u0105c, \u017ce jako chrze\u015bcijanie nie potrafili\u015bmy kocha\u0107 si\u0119 nawzajem tak, jak tego od nas oczekujesz. Cz\u0119sto jeste\u015bmy bezsilni i akceptujemy niesprawiedliwo\u015b\u0107 na \u015bwiecie, w relacjach mi\u0119dzyludzkich i w \u017cyciu Ko\u015bcio\u0142a. Prosimy Ci\u0119 o przebaczenie, oczyszczenie naszych umys\u0142\u00f3w i odnowienie naszych serc.  <\/em><\/p><p><em>Panie, wys\u0142uchaj naszej modlitwy i odn\u00f3w nas!<\/em><\/p><p><em>Wszechmog\u0105cy Bo\u017ce, prosimy Ci\u0119, po\u0142\u00f3\u017c kres wojnom i przywr\u00f3\u0107 ludziom pok\u00f3j, bo kochasz swoje stworzenie. Chro\u0144 nasz\u0105 ziemi\u0119 przed z\u0142em i podst\u0119pem. Oka\u017c nam swoj\u0105 pot\u0119\u017cn\u0105 r\u0119k\u0119. Niech ci, kt\u00f3rzy cierpi\u0105 b\u00f3l i niesprawiedliwo\u015b\u0107, zobacz\u0105, \u017ce nie pok\u0142adali w Tobie nadziei na pr\u00f3\u017cno. Daj im nadziej\u0119 na \u017cycie.    <\/em><\/p><p><em>Panie, wys\u0142uchaj naszej modlitwy i chro\u0144 nas!<\/em><\/p><p><em>Prawdziwy Bo\u017ce, s\u0105d\u017a sprawiedliwie<\/em><em>  Nad tymi, kt\u00f3rzy s\u0105 liderami i ponosz\u0105 odpowiedzialno\u015b\u0107. Kieruj ich decyzjami i dzia\u0142aniami zgodnie z Twoimi prawami. Dzi\u015b modlimy si\u0119 za lider\u00f3w rz\u0105du, biznesu, kultury, edukacji i Ko\u015bcio\u0142a. B\u0142ogos\u0142aw ich s\u0142u\u017cbie dla dobra wszystkich ludzi.   <\/em><\/p><p><em>Panie, wys\u0142uchaj naszej modlitwy i pob\u0142ogos\u0142aw nam!<\/em><\/p><p><em>Bo\u017ce \u015bwi\u0119ty,<\/em> <em>spraw, aby Tw\u00f3j Ko\u015bci\u00f3\u0142 sta\u0142 si\u0119 silny w wierze, nadziei i mi\u0142o\u015bci, aby\u015bmy mogli jeszcze bardziej ufa\u0107 sobie i wspiera\u0107 si\u0119 nawzajem w naszej pielgrzymce, a\u017c osi\u0105gniemy jedno\u015b\u0107 z Tob\u0105, \u015bwi\u0119tym Bogiem w Tr\u00f3jcy Jedynego \u2013 Ojcem i Synem i Duchem \u015awi\u0119tym.<\/em> <\/p><p><em>Panie, wys\u0142uchaj naszej modlitwy i spraw, by\u015bmy si\u0119 radowali!<\/em><\/p><p><strong><em>Wsp\u00f3lne nieszpory odb\u0119d\u0105 si\u0119 w pi\u0105tek, 22 stycznia 2026 roku, o godzinie 18:45 w katedrze Piotra i Paw\u0142a w Tallinie. Przem\u00f3wienie wyg\u0142osi arcybiskup Urmas Viilma z Esto\u0144skiego Ko\u015bcio\u0142a Prawos\u0142awnego.  <\/em><\/strong><\/p><\/div><\/div>\n        <\/section>\t\t\t\t<\/div>\n\t\t\t\t<\/div>\n\t\t\t\t<\/div>\n\t\t<div class=\"elementor-element elementor-element-3704b04 aux-appear-watch-animation aux-scale-down e-con-full e-flex e-con e-child\" data-id=\"3704b04\" data-element_type=\"container\" data-e-type=\"container\">\n\t\t\t\t<div class=\"elementor-element elementor-element-8db1082 elementor-widget elementor-widget-aux_image\" data-id=\"8db1082\" data-element_type=\"widget\" data-e-type=\"widget\" data-widget_type=\"aux_image.default\">\n\t\t\t\t<div class=\"elementor-widget-container\">\n\t\t\t\t\t<section class=\"widget-container aux-widget-image aux-alignnone aux-parent-au273cb3e3\">\n    <div class=\"aux-media-hint-frame \">\n        <div class=\"aux-media-image aux-hover-active\" >\n                    <a class=\"\" href=\"https:\/\/www.google.com\/maps\/d\/viewer?mid=1vqKuuAHgKelJv-myl9OeoDACotbMP2dc&#038;femb=1&#038;ll=20.282604320290368%2C35.25552336099179&#038;z=2\" data-elementor-open-lightbox=\"no\" data-original-width=\"496\" data-original-height=\"331\" data-caption=\"Pict1\" target=\"_self\"  >\n        \n            \n\n            \n            <img fetchpriority=\"high\" decoding=\"async\" width=\"496\" height=\"331\" src=\"data:image\/gif;base64,R0lGODlhAQABAIAAAAAAAP\/\/\/yH5BAEAAAAALAAAAAABAAEAAAIBRAA7\" class=\"aux-attachment aux-featured-image aux-attachment-id-4614 aux-preload aux-blank\" alt=\"Pict1\" data-ratio=\"1.5\" data-original-w=\"496\" data-src=\"https:\/\/dominiiklased.ee\/wp-content\/uploads\/2026\/01\/Picture1.jpg\" \/>            \n                    <\/a>\n                <\/div>\n    <\/div>\n\n<\/section><!-- widget-container -->\t\t\t\t<\/div>\n\t\t\t\t<\/div>\n\t\t\t\t<div class=\"elementor-element elementor-element-e1287bd elementor-widget elementor-widget-aux_modern_button\" data-id=\"e1287bd\" data-element_type=\"widget\" data-e-type=\"widget\" data-widget_type=\"aux_modern_button.default\">\n\t\t\t\t<div class=\"elementor-widget-container\">\n\t\t\t\t\t    <div class=\"aux-modern-button-wrapper aux-modern-button-align-left\" >\n                    <a class=\"aux-modern-button aux-white aux-modern-button-md aux-modern-button-normal aux-modern-button-default aux-icon-right\" href=\"https:\/\/dominiiklased.ee\/wp-content\/uploads\/2026\/01\/Palvenadal-2026.pdf\">\n                <div class=\"aux-overlay\"><\/div>\n                                    <div class=\"aux-icon \">\n                        <i aria-hidden=\"true\" class=\"fas fa-file-download\"><\/i>                    <\/div>\n                                <div class=\"aux-text\">\n<span class=\"aux-text-before\">Informacje w j\u0119zyku esto\u0144skim<\/span>                <\/div>\n            <\/a>\n            \n    <\/div>\n\n    \t\t\t\t<\/div>\n\t\t\t\t<\/div>\n\t\t\t\t<div class=\"elementor-element elementor-element-5159543 elementor-widget elementor-widget-aux_modern_button\" data-id=\"5159543\" data-element_type=\"widget\" data-e-type=\"widget\" data-widget_type=\"aux_modern_button.default\">\n\t\t\t\t<div class=\"elementor-widget-container\">\n\t\t\t\t\t    <div class=\"aux-modern-button-wrapper aux-modern-button-align-left\" >\n                    <a class=\"aux-modern-button aux-white aux-modern-button-md aux-modern-button-normal aux-modern-button-default aux-icon-right\" href=\"https:\/\/dominiiklased.ee\/wp-content\/uploads\/2026\/01\/Week-of-Prayer-2026.pdf\">\n                <div class=\"aux-overlay\"><\/div>\n                                    <div class=\"aux-icon \">\n                        <i aria-hidden=\"true\" class=\"fas fa-file-download\"><\/i>                    <\/div>\n                                <div class=\"aux-text\">\n<span class=\"aux-text-before\">Informacje w j\u0119zyku angielskim<\/span>                <\/div>\n            <\/a>\n            \n    <\/div>\n\n    \t\t\t\t<\/div>\n\t\t\t\t<\/div>\n\t\t\t\t<\/div>\n\t\t\t\t\t<\/div>\n\t\t\t\t<\/div>\n\t\t\t\t<\/div>\n\t\t","protected":false},"excerpt":{"rendered":"<p>18.-25. Stycze\u0144 2026 Tydzie\u0144 Modlitw o Jedno\u015b\u0107 Chrze\u015bcijan Co roku od 18 do 25 stycznia wszyscy chrze\u015bcijanie s\u0105 zaproszeni do udzia\u0142u w arcykap\u0142a\u0144skiej modlitwie Chrystusa: \u201eModl\u0119 si\u0119 za nich, aby wszyscy stanowili jedno, jak Ty, Ojcze, we Mnie, a Ja w Tobie, aby i oni stanowili w Nas jedno, aby \u015bwiat uwierzy\u0142, \u017ce\u015b Ty Mnie [&hellip;]<\/p>\n","protected":false},"author":2,"featured_media":0,"parent":0,"menu_order":0,"comment_status":"closed","ping_status":"closed","template":"","meta":{"footnotes":""},"class_list":["post-4965","page","type-page","status-publish","hentry"],"_links":{"self":[{"href":"https:\/\/dominiiklased.ee\/pl\/wp-json\/wp\/v2\/pages\/4965","targetHints":{"allow":["GET"]}}],"collection":[{"href":"https:\/\/dominiiklased.ee\/pl\/wp-json\/wp\/v2\/pages"}],"about":[{"href":"https:\/\/dominiiklased.ee\/pl\/wp-json\/wp\/v2\/types\/page"}],"author":[{"embeddable":true,"href":"https:\/\/dominiiklased.ee\/pl\/wp-json\/wp\/v2\/users\/2"}],"replies":[{"embeddable":true,"href":"https:\/\/dominiiklased.ee\/pl\/wp-json\/wp\/v2\/comments?post=4965"}],"version-history":[{"count":1,"href":"https:\/\/dominiiklased.ee\/pl\/wp-json\/wp\/v2\/pages\/4965\/revisions"}],"predecessor-version":[{"id":4966,"href":"https:\/\/dominiiklased.ee\/pl\/wp-json\/wp\/v2\/pages\/4965\/revisions\/4966"}],"wp:attachment":[{"href":"https:\/\/dominiiklased.ee\/pl\/wp-json\/wp\/v2\/media?parent=4965"}],"curies":[{"name":"wp","href":"https:\/\/api.w.org\/{rel}","templated":true}]}}