{"id":4718,"date":"2025-09-25T05:17:13","date_gmt":"2025-09-25T02:17:13","guid":{"rendered":"https:\/\/dominiiklased.ee\/czytanie-publiczne\/"},"modified":"2026-03-22T20:49:40","modified_gmt":"2026-03-22T18:49:40","slug":"czytanie-publiczne","status":"publish","type":"page","link":"https:\/\/dominiiklased.ee\/pl\/czytanie-publiczne\/","title":{"rendered":"czytanie publiczne"},"content":{"rendered":"\t\t<div data-elementor-type=\"wp-page\" data-elementor-id=\"4718\" class=\"elementor elementor-4718 elementor-4429\">\n\t\t\t\t<div class=\"aux-parallax-section elementor-element elementor-element-46e1247 e-flex e-con-boxed e-con e-parent\" data-id=\"46e1247\" data-element_type=\"container\" data-e-type=\"container\">\n\t\t\t\t\t<div class=\"e-con-inner\">\n\t\t<div class=\"elementor-element elementor-element-3704b04 aux-appear-watch-animation aux-scale-down e-con-full e-flex e-con e-child\" data-id=\"3704b04\" data-element_type=\"container\" data-e-type=\"container\">\n\t\t<div class=\"elementor-element elementor-element-1a17ea2 e-con-full e-flex e-con e-child\" data-id=\"1a17ea2\" data-element_type=\"container\" data-e-type=\"container\" data-settings=\"{&quot;background_background&quot;:&quot;classic&quot;}\">\n\t\t\t\t<div class=\"elementor-element elementor-element-6e77d09 elementor-widget elementor-widget-heading\" data-id=\"6e77d09\" data-element_type=\"widget\" data-e-type=\"widget\" data-widget_type=\"heading.default\">\n\t\t\t\t<div class=\"elementor-widget-container\">\n\t\t\t\t\t<h2 class=\"elementor-heading-title elementor-size-default\">Nagrania transmisji na \u017cywo:<\/h2>\t\t\t\t<\/div>\n\t\t\t\t<\/div>\n\t\t<div class=\"elementor-element elementor-element-117922b e-grid e-con-full e-con e-child\" data-id=\"117922b\" data-element_type=\"container\" data-e-type=\"container\">\n\t\t\t\t<div class=\"elementor-element elementor-element-36df316 elementor-widget elementor-widget-aux_modern_button\" data-id=\"36df316\" data-element_type=\"widget\" data-e-type=\"widget\" data-widget_type=\"aux_modern_button.default\">\n\t\t\t\t<div class=\"elementor-widget-container\">\n\t\t\t\t\t    <div class=\"aux-modern-button-wrapper aux-modern-button-align-center\" >\n                    <a class=\"aux-modern-button aux-white aux-modern-button-sm aux-modern-button-normal aux-modern-button-default aux-icon-bottom\" href=\"https:\/\/www.youtube.com\/live\/L53TzkRM_qk\">\n                <div class=\"aux-overlay\"><\/div>\n                                    <div class=\"aux-icon \">\n                        <i aria-hidden=\"true\" class=\"fab fa-youtube\"><\/i>                    <\/div>\n                                <div class=\"aux-text\">\n<span class=\"aux-text-before\">Nagranie cz\u0119\u015b\u0107 1<\/span>                <\/div>\n            <\/a>\n            \n    <\/div>\n\n    \t\t\t\t<\/div>\n\t\t\t\t<\/div>\n\t\t\t\t<div class=\"elementor-element elementor-element-71a63e7 elementor-widget elementor-widget-aux_modern_button\" data-id=\"71a63e7\" data-element_type=\"widget\" data-e-type=\"widget\" data-widget_type=\"aux_modern_button.default\">\n\t\t\t\t<div class=\"elementor-widget-container\">\n\t\t\t\t\t    <div class=\"aux-modern-button-wrapper aux-modern-button-align-center\" >\n                    <a class=\"aux-modern-button aux-white aux-modern-button-sm aux-modern-button-normal aux-modern-button-default aux-icon-bottom\" href=\"https:\/\/youtube.com\/live\/rUYbx53m2rY\">\n                <div class=\"aux-overlay\"><\/div>\n                                    <div class=\"aux-icon \">\n                        <i aria-hidden=\"true\" class=\"fab fa-youtube\"><\/i>                    <\/div>\n                                <div class=\"aux-text\">\n<span class=\"aux-text-before\">Nagranie cz\u0119\u015b\u0107 2<\/span>                <\/div>\n            <\/a>\n            \n    <\/div>\n\n    \t\t\t\t<\/div>\n\t\t\t\t<\/div>\n\t\t\t\t<div class=\"elementor-element elementor-element-c4e2044 elementor-widget elementor-widget-aux_modern_button\" data-id=\"c4e2044\" data-element_type=\"widget\" data-e-type=\"widget\" data-widget_type=\"aux_modern_button.default\">\n\t\t\t\t<div class=\"elementor-widget-container\">\n\t\t\t\t\t    <div class=\"aux-modern-button-wrapper aux-modern-button-align-center\" >\n                    <a class=\"aux-modern-button aux-white aux-modern-button-sm aux-modern-button-normal aux-modern-button-default aux-icon-bottom\" href=\"https:\/\/youtube.com\/live\/92iPswS9fcM\">\n                <div class=\"aux-overlay\"><\/div>\n                                    <div class=\"aux-icon \">\n                        <i aria-hidden=\"true\" class=\"fab fa-youtube\"><\/i>                    <\/div>\n                                <div class=\"aux-text\">\n<span class=\"aux-text-before\">Nagranie cz\u0119\u015b\u0107 3<\/span>                <\/div>\n            <\/a>\n            \n    <\/div>\n\n    \t\t\t\t<\/div>\n\t\t\t\t<\/div>\n\t\t\t\t<\/div>\n\t\t\t\t<div class=\"elementor-element elementor-element-3a5698e elementor-widget elementor-widget-heading\" data-id=\"3a5698e\" data-element_type=\"widget\" data-e-type=\"widget\" data-widget_type=\"heading.default\">\n\t\t\t\t<div class=\"elementor-widget-container\">\n\t\t\t\t\t<h2 class=\"elementor-heading-title elementor-size-default\"> <\/h2>\t\t\t\t<\/div>\n\t\t\t\t<\/div>\n\t\t\t\t<div class=\"elementor-element elementor-element-54fb674 elementor-widget elementor-widget-image\" data-id=\"54fb674\" data-element_type=\"widget\" data-e-type=\"widget\" data-widget_type=\"image.default\">\n\t\t\t\t<div class=\"elementor-widget-container\">\n\t\t\t\t\t\t\t\t\t\t\t\t\t\t\t<img fetchpriority=\"high\" decoding=\"async\" width=\"1024\" height=\"674\" src=\"https:\/\/dominiiklased.ee\/wp-content\/uploads\/2025\/09\/Final-est-1024x674.png\" class=\"attachment-large size-large wp-image-4362\" alt=\"\" \/>\t\t\t\t\t\t\t\t\t\t\t\t\t\t\t<\/div>\n\t\t\t\t<\/div>\n\t\t\t\t<\/div>\n\t\t\t\t<div class=\"elementor-element elementor-element-5c6de91 elementor-widget elementor-widget-video\" data-id=\"5c6de91\" data-element_type=\"widget\" data-e-type=\"widget\" data-settings=\"{&quot;youtube_url&quot;:&quot;https:\\\/\\\/youtu.be\\\/ndoXnIgwBrU&quot;,&quot;video_type&quot;:&quot;youtube&quot;,&quot;controls&quot;:&quot;yes&quot;}\" data-widget_type=\"video.default\">\n\t\t\t\t<div class=\"elementor-widget-container\">\n\t\t\t\t\t\t\t<div class=\"elementor-wrapper elementor-open-inline\">\n\t\t\t<div class=\"elementor-video\"><\/div>\t\t<\/div>\n\t\t\t\t\t\t<\/div>\n\t\t\t\t<\/div>\n\t\t\t\t<\/div>\n\t\t<div class=\"elementor-element elementor-element-baae426 e-con-full e-flex e-con e-child\" data-id=\"baae426\" data-element_type=\"container\" data-e-type=\"container\">\n\t\t\t\t<div class=\"elementor-element elementor-element-ab98aaa aux-appear-watch-animation aux-fade-in-up elementor-widget elementor-widget-aux_modern_heading\" data-id=\"ab98aaa\" data-element_type=\"widget\" data-e-type=\"widget\" data-widget_type=\"aux_modern_heading.default\">\n\t\t\t\t<div class=\"elementor-widget-container\">\n\t\t\t\t\t<section class=\"aux-widget-modern-heading\">\n            <div class=\"aux-widget-inner\"><h2 class=\"aux-modern-heading-primary\">4.-6. Wrzesie\u0144 2025<\/h2><h3 class=\"aux-modern-heading-secondary\"><span class=\"aux-head-before\">Beatyfikacja Arcybiskupa Eduarda Profittlicha i upami\u0119tnienie ofiar komunizmu<\/span><\/h3><div class=\"aux-modern-heading-divider\"><\/div><div class=\"aux-modern-heading-description\"><p class=\"Standard\" style=\"text-align: justify\"><strong>6 wrze\u015bnia 2025 roku o godzinie 11:00 Ko\u015bci\u00f3\u0142 rzymskokatolicki uroczy\u015bcie beatyfikowa\u0142 arcybiskupa Eduarda Profittlicha (www.profittlich.eu) podczas mszy \u015bwi\u0119tej odprawionej na Placu Ratuszowym w Tallinie<\/strong> . Beatyfikacja jest pierwszym etapem kanonizacji, zgodnie z tradycj\u0105 rzymskokatolick\u0105. Z tej historycznej okazji bracia Zakonu Dominikan\u00f3w z Tallina oraz \u015bwieccy cz\u0142onkowie Zakonu Dominikan\u00f3w Fra Angelico zorganizowali publiczne odczytanie imion 22 600 m\u0119\u017cczyzn, kobiet i dzieci, kt\u00f3rzy zgin\u0119li jako ofiary re\u017cimu komunistycznego w Estonii podczas okupacji sowieckiej.  <\/p><p class=\"Standard\" style=\"text-align: justify\">Dominikanie, zwi\u0105zani z histori\u0105 Estonii od 1239 roku, chcieli w ten spos\u00f3b uczci\u0107 pami\u0119\u0107 i odda\u0107 ho\u0142d wszystkim ofiarom, kt\u00f3re zgin\u0119\u0142y w Estonii i na ca\u0142ym terytorium ZSRR. Podobnie jak arcybiskup Eduard Profittlich, cierpieli i zmarli z powodu represji okupacji sowieckiej. Cierpienie tych ofiar, niezale\u017cnie od ich przekona\u0144 religijnych, nie zosta\u0142o zapomniane. Ich \u015bmier\u0107 przypomina nam i wzywa ka\u017cdego z nas do pokoju w dzisiejszym \u015bwiecie, w kt\u00f3rym sprawiedliwo\u015b\u0107, wolno\u015b\u0107 i ludzka godno\u015b\u0107 nie s\u0105 jeszcze zagwarantowane.  <\/p><p class=\"Standard\" style=\"text-align: justify\">Odczytanie imion Esto\u0144czyk\u00f3w, kt\u00f3rzy zgin\u0119li w wyniku represji, by\u0142o r\u00f3wnie\u017c dla Ko\u015bcio\u0142a rzymskokatolickiego sposobem na wyra\u017cenie g\u0142\u0119bokiego wsp\u00f3\u0142czucia narodowi esto\u0144skiemu. Jako chrze\u015bcijanie, dominikanie wierz\u0105, \u017ce ka\u017cdy cz\u0142owiek zosta\u0142 stworzony na obraz Boga i dlatego zas\u0142uguje na szacunek i mi\u0142o\u015b\u0107.<br> 4 wrze\u015bnia 2025 roku, w ci\u0105gu oko\u0142o 21 godzin, 180 czytelnik\u00f3w z r\u00f3\u017cnych \u015brodowisk odczyta\u0142o imiona 22 600 ofiar komunizmu, kt\u00f3re uda\u0142o si\u0119 zidentyfikowa\u0107 dzi\u0119ki niestrudzonej pracy Memento i Esto\u0144skiego Instytutu Pami\u0119ci. <\/p><p class=\"Standard\" style=\"text-align: justify\">Uroczysto\u015b\u0107 upami\u0119tniaj\u0105ca odby\u0142a si\u0119 w sali kapitularnej \u015bredniowiecznego klasztoru dominikan\u00f3w w Tallinie, a odczyt by\u0142 transmitowany na \u017cywo na kanale YouTube Zakonu Dominikan\u00f3w, dzi\u0119ki czemu ka\u017cdy ch\u0119tny, gdziekolwiek si\u0119 znajdowa\u0142, m\u00f3g\u0142 wzi\u0105\u0107 w niej udzia\u0142. W trakcie uroczysto\u015bci ka\u017cdy ch\u0119tny m\u00f3g\u0142 przyj\u015b\u0107 na dziedziniec \u015bredniowiecznego klasztoru dominikan\u00f3w w Tallinie, aby zapali\u0107 znicz i\/lub przynie\u015b\u0107 kwiaty ku pami\u0119ci ofiar.<br> Na zako\u0144czenie ceremonii lista ofiar zosta\u0142a uroczy\u015bcie przeniesiona do rzymskokatolickiej katedry \u015awi\u0119tych Piotra i Paw\u0142a, gdzie odb\u0119dzie si\u0119 uroczysto\u015b\u0107 w przededniu beatyfikacji arcybiskupa Eduarda Profittlicha. <\/p><\/div><\/div>\n        <\/section>\t\t\t\t<\/div>\n\t\t\t\t<\/div>\n\t\t\t\t<div class=\"elementor-element elementor-element-8db1082 elementor-widget elementor-widget-aux_image\" data-id=\"8db1082\" data-element_type=\"widget\" data-e-type=\"widget\" data-widget_type=\"aux_image.default\">\n\t\t\t\t<div class=\"elementor-widget-container\">\n\t\t\t\t\t<section class=\"widget-container aux-widget-image aux-alignnone aux-parent-au03963e6f\">\n    <div class=\"aux-media-hint-frame \">\n        <div class=\"aux-media-image \" >\n        \n            \n\n            \n            <img decoding=\"async\" width=\"700\" height=\"631\" src=\"data:image\/gif;base64,R0lGODlhAQABAIAAAAAAAP\/\/\/yH5BAEAAAAALAAAAAABAAEAAAIBRAA7\" class=\"aux-attachment aux-featured-image aux-attachment-id-1875 aux-preload aux-blank\" alt=\"Maarjama\u0308e1_\" data-ratio=\"1.11\" data-original-w=\"700\" data-src=\"https:\/\/dominiiklased.ee\/wp-content\/uploads\/2025\/03\/Maarjamae1_-e1743526402254.jpg\" \/>            \n                <\/div>\n    <\/div>\n\n<\/section><!-- widget-container -->\t\t\t\t<\/div>\n\t\t\t\t<\/div>\n\t\t\t\t<\/div>\n\t\t\t\t\t<\/div>\n\t\t\t\t<\/div>\n\t\t<div class=\"aux-parallax-section elementor-element elementor-element-0ad5122 e-flex e-con-boxed e-con e-parent\" data-id=\"0ad5122\" data-element_type=\"container\" data-e-type=\"container\">\n\t\t\t\t\t<div class=\"e-con-inner\">\n\t\t<div class=\"elementor-element elementor-element-4edfc4e aux-appear-watch-animation aux-fade-in-up e-con-full e-flex e-con e-child\" data-id=\"4edfc4e\" data-element_type=\"container\" data-e-type=\"container\" data-settings=\"{&quot;background_background&quot;:&quot;classic&quot;}\">\n\t\t<div class=\"elementor-element elementor-element-e9398bd e-grid e-con-boxed e-con e-child\" data-id=\"e9398bd\" data-element_type=\"container\" data-e-type=\"container\">\n\t\t\t\t\t<div class=\"e-con-inner\">\n\t\t\t\t<div class=\"elementor-element elementor-element-64fd735 elementor-widget elementor-widget-menu-anchor\" data-id=\"64fd735\" data-element_type=\"widget\" data-e-type=\"widget\" data-widget_type=\"menu-anchor.default\">\n\t\t\t\t<div class=\"elementor-widget-container\">\n\t\t\t\t\t\t\t<div class=\"elementor-menu-anchor\" id=\"darowizna\"><\/div>\n\t\t\t\t\t\t<\/div>\n\t\t\t\t<\/div>\n\t\t\t\t\t<\/div>\n\t\t\t\t<\/div>\n\t\t<div class=\"elementor-element elementor-element-ab623e3 e-grid e-con-full e-con e-child\" data-id=\"ab623e3\" data-element_type=\"container\" data-e-type=\"container\">\n\t\t\t\t<div class=\"elementor-element elementor-element-5b765bf elementor-widget elementor-widget-aux_modern_heading\" data-id=\"5b765bf\" data-element_type=\"widget\" data-e-type=\"widget\" data-widget_type=\"aux_modern_heading.default\">\n\t\t\t\t<div class=\"elementor-widget-container\">\n\t\t\t\t\t<section class=\"aux-widget-modern-heading\">\n            <div class=\"aux-widget-inner\"><h2 class=\"aux-modern-heading-primary\"><\/h2><h3 class=\"aux-modern-heading-secondary\"><span class=\"aux-head-before\">Modlitwa o wsparcie<br> Misja dominika\u0144ska w Estonii<\/span><\/h3><\/div>\n        <\/section>\t\t\t\t<\/div>\n\t\t\t\t<\/div>\n\t\t\t\t<div class=\"elementor-element elementor-element-863050e elementor-align-center elementor-widget elementor-widget-button\" data-id=\"863050e\" data-element_type=\"widget\" data-e-type=\"widget\" data-widget_type=\"button.default\">\n\t\t\t\t<div class=\"elementor-widget-container\">\n\t\t\t\t\t\t\t\t\t<div class=\"elementor-button-wrapper\">\n\t\t\t\t\t<a class=\"elementor-button elementor-button-link elementor-size-sm\" href=\"https:\/\/swedbank.every-pay.eu\/lp\/z8bva6os5v\">\n\t\t\t\t\t\t<span class=\"elementor-button-content-wrapper\">\n\t\t\t\t\t\t<span class=\"elementor-button-icon\">\n\t\t\t\t<i aria-hidden=\"true\" class=\"fas fa-euro-sign\"><\/i>\t\t\t<\/span>\n\t\t\t\t\t\t\t\t\t<span class=\"elementor-button-text\">Jednorazowa darowizna<\/span>\n\t\t\t\t\t<\/span>\n\t\t\t\t\t<\/a>\n\t\t\t\t<\/div>\n\t\t\t\t\t\t\t\t<\/div>\n\t\t\t\t<\/div>\n\t\t\t\t<\/div>\n\t\t\t\t<div class=\"elementor-element elementor-element-d3e60b3 elementor-widget__width-initial elementor-widget-mobile__width-initial elementor-widget elementor-widget-text-editor\" data-id=\"d3e60b3\" data-element_type=\"widget\" data-e-type=\"widget\" data-widget_type=\"text-editor.default\">\n\t\t\t\t<div class=\"elementor-widget-container\">\n\t\t\t\t\t\t\t\t\t<p>Dzisiaj dominikanie pos\u0142uguj\u0105 Esto\u0144czykom w g\u0142\u0119boko zsekularyzowanym spo\u0142ecze\u0144stwie, podejmuj\u0105c r\u00f3\u017cne inicjatywy, aby nie\u015b\u0107 ludziom nadziej\u0119 i rado\u015b\u0107 poprzez wiar\u0119 katolick\u0105.<\/p><p>W kaplicy dominika\u0144skiej odbywaj\u0105 si\u0119 codzienne liturgie. Podejmowane s\u0105 wysi\u0142ki w celu t\u0142umaczenia i publikowania dzie\u0142 autor\u00f3w dominika\u0144skich. Zapraszamy wyk\u0142adowc\u00f3w go\u015bcinnych do wyg\u0142aszania wyk\u0142ad\u00f3w i udzia\u0142u w rekolekcjach. Oferujemy osobiste wsparcie duchowe i przygotowanie do sakrament\u00f3w, w tym chrztu. Istnieje grupa m\u0142odych katolik\u00f3w otwarta na nowych cz\u0142onk\u00f3w itp.    <\/p><p>W 2025 roku dominikanie, czyli bracia i \u015bwieccy Zakonu Kaznodziejskiego, zorganizowali w dniach 4-5 wrze\u015bnia 2025 roku akcj\u0119 ci\u0105g\u0142ego odczytywania imion 22 600 Esto\u0144czyk\u00f3w zmar\u0142ych w wyniku represji komunistycznych. Akcja ta jest bezpo\u015brednio zwi\u0105zana z beatyfikacj\u0105 arcybiskupa Eduarda Profittlicha, kt\u00f3ra odby\u0142a si\u0119 6 wrze\u015bnia. To odczytywanie imion jest kolejnym przyk\u0142adem tego, jak staramy si\u0119 nawi\u0105za\u0107 kontakt z ca\u0142ym spo\u0142ecze\u0144stwem esto\u0144skim. Aby zrealizowa\u0107 te cele, potrzebujemy Waszych modlitw, a tak\u017ce wsparcia materialnego.      <\/p><p>Jeste\u015bmy niezmiernie wdzi\u0119czni za ka\u017cd\u0105 darowizn\u0119 i obiecujemy, \u017ce zawsze b\u0119dziemy pami\u0119ta\u0107 o Was w naszych modlitwach!<\/p><p>Brat Alain Arnould OP<\/p>\t\t\t\t\t\t\t\t<\/div>\n\t\t\t\t<\/div>\n\t\t\t\t<div class=\"elementor-element elementor-element-2515e27 elementor-widget__width-initial elementor-widget-mobile__width-initial elementor-widget elementor-widget-text-editor\" data-id=\"2515e27\" data-element_type=\"widget\" data-e-type=\"widget\" data-widget_type=\"text-editor.default\">\n\t\t\t\t<div class=\"elementor-widget-container\">\n\t\t\t\t\t\t\t\t\t<p>Je\u015bli chcesz, przy sk\u0142adaniu darowizny podaj sw\u00f3j numer PESEL \u2013 umo\u017cliwi Ci to zadeklarowanie darowizny i uzyskanie zwrotu podatku od jej kwoty.<\/p><p>Organizacja pozarz\u0105dowa znajduje si\u0119 na li\u015bcie organizacji korzystaj\u0105cych ze zwolnie\u0144 z podatku dochodowego.<\/p><p>Informacje: <a href=\"https:\/\/dominiiklased.ee\/pl\/warunki-darowizny\/\">warunki darowizn<\/a><\/p>\t\t\t\t\t\t\t\t<\/div>\n\t\t\t\t<\/div>\n\t\t\t\t<\/div>\n\t\t\t\t\t<\/div>\n\t\t\t\t<\/div>\n\t\t<div class=\"aux-parallax-section elementor-element elementor-element-df85672 e-flex e-con-boxed e-con e-parent\" data-id=\"df85672\" data-element_type=\"container\" data-e-type=\"container\">\n\t\t\t\t\t<div class=\"e-con-inner\">\n\t\t\t\t\t<\/div>\n\t\t\t\t<\/div>\n\t\t\t\t<\/div>\n\t\t","protected":false},"excerpt":{"rendered":"<p>Nagrania transmisji na \u017cywo: Nagranie cz\u0119\u015b\u0107 1 Nagranie cz\u0119\u015b\u0107 2 Nagranie cz\u0119\u015b\u0107 3 4.-6. Wrzesie\u0144 2025 Beatyfikacja Arcybiskupa Eduarda Profittlicha i upami\u0119tnienie ofiar komunizmu 6 wrze\u015bnia 2025 roku o godzinie 11:00 Ko\u015bci\u00f3\u0142 rzymskokatolicki uroczy\u015bcie beatyfikowa\u0142 arcybiskupa Eduarda Profittlicha (www.profittlich.eu) podczas mszy \u015bwi\u0119tej odprawionej na Placu Ratuszowym w Tallinie . Beatyfikacja jest pierwszym etapem kanonizacji, zgodnie [&hellip;]<\/p>\n","protected":false},"author":2,"featured_media":0,"parent":0,"menu_order":0,"comment_status":"closed","ping_status":"closed","template":"templates\/page-builder-content.php","meta":{"footnotes":""},"class_list":["post-4718","page","type-page","status-publish","hentry"],"_links":{"self":[{"href":"https:\/\/dominiiklased.ee\/pl\/wp-json\/wp\/v2\/pages\/4718","targetHints":{"allow":["GET"]}}],"collection":[{"href":"https:\/\/dominiiklased.ee\/pl\/wp-json\/wp\/v2\/pages"}],"about":[{"href":"https:\/\/dominiiklased.ee\/pl\/wp-json\/wp\/v2\/types\/page"}],"author":[{"embeddable":true,"href":"https:\/\/dominiiklased.ee\/pl\/wp-json\/wp\/v2\/users\/2"}],"replies":[{"embeddable":true,"href":"https:\/\/dominiiklased.ee\/pl\/wp-json\/wp\/v2\/comments?post=4718"}],"version-history":[{"count":2,"href":"https:\/\/dominiiklased.ee\/pl\/wp-json\/wp\/v2\/pages\/4718\/revisions"}],"predecessor-version":[{"id":4972,"href":"https:\/\/dominiiklased.ee\/pl\/wp-json\/wp\/v2\/pages\/4718\/revisions\/4972"}],"wp:attachment":[{"href":"https:\/\/dominiiklased.ee\/pl\/wp-json\/wp\/v2\/media?parent=4718"}],"curies":[{"name":"wp","href":"https:\/\/api.w.org\/{rel}","templated":true}]}}