{"id":3783,"date":"2025-08-28T22:29:33","date_gmt":"2025-08-28T19:29:33","guid":{"rendered":"https:\/\/dominiiklased.ee\/wsparcie\/"},"modified":"2026-03-22T20:41:29","modified_gmt":"2026-03-22T18:41:29","slug":"wsparcie","status":"publish","type":"page","link":"https:\/\/dominiiklased.ee\/pl\/wsparcie\/","title":{"rendered":"Wsparcie"},"content":{"rendered":"\t\t<div data-elementor-type=\"wp-post\" data-elementor-id=\"3783\" class=\"elementor elementor-3783 elementor-3239\">\n\t\t\t\t<div class=\"aux-parallax-section elementor-element elementor-element-ce938d7 e-flex e-con-boxed e-con e-parent\" data-id=\"ce938d7\" data-element_type=\"container\" data-e-type=\"container\" data-settings=\"{&quot;background_background&quot;:&quot;classic&quot;}\">\n\t\t\t\t\t<div class=\"e-con-inner\">\n\t\t<div class=\"elementor-element elementor-element-f480499 e-con-full e-flex e-con e-child\" data-id=\"f480499\" data-element_type=\"container\" data-e-type=\"container\" data-settings=\"{&quot;background_background&quot;:&quot;classic&quot;}\">\n\t\t\t\t<div class=\"elementor-element elementor-element-3a24f96 elementor-widget-mobile__width-initial elementor-widget__width-initial elementor-widget elementor-widget-menu-anchor\" data-id=\"3a24f96\" data-element_type=\"widget\" data-e-type=\"widget\" data-widget_type=\"menu-anchor.default\">\n\t\t\t\t<div class=\"elementor-widget-container\">\n\t\t\t\t\t\t\t<div class=\"elementor-menu-anchor\" id=\"wsparcie\"><\/div>\n\t\t\t\t\t\t<\/div>\n\t\t\t\t<\/div>\n\t\t<div class=\"elementor-element elementor-element-0b84918 aux-appear-watch-animation aux-fade-in-up e-con-full e-flex e-con e-child\" data-id=\"0b84918\" data-element_type=\"container\" data-e-type=\"container\">\n\t\t<div class=\"elementor-element elementor-element-e1c8a3d e-grid e-con-boxed e-con e-child\" data-id=\"e1c8a3d\" data-element_type=\"container\" data-e-type=\"container\">\n\t\t\t\t\t<div class=\"e-con-inner\">\n\t\t\t\t<div class=\"elementor-element elementor-element-5e9a70d elementor-widget elementor-widget-aux_modern_heading\" data-id=\"5e9a70d\" data-element_type=\"widget\" data-e-type=\"widget\" data-widget_type=\"aux_modern_heading.default\">\n\t\t\t\t<div class=\"elementor-widget-container\">\n\t\t\t\t\t<section class=\"aux-widget-modern-heading\">\n            <div class=\"aux-widget-inner\"><h2 class=\"aux-modern-heading-primary\"><\/h2><h3 class=\"aux-modern-heading-secondary\"><span class=\"aux-head-before\">Modlitwa o wsparcie misji dominika\u0144skiej w Estonii:<\/span><\/h3><\/div>\n        <\/section>\t\t\t\t<\/div>\n\t\t\t\t<\/div>\n\t\t\t\t\t<\/div>\n\t\t\t\t<\/div>\n\t\t<div class=\"elementor-element elementor-element-c738640 e-grid e-con-full e-con e-child\" data-id=\"c738640\" data-element_type=\"container\" data-e-type=\"container\">\n\t\t\t\t<div class=\"elementor-element elementor-element-ba8bcee elementor-align-center elementor-widget elementor-widget-button\" data-id=\"ba8bcee\" data-element_type=\"widget\" data-e-type=\"widget\" data-widget_type=\"button.default\">\n\t\t\t\t<div class=\"elementor-widget-container\">\n\t\t\t\t\t\t\t\t\t<div class=\"elementor-button-wrapper\">\n\t\t\t\t\t<a class=\"elementor-button elementor-button-link elementor-size-sm\" href=\"https:\/\/swedbank.every-pay.eu\/lp\/z8bva6os5v\">\n\t\t\t\t\t\t<span class=\"elementor-button-content-wrapper\">\n\t\t\t\t\t\t<span class=\"elementor-button-icon\">\n\t\t\t\t<i aria-hidden=\"true\" class=\"fas fa-euro-sign\"><\/i>\t\t\t<\/span>\n\t\t\t\t\t\t\t\t\t<span class=\"elementor-button-text\">Jednorazowa darowizna<\/span>\n\t\t\t\t\t<\/span>\n\t\t\t\t\t<\/a>\n\t\t\t\t<\/div>\n\t\t\t\t\t\t\t\t<\/div>\n\t\t\t\t<\/div>\n\t\t\t\t<\/div>\n\t\t\t\t<div class=\"elementor-element elementor-element-c96b254 elementor-widget elementor-widget-text-editor\" data-id=\"c96b254\" data-element_type=\"widget\" data-e-type=\"widget\" data-widget_type=\"text-editor.default\">\n\t\t\t\t<div class=\"elementor-widget-container\">\n\t\t\t\t\t\t\t\t\t<p>Dzisiaj dominikanie pos\u0142uguj\u0105 Esto\u0144czykom w g\u0142\u0119boko zsekularyzowanym spo\u0142ecze\u0144stwie, podejmuj\u0105c r\u00f3\u017cne inicjatywy, aby nie\u015b\u0107 ludziom nadziej\u0119 i rado\u015b\u0107 poprzez wiar\u0119 katolick\u0105.<\/p><p>W kaplicy dominika\u0144skiej odbywaj\u0105 si\u0119 codzienne liturgie. Podejmowane s\u0105 wysi\u0142ki w celu t\u0142umaczenia i publikowania dzie\u0142 autor\u00f3w dominika\u0144skich. Zapraszamy wyk\u0142adowc\u00f3w go\u015bcinnych do wyg\u0142aszania wyk\u0142ad\u00f3w i udzia\u0142u w rekolekcjach. Oferujemy osobiste wsparcie duchowe i przygotowanie do sakrament\u00f3w, w tym chrztu. Istnieje grupa m\u0142odych katolik\u00f3w otwarta na nowych cz\u0142onk\u00f3w itp.    <\/p><p>W 2025 roku dominikanie, czyli bracia i \u015bwieccy Zakonu Kaznodziejskiego, zorganizowali w dniach 4-5 wrze\u015bnia 2025 roku akcj\u0119 ci\u0105g\u0142ego odczytywania imion 22 600 Esto\u0144czyk\u00f3w zmar\u0142ych w wyniku represji komunistycznych. Akcja ta by\u0142a bezpo\u015brednio zwi\u0105zana z beatyfikacj\u0105 arcybiskupa Eduarda Profittlicha, kt\u00f3ra odby\u0142a si\u0119 6 wrze\u015bnia. To odczytywanie imion by\u0142o kolejnym przyk\u0142adem tego, jak staramy si\u0119 nawi\u0105za\u0107 kontakt z ca\u0142ym spo\u0142ecze\u0144stwem esto\u0144skim. Aby zrealizowa\u0107 te cele, potrzebujemy Waszych modlitw, a tak\u017ce wsparcia materialnego.      <\/p><p>Jeste\u015bmy niezmiernie wdzi\u0119czni za ka\u017cd\u0105 darowizn\u0119 i obiecujemy, \u017ce zawsze b\u0119dziemy pami\u0119ta\u0107 o Was w naszych modlitwach!<\/p><p>Brat Alain Arnould OP<\/p>\t\t\t\t\t\t\t\t<\/div>\n\t\t\t\t<\/div>\n\t\t\t\t<div class=\"elementor-element elementor-element-d84af7b elementor-widget__width-initial elementor-widget elementor-widget-text-editor\" data-id=\"d84af7b\" data-element_type=\"widget\" data-e-type=\"widget\" data-widget_type=\"text-editor.default\">\n\t\t\t\t<div class=\"elementor-widget-container\">\n\t\t\t\t\t\t\t\t\t<p>Je\u015bli chcesz, przy sk\u0142adaniu darowizny podaj sw\u00f3j numer PESEL \u2013 umo\u017cliwi Ci to zadeklarowanie darowizny i uzyskanie zwrotu podatku od jej kwoty.<\/p><p>Organizacja pozarz\u0105dowa znajduje si\u0119 na li\u015bcie organizacji korzystaj\u0105cych ze zwolnie\u0144 z podatku dochodowego.<\/p><p>Informacje: <a href=\"https:\/\/dominiiklased.ee\/pl\/warunki-darowizny\/\">warunki darowizn<\/a><\/p>\t\t\t\t\t\t\t\t<\/div>\n\t\t\t\t<\/div>\n\t\t\t\t<\/div>\n\t\t\t\t<\/div>\n\t\t\t\t\t<\/div>\n\t\t\t\t<\/div>\n\t\t<div class=\"aux-parallax-section elementor-element elementor-element-eb12a18 e-flex e-con-boxed e-con e-parent\" data-id=\"eb12a18\" data-element_type=\"container\" data-e-type=\"container\" data-settings=\"{&quot;background_background&quot;:&quot;classic&quot;}\">\n\t\t\t\t\t<div class=\"e-con-inner\">\n\t\t<div class=\"elementor-element elementor-element-0a77e71 e-con-full e-flex e-con e-child\" data-id=\"0a77e71\" data-element_type=\"container\" data-e-type=\"container\" data-settings=\"{&quot;background_background&quot;:&quot;classic&quot;}\">\n\t\t\t\t<div class=\"elementor-element elementor-element-1c8749f elementor-widget-mobile__width-initial elementor-widget elementor-widget-menu-anchor\" data-id=\"1c8749f\" data-element_type=\"widget\" data-e-type=\"widget\" data-widget_type=\"menu-anchor.default\">\n\t\t\t\t<div class=\"elementor-widget-container\">\n\t\t\t\t\t\t\t<div class=\"elementor-menu-anchor\" id=\"wsparcie\"><\/div>\n\t\t\t\t\t\t<\/div>\n\t\t\t\t<\/div>\n\t\t<div class=\"elementor-element elementor-element-726476c aux-appear-watch-animation aux-fade-in-up e-con-full e-flex e-con e-child\" data-id=\"726476c\" data-element_type=\"container\" data-e-type=\"container\">\n\t\t\t\t<div class=\"elementor-element elementor-element-72a8159 elementor-widget elementor-widget-aux_modern_button\" data-id=\"72a8159\" data-element_type=\"widget\" data-e-type=\"widget\" data-widget_type=\"aux_modern_button.default\">\n\t\t\t\t<div class=\"elementor-widget-container\">\n\t\t\t\t\t    <div class=\"aux-modern-button-wrapper aux-modern-button-align-center\" >\n                    <a class=\"aux-modern-button aux-black aux-modern-button-md aux-modern-button-normal aux-modern-button-default aux-icon-\" href=\"https:\/\/dominiiklased.ee\/annetustingimused\/\">\n                <div class=\"aux-overlay\"><\/div>\n                                    <div class=\"aux-icon \">\n                                            <\/div>\n                                <div class=\"aux-text\">\n<span class=\"aux-text-before\">Warunki darowizny<\/span>                <\/div>\n            <\/a>\n            \n    <\/div>\n\n    \t\t\t\t<\/div>\n\t\t\t\t<\/div>\n\t\t\t\t<div class=\"elementor-element elementor-element-dc1e77c elementor-widget elementor-widget-aux_modern_button\" data-id=\"dc1e77c\" data-element_type=\"widget\" data-e-type=\"widget\" data-widget_type=\"aux_modern_button.default\">\n\t\t\t\t<div class=\"elementor-widget-container\">\n\t\t\t\t\t    <div class=\"aux-modern-button-wrapper aux-modern-button-align-center\" >\n                    <a class=\"aux-modern-button aux-black aux-modern-button-md aux-modern-button-normal aux-modern-button-default aux-icon-\" href=\"https:\/\/dominiiklased.ee\/privaatsustingimused\/\">\n                <div class=\"aux-overlay\"><\/div>\n                                    <div class=\"aux-icon \">\n                                            <\/div>\n                                <div class=\"aux-text\">\n<span class=\"aux-text-before\">Polityka prywatno\u015bci<\/span>                <\/div>\n            <\/a>\n            \n    <\/div>\n\n    \t\t\t\t<\/div>\n\t\t\t\t<\/div>\n\t\t\t\t<\/div>\n\t\t<div class=\"elementor-element elementor-element-b3c44ce aux-appear-watch-animation aux-fade-in-up-1 e-con-full e-flex e-con e-child\" data-id=\"b3c44ce\" data-element_type=\"container\" data-e-type=\"container\">\n\t\t\t\t<div class=\"elementor-element elementor-element-96563a8 elementor-widget__width-initial elementor-widget elementor-widget-text-editor\" data-id=\"96563a8\" data-element_type=\"widget\" data-e-type=\"widget\" data-widget_type=\"text-editor.default\">\n\t\t\t\t<div class=\"elementor-widget-container\">\n\t\t\t\t\t\t\t\t\t<div><strong>MT\u00dc<\/strong> <strong>DOMINIKAANI VENDADE ORDU KLOOSTE TALLINNAS<\/strong> <\/div><p><span class=\"margin\"><span class=\"margin\">M\u00fc\u00fcrivahe 33-11<\/span><br>10140 Tallinn<\/span><br>Eesti<\/p><p><strong>Nr rej.: 80216197<\/strong><\/p><p><span class=\"margin\"><span class=\"margin\">SWEDBANK AS<\/span><br> SWIFT\/BIC:HABAEE2X<\/span><br> Numer IBAN: EE77 2200 2210 1673 5627<\/p>\t\t\t\t\t\t\t\t<\/div>\n\t\t\t\t<\/div>\n\t\t\t\t<\/div>\n\t\t\t\t<\/div>\n\t\t\t\t\t<\/div>\n\t\t\t\t<\/div>\n\t\t<div class=\"aux-parallax-section elementor-element elementor-element-02af5a5 e-flex e-con-boxed e-con e-parent\" data-id=\"02af5a5\" data-element_type=\"container\" data-e-type=\"container\">\n\t\t\t\t\t<div class=\"e-con-inner\">\n\t\t\t\t\t<\/div>\n\t\t\t\t<\/div>\n\t\t\t\t<\/div>\n\t\t","protected":false},"excerpt":{"rendered":"<p>Modlitwa o wsparcie misji dominika\u0144skiej w Estonii: Jednorazowa darowizna Dzisiaj dominikanie pos\u0142uguj\u0105 Esto\u0144czykom w g\u0142\u0119boko zsekularyzowanym spo\u0142ecze\u0144stwie, podejmuj\u0105c r\u00f3\u017cne inicjatywy, aby nie\u015b\u0107 ludziom nadziej\u0119 i rado\u015b\u0107 poprzez wiar\u0119 katolick\u0105. W kaplicy dominika\u0144skiej odbywaj\u0105 si\u0119 codzienne liturgie. Podejmowane s\u0105 wysi\u0142ki w celu t\u0142umaczenia i publikowania dzie\u0142 autor\u00f3w dominika\u0144skich. Zapraszamy wyk\u0142adowc\u00f3w go\u015bcinnych do wyg\u0142aszania wyk\u0142ad\u00f3w i udzia\u0142u [&hellip;]<\/p>\n","protected":false},"author":2,"featured_media":0,"parent":0,"menu_order":0,"comment_status":"closed","ping_status":"closed","template":"templates\/page-builder-content.php","meta":{"footnotes":""},"class_list":["post-3783","page","type-page","status-publish","hentry"],"_links":{"self":[{"href":"https:\/\/dominiiklased.ee\/pl\/wp-json\/wp\/v2\/pages\/3783","targetHints":{"allow":["GET"]}}],"collection":[{"href":"https:\/\/dominiiklased.ee\/pl\/wp-json\/wp\/v2\/pages"}],"about":[{"href":"https:\/\/dominiiklased.ee\/pl\/wp-json\/wp\/v2\/types\/page"}],"author":[{"embeddable":true,"href":"https:\/\/dominiiklased.ee\/pl\/wp-json\/wp\/v2\/users\/2"}],"replies":[{"embeddable":true,"href":"https:\/\/dominiiklased.ee\/pl\/wp-json\/wp\/v2\/comments?post=3783"}],"version-history":[{"count":5,"href":"https:\/\/dominiiklased.ee\/pl\/wp-json\/wp\/v2\/pages\/3783\/revisions"}],"predecessor-version":[{"id":4946,"href":"https:\/\/dominiiklased.ee\/pl\/wp-json\/wp\/v2\/pages\/3783\/revisions\/4946"}],"wp:attachment":[{"href":"https:\/\/dominiiklased.ee\/pl\/wp-json\/wp\/v2\/media?parent=3783"}],"curies":[{"name":"wp","href":"https:\/\/api.w.org\/{rel}","templated":true}]}}