{"id":3737,"date":"2025-08-30T14:59:36","date_gmt":"2025-08-30T11:59:36","guid":{"rendered":"https:\/\/dominiiklased.ee\/warunki-darowizny\/"},"modified":"2025-09-03T22:00:54","modified_gmt":"2025-09-03T19:00:54","slug":"warunki-darowizny","status":"publish","type":"page","link":"https:\/\/dominiiklased.ee\/pl\/warunki-darowizny\/","title":{"rendered":"Warunki darowizny"},"content":{"rendered":"\t\t<div data-elementor-type=\"wp-page\" data-elementor-id=\"3737\" class=\"elementor elementor-3737 elementor-3287\">\n\t\t\t\t<div class=\"aux-parallax-section elementor-element elementor-element-144828e7 e-con-full e-flex e-con e-parent\" data-id=\"144828e7\" data-element_type=\"container\" data-e-type=\"container\">\n\t\t\t\t<div class=\"elementor-element elementor-element-9c745f7 elementor-widget elementor-widget-aux_modern_heading\" data-id=\"9c745f7\" data-element_type=\"widget\" data-e-type=\"widget\" data-widget_type=\"aux_modern_heading.default\">\n\t\t\t\t<div class=\"elementor-widget-container\">\n\t\t\t\t\t<section class=\"aux-widget-modern-heading\">\n            <div class=\"aux-widget-inner\"><h2 class=\"aux-modern-heading-primary\">Warunki darowizny<\/h2><div class=\"aux-modern-heading-divider\"><\/div><div class=\"aux-modern-heading-description\"><p><strong>Warunki og\u00f3lne<\/strong><\/p><p>Darowizny na rzecz organizacji pozarz\u0105dowej DOMINIKAANI VENDADE ORDU KLOOSTER TALLINNAS MT\u00dc s\u0105 wykorzystywane na pokrycie koszt\u00f3w operacyjnych - utrzymanie budynku itp. wymagaj\u0105 wsparcia finansowego.<br>Mo\u017cesz przekaza\u0107 darowizn\u0119 jednorazowo lub w formie comiesi\u0119cznej darowizny cyklicznej. Oczywi\u015bcie mo\u017cesz r\u00f3wnie\u017c dokona\u0107 darowizny bezpo\u015brednio w swoim banku internetowym lub w oddziale banku, ale dla wygody mo\u017cesz skorzysta\u0107 ze \u015brodowiska darowizn dost\u0119pnego tutaj.<br>Dokonuj\u0105c jednorazowej darowizny w tym \u015brodowisku, zostaniesz przekierowany do formularza bankowo\u015bci internetowej lub p\u0142atno\u015bci kart\u0105 kredytow\u0105 z wst\u0119pnie wype\u0142nionymi danymi wybranej przez Ciebie darowizny, co oszcz\u0119dza Tw\u00f3j czas i zmniejsza ryzyko wyst\u0105pienia b\u0142\u0119d\u00f3w przy wprowadzaniu danych.<br>Walut\u0105 darowizny jest euro. <\/p><p>Mo\u017cna odzyska\u0107 podatek dochodowy od darowizn przekazanych na rzecz organizacji pozarz\u0105dowej DOMINIKAANI VENDADE ORDU KLOOSTER TALLINNAS MT\u00dc.<br>Je\u015bli chcesz otrzyma\u0107 zwrot podatku dochodowego od darowizn przekazanych na rzecz klasztoru DOMINIKAANI VENDADE ORDU KLOOSTER TALLINNAS MT\u00dc, prosimy o powiadomienie nas o tej pro\u015bbie drog\u0105 mailow\u0105 (dominiiklased@gmail.com) najp\u00f3\u017aniej do 1 stycznia nast\u0119pnego roku. <\/p><p>Organizacja pozarz\u0105dowa DOMINIKAANI VENDADE ORDU KLOOSTER TALLINNAS MT\u00dc przeka\u017ce dane dotycz\u0105ce darowizn os\u00f3b chc\u0105cych otrzyma\u0107 zwrot podatku dochodowego do Urz\u0119du Skarbowego najp\u00f3\u017aniej do 1 lutego. <\/p><p>DOMINIKAANI VENDADE ORDU KLOOSTER TALLINNAS MT\u00dc nie zwraca darowizn. Przed dokonaniem darowizny prosimy upewni\u0107 si\u0119, \u017ce kwota i dane darowizny s\u0105 poprawne. Je\u015bli dokonali Pa\u0144stwo darowizny przez pomy\u0142k\u0119 lub pomylili si\u0119 przy wpisywaniu kwoty, prosimy o kontakt pod adresem dominiiklased@gmail.com  <\/p><\/div><\/div>\n        <\/section>\t\t\t\t<\/div>\n\t\t\t\t<\/div>\n\t\t\t\t<\/div>\n\t\t\t\t<\/div>\n\t\t","protected":false},"excerpt":{"rendered":"<p>Warunki darowizny Warunki og\u00f3lne Darowizny na rzecz organizacji pozarz\u0105dowej DOMINIKAANI VENDADE ORDU KLOOSTER TALLINNAS MT\u00dc s\u0105 wykorzystywane na pokrycie koszt\u00f3w operacyjnych &#8211; utrzymanie budynku itp. wymagaj\u0105 wsparcia finansowego.Mo\u017cesz przekaza\u0107 darowizn\u0119 jednorazowo lub w formie comiesi\u0119cznej darowizny cyklicznej. Oczywi\u015bcie mo\u017cesz r\u00f3wnie\u017c dokona\u0107 darowizny bezpo\u015brednio w swoim banku internetowym lub w oddziale banku, ale dla wygody mo\u017cesz [&hellip;]<\/p>\n","protected":false},"author":2,"featured_media":0,"parent":0,"menu_order":0,"comment_status":"closed","ping_status":"open","template":"","meta":{"footnotes":""},"class_list":["post-3737","page","type-page","status-publish","hentry"],"_links":{"self":[{"href":"https:\/\/dominiiklased.ee\/pl\/wp-json\/wp\/v2\/pages\/3737","targetHints":{"allow":["GET"]}}],"collection":[{"href":"https:\/\/dominiiklased.ee\/pl\/wp-json\/wp\/v2\/pages"}],"about":[{"href":"https:\/\/dominiiklased.ee\/pl\/wp-json\/wp\/v2\/types\/page"}],"author":[{"embeddable":true,"href":"https:\/\/dominiiklased.ee\/pl\/wp-json\/wp\/v2\/users\/2"}],"replies":[{"embeddable":true,"href":"https:\/\/dominiiklased.ee\/pl\/wp-json\/wp\/v2\/comments?post=3737"}],"version-history":[{"count":4,"href":"https:\/\/dominiiklased.ee\/pl\/wp-json\/wp\/v2\/pages\/3737\/revisions"}],"predecessor-version":[{"id":4127,"href":"https:\/\/dominiiklased.ee\/pl\/wp-json\/wp\/v2\/pages\/3737\/revisions\/4127"}],"wp:attachment":[{"href":"https:\/\/dominiiklased.ee\/pl\/wp-json\/wp\/v2\/media?parent=3737"}],"curies":[{"name":"wp","href":"https:\/\/api.w.org\/{rel}","templated":true}]}}