{"id":2903,"date":"2025-04-20T21:16:08","date_gmt":"2025-04-20T18:16:08","guid":{"rendered":"https:\/\/dominiiklased.ee\/witaminy-psychiczne\/"},"modified":"2026-03-22T21:00:29","modified_gmt":"2026-03-22T19:00:29","slug":"witaminy-psychiczne","status":"publish","type":"page","link":"https:\/\/dominiiklased.ee\/pl\/witaminy-psychiczne\/","title":{"rendered":"Witaminy dla umys\u0142u"},"content":{"rendered":"\t\t<div data-elementor-type=\"wp-page\" data-elementor-id=\"2903\" class=\"elementor elementor-2903 elementor-2502\">\n\t\t\t\t<div class=\"aux-parallax-section elementor-element elementor-element-46e1247 e-con-full e-flex e-con e-parent\" data-id=\"46e1247\" data-element_type=\"container\" data-e-type=\"container\">\n\t\t<div class=\"elementor-element elementor-element-baae426 e-con-full e-flex e-con e-child\" data-id=\"baae426\" data-element_type=\"container\" data-e-type=\"container\">\n\t\t\t\t<div class=\"elementor-element elementor-element-ab98aaa aux-appear-watch-animation aux-fade-in-up elementor-widget elementor-widget-aux_modern_heading\" data-id=\"ab98aaa\" data-element_type=\"widget\" data-e-type=\"widget\" data-widget_type=\"aux_modern_heading.default\">\n\t\t\t\t<div class=\"elementor-widget-container\">\n\t\t\t\t\t<section class=\"aux-widget-modern-heading\">\n            <div class=\"aux-widget-inner\"><h2 class=\"aux-modern-heading-primary\"><\/h2><h3 class=\"aux-modern-heading-secondary\"><span class=\"aux-head-before\">Witaminy dla umys\u0142u<\/span><\/h3><div class=\"aux-modern-heading-divider\"><\/div><div class=\"aux-modern-heading-description\"><p>W tej sekcji znajdziesz dokumenty, kt\u00f3re dostarczaj\u0105 informacji duchowych.<\/p><p>Mo\u017cna je znale\u017a\u0107 w formacie PDF tutaj:<\/p><\/div><\/div>\n        <\/section>\t\t\t\t<\/div>\n\t\t\t\t<\/div>\n\t\t\t\t<div class=\"elementor-element elementor-element-64c9d76 elementor-widget elementor-widget-text-editor\" data-id=\"64c9d76\" data-element_type=\"widget\" data-e-type=\"widget\" data-widget_type=\"text-editor.default\">\n\t\t\t\t<div class=\"elementor-widget-container\">\n\t\t\t\t\t\t\t\t\t<p><a href=\"https:\/\/dominiiklased.ee\/wp-content\/uploads\/2025\/04\/2021.05.24-Praedicator-Gratiae-EN.pdf\">Pr\u00e6dicator Grati\u00e6: P\u00fcha Isa kiri Jutlustajate Ordu meistrile<\/a><\/p>\t\t\t\t\t\t\t\t<\/div>\n\t\t\t\t<\/div>\n\t\t\t\t<div class=\"elementor-element elementor-element-63d9287 elementor-widget elementor-widget-text-editor\" data-id=\"63d9287\" data-element_type=\"widget\" data-e-type=\"widget\" data-widget_type=\"text-editor.default\">\n\t\t\t\t<div class=\"elementor-widget-container\">\n\t\t\t\t\t\t\t\t\t<p><a href=\"https:\/\/dominiiklased.ee\/wp-content\/uploads\/2025\/04\/2021.05.24-Praedicator-Gratiae-FR.pdf\">Pr\u00e6dicator Grati\u00e6: Lettre du Saint P\u00e8re au Ma\u00eetre de l\u2019Ordre des Pr\u00eacheurs<\/a><\/p>\t\t\t\t\t\t\t\t<\/div>\n\t\t\t\t<\/div>\n\t\t\t\t<div class=\"elementor-element elementor-element-6a494d1 elementor-widget elementor-widget-text-editor\" data-id=\"6a494d1\" data-element_type=\"widget\" data-e-type=\"widget\" data-widget_type=\"text-editor.default\">\n\t\t\t\t<div class=\"elementor-widget-container\">\n\t\t\t\t\t\t\t\t\t<p><a href=\"https:\/\/dominiiklased.ee\/wp-content\/uploads\/2025\/06\/Letter-to-the-Order-on-the-Canonization-of-Pier-Giorgio-Frassati_EN.pdf\">Letter to the Order on the Canonization of Pier Giorgio Frassati_EN<\/a><\/p>\t\t\t\t\t\t\t\t<\/div>\n\t\t\t\t<\/div>\n\t\t\t\t<div class=\"elementor-element elementor-element-097a097 elementor-widget elementor-widget-text-editor\" data-id=\"097a097\" data-element_type=\"widget\" data-e-type=\"widget\" data-widget_type=\"text-editor.default\">\n\t\t\t\t<div class=\"elementor-widget-container\">\n\t\t\t\t\t\t\t\t\t<p><strong>NOWY:  <a href=\"https:\/\/dominiiklased.ee\/wp-content\/uploads\/2026\/01\/Radcliffe-peatukk-I-IK-EE.pdf\">Timothy Radcliffe OP,  <em>Pos\u0142uchajmy razem. Rozwa\u017cania o synodalno\u015bci. <\/em><\/a><\/strong><\/p>\t\t\t\t\t\t\t\t<\/div>\n\t\t\t\t<\/div>\n\t\t\t\t<\/div>\n\t\t<div class=\"elementor-element elementor-element-4b2b34d e-flex e-con-boxed e-con e-child\" data-id=\"4b2b34d\" data-element_type=\"container\" data-e-type=\"container\">\n\t\t\t\t\t<div class=\"e-con-inner\">\n\t\t\t\t<div class=\"elementor-element elementor-element-686d616 elementor-widget elementor-widget-aux_modern_button\" data-id=\"686d616\" data-element_type=\"widget\" data-e-type=\"widget\" data-widget_type=\"aux_modern_button.default\">\n\t\t\t\t<div class=\"elementor-widget-container\">\n\t\t\t\t\t    <div class=\"aux-modern-button-wrapper aux-modern-button-align-left\" >\n                    <a class=\"aux-modern-button aux-white aux-modern-button-md aux-modern-button-normal aux-modern-button-default aux-icon-right\" href=\"https:\/\/dominiiklased.ee\/jutlused\/\">\n                <div class=\"aux-overlay\"><\/div>\n                                    <div class=\"aux-icon \">\n                        <i aria-hidden=\"true\" class=\"fas fa-file-import\"><\/i>                    <\/div>\n                                <div class=\"aux-text\">\n<span class=\"aux-text-before\">Zobacz tak\u017ce KAZANIA<\/span>                <\/div>\n            <\/a>\n            \n    <\/div>\n\n    \t\t\t\t<\/div>\n\t\t\t\t<\/div>\n\t\t\t\t<div class=\"elementor-element elementor-element-dce09e7 elementor-widget elementor-widget-aux_modern_button\" data-id=\"dce09e7\" data-element_type=\"widget\" data-e-type=\"widget\" data-widget_type=\"aux_modern_button.default\">\n\t\t\t\t<div class=\"elementor-widget-container\">\n\t\t\t\t\t    <div class=\"aux-modern-button-wrapper aux-modern-button-align-left\" >\n                    <a class=\"aux-modern-button aux-white aux-modern-button-md aux-modern-button-normal aux-modern-button-default aux-icon-right\" href=\"https:\/\/dominiiklased.ee\/ressursitekstid\/\">\n                <div class=\"aux-overlay\"><\/div>\n                                    <div class=\"aux-icon \">\n                        <i aria-hidden=\"true\" class=\"fas fa-file-import\"><\/i>                    <\/div>\n                                <div class=\"aux-text\">\n<span class=\"aux-text-before\">Zobacz tak\u017ce TEKSTY \u0179R\u00d3D\u0141OWE<\/span>                <\/div>\n            <\/a>\n            \n    <\/div>\n\n    \t\t\t\t<\/div>\n\t\t\t\t<\/div>\n\t\t\t\t<div class=\"elementor-element elementor-element-d27844c elementor-widget-divider--view-line elementor-widget elementor-widget-divider\" data-id=\"d27844c\" data-element_type=\"widget\" data-e-type=\"widget\" data-widget_type=\"divider.default\">\n\t\t\t\t<div class=\"elementor-widget-container\">\n\t\t\t\t\t\t\t<div class=\"elementor-divider\">\n\t\t\t<span class=\"elementor-divider-separator\">\n\t\t\t\t\t\t<\/span>\n\t\t<\/div>\n\t\t\t\t\t\t<\/div>\n\t\t\t\t<\/div>\n\t\t\t\t<div class=\"elementor-element elementor-element-23ac10f elementor-widget elementor-widget-aux_modern_button\" data-id=\"23ac10f\" data-element_type=\"widget\" data-e-type=\"widget\" data-widget_type=\"aux_modern_button.default\">\n\t\t\t\t<div class=\"elementor-widget-container\">\n\t\t\t\t\t    <div class=\"aux-modern-button-wrapper aux-modern-button-align-left\" >\n                    <a class=\"aux-modern-button aux-warning aux-modern-button-md aux-modern-button-normal aux-modern-button-default aux-icon-right\" href=\"https:\/\/dominiiklased.ee\/intervjuu-kardinal-timothy-radcliffe-op\/\">\n                <div class=\"aux-overlay\"><\/div>\n                                    <div class=\"aux-icon \">\n                        <i aria-hidden=\"true\" class=\"far fa-file-video\"><\/i>                    <\/div>\n                                <div class=\"aux-text\">\n<span class=\"aux-text-before\">Wywiad z kardyna\u0142em Timothym Radcliffem OP<\/span>                <\/div>\n            <\/a>\n            \n    <\/div>\n\n    \t\t\t\t<\/div>\n\t\t\t\t<\/div>\n\t\t\t\t<div class=\"elementor-element elementor-element-a5cb9e8 elementor-widget elementor-widget-aux_modern_button\" data-id=\"a5cb9e8\" data-element_type=\"widget\" data-e-type=\"widget\" data-widget_type=\"aux_modern_button.default\">\n\t\t\t\t<div class=\"elementor-widget-container\">\n\t\t\t\t\t    <div class=\"aux-modern-button-wrapper aux-modern-button-align-left\" >\n                    <a class=\"aux-modern-button aux-warning aux-modern-button-md aux-modern-button-normal aux-modern-button-default aux-icon-right\" href=\"https:\/\/dominiiklased.ee\/avalik-lugemine\/\">\n                <div class=\"aux-overlay\"><\/div>\n                                    <div class=\"aux-icon \">\n                        <i aria-hidden=\"true\" class=\"far fa-file-video\"><\/i>                    <\/div>\n                                <div class=\"aux-text\">\n<span class=\"aux-text-before\">Uroczysto\u015b\u0107 upami\u0119tniaj\u0105ca ofiary komunizmu we wrze\u015bniu 2025 r. <\/span>                <\/div>\n            <\/a>\n            \n    <\/div>\n\n    \t\t\t\t<\/div>\n\t\t\t\t<\/div>\n\t\t\t\t\t<\/div>\n\t\t\t\t<\/div>\n\t\t\t\t<\/div>\n\t\t\t\t<\/div>\n\t\t","protected":false},"excerpt":{"rendered":"<p>Witaminy dla umys\u0142u W tej sekcji znajdziesz dokumenty, kt\u00f3re dostarczaj\u0105 informacji duchowych. Mo\u017cna je znale\u017a\u0107 w formacie PDF tutaj: Pr\u00e6dicator Grati\u00e6: P\u00fcha Isa kiri Jutlustajate Ordu meistrile Pr\u00e6dicator Grati\u00e6: Lettre du Saint P\u00e8re au Ma\u00eetre de l\u2019Ordre des Pr\u00eacheurs Letter to the Order on the Canonization of Pier Giorgio Frassati_EN NOWY: Timothy Radcliffe OP, Pos\u0142uchajmy [&hellip;]<\/p>\n","protected":false},"author":1,"featured_media":0,"parent":0,"menu_order":0,"comment_status":"closed","ping_status":"closed","template":"templates\/page-builder-content.php","meta":{"footnotes":""},"class_list":["post-2903","page","type-page","status-publish","hentry"],"_links":{"self":[{"href":"https:\/\/dominiiklased.ee\/pl\/wp-json\/wp\/v2\/pages\/2903","targetHints":{"allow":["GET"]}}],"collection":[{"href":"https:\/\/dominiiklased.ee\/pl\/wp-json\/wp\/v2\/pages"}],"about":[{"href":"https:\/\/dominiiklased.ee\/pl\/wp-json\/wp\/v2\/types\/page"}],"author":[{"embeddable":true,"href":"https:\/\/dominiiklased.ee\/pl\/wp-json\/wp\/v2\/users\/1"}],"replies":[{"embeddable":true,"href":"https:\/\/dominiiklased.ee\/pl\/wp-json\/wp\/v2\/comments?post=2903"}],"version-history":[{"count":8,"href":"https:\/\/dominiiklased.ee\/pl\/wp-json\/wp\/v2\/pages\/2903\/revisions"}],"predecessor-version":[{"id":4954,"href":"https:\/\/dominiiklased.ee\/pl\/wp-json\/wp\/v2\/pages\/2903\/revisions\/4954"}],"wp:attachment":[{"href":"https:\/\/dominiiklased.ee\/pl\/wp-json\/wp\/v2\/media?parent=2903"}],"curies":[{"name":"wp","href":"https:\/\/api.w.org\/{rel}","templated":true}]}}