{"id":1685,"date":"2025-02-28T20:36:47","date_gmt":"2025-02-28T18:36:47","guid":{"rendered":"https:\/\/dominiiklased.ee\/teresa-chikaba\/"},"modified":"2026-03-22T20:39:38","modified_gmt":"2026-03-22T18:39:38","slug":"teresa-chikaba","status":"publish","type":"page","link":"https:\/\/dominiiklased.ee\/pl\/teresa-chikaba\/","title":{"rendered":"Teresa Chikaba"},"content":{"rendered":"\t\t<div data-elementor-type=\"wp-page\" data-elementor-id=\"1685\" class=\"elementor elementor-1685 elementor-650\">\n\t\t\t\t<div class=\"aux-parallax-section elementor-element elementor-element-2284ac6 e-flex e-con-boxed e-con e-parent\" data-id=\"2284ac6\" data-element_type=\"container\" data-e-type=\"container\">\n\t\t\t\t\t<div class=\"e-con-inner\">\n\t\t\t\t<div class=\"elementor-element elementor-element-51ccffe elementor-widget elementor-widget-heading\" data-id=\"51ccffe\" data-element_type=\"widget\" data-e-type=\"widget\" data-widget_type=\"heading.default\">\n\t\t\t\t<div class=\"elementor-widget-container\">\n\t\t\t\t\t<h2 class=\"elementor-heading-title elementor-size-default\">Nasze wzory do na\u015bladowania<\/h2>\t\t\t\t<\/div>\n\t\t\t\t<\/div>\n\t\t\t\t<div class=\"elementor-element elementor-element-0bb9e25 elementor-widget elementor-widget-aux_menu_box\" data-id=\"0bb9e25\" data-element_type=\"widget\" data-e-type=\"widget\" data-widget_type=\"aux_menu_box.default\">\n\t\t\t\t<div class=\"elementor-widget-container\">\n\t\t\t\t\t<div class=\"aux-elementor-header-menu aux-nav-menu-element aux-nav-menu-element-0bb9e25\"><div class=\"aux-burger-box\" data-target-panel=\"toggle-bar\" data-target-content=\".elementor-element-0bb9e25 .aux-master-menu\"><div class=\"aux-burger aux-lite-small\"><span class=\"mid-line\"><\/span><\/div><\/div><!-- start master menu -->\n<nav id=\"master-menu-elementor-0bb9e25\" class=\"menu-dominikaanlased-polski-container\">\n\n\t<ul id=\"menu-dominikaanlased-polski\" class=\"aux-master-menu aux-no-js aux-skin-classic aux-with-indicator aux-with-splitter aux-horizontal\" data-type=\"horizontal\"  data-switch-type=\"toggle\" data-switch-parent=\".elementor-element-0bb9e25 .aux-toggle-menu-bar\" data-switch-width=\"115\"  >\n\t\t<!-- start single menu -->\n\t\t<li id=\"menu-item-1842\" class=\"menu-item menu-item-type-post_type menu-item-object-page menu-item-1842 aux-menu-depth-0 aux-menu-root-1 aux-menu-item\">\n\t\t\t<a href=\"https:\/\/dominiiklased.ee\/pl\/blogoslawiona-agnieszka-de-langeac\/\" class=\"aux-item-content\">\n\t\t\t\t<span class=\"aux-menu-label\">B\u0142ogos\u0142awiona Agnieszka de Langeac<\/span>\n\t\t\t<\/a>\n\t\t<\/li>\n\t\t<!-- end single menu -->\n\t\t<!-- start single menu -->\n\t\t<li id=\"menu-item-1843\" class=\"menu-item menu-item-type-post_type menu-item-object-page menu-item-1843 aux-menu-depth-0 aux-menu-root-2 aux-menu-item\">\n\t\t\t<a href=\"https:\/\/dominiiklased.ee\/pl\/jose-alvarez-fernandez\/\" class=\"aux-item-content\">\n\t\t\t\t<span class=\"aux-menu-label\">Jose Alvarez Fernandez<\/span>\n\t\t\t<\/a>\n\t\t<\/li>\n\t\t<!-- end single menu -->\n\t\t<!-- start single menu -->\n\t\t<li id=\"menu-item-1844\" class=\"menu-item menu-item-type-post_type menu-item-object-page menu-item-1844 aux-menu-depth-0 aux-menu-root-3 aux-menu-item\">\n\t\t\t<a href=\"https:\/\/dominiiklased.ee\/pl\/teresa-chikaba\/\" class=\"aux-item-content\">\n\t\t\t\t<span class=\"aux-menu-label\">Teresa Chikaba<\/span>\n\t\t\t<\/a>\n\t\t<\/li>\n\t\t<!-- end single menu -->\n\t\t<!-- start single menu -->\n\t\t<li id=\"menu-item-1845\" class=\"menu-item menu-item-type-post_type menu-item-object-page menu-item-1845 aux-menu-depth-0 aux-menu-root-4 aux-menu-item\">\n\t\t\t<a href=\"https:\/\/dominiiklased.ee\/pl\/tytus-horten\/\" class=\"aux-item-content\">\n\t\t\t\t<span class=\"aux-menu-label\">Tytus Horten<\/span>\n\t\t\t<\/a>\n\t\t<\/li>\n\t\t<!-- end single menu -->\n\t\t<!-- start single menu -->\n\t\t<li id=\"menu-item-1846\" class=\"menu-item menu-item-type-post_type menu-item-object-page menu-item-1846 aux-menu-depth-0 aux-menu-root-5 aux-menu-item\">\n\t\t\t<a href=\"https:\/\/dominiiklased.ee\/pl\/marie-joseph-lagrange\/\" class=\"aux-item-content\">\n\t\t\t\t<span class=\"aux-menu-label\">Marie Joseph Lagrange<\/span>\n\t\t\t<\/a>\n\t\t<\/li>\n\t\t<!-- end single menu -->\n\t\t<!-- start single menu -->\n\t\t<li id=\"menu-item-1856\" class=\"menu-item menu-item-type-post_type menu-item-object-page menu-item-1856 aux-menu-depth-0 aux-menu-root-6 aux-menu-item\">\n\t\t\t<a href=\"https:\/\/dominiiklased.ee\/pl\/vincent-liem-z-pokoju\/\" class=\"aux-item-content\">\n\t\t\t\t<span class=\"aux-menu-label\">Vincent Liem z Pokoju<\/span>\n\t\t\t<\/a>\n\t\t<\/li>\n\t\t<!-- end single menu -->\n\t\t<!-- start single menu -->\n\t\t<li id=\"menu-item-1857\" class=\"menu-item menu-item-type-post_type menu-item-object-page menu-item-1857 aux-menu-depth-0 aux-menu-root-7 aux-menu-item\">\n\t\t\t<a href=\"https:\/\/dominiiklased.ee\/pl\/juan-macias\/\" class=\"aux-item-content\">\n\t\t\t\t<span class=\"aux-menu-label\">Juan Macias<\/span>\n\t\t\t<\/a>\n\t\t<\/li>\n\t\t<!-- end single menu -->\n\t\t<!-- start single menu -->\n\t\t<li id=\"menu-item-1858\" class=\"menu-item menu-item-type-post_type menu-item-object-page menu-item-1858 aux-menu-depth-0 aux-menu-root-8 aux-menu-item\">\n\t\t\t<a href=\"https:\/\/dominiiklased.ee\/pl\/giorgio-la-pira\/\" class=\"aux-item-content\">\n\t\t\t\t<span class=\"aux-menu-label\">Giorgio La Pira<\/span>\n\t\t\t<\/a>\n\t\t<\/li>\n\t\t<!-- end single menu -->\n\t\t<!-- start single menu -->\n\t\t<li id=\"menu-item-1859\" class=\"menu-item menu-item-type-post_type menu-item-object-page menu-item-1859 aux-menu-depth-0 aux-menu-root-9 aux-menu-item\">\n\t\t\t<a href=\"https:\/\/dominiiklased.ee\/pl\/franciszek-z-vitorii\/\" class=\"aux-item-content\">\n\t\t\t\t<span class=\"aux-menu-label\">Franciszek z Vitorii<\/span>\n\t\t\t<\/a>\n\t\t<\/li>\n\t\t<!-- end single menu -->\n\t<\/ul>\n\n<\/nav>\n<!-- end master menu -->\n<div class=\"aux-toggle-menu-bar\"><\/div><\/div><style>@media only screen and (min-width: 116px) { .elementor-element-0bb9e25 .aux-burger-box { display: none } }<\/style>\t\t\t\t<\/div>\n\t\t\t\t<\/div>\n\t\t\t\t\t<\/div>\n\t\t\t\t<\/div>\n\t\t<div class=\"aux-parallax-section elementor-element elementor-element-c41fd24 e-flex e-con-boxed e-con e-parent\" data-id=\"c41fd24\" data-element_type=\"container\" data-e-type=\"container\">\n\t\t\t\t\t<div class=\"e-con-inner\">\n\t\t<div class=\"elementor-element elementor-element-f8c7192 e-con-full e-flex e-con e-child\" data-id=\"f8c7192\" data-element_type=\"container\" data-e-type=\"container\">\n\t\t\t\t<div class=\"elementor-element elementor-element-c99461e aux-appear-watch-animation aux-fade-in-up elementor-widget elementor-widget-aux_modern_heading\" data-id=\"c99461e\" data-element_type=\"widget\" data-e-type=\"widget\" data-widget_type=\"aux_modern_heading.default\">\n\t\t\t\t<div class=\"elementor-widget-container\">\n\t\t\t\t\t<section class=\"aux-widget-modern-heading\">\n            <div class=\"aux-widget-inner\"><h2 class=\"aux-modern-heading-primary\">Teresa Chikaba<\/h2><h3 class=\"aux-modern-heading-secondary\"><span class=\"aux-head-before\">\u00b0 Ghana oko\u0142o 1676 \u2013 \u2020 6 grudnia 1748 <\/span><\/h3><div class=\"aux-modern-heading-divider\"><\/div><div class=\"aux-modern-heading-description\"><p>To, co wiemy o Chikabie, pochodzi g\u0142\u00f3wnie z jego biografii, napisanej po jego \u015bmierci oko\u0142o 1752 roku. <\/p><p>Chikaba urodzi\u0142a si\u0119 w rodzinie ksi\u0105\u017c\u0119cej w regionie obejmuj\u0105cym dzisiejsz\u0105 Ghan\u0119, Togo, Benin i zachodni\u0105 Nigeri\u0119. Jako ma\u0142a dziewczynka zosta\u0142a porwana przez portugalskich handlarzy niewolnik\u00f3w, kt\u00f3rzy ochrzcili j\u0105 imieniem Teresa. Nast\u0119pnie zosta\u0142a sprzedana w niewol\u0119 i trafi\u0142a do Hiszpanii, gdzie ksi\u0119\u017cna Arcos j\u0105 kupi\u0142a i przyj\u0119\u0142a do swojego domu. S\u0142u\u017c\u0105c u ksi\u0119\u017cnej, Teresa by\u0142a pod g\u0142\u0119bokim wra\u017ceniem pobo\u017cno\u015bci swojej pani i zacz\u0119\u0142a j\u0105 na\u015bladowa\u0107 w \u017cyciu zakonnym. Jednocze\u015bnie otrzyma\u0142a mo\u017cliwo\u015b\u0107 zdobycia wiedzy i umiej\u0119tno\u015bci niezb\u0119dnych do wst\u0105pienia do klasztoru.    <\/p><p>W 1703 roku, po \u015bmierci swojej pani, Teresa zosta\u0142a uwolniona z niewoli. Pani poradzi\u0142a rodzinie, aby zapewni\u0142a Teresie niezb\u0119dny posag, aby mog\u0142a wst\u0105pi\u0107 do klasztoru. Po kilku odmowach zosta\u0142a ostatecznie przyj\u0119ta do wsp\u00f3lnoty si\u00f3str pokutnic Trzeciego Zakonu Dominikanek \u015bw. Marii Magdaleny w Salamance. Tam zyska\u0142a szacunek wsp\u00f3\u0142si\u00f3str za g\u0142\u0119bok\u0105 pobo\u017cno\u015b\u0107, hojno\u015b\u0107 wobec ubogich i dar uzdrawiania. Jej proces beatyfikacyjny jest obecnie prowadzony przez Zakon Kaznodziejski.    <\/p><\/div><\/div>\n        <\/section>\t\t\t\t<\/div>\n\t\t\t\t<\/div>\n\t\t\t\t<\/div>\n\t\t<div class=\"elementor-element elementor-element-9a4430c aux-appear-watch-animation aux-scale-down e-con-full e-flex e-con e-child\" data-id=\"9a4430c\" data-element_type=\"container\" data-e-type=\"container\">\n\t\t\t\t<div class=\"elementor-element elementor-element-46c0b7d elementor-widget elementor-widget-aux_image\" data-id=\"46c0b7d\" data-element_type=\"widget\" data-e-type=\"widget\" data-widget_type=\"aux_image.default\">\n\t\t\t\t<div class=\"elementor-widget-container\">\n\t\t\t\t\t<section class=\"widget-container aux-widget-image aux-alignnone aux-parent-au55e92e8a\">\n    <div class=\"aux-media-hint-frame \">\n        <div class=\"aux-media-image \" >\n        \n            \n\n            \n            <img fetchpriority=\"high\" decoding=\"async\" width=\"284\" height=\"413\" src=\"data:image\/gif;base64,R0lGODlhAQABAIAAAAAAAP\/\/\/yH5BAEAAAAALAAAAAABAAEAAAIBRAA7\" class=\"aux-attachment aux-featured-image aux-attachment-id-545 aux-preload aux-blank\" alt=\"Teresa_Juliana_Tshikaba\" data-ratio=\"0.69\" data-original-w=\"284\" data-src=\"https:\/\/dominiiklased.ee\/wp-content\/uploads\/2025\/02\/Teresa_Juliana_Tshikaba.jpg\" \/>            \n                <\/div>\n    <\/div>\n\n<\/section><!-- widget-container -->\t\t\t\t<\/div>\n\t\t\t\t<\/div>\n\t\t\t\t<\/div>\n\t\t\t\t\t<\/div>\n\t\t\t\t<\/div>\n\t\t\t\t<\/div>\n\t\t","protected":false},"excerpt":{"rendered":"<p>Nasze wzory do na\u015bladowania Agn\u00e8s de Langeac Jos\u00e9 \u00c1lavrez Fern\u00e0ndez Teresa Chikaba Titus Horten Marie Joseph Lagrange Vincent Liem of Peace Juan Macias Giorgio La Pira Franciscus de Vitoria Samuel Mazzuchelli Teresa Chikaba \u00b0 Ghana oko\u0142o 1676 \u2013 \u2020 6 grudnia 1748 To, co wiemy o Chikabie, pochodzi g\u0142\u00f3wnie z jego biografii, napisanej po jego [&hellip;]<\/p>\n","protected":false},"author":1,"featured_media":0,"parent":0,"menu_order":0,"comment_status":"closed","ping_status":"closed","template":"templates\/page-builder-content.php","meta":{"footnotes":""},"class_list":["post-1685","page","type-page","status-publish","hentry"],"_links":{"self":[{"href":"https:\/\/dominiiklased.ee\/pl\/wp-json\/wp\/v2\/pages\/1685","targetHints":{"allow":["GET"]}}],"collection":[{"href":"https:\/\/dominiiklased.ee\/pl\/wp-json\/wp\/v2\/pages"}],"about":[{"href":"https:\/\/dominiiklased.ee\/pl\/wp-json\/wp\/v2\/types\/page"}],"author":[{"embeddable":true,"href":"https:\/\/dominiiklased.ee\/pl\/wp-json\/wp\/v2\/users\/1"}],"replies":[{"embeddable":true,"href":"https:\/\/dominiiklased.ee\/pl\/wp-json\/wp\/v2\/comments?post=1685"}],"version-history":[{"count":9,"href":"https:\/\/dominiiklased.ee\/pl\/wp-json\/wp\/v2\/pages\/1685\/revisions"}],"predecessor-version":[{"id":4940,"href":"https:\/\/dominiiklased.ee\/pl\/wp-json\/wp\/v2\/pages\/1685\/revisions\/4940"}],"wp:attachment":[{"href":"https:\/\/dominiiklased.ee\/pl\/wp-json\/wp\/v2\/media?parent=1685"}],"curies":[{"name":"wp","href":"https:\/\/api.w.org\/{rel}","templated":true}]}}