{"id":1664,"date":"2025-02-07T08:34:28","date_gmt":"2025-02-07T06:34:28","guid":{"rendered":"https:\/\/dominiiklased.ee\/polityka-prywatnosci\/"},"modified":"2025-08-31T12:26:32","modified_gmt":"2025-08-31T09:26:32","slug":"polityka-prywatnosci","status":"publish","type":"page","link":"https:\/\/dominiiklased.ee\/pl\/polityka-prywatnosci\/","title":{"rendered":"Polityka prywatno\u015bci"},"content":{"rendered":"\t\t<div data-elementor-type=\"wp-page\" data-elementor-id=\"1664\" class=\"elementor elementor-1664 elementor-3\">\n\t\t\t\t<div class=\"aux-parallax-section elementor-element elementor-element-144828e7 e-con-full e-flex e-con e-parent\" data-id=\"144828e7\" data-element_type=\"container\" data-e-type=\"container\">\n\t\t\t\t<div class=\"elementor-element elementor-element-1b519875 elementor-widget elementor-widget-text-editor\" data-id=\"1b519875\" data-element_type=\"widget\" data-e-type=\"widget\" data-widget_type=\"text-editor.default\">\n\t\t\t\t<div class=\"elementor-widget-container\">\n\t\t\t\t\t\t\t\t\t<p>W niniejszej polityce prywatno\u015bci chcieliby\u015bmy wyja\u015bni\u0107, jakie dane zbieramy, w jaki spos\u00f3b je wykorzystujemy oraz jakie masz prawa w zakresie ochrony swoich danych. Polityka ta dotyczy wy\u0142\u0105cznie naszej witryny internetowej i jej odwiedzaj\u0105cych i nie ma zastosowania do danych zbieranych innymi kana\u0142ami. <\/p>\t\t\t\t\t\t\t\t<\/div>\n\t\t\t\t<\/div>\n\t\t\t\t<div class=\"elementor-element elementor-element-1303255 elementor-widget elementor-widget-aux_modern_heading\" data-id=\"1303255\" data-element_type=\"widget\" data-e-type=\"widget\" data-widget_type=\"aux_modern_heading.default\">\n\t\t\t\t<div class=\"elementor-widget-container\">\n\t\t\t\t\t<section class=\"aux-widget-modern-heading\">\n            <div class=\"aux-widget-inner\"><h2 class=\"aux-modern-heading-primary\"><\/h2><h3 class=\"aux-modern-heading-secondary\"><span class=\"aux-head-before\">Polityka prywatno\u015bci<\/span><\/h3><div class=\"aux-modern-heading-divider\"><\/div><div class=\"aux-modern-heading-description\"><p>Twoja prywatno\u015b\u0107 jest wa\u017cna dla KLASZTORU BRACI DOMINIKA\u0143SKICH W TALLINIE MT\u00dc. Przestrzegamy wszystkich obowi\u0105zuj\u0105cych przepis\u00f3w prawa dotycz\u0105cych danych osobowych, kt\u00f3re mo\u017cemy o Tobie zbiera\u0107, gdy odwiedzasz nasz\u0105 stron\u0119 internetow\u0105 <u>dominijklased.ee<\/u> . Korzystaj\u0105c z naszej strony internetowej, wyra\u017casz zgod\u0119 na zbieranie i wykorzystywanie przez nas Twoich danych zgodnie z niniejsz\u0105 Polityk\u0105 prywatno\u015bci. <\/p><p>W niniejszej polityce prywatno\u015bci chcieliby\u015bmy wyja\u015bni\u0107, jakie dane zbieramy, w jaki spos\u00f3b je wykorzystujemy oraz jakie masz prawa w zakresie ochrony swoich danych. Polityka ta dotyczy wy\u0142\u0105cznie naszej witryny internetowej i jej odwiedzaj\u0105cych i nie ma zastosowania do danych zbieranych innymi kana\u0142ami. <\/p><p><strong>Podmiotem przetwarzaj\u0105cym Twoje dane jest organizacja pozarz\u0105dowa: ZAKON DOMINIKAN\u00d3W PRZYJACI\u00d3\u0141 KLASZTOR W TALLINIE e-mail: dominiiklased@gmail.com<\/strong><\/p><p>Gromadzimy i przetwarzamy dane zgodnie z og\u00f3lnym rozporz\u0105dzeniem o ochronie danych (RODO) Unii Europejskiej, kt\u00f3re wesz\u0142o w \u017cycie 25.05.2018 r.<\/p><p><strong>Gromadzenie i wykorzystywanie danych<\/strong><\/p><p><strong>Jakie dane zbieramy?<\/strong><\/p><p>Gromadzone przez nas informacje obejmuj\u0105 dane, kt\u00f3re \u015bwiadomie i aktywnie nam przekazujesz podczas korzystania z naszych us\u0142ug lub promocji lub uczestniczenia w nich, a tak\u017ce wszystkie informacje wysy\u0142ane przez Twoje urz\u0105dzenie podczas uzyskiwania dost\u0119pu do naszych produkt\u00f3w i us\u0142ug.<\/p><p>Gromadzone przez nas dane obejmuj\u0105 informacje, kt\u00f3rymi \u015bwiadomie si\u0119 z nami podzieli\u0142e\u015b korzystaj\u0105c z naszych us\u0142ug lub kampanii, a tak\u017ce informacje automatycznie przesy\u0142ane do nas z Twojego urz\u0105dzenia.<\/p><p>Twoje dane osobowe mog\u0105 do nas dotrze\u0107 w nast\u0119puj\u0105cy spos\u00f3b:<\/p><ul><li>gdy kontaktujesz si\u0119 z nami telefonicznie, e-mailem lub za po\u015brednictwem czatu online<\/li><li>gdy przegl\u0105dasz stron\u0119 <u>dominijklased.ee<\/u><\/li><li>gdy komentujesz, lubisz lub udost\u0119pniasz post na naszym koncie w mediach spo\u0142eczno\u015bciowych<\/li><li>gdy zapiszesz si\u0119 do naszego newslettera<\/li><li>gdy komentujesz posty na naszej stronie internetowej<\/li><\/ul><p><strong>Rodzaje zbieranych danych<\/strong><\/p><p><strong>Dane osobowe<\/strong><\/p><p>Prosimy Ci\u0119 o podanie danych osobowych wy\u0142\u0105cznie wtedy, gdy jest to konieczne do \u015bwiadczenia Ci us\u0142ugi. Kontaktuj\u0105c si\u0119 z nami lub odwiedzaj\u0105c nasz\u0105 stron\u0119 internetow\u0105, mo\u017cesz udost\u0119pni\u0107 nam nast\u0119puj\u0105ce informacje: <\/p><ul><li>Imi\u0119 i nazwisko<\/li><li>Adres e-mail<\/li><li>Numer telefonu<\/li><li>Instytucja<\/li><\/ul><p><strong>Pliki dziennika<\/strong><\/p><p>Nasza strona internetowa <u>dominijklased.ee<\/u> przechowuje pliki dziennika dotycz\u0105ce odwiedzaj\u0105cych j\u0105 os\u00f3b. Zebrane informacje mog\u0105 obejmowa\u0107: <\/p><ul><li>Rodzaj u\u017cytego urz\u0105dzenia<\/li><li>Adres protoko\u0142u internetowego (IP)<\/li><li>typ przegl\u0105darki<\/li><li>Dostawca us\u0142ug internetowych (ISP)<\/li><li>Data i godzina odwiedzin strony internetowej<\/li><li>Liczba klikni\u0119\u0107 na stronie wej\u015bcia i wyj\u015bcia ze strony internetowej<\/li><\/ul><p>Informacje zawarte w plikach dziennika s\u0142u\u017c\u0105 do analizowania trend\u00f3w, administrowania witryn\u0105, \u015bledzenia aktywno\u015bci u\u017cytkownik\u00f3w witryny i gromadzenia danych demograficznych. Otrzymane informacje nie maj\u0105 na celu identyfikacji \u017cadnej osoby ani nie umo\u017cliwiaj\u0105 takiej identyfikacji. <\/p><p><strong>Ciastka<\/strong><\/p><p>Jak wi\u0119kszo\u015b\u0107 stron internetowych, <u>dominikaanid.ee<\/u> r\u00f3wnie\u017c u\u017cywa plik\u00f3w \u201ecookies\u201d. Plik cookie to w zasadzie plik tekstowy, kt\u00f3ry jest zapisywany na urz\u0105dzeniu u\u017cytkownika w momencie odwiedzenia strony internetowej. Pliki cookie s\u0105 u\u017cywane do okre\u015blania i zapisywania preferencji, ustawie\u0144 regionalnych, opcji korzystania z us\u0142ug itp.  <\/p><p>Je\u015bli sobie tego \u017cyczysz, mo\u017cesz wy\u0142\u0105czy\u0107 obs\u0142ug\u0119 plik\u00f3w cookie w ustawieniach swojej przegl\u0105darki, lecz w takim przypadku \u015bwiadczone dla Ciebie us\u0142ugi mog\u0105 zosta\u0107 zak\u0142\u00f3cone.<\/p><p>Pliki cookie dziel\u0105 si\u0119 na trwa\u0142e i sesyjne. Trwa\u0142e pliki cookie pozostaj\u0105 na Twoim komputerze osobistym lub urz\u0105dzeniu mobilnym nawet po zamkni\u0119ciu przegl\u0105darki lub komputera. Pliki cookie sesji s\u0105 jednak usuwane natychmiast po zamkni\u0119ciu przegl\u0105darki.  <\/p><p>Pliki cookie dzielimy ze wzgl\u0119du na ich cel:<\/p><p><strong>Niezb\u0119dne pliki cookie.<\/strong>  Pliki cookie sesji, kt\u00f3rych celem jest umo\u017cliwienie Ci korzystania z us\u0142ug oferowanych na naszej stronie internetowej. Te pliki cookie pomagaj\u0105 uwierzytelnia\u0107 u\u017cytkownik\u00f3w i zapobiegaj\u0105 z\u0142o\u015bliwemu wykorzystaniu ich kont. Bez tych plik\u00f3w cookie nie mogliby\u015bmy \u015bwiadczy\u0107 Ci us\u0142ug, o kt\u00f3re prosi\u0142e\u015b.  <\/p><p><strong>Pliki cookie powiadomie\u0144.<\/strong>  Te pliki cookie wykrywaj\u0105, czy u\u017cytkownicy zaakceptowali u\u017cywanie plik\u00f3w cookie na stronie internetowej.<\/p><p><strong>Pliki cookie funkcjonalne.<\/strong>  Pliki cookie umo\u017cliwiaj\u0105 przegl\u0105darce zapami\u0119tywanie wybor\u00f3w dokonywanych przez u\u017cytkownika podczas korzystania ze strony internetowej, np. zapisywanie danych logowania lub preferencji j\u0119zykowych. Celem tych plik\u00f3w cookie jest zapewnienie Ci bardziej spersonalizowanych us\u0142ug i unikni\u0119cie konieczno\u015bci ponownego wprowadzania preferencji. <\/p><p><strong>Jak wykorzystujemy dane<\/strong><\/p><p>Zebrane informacje mo\u017cemy wykorzystywa\u0107 w r\u00f3\u017cnych celach, w tym:<\/p><ul><li>Aby utrzyma\u0107, administrowa\u0107, rozwija\u0107, personalizowa\u0107 i rozszerza\u0107 nasz\u0105 witryn\u0119 internetow\u0105<\/li><li>Aby zbiera\u0107 statystyki, dzi\u0119ki kt\u00f3rym mo\u017cemy \u015bwiadczy\u0107 lepsze us\u0142ugi i\/lub oferty oraz zrozumie\u0107 i analizowa\u0107 zachowania os\u00f3b odwiedzaj\u0105cych nasz\u0105 stron\u0119 internetow\u0105<\/li><li>Aby Ci\u0119 zidentyfikowa\u0107 przez telefon, wiadomo\u015b\u0107 tekstow\u0105 lub e-mail<\/li><li>Wysy\u0142aj\u0105c Ci informacje i prosz\u0105c o opini\u0119 na temat naszych us\u0142ug<\/li><li>Aby zapobiega\u0107 oszustwom i chroni\u0107 nasz\u0105 witryn\u0119 internetow\u0105<\/li><li>Aby\u015bmy mogli nawi\u0105za\u0107 z Tob\u0105 kontakt za po\u015brednictwem konta w mediach spo\u0142eczno\u015bciowych<\/li><li>Aby umo\u017cliwi\u0107 odczyt historii konwersacji w celu przyspieszenia udzielania odpowiednich porad<\/li><li>W celu poprawy jako\u015bci naszych us\u0142ug i zapewnienia bardziej wydajnych rozwi\u0105za\u0144 przegl\u0105dania<\/li><li>Aby rozwija\u0107 nowe produkty, us\u0142ugi lub udoskonala\u0107 ich funkcjonalno\u015b\u0107<\/li><li>Aby upro\u015bci\u0107 i przyspieszy\u0107 interakcje mi\u0119dzy nami, gdy si\u0119 z nami kontaktujesz<\/li><li>Do innych cel\u00f3w. Na przyk\u0142ad, aby analizowa\u0107 dane, bada\u0107 trendy i ocenia\u0107 skuteczno\u015b\u0107 naszych kampanii reklamowych. <\/li><\/ul><p><strong>W jakich przypadkach istnieje mo\u017cliwo\u015b\u0107 udost\u0119pnienia Twoich danych?<\/strong><\/p><ul><li>Mo\u017cemy udost\u0119pnia\u0107 lub przekazywa\u0107 Twoje dane osobowe w zwi\u0105zku ze zmian\u0105 w\u0142a\u015bciciela, fuzj\u0105, sprzeda\u017c\u0105 aktyw\u00f3w, finansowaniem lub przej\u0119ciem naszej firmy. Poinformujemy Ci\u0119 o przekazaniu Twoich danych osobowych oraz o tym, kiedy zaczn\u0105 mie\u0107 do nich zastosowanie postanowienia innej polityki prywatno\u015bci. <\/li><li>Mo\u017cemy udost\u0119pnia\u0107 Twoje dane naszym partnerom biznesowym, \u017c\u0105daj\u0105c od nich przestrzegania niniejszej polityki prywatno\u015bci. Do sp\u00f3\u0142ek powi\u0105zanych zaliczaj\u0105 si\u0119 nasze sp\u00f3\u0142ki macierzyste, sp\u00f3\u0142ki zale\u017cne, sp\u00f3\u0142ki partnerskie joint venture lub sp\u00f3\u0142ki, kt\u00f3re s\u0105 nasz\u0105 w\u0142asno\u015bci\u0105. <\/li><li>Mo\u017cemy udost\u0119pnia\u0107 Twoje dane naszym partnerom biznesowym w celu dostarczania Ci okre\u015blonych produkt\u00f3w, us\u0142ug lub promocji.<\/li><li>Mo\u017cemy ujawnia\u0107 Twoje dane osobowe w dowolnym innym celu, za Twoj\u0105 zgod\u0105.<\/li><li>Jeste\u015bmy zobowi\u0105zani do ujawnienia Twoich danych osobowych, je\u017celi wymaga tego prawo. W dobrej wierze mo\u017cemy r\u00f3wnie\u017c ujawni\u0107 Twoje dane w celu wype\u0142nienia obowi\u0105zku prawnego, ochrony naszych praw lub w\u0142asno\u015bci, zapobiegania lub wykrywania mo\u017cliwych narusze\u0144 prawa zwi\u0105zanych z korzystaniem z naszych us\u0142ug oraz zapewnienia bezpiecze\u0144stwa u\u017cytkownikom us\u0142ug. <\/li><\/ul><p><strong>Przechowywanie Twoich danych osobowych<\/strong><\/p><p>Sp\u00f3\u0142ka b\u0119dzie przechowywa\u0107 Twoje dane osobowe wy\u0142\u0105cznie tak d\u0142ugo, jak b\u0119dzie to konieczne do cel\u00f3w okre\u015blonych w niniejszej Polityce Prywatno\u015bci. Przechowujemy i wykorzystujemy Twoje dane osobowe w zakresie niezb\u0119dnym do wype\u0142nienia naszych zobowi\u0105za\u0144 prawnych (na przyk\u0142ad, je\u015bli musimy przechowywa\u0107 Twoje dane, aby przestrzega\u0107 obowi\u0105zuj\u0105cych przepis\u00f3w prawa), rozstrzygania spor\u00f3w i egzekwowania naszych um\u00f3w prawnych i zasad. <\/p><p>Sp\u00f3\u0142ka przechowuje r\u00f3wnie\u017c pliki dziennika w celach analitycznych. Pliki dziennika s\u0105 zazwyczaj przechowywane przez kr\u00f3tszy okres, chyba \u017ce dane te s\u0105 wykorzystywane w celu zwi\u0119kszenia bezpiecze\u0144stwa lub poprawy funkcjonalno\u015bci naszych us\u0142ug lub jeste\u015bmy zobowi\u0105zani przepisami prawa do przechowywania tych danych przez d\u0142u\u017cszy okres. <\/p><p><strong>Przetwarzanie danych osobowych dzieci<\/strong><\/p><p>\u017baden z naszych produkt\u00f3w ani us\u0142ug nie jest skierowany do dzieci poni\u017cej 13. roku \u017cycia i \u015bwiadomie nie zbieramy danych od dzieci poni\u017cej 13. roku \u017cycia. Je\u015bli podejrzewamy, \u017ce przetwarzamy dane osoby poni\u017cej 13. roku \u017cycia, usuniemy dane tej osoby ze wszystkich naszych baz danych. <\/p><p><strong>Twoje prawa do ochrony danych<\/strong><\/p><p>Masz zawsze prawo nie udost\u0119pnia\u0107 nam swoich danych, wiedz\u0105c, \u017ce mo\u017ce to mie\u0107 wp\u0142yw na Twoje korzystanie z naszej witryny internetowej. Je\u017celi nie zdecydujesz si\u0119 na udost\u0119pnienie nam swoich danych, nie b\u0119dziemy Ci\u0119 z tego powodu traktowa\u0107 gorzej. Je\u017celi przekazujesz nam swoje dane osobowe, rozumiesz, \u017ce b\u0119dziemy je zbiera\u0107, przechowywa\u0107, wykorzystywa\u0107 i ujawnia\u0107 zgodnie z niniejsz\u0105 Polityk\u0105 prywatno\u015bci. Masz prawo za\u017c\u0105da\u0107 szczeg\u00f3\u0142owych informacji na temat danych zebranych na Tw\u00f3j temat.   <\/p><p>Gdy otrzymujemy od os\u00f3b trzecich Twoje dane osobowe, chronimy je zgodnie z niniejsz\u0105 polityk\u0105 prywatno\u015bci oraz prawem Republiki Esto\u0144skiej. Je\u015bli sam udost\u0119pniasz dane osobom trzecim, potwierdzasz, \u017ce masz do tego prawo i zgod\u0119. <\/p><p>Nawet je\u015bli wcze\u015bniej wyrazi\u0142e\u015b zgod\u0119 na udost\u0119pnianie Twoich danych osobowych w celach marketingowych, masz prawo zmieni\u0107 zdanie w dowolnym momencie. Masz zawsze prawo zrezygnowa\u0107 z komunikowania si\u0119 z nami i za\u017c\u0105da\u0107 usuni\u0119cia Twoich danych z naszych baz danych. Od czasu do czasu mo\u017cemy r\u00f3wnie\u017c poprosi\u0107 o podanie informacji o Tobie w celu potwierdzenia Twojej to\u017csamo\u015bci. Je\u017celi uwa\u017casz, \u017ce dane, kt\u00f3re zebrali\u015bmy na Tw\u00f3j temat, s\u0105 niedok\u0142adne, nieaktualne, niekompletne, nieistotne lub wprowadzaj\u0105ce w b\u0142\u0105d, skontaktuj si\u0119 z nami za po\u015brednictwem poczty elektronicznej: aivar@eventmedia.ee. Do\u0142o\u017cymy wszelkich stara\u0144, aby poprawi\u0107 niedok\u0142adne, niekompletne, wprowadzaj\u0105ce w b\u0142\u0105d lub nieaktualne informacje.    <\/p><p>Je\u015bli uwa\u017casz, \u017ce naruszyli\u015bmy obowi\u0105zuj\u0105ce przepisy o ochronie danych i chcesz z\u0142o\u017cy\u0107 skarg\u0119, skontaktuj si\u0119 z nami, korzystaj\u0105c z danych kontaktowych podanych w tym dokumencie, podaj\u0105c szczeg\u00f3\u0142owe informacje o naruszeniu. Niezw\u0142ocznie rozpatrzymy Twoj\u0105 skarg\u0119 i odpowiemy Ci na pi\u015bmie, podaj\u0105c wyniki dochodzenia oraz opisuj\u0105c kroki, kt\u00f3re podejmiemy w celu rozpatrzenia Twojej skargi. Masz r\u00f3wnie\u017c prawo skontaktowa\u0107 si\u0119 z organem regulacyjnym lub organem ochrony danych.  <\/p><p><strong>Prawa dotycz\u0105ce ochrony danych osobowych zgodnie z RODO<\/strong><\/p><p>Chcemy mie\u0107 pewno\u015b\u0107, \u017ce znasz wszystkie swoje prawa zwi\u0105zane z ochron\u0105 danych. Ka\u017cdemu u\u017cytkownikowi strony przys\u0142uguj\u0105 nast\u0119puj\u0105ce warunki: <\/p><ul><li>Prawo dost\u0119pu \u2013 masz prawo za\u017c\u0105da\u0107 kopii swoich danych osobowych.<\/li><li>Prawo do poprawiania danych \u2013 masz prawo za\u017c\u0105da\u0107 od nas poprawienia danych, kt\u00f3re Twoim zdaniem s\u0105 nieprawid\u0142owe. Masz r\u00f3wnie\u017c prawo za\u017c\u0105da\u0107 od nas uzupe\u0142nienia danych, kt\u00f3re uwa\u017casz za niekompletne. <\/li><li>Prawo do usuni\u0119cia \u2013 w okre\u015blonych okoliczno\u015bciach masz prawo za\u017c\u0105da\u0107 usuni\u0119cia swoich danych osobowych.<\/li><li>Prawo do ograniczenia przetwarzania danych - w okre\u015blonych okoliczno\u015bciach masz prawo za\u017c\u0105da\u0107 ograniczenia wykorzystania Twoich danych osobowych.<\/li><li>Prawo do sprzeciwu wobec wykorzystania danych osobowych - w okre\u015blonych okoliczno\u015bciach masz prawo sprzeciwi\u0107 si\u0119 wykorzystaniu Twoich danych osobowych.<\/li><li>Prawo do przenoszenia danych \u2013 w okre\u015blonych okoliczno\u015bciach masz prawo za\u017c\u0105da\u0107, aby\u015bmy przekazali zebrane przez nas dane osobie trzeciej lub bezpo\u015brednio Tobie.<\/li><\/ul><p><strong> <\/strong><\/p><p><strong>Bezpiecze\u0144stwo Twoich danych<\/strong><\/p><p>Bezpiecze\u0144stwo Twoich danych osobowych jest dla nas wa\u017cne, pami\u0119taj jednak, \u017ce \u017cadna metoda wymiany informacji przez Internet ani elektronicznego przechowywania danych nie jest w 100% bezpieczna. Cho\u0107 dok\u0142adamy wszelkich stara\u0144, aby chroni\u0107 Twoje dane, nie mo\u017cemy zagwarantowa\u0107 ich ca\u0142kowitego bezpiecze\u0144stwa. <\/p><p>DOMINIKAANI VENDADE ORDU KLOOSTER TALLINNAS MT\u00dc podejmie wszelkie niezb\u0119dne \u015brodki, aby zapewni\u0107, \u017ce Twoje dane b\u0119d\u0105 przetwarzane bezpiecznie i zgodnie z niniejsz\u0105 polityk\u0105 prywatno\u015bci oraz prawem Republiki Esto\u0144skiej. Twoje dane nie zostan\u0105 przekazane \u017cadnej organizacji ani pa\u0144stwu, chyba \u017ce b\u0119dzie istnia\u0142 ku temu wa\u017cny pow\u00f3d, a bezpiecze\u0144stwo Twoich danych zostanie zagwarantowane. <\/p><p><strong>Odnosz\u0105c si\u0119 do innych stron internetowych<\/strong><\/p><p>Na naszej stronie internetowej mog\u0105 Pa\u0144stwo znale\u017a\u0107 linki do innych stron internetowych, kt\u00f3re nie s\u0105 nasz\u0105 w\u0142asno\u015bci\u0105. Je\u015bli klikniesz na link strony trzeciej, zostaniesz przekierowany do witryny tej strony trzeciej. Zdecydowanie zalecamy zapoznanie si\u0119 z polityk\u0105 prywatno\u015bci ka\u017cdej odwiedzanej witryny.  <\/p><p>Nie mamy kontroli nad witrynami os\u00f3b trzecich i nie ponosimy odpowiedzialno\u015bci za ich zawarto\u015b\u0107, polityk\u0119 prywatno\u015bci, oferowane us\u0142ugi ani nic innego.<\/p><p><strong>Aktualizacje Polityki Prywatno\u015bci<\/strong><\/p><p>W razie konieczno\u015bci mamy prawo dokona\u0107 zmian w niniejszym dokumencie polityki prywatno\u015bci. Po aktualizacji Polityki Prywatno\u015bci zmienimy dat\u0119 aktualizacji dokumentu, kt\u00f3ra b\u0119dzie podana na dole dokumentu. Je\u017celi po aktualizacji naszej polityki prywatno\u015bci nadal b\u0119dziesz odwiedza\u0107 nasz\u0105 witryn\u0119 i korzysta\u0107 z niej, b\u0119dziemy to traktowa\u0107 jako Twoj\u0105 milcz\u0105c\u0105 zgod\u0119 na zmiany.  <\/p><p>Ostatnia modyfikacja 17.04.2025<\/p><\/div><\/div>\n        <\/section>\t\t\t\t<\/div>\n\t\t\t\t<\/div>\n\t\t\t\t<\/div>\n\t\t\t\t<\/div>\n\t\t","protected":false},"excerpt":{"rendered":"<p>W niniejszej polityce prywatno\u015bci chcieliby\u015bmy wyja\u015bni\u0107, jakie dane zbieramy, w jaki spos\u00f3b je wykorzystujemy oraz jakie masz prawa w zakresie ochrony swoich danych. Polityka ta dotyczy wy\u0142\u0105cznie naszej witryny internetowej i jej odwiedzaj\u0105cych i nie ma zastosowania do danych zbieranych innymi kana\u0142ami. Polityka prywatno\u015bci Twoja prywatno\u015b\u0107 jest wa\u017cna dla KLASZTORU BRACI DOMINIKA\u0143SKICH W TALLINIE MT\u00dc. [&hellip;]<\/p>\n","protected":false},"author":1,"featured_media":0,"parent":0,"menu_order":0,"comment_status":"closed","ping_status":"open","template":"","meta":{"footnotes":""},"class_list":["post-1664","page","type-page","status-publish","hentry"],"_links":{"self":[{"href":"https:\/\/dominiiklased.ee\/pl\/wp-json\/wp\/v2\/pages\/1664","targetHints":{"allow":["GET"]}}],"collection":[{"href":"https:\/\/dominiiklased.ee\/pl\/wp-json\/wp\/v2\/pages"}],"about":[{"href":"https:\/\/dominiiklased.ee\/pl\/wp-json\/wp\/v2\/types\/page"}],"author":[{"embeddable":true,"href":"https:\/\/dominiiklased.ee\/pl\/wp-json\/wp\/v2\/users\/1"}],"replies":[{"embeddable":true,"href":"https:\/\/dominiiklased.ee\/pl\/wp-json\/wp\/v2\/comments?post=1664"}],"version-history":[{"count":3,"href":"https:\/\/dominiiklased.ee\/pl\/wp-json\/wp\/v2\/pages\/1664\/revisions"}],"predecessor-version":[{"id":3763,"href":"https:\/\/dominiiklased.ee\/pl\/wp-json\/wp\/v2\/pages\/1664\/revisions\/3763"}],"wp:attachment":[{"href":"https:\/\/dominiiklased.ee\/pl\/wp-json\/wp\/v2\/media?parent=1664"}],"curies":[{"name":"wp","href":"https:\/\/api.w.org\/{rel}","templated":true}]}}