{"id":1640,"date":"2025-02-28T20:40:14","date_gmt":"2025-02-28T18:40:14","guid":{"rendered":"https:\/\/dominiiklased.ee\/marie-joseph-lagrange\/"},"modified":"2026-03-22T20:45:42","modified_gmt":"2026-03-22T18:45:42","slug":"marie-joseph-lagrange","status":"publish","type":"page","link":"https:\/\/dominiiklased.ee\/pl\/marie-joseph-lagrange\/","title":{"rendered":"Marie Joseph Lagrange"},"content":{"rendered":"\t\t<div data-elementor-type=\"wp-page\" data-elementor-id=\"1640\" class=\"elementor elementor-1640 elementor-664\">\n\t\t\t\t<div class=\"aux-parallax-section elementor-element elementor-element-2284ac6 e-flex e-con-boxed e-con e-parent\" data-id=\"2284ac6\" data-element_type=\"container\" data-e-type=\"container\">\n\t\t\t\t\t<div class=\"e-con-inner\">\n\t\t\t\t<div class=\"elementor-element elementor-element-51ccffe elementor-widget elementor-widget-heading\" data-id=\"51ccffe\" data-element_type=\"widget\" data-e-type=\"widget\" data-widget_type=\"heading.default\">\n\t\t\t\t<div class=\"elementor-widget-container\">\n\t\t\t\t\t<h2 class=\"elementor-heading-title elementor-size-default\">Nasze wzory do na\u015bladowania<\/h2>\t\t\t\t<\/div>\n\t\t\t\t<\/div>\n\t\t\t\t<div class=\"elementor-element elementor-element-0bb9e25 elementor-widget elementor-widget-aux_menu_box\" data-id=\"0bb9e25\" data-element_type=\"widget\" data-e-type=\"widget\" data-widget_type=\"aux_menu_box.default\">\n\t\t\t\t<div class=\"elementor-widget-container\">\n\t\t\t\t\t<div class=\"aux-elementor-header-menu aux-nav-menu-element aux-nav-menu-element-0bb9e25\"><div class=\"aux-burger-box\" data-target-panel=\"toggle-bar\" data-target-content=\".elementor-element-0bb9e25 .aux-master-menu\"><div class=\"aux-burger aux-lite-small\"><span class=\"mid-line\"><\/span><\/div><\/div><!-- start master menu -->\n<nav id=\"master-menu-elementor-0bb9e25\" class=\"menu-dominikaanlased-polski-container\">\n\n\t<ul id=\"menu-dominikaanlased-polski\" class=\"aux-master-menu aux-no-js aux-skin-classic aux-with-indicator aux-with-splitter aux-horizontal\" data-type=\"horizontal\"  data-switch-type=\"toggle\" data-switch-parent=\".elementor-element-0bb9e25 .aux-toggle-menu-bar\" data-switch-width=\"115\"  >\n\t\t<!-- start single menu -->\n\t\t<li id=\"menu-item-1842\" class=\"menu-item menu-item-type-post_type menu-item-object-page menu-item-1842 aux-menu-depth-0 aux-menu-root-1 aux-menu-item\">\n\t\t\t<a href=\"https:\/\/dominiiklased.ee\/pl\/blogoslawiona-agnieszka-de-langeac\/\" class=\"aux-item-content\">\n\t\t\t\t<span class=\"aux-menu-label\">B\u0142ogos\u0142awiona Agnieszka de Langeac<\/span>\n\t\t\t<\/a>\n\t\t<\/li>\n\t\t<!-- end single menu -->\n\t\t<!-- start single menu -->\n\t\t<li id=\"menu-item-1843\" class=\"menu-item menu-item-type-post_type menu-item-object-page menu-item-1843 aux-menu-depth-0 aux-menu-root-2 aux-menu-item\">\n\t\t\t<a href=\"https:\/\/dominiiklased.ee\/pl\/jose-alvarez-fernandez\/\" class=\"aux-item-content\">\n\t\t\t\t<span class=\"aux-menu-label\">Jose Alvarez Fernandez<\/span>\n\t\t\t<\/a>\n\t\t<\/li>\n\t\t<!-- end single menu -->\n\t\t<!-- start single menu -->\n\t\t<li id=\"menu-item-1844\" class=\"menu-item menu-item-type-post_type menu-item-object-page menu-item-1844 aux-menu-depth-0 aux-menu-root-3 aux-menu-item\">\n\t\t\t<a href=\"https:\/\/dominiiklased.ee\/pl\/teresa-chikaba\/\" class=\"aux-item-content\">\n\t\t\t\t<span class=\"aux-menu-label\">Teresa Chikaba<\/span>\n\t\t\t<\/a>\n\t\t<\/li>\n\t\t<!-- end single menu -->\n\t\t<!-- start single menu -->\n\t\t<li id=\"menu-item-1845\" class=\"menu-item menu-item-type-post_type menu-item-object-page menu-item-1845 aux-menu-depth-0 aux-menu-root-4 aux-menu-item\">\n\t\t\t<a href=\"https:\/\/dominiiklased.ee\/pl\/tytus-horten\/\" class=\"aux-item-content\">\n\t\t\t\t<span class=\"aux-menu-label\">Tytus Horten<\/span>\n\t\t\t<\/a>\n\t\t<\/li>\n\t\t<!-- end single menu -->\n\t\t<!-- start single menu -->\n\t\t<li id=\"menu-item-1846\" class=\"menu-item menu-item-type-post_type menu-item-object-page menu-item-1846 aux-menu-depth-0 aux-menu-root-5 aux-menu-item\">\n\t\t\t<a href=\"https:\/\/dominiiklased.ee\/pl\/marie-joseph-lagrange\/\" class=\"aux-item-content\">\n\t\t\t\t<span class=\"aux-menu-label\">Marie Joseph Lagrange<\/span>\n\t\t\t<\/a>\n\t\t<\/li>\n\t\t<!-- end single menu -->\n\t\t<!-- start single menu -->\n\t\t<li id=\"menu-item-1856\" class=\"menu-item menu-item-type-post_type menu-item-object-page menu-item-1856 aux-menu-depth-0 aux-menu-root-6 aux-menu-item\">\n\t\t\t<a href=\"https:\/\/dominiiklased.ee\/pl\/vincent-liem-z-pokoju\/\" class=\"aux-item-content\">\n\t\t\t\t<span class=\"aux-menu-label\">Vincent Liem z Pokoju<\/span>\n\t\t\t<\/a>\n\t\t<\/li>\n\t\t<!-- end single menu -->\n\t\t<!-- start single menu -->\n\t\t<li id=\"menu-item-1857\" class=\"menu-item menu-item-type-post_type menu-item-object-page menu-item-1857 aux-menu-depth-0 aux-menu-root-7 aux-menu-item\">\n\t\t\t<a href=\"https:\/\/dominiiklased.ee\/pl\/juan-macias\/\" class=\"aux-item-content\">\n\t\t\t\t<span class=\"aux-menu-label\">Juan Macias<\/span>\n\t\t\t<\/a>\n\t\t<\/li>\n\t\t<!-- end single menu -->\n\t\t<!-- start single menu -->\n\t\t<li id=\"menu-item-1858\" class=\"menu-item menu-item-type-post_type menu-item-object-page menu-item-1858 aux-menu-depth-0 aux-menu-root-8 aux-menu-item\">\n\t\t\t<a href=\"https:\/\/dominiiklased.ee\/pl\/giorgio-la-pira\/\" class=\"aux-item-content\">\n\t\t\t\t<span class=\"aux-menu-label\">Giorgio La Pira<\/span>\n\t\t\t<\/a>\n\t\t<\/li>\n\t\t<!-- end single menu -->\n\t\t<!-- start single menu -->\n\t\t<li id=\"menu-item-1859\" class=\"menu-item menu-item-type-post_type menu-item-object-page menu-item-1859 aux-menu-depth-0 aux-menu-root-9 aux-menu-item\">\n\t\t\t<a href=\"https:\/\/dominiiklased.ee\/pl\/franciszek-z-vitorii\/\" class=\"aux-item-content\">\n\t\t\t\t<span class=\"aux-menu-label\">Franciszek z Vitorii<\/span>\n\t\t\t<\/a>\n\t\t<\/li>\n\t\t<!-- end single menu -->\n\t<\/ul>\n\n<\/nav>\n<!-- end master menu -->\n<div class=\"aux-toggle-menu-bar\"><\/div><\/div><style>@media only screen and (min-width: 116px) { .elementor-element-0bb9e25 .aux-burger-box { display: none } }<\/style>\t\t\t\t<\/div>\n\t\t\t\t<\/div>\n\t\t\t\t\t<\/div>\n\t\t\t\t<\/div>\n\t\t<div class=\"aux-parallax-section elementor-element elementor-element-c41fd24 e-flex e-con-boxed e-con e-parent\" data-id=\"c41fd24\" data-element_type=\"container\" data-e-type=\"container\">\n\t\t\t\t\t<div class=\"e-con-inner\">\n\t\t<div class=\"elementor-element elementor-element-f8c7192 e-con-full e-flex e-con e-child\" data-id=\"f8c7192\" data-element_type=\"container\" data-e-type=\"container\">\n\t\t\t\t<div class=\"elementor-element elementor-element-c99461e aux-appear-watch-animation aux-fade-in-up elementor-widget elementor-widget-aux_modern_heading\" data-id=\"c99461e\" data-element_type=\"widget\" data-e-type=\"widget\" data-widget_type=\"aux_modern_heading.default\">\n\t\t\t\t<div class=\"elementor-widget-container\">\n\t\t\t\t\t<section class=\"aux-widget-modern-heading\">\n            <div class=\"aux-widget-inner\"><h2 class=\"aux-modern-heading-primary\">Marie Joseph Lagrange<\/h2><h3 class=\"aux-modern-heading-secondary\"><span class=\"aux-head-before\">\u00b0 Bourg-en-Bresse 1855 \u2013 \u2020 Saint-Maximin, 1938<\/span><\/h3><div class=\"aux-modern-heading-divider\"><\/div><div class=\"aux-modern-heading-description\"><p>Albert Lagrange pocz\u0105tkowo studiowa\u0142 prawo, ale w 1878 roku wst\u0105pi\u0142 do seminarium, gdzie z wielkim oddaniem po\u015bwi\u0119ci\u0142 si\u0119 studiowaniu Biblii i archeologii.<br> Rok p\u00f3\u017aniej wst\u0105pi\u0142 do Zakonu Kaznodziejskiego, przyjmuj\u0105c imi\u0119 <em>Maria J\u00f3zefa<\/em> . Po \u015bwi\u0119ceniach kap\u0142a\u0144skich w 1883 roku kontynuowa\u0142 studia w Wiedniu, gdzie zdoby\u0142 gruntown\u0105 znajomo\u015b\u0107 staro\u017cytnego j\u0119zyka hebrajskiego.    1890. W 1811 roku przyby\u0142 do Jerozolimy, aby za\u0142o\u017cy\u0107 Szko\u0142\u0119 Studi\u00f3w Biblijnych, instytucj\u0119, kt\u00f3ra sta\u0142a si\u0119 wa\u017cnym o\u015brodkiem bada\u0144 biblijnych. Lagrange opracowa\u0142 <strong>metod\u0119<\/strong> krytycznej egzegezy, pr\u00f3buj\u0105c po\u0142\u0105czy\u0107 badania naukowe z badaniami religijnymi. Jego nowatorskie podej\u015bcie spotka\u0142o si\u0119 jednak ze sprzeciwem i zosta\u0142o oficjalnie pot\u0119pione przez papie\u017ca w 1920 roku. Lagrange pozosta\u0142 jednak wierny Zakonowi i Ko\u015bcio\u0142owi, po\u015bwi\u0119caj\u0105c si\u0119 modlitwie i badaniom.<br> Dopiero w 1943 roku doceniono warto\u015b\u0107 jego metody, kt\u00f3ra sta\u0142a si\u0119 podstaw\u0105 wsp\u00f3\u0142czesnej biblistyki.     <\/p><p>Po napisaniu licznych studi\u00f3w i komentarzy do Ewangelii, ze wzgl\u0119d\u00f3w zdrowotnych powr\u00f3ci\u0142 do Francji, gdzie zmar\u0142 w Saint-Maximin w 1938 roku. Wiadomo, \u017ce w godzinie \u015bmierci nuci\u0142 pie\u015b\u0144: \u201eJerozolimo, moja Jerozolimo\u2026\u201d.<br> Proces beatyfikacyjny jest nadal w toku.  <\/p><p>Bibliografia: Bernard Montagnes, Marie-Joseph Lagrange. Biografia snu. Pary\u017c Cerf 2005; Marie-Joseph Lagrange, Journal Spirituel, \u00c9ditions du Cerf, Pary\u017c 2014.  <\/p><\/div><\/div>\n        <\/section>\t\t\t\t<\/div>\n\t\t\t\t<\/div>\n\t\t\t\t<\/div>\n\t\t<div class=\"elementor-element elementor-element-9a4430c aux-appear-watch-animation aux-scale-down e-con-full e-flex e-con e-child\" data-id=\"9a4430c\" data-element_type=\"container\" data-e-type=\"container\">\n\t\t\t\t<div class=\"elementor-element elementor-element-46c0b7d elementor-widget elementor-widget-aux_image\" data-id=\"46c0b7d\" data-element_type=\"widget\" data-e-type=\"widget\" data-widget_type=\"aux_image.default\">\n\t\t\t\t<div class=\"elementor-widget-container\">\n\t\t\t\t\t<section class=\"widget-container aux-widget-image aux-alignnone aux-parent-au62200161\">\n    <div class=\"aux-media-hint-frame \">\n        <div class=\"aux-media-image \" >\n        \n            \n\n            \n            <img fetchpriority=\"high\" decoding=\"async\" width=\"800\" height=\"1032\" src=\"data:image\/gif;base64,R0lGODlhAQABAIAAAAAAAP\/\/\/yH5BAEAAAAALAAAAAABAAEAAAIBRAA7\" class=\"aux-attachment aux-featured-image aux-attachment-id-551 aux-preload aux-blank\" alt=\"P\u00e8re_Marie-Joseph_Lagrange_en_1895\" data-ratio=\"0.78\" data-original-w=\"800\" data-src=\"https:\/\/dominiiklased.ee\/wp-content\/uploads\/2025\/02\/Pere_Marie-Joseph_Lagrange_en_1895.jpg\" \/>            \n                <\/div>\n    <\/div>\n\n<\/section><!-- widget-container -->\t\t\t\t<\/div>\n\t\t\t\t<\/div>\n\t\t\t\t<\/div>\n\t\t\t\t\t<\/div>\n\t\t\t\t<\/div>\n\t\t\t\t<\/div>\n\t\t","protected":false},"excerpt":{"rendered":"<p>Nasze wzory do na\u015bladowania Agn\u00e8s de Langeac Jos\u00e9 \u00c1lavrez Fern\u00e0ndez Teresa Chikaba Titus Horten Marie Joseph Lagrange Vincent Liem of Peace Juan Macias Giorgio La Pira Franciscus de Vitoria Samuel Mazzuchelli Marie Joseph Lagrange \u00b0 Bourg-en-Bresse 1855 \u2013 \u2020 Saint-Maximin, 1938 Albert Lagrange pocz\u0105tkowo studiowa\u0142 prawo, ale w 1878 roku wst\u0105pi\u0142 do seminarium, gdzie z [&hellip;]<\/p>\n","protected":false},"author":1,"featured_media":0,"parent":0,"menu_order":0,"comment_status":"closed","ping_status":"closed","template":"templates\/page-builder-content.php","meta":{"footnotes":""},"class_list":["post-1640","page","type-page","status-publish","hentry"],"_links":{"self":[{"href":"https:\/\/dominiiklased.ee\/pl\/wp-json\/wp\/v2\/pages\/1640","targetHints":{"allow":["GET"]}}],"collection":[{"href":"https:\/\/dominiiklased.ee\/pl\/wp-json\/wp\/v2\/pages"}],"about":[{"href":"https:\/\/dominiiklased.ee\/pl\/wp-json\/wp\/v2\/types\/page"}],"author":[{"embeddable":true,"href":"https:\/\/dominiiklased.ee\/pl\/wp-json\/wp\/v2\/users\/1"}],"replies":[{"embeddable":true,"href":"https:\/\/dominiiklased.ee\/pl\/wp-json\/wp\/v2\/comments?post=1640"}],"version-history":[{"count":9,"href":"https:\/\/dominiiklased.ee\/pl\/wp-json\/wp\/v2\/pages\/1640\/revisions"}],"predecessor-version":[{"id":4959,"href":"https:\/\/dominiiklased.ee\/pl\/wp-json\/wp\/v2\/pages\/1640\/revisions\/4959"}],"wp:attachment":[{"href":"https:\/\/dominiiklased.ee\/pl\/wp-json\/wp\/v2\/media?parent=1640"}],"curies":[{"name":"wp","href":"https:\/\/api.w.org\/{rel}","templated":true}]}}