{"id":1612,"date":"2025-02-14T12:33:46","date_gmt":"2025-02-14T10:33:46","guid":{"rendered":"https:\/\/dominiiklased.ee\/kim-jestesmy\/"},"modified":"2025-08-30T19:29:28","modified_gmt":"2025-08-30T16:29:28","slug":"kim-jestesmy","status":"publish","type":"page","link":"https:\/\/dominiiklased.ee\/pl\/kim-jestesmy\/","title":{"rendered":"Kim jeste\u015bmy"},"content":{"rendered":"\t\t<div data-elementor-type=\"wp-page\" data-elementor-id=\"1612\" class=\"elementor elementor-1612 elementor-314\">\n\t\t\t\t<div class=\"aux-parallax-section elementor-element elementor-element-46e1247 e-flex e-con-boxed e-con e-parent\" data-id=\"46e1247\" data-element_type=\"container\" data-e-type=\"container\">\n\t\t\t\t\t<div class=\"e-con-inner\">\n\t\t<div class=\"elementor-element elementor-element-baae426 e-con-full e-flex e-con e-child\" data-id=\"baae426\" data-element_type=\"container\" data-e-type=\"container\">\n\t\t\t\t<div class=\"elementor-element elementor-element-ab98aaa aux-appear-watch-animation aux-fade-in-up elementor-widget elementor-widget-aux_modern_heading\" data-id=\"ab98aaa\" data-element_type=\"widget\" data-e-type=\"widget\" data-widget_type=\"aux_modern_heading.default\">\n\t\t\t\t<div class=\"elementor-widget-container\">\n\t\t\t\t\t<section class=\"aux-widget-modern-heading\">\n            <div class=\"aux-widget-inner\"><h2 class=\"aux-modern-heading-primary\">O NASZEJ DZIA\u0141ALNO\u015aCI<\/h2><h3 class=\"aux-modern-heading-secondary\"><span class=\"aux-head-before\">Kim s\u0105 Dominikanie?<\/span><\/h3><div class=\"aux-modern-heading-divider\"><\/div><div class=\"aux-modern-heading-description\"><p class=\"Standard\" style=\"text-align: justify\">Na to pytanie nie da si\u0119 odpowiedzie\u0107 w jednym czy dw\u00f3ch zdaniach, poniewa\u017c Zakon Kaznodziejski tworz\u0105 bardzo r\u00f3\u017cni ludzie: starzy i m\u0142odzi, wy\u015bwi\u0119ceni i niewy\u015bwi\u0119ceni, samotni i \u017conaci, kobiety i m\u0119\u017cczy\u017ani o r\u00f3\u017cnym wykszta\u0142ceniu, a tak\u017ce o r\u00f3\u017cnych zwyczajach religijnych. Kluczowym s\u0142owem w zrozumieniu duchowo\u015bci dominika\u0144skiej jest r\u00f3\u017cnorodno\u015b\u0107. <\/p><p class=\"Standard\" style=\"text-align: justify\">Ale od ponad 800 lat \u0142\u0105czy nas to, \u017ce pod\u0105\u017camy \u015bladami \u015bw. Dominika. Oznacza to, \u017ce jeste\u015bmy chrze\u015bcijanami, kt\u00f3rzy zobowi\u0105zali si\u0119 do przestrzegania praw i regu\u0142 Zakonu Dominika\u0144skiego. Ta obietnica wymaga pewnego rytmu i zaanga\u017cowania w \u017cyciu. Kierujemy nasze \u017cycie ku Bogu i robimy wszystko, co w naszej mocy, aby g\u0142osi\u0107 ewangeli\u0119, czyli dobr\u0105 nowin\u0119 o Jezusie Chrystusie, na r\u00f3\u017cne sposoby. Wsp\u00f3lnie ponosimy odpowiedzialno\u015b\u0107 za to, \u201eaby ratowa\u0107 ludzi\u201d. Taki by\u0142 r\u00f3wnie\u017c cel, jaki przy\u015bwieca\u0142 \u015bw. Dominikowi przy zak\u0142adaniu Zakonu Kaznodziejskiego.     <\/p><p class=\"Standard\" style=\"text-align: justify\">Zakon Dominika\u0144ski, nazywany tak\u017ce Zakonem Kaznodziejskim, dzia\u0142a w wielu krajach. Obecnie zakon liczy oko\u0142o 5200 braci, 2500 si\u00f3str zakonnych, 130 000 os\u00f3b \u015bwieckich i 25 000 si\u00f3str apostolskich. <\/p><p class=\"Standard\" style=\"text-align: justify\">Dominikanie przybyli do Estonii w 1229 roku. w roku. Historia naszego kraju jest pe\u0142na wzlot\u00f3w i upadk\u00f3w, podobnie jak historia ca\u0142ego kraju.<\/p><\/div><\/div>\n        <\/section>\t\t\t\t<\/div>\n\t\t\t\t<\/div>\n\t\t\t\t<\/div>\n\t\t<div class=\"elementor-element elementor-element-3704b04 aux-appear-watch-animation aux-scale-down e-con-full e-flex e-con e-child\" data-id=\"3704b04\" data-element_type=\"container\" data-e-type=\"container\">\n\t\t\t\t<div class=\"elementor-element elementor-element-8db1082 elementor-widget elementor-widget-aux_image\" data-id=\"8db1082\" data-element_type=\"widget\" data-e-type=\"widget\" data-widget_type=\"aux_image.default\">\n\t\t\t\t<div class=\"elementor-widget-container\">\n\t\t\t\t\t<section class=\"widget-container aux-widget-image aux-alignnone aux-parent-aue3dbcc55\">\n    <div class=\"aux-media-hint-frame \">\n        <div class=\"aux-media-image \" >\n        \n            \n\n            \n            <img fetchpriority=\"high\" decoding=\"async\" width=\"2560\" height=\"1696\" src=\"data:image\/gif;base64,R0lGODlhAQABAIAAAAAAAP\/\/\/yH5BAEAAAAALAAAAAABAAEAAAIBRAA7\" class=\"aux-attachment aux-featured-image aux-attachment-id-109 aux-preload aux-blank\" alt=\"kabel_\" data-ratio=\"1.51\" data-original-w=\"2560\" data-src=\"https:\/\/dominiiklased.ee\/wp-content\/uploads\/2025\/02\/kabel_-scaled.jpg\" \/>            \n                <\/div>\n    <\/div>\n\n<\/section><!-- widget-container -->\t\t\t\t<\/div>\n\t\t\t\t<\/div>\n\t\t\t\t<\/div>\n\t\t\t\t\t<\/div>\n\t\t\t\t<\/div>\n\t\t\t\t<\/div>\n\t\t","protected":false},"excerpt":{"rendered":"<p>O NASZEJ DZIA\u0141ALNO\u015aCI Kim s\u0105 Dominikanie? Na to pytanie nie da si\u0119 odpowiedzie\u0107 w jednym czy dw\u00f3ch zdaniach, poniewa\u017c Zakon Kaznodziejski tworz\u0105 bardzo r\u00f3\u017cni ludzie: starzy i m\u0142odzi, wy\u015bwi\u0119ceni i niewy\u015bwi\u0119ceni, samotni i \u017conaci, kobiety i m\u0119\u017cczy\u017ani o r\u00f3\u017cnym wykszta\u0142ceniu, a tak\u017ce o r\u00f3\u017cnych zwyczajach religijnych. Kluczowym s\u0142owem w zrozumieniu duchowo\u015bci dominika\u0144skiej jest r\u00f3\u017cnorodno\u015b\u0107. Ale [&hellip;]<\/p>\n","protected":false},"author":1,"featured_media":0,"parent":0,"menu_order":0,"comment_status":"closed","ping_status":"closed","template":"templates\/page-builder-content.php","meta":{"footnotes":""},"class_list":["post-1612","page","type-page","status-publish","hentry"],"_links":{"self":[{"href":"https:\/\/dominiiklased.ee\/pl\/wp-json\/wp\/v2\/pages\/1612","targetHints":{"allow":["GET"]}}],"collection":[{"href":"https:\/\/dominiiklased.ee\/pl\/wp-json\/wp\/v2\/pages"}],"about":[{"href":"https:\/\/dominiiklased.ee\/pl\/wp-json\/wp\/v2\/types\/page"}],"author":[{"embeddable":true,"href":"https:\/\/dominiiklased.ee\/pl\/wp-json\/wp\/v2\/users\/1"}],"replies":[{"embeddable":true,"href":"https:\/\/dominiiklased.ee\/pl\/wp-json\/wp\/v2\/comments?post=1612"}],"version-history":[{"count":6,"href":"https:\/\/dominiiklased.ee\/pl\/wp-json\/wp\/v2\/pages\/1612\/revisions"}],"predecessor-version":[{"id":3378,"href":"https:\/\/dominiiklased.ee\/pl\/wp-json\/wp\/v2\/pages\/1612\/revisions\/3378"}],"wp:attachment":[{"href":"https:\/\/dominiiklased.ee\/pl\/wp-json\/wp\/v2\/media?parent=1612"}],"curies":[{"name":"wp","href":"https:\/\/api.w.org\/{rel}","templated":true}]}}