{"id":1526,"date":"2025-03-02T21:08:10","date_gmt":"2025-03-02T19:08:10","guid":{"rendered":"https:\/\/dominiiklased.ee\/dominikanie-na-swiecie\/"},"modified":"2026-03-22T20:54:11","modified_gmt":"2026-03-22T18:54:11","slug":"dominikanie-na-swiecie","status":"publish","type":"page","link":"https:\/\/dominiiklased.ee\/pl\/dominikanie-na-swiecie\/","title":{"rendered":"Dominikanie na \u015bwiecie"},"content":{"rendered":"\t\t<div data-elementor-type=\"wp-page\" data-elementor-id=\"1526\" class=\"elementor elementor-1526 elementor-961\">\n\t\t\t\t<div class=\"aux-parallax-section elementor-element elementor-element-46e1247 e-flex e-con-boxed e-con e-parent\" data-id=\"46e1247\" data-element_type=\"container\" data-e-type=\"container\">\n\t\t\t\t\t<div class=\"e-con-inner\">\n\t\t<div class=\"elementor-element elementor-element-baae426 e-con-full e-flex e-con e-child\" data-id=\"baae426\" data-element_type=\"container\" data-e-type=\"container\">\n\t\t\t\t<div class=\"elementor-element elementor-element-ab98aaa aux-appear-watch-animation aux-fade-in-up elementor-widget elementor-widget-aux_modern_heading\" data-id=\"ab98aaa\" data-element_type=\"widget\" data-e-type=\"widget\" data-widget_type=\"aux_modern_heading.default\">\n\t\t\t\t<div class=\"elementor-widget-container\">\n\t\t\t\t\t<section class=\"aux-widget-modern-heading\">\n            <div class=\"aux-widget-inner\"><h2 class=\"aux-modern-heading-primary\">O NASZEJ DZIA\u0141ALNO\u015aCI<\/h2><h3 class=\"aux-modern-heading-secondary\"><span class=\"aux-head-before\">Dominikanie na \u015bwiecie<\/span><\/h3><div class=\"aux-modern-heading-divider\"><\/div><div class=\"aux-modern-heading-description\"><p><span style=\"font-weight: 400\">Zakon Kaznodziejski, czyli Dominikanie, podzielony jest na prowincje i ich wikariaty, zlokalizowane w wi\u0119kszo\u015bci kraj\u00f3w \u015bwiata. Prowincja francuska odpowiada za reprezentacj\u0119 dominikan\u00f3w w Estonii, na \u0141otwie (Lipawa), Litwie (Wilno), w Skandynawii (Oslo i Lund) oraz Finlandii (Helsinki).   <\/span><a href=\"https:\/\/studium.fi\/\"><span style=\"font-weight: 400\">https:\/\/studium.fi<\/span><\/a> <span style=\"font-weight: 400\">).<\/span><\/p><p><span style=\"font-weight: 400\">Wi\u0119cej informacji o Dominikanach na ca\u0142ym \u015bwiecie znajdziesz na nast\u0119puj\u0105cych stronach internetowych:<\/span><span style=\"font-weight: 400\"><br><\/span> <span style=\"font-weight: 400\">Mistrz Zakonu i Kuria Generalna Zakonu Kaznodziejskiego: www.op.org<\/span><span style=\"font-weight: 400\"><br><\/span> <span style=\"font-weight: 400\">Prowincja francuska: www.dominicains.fr<\/span><span style=\"font-weight: 400\"><br><\/span> <span style=\"font-weight: 400\">Prowincja belgijska:<\/span> <a href=\"https:\/\/www.dominicanen.org\/fr\"><span style=\"font-weight: 400\">https:\/\/www.dominicanen.org\/fr<\/span><span style=\"font-weight: 400\"><br><\/span><\/a> <span style=\"font-weight: 400\">Wojew\u00f3dztwo polskie: www.dominikanie.pl<\/span><\/p><p><span style=\"font-weight: 400\">Informacje o zakonnicach dominika\u0144skich na \u015bwiecie:<\/span> <a href=\"https:\/\/www.monialesop.org\/\"><span style=\"font-weight: 400\">https:\/\/www.monialesop.org<\/span><\/a><span style=\"font-weight: 400\">. Najbli\u017cszy klasztor dominika\u0144ski w Estonii znajduje si\u0119 w Wilnie. Wi\u0119cej informacji o klasztorach dominika\u0144skich we Francji:   <\/span><a href=\"https:\/\/dominicaines.org\/ndp\/\"><span style=\"font-weight: 400\">https:\/\/dominicaines.org\/ndp\/<\/span><\/a> <span style=\"font-weight: 400\">.<\/span><\/p><p><span style=\"font-weight: 400\">Wi\u0119cej informacji o dominikanach \u015bwieckich i ich bractwach mo\u017cna znale\u017a\u0107 na stronie<\/span> <a href=\"https:\/\/laici.op.org\/\"><span style=\"font-weight: 400\">https:\/\/laici.op.org<\/span><\/a> <span style=\"font-weight: 400\">.<\/span><\/p><p><span style=\"font-weight: 400\">Informacje o Si\u00f3str Dominikanek Apostolskich na \u015bwiecie mo\u017cna znale\u017a\u0107 tutaj:<\/span> <a href=\"https:\/\/dsiop.org\/\"><span style=\"font-weight: 400\">https:\/\/dsiop.org<\/span><\/a> <span style=\"font-weight: 400\">.<\/span><\/p><\/div><\/div>\n        <\/section>\t\t\t\t<\/div>\n\t\t\t\t<\/div>\n\t\t\t\t<\/div>\n\t\t<div class=\"elementor-element elementor-element-3704b04 aux-appear-watch-animation aux-scale-down e-con-full e-flex e-con e-child\" data-id=\"3704b04\" data-element_type=\"container\" data-e-type=\"container\">\n\t\t\t\t<div class=\"elementor-element elementor-element-8db1082 elementor-widget elementor-widget-aux_image\" data-id=\"8db1082\" data-element_type=\"widget\" data-e-type=\"widget\" data-widget_type=\"aux_image.default\">\n\t\t\t\t<div class=\"elementor-widget-container\">\n\t\t\t\t\t<section class=\"widget-container aux-widget-image aux-alignnone aux-parent-au7bc9212d\">\n    <div class=\"aux-media-hint-frame \">\n        <div class=\"aux-media-image aux-hover-active\" >\n                    <a class=\"\" href=\"https:\/\/www.google.com\/maps\/d\/viewer?mid=1vqKuuAHgKelJv-myl9OeoDACotbMP2dc&#038;femb=1&#038;ll=20.282604320290368%2C35.25552336099179&#038;z=2\" data-elementor-open-lightbox=\"no\" data-original-width=\"1024\" data-original-height=\"682\" data-caption=\"kaart\" target=\"_self\"  >\n        \n            \n\n            \n            <img fetchpriority=\"high\" decoding=\"async\" width=\"1024\" height=\"682\" src=\"data:image\/gif;base64,R0lGODlhAQABAIAAAAAAAP\/\/\/yH5BAEAAAAALAAAAAABAAEAAAIBRAA7\" class=\"aux-attachment aux-featured-image aux-attachment-id-964 aux-preload aux-blank\" alt=\"kaart\" data-ratio=\"1.5\" data-original-w=\"1024\" data-src=\"https:\/\/dominiiklased.ee\/wp-content\/uploads\/2025\/03\/kaart.png\" \/>            \n                    <\/a>\n                <\/div>\n    <\/div>\n\n<\/section><!-- widget-container -->\t\t\t\t<\/div>\n\t\t\t\t<\/div>\n\t\t\t\t<\/div>\n\t\t\t\t\t<\/div>\n\t\t\t\t<\/div>\n\t\t\t\t<\/div>\n\t\t","protected":false},"excerpt":{"rendered":"<p>O NASZEJ DZIA\u0141ALNO\u015aCI Dominikanie na \u015bwiecie Zakon Kaznodziejski, czyli Dominikanie, podzielony jest na prowincje i ich wikariaty, zlokalizowane w wi\u0119kszo\u015bci kraj\u00f3w \u015bwiata. Prowincja francuska odpowiada za reprezentacj\u0119 dominikan\u00f3w w Estonii, na \u0141otwie (Lipawa), Litwie (Wilno), w Skandynawii (Oslo i Lund) oraz Finlandii (Helsinki). https:\/\/studium.fi ). Wi\u0119cej informacji o Dominikanach na ca\u0142ym \u015bwiecie znajdziesz na nast\u0119puj\u0105cych [&hellip;]<\/p>\n","protected":false},"author":1,"featured_media":0,"parent":0,"menu_order":0,"comment_status":"closed","ping_status":"closed","template":"templates\/page-builder-content.php","meta":{"footnotes":""},"class_list":["post-1526","page","type-page","status-publish","hentry"],"_links":{"self":[{"href":"https:\/\/dominiiklased.ee\/pl\/wp-json\/wp\/v2\/pages\/1526","targetHints":{"allow":["GET"]}}],"collection":[{"href":"https:\/\/dominiiklased.ee\/pl\/wp-json\/wp\/v2\/pages"}],"about":[{"href":"https:\/\/dominiiklased.ee\/pl\/wp-json\/wp\/v2\/types\/page"}],"author":[{"embeddable":true,"href":"https:\/\/dominiiklased.ee\/pl\/wp-json\/wp\/v2\/users\/1"}],"replies":[{"embeddable":true,"href":"https:\/\/dominiiklased.ee\/pl\/wp-json\/wp\/v2\/comments?post=1526"}],"version-history":[{"count":5,"href":"https:\/\/dominiiklased.ee\/pl\/wp-json\/wp\/v2\/pages\/1526\/revisions"}],"predecessor-version":[{"id":4984,"href":"https:\/\/dominiiklased.ee\/pl\/wp-json\/wp\/v2\/pages\/1526\/revisions\/4984"}],"wp:attachment":[{"href":"https:\/\/dominiiklased.ee\/pl\/wp-json\/wp\/v2\/media?parent=1526"}],"curies":[{"name":"wp","href":"https:\/\/api.w.org\/{rel}","templated":true}]}}