{"id":985,"date":"2025-03-02T21:08:10","date_gmt":"2025-03-02T19:08:10","guid":{"rendered":"https:\/\/dominiiklased.ee\/les-dominicains-dans-le-monde\/"},"modified":"2026-03-22T20:24:48","modified_gmt":"2026-03-22T18:24:48","slug":"les-dominicains-dans-le-monde","status":"publish","type":"page","link":"https:\/\/dominiiklased.ee\/fr\/les-dominicains-dans-le-monde\/","title":{"rendered":"Les Dominicains dans le monde"},"content":{"rendered":"\t\t<div data-elementor-type=\"wp-page\" data-elementor-id=\"985\" class=\"elementor elementor-985 elementor-961\">\n\t\t\t\t<div class=\"aux-parallax-section elementor-element elementor-element-46e1247 e-flex e-con-boxed e-con e-parent\" data-id=\"46e1247\" data-element_type=\"container\" data-e-type=\"container\">\n\t\t\t\t\t<div class=\"e-con-inner\">\n\t\t<div class=\"elementor-element elementor-element-baae426 e-con-full e-flex e-con e-child\" data-id=\"baae426\" data-element_type=\"container\" data-e-type=\"container\">\n\t\t\t\t<div class=\"elementor-element elementor-element-ab98aaa aux-appear-watch-animation aux-fade-in-up elementor-widget elementor-widget-aux_modern_heading\" data-id=\"ab98aaa\" data-element_type=\"widget\" data-e-type=\"widget\" data-widget_type=\"aux_modern_heading.default\">\n\t\t\t\t<div class=\"elementor-widget-container\">\n\t\t\t\t\t<section class=\"aux-widget-modern-heading\">\n            <div class=\"aux-widget-inner\"><h2 class=\"aux-modern-heading-primary\">\u00c0 PROPOS DE NOS ACTIVIT\u00c9S<\/h2><h3 class=\"aux-modern-heading-secondary\"><span class=\"aux-head-before\">Les Dominicains dans le monde<\/span><\/h3><div class=\"aux-modern-heading-divider\"><\/div><div class=\"aux-modern-heading-description\"><p><span style=\"font-weight: 400\">L\u2019Ordre des Pr\u00eacheurs, ou Dominicains, est divis\u00e9 en provinces et leurs vicariats, pr\u00e9sents dans la plupart des pays du monde. La province fran\u00e7aise est responsable de la repr\u00e9sentation des Dominicains en Estonie, en Lettonie (Liep\u0101ja), en Lituanie (Vilnius), en Scandinavie (Oslo et Lund) et en Finlande (Helsinki).   <\/span><a href=\"https:\/\/studium.fi\/\"><span style=\"font-weight: 400\">https:\/\/studium.fi<\/span><\/a> <span style=\"font-weight: 400\">).<\/span><\/p><p><span style=\"font-weight: 400\">Vous trouverez plus d'informations sur les Dominicains du monde entier sur les sites web suivants&nbsp;:<\/span><span style=\"font-weight: 400\"><br><\/span> <span style=\"font-weight: 400\">Ma\u00eetre de l'Ordre et Curie g\u00e9n\u00e9rale de l'Ordre des Pr\u00eacheurs : www.op.org<\/span><span style=\"font-weight: 400\"><br><\/span> <span style=\"font-weight: 400\">Province fran\u00e7aise : www.dominicains.fr<\/span><span style=\"font-weight: 400\"><br><\/span> <span style=\"font-weight: 400\">Province belge :<\/span> <a href=\"https:\/\/www.dominicanen.org\/fr\"><span style=\"font-weight: 400\">https:\/\/www.dominicainen.org\/fr<\/span><span style=\"font-weight: 400\"><br><\/span><\/a> <span style=\"font-weight: 400\">Province polonaise : www.dominikanie.pl<\/span><\/p><p><span style=\"font-weight: 400\">Informations sur les religieuses dominicaines du monde entier&nbsp;:<\/span> <a href=\"https:\/\/www.monialesop.org\/\"><span style=\"font-weight: 400\">https:\/\/www.monialesop.org<\/span><\/a><span style=\"font-weight: 400\">. Le couvent dominicain le plus proche de l'Estonie se trouve \u00e0 Vilnius. Pour plus d'informations sur les couvents dominicains en France&nbsp;:   <\/span><a href=\"https:\/\/dominicaines.org\/ndp\/\"><span style=\"font-weight: 400\">https:\/\/dominicaines.org\/ndp\/<\/span><\/a> <span style=\"font-weight: 400\">.<\/span><\/p><p><span style=\"font-weight: 400\">Pour plus d'informations sur les Dominicains la\u00efcs et leurs fraternit\u00e9s, visitez<\/span> <a href=\"https:\/\/laici.op.org\/\"><span style=\"font-weight: 400\">https:\/\/laici.op.org<\/span><\/a> <span style=\"font-weight: 400\">.<\/span><\/p><p><span style=\"font-weight: 400\">Des informations sur les S\u0153urs Dominicaines de l'Apostolat dans le monde entier sont disponibles ici&nbsp;:<\/span> <a href=\"https:\/\/dsiop.org\/\"><span style=\"font-weight: 400\">https:\/\/dsiop.org<\/span><\/a> <span style=\"font-weight: 400\">.<\/span><\/p><\/div><\/div>\n        <\/section>\t\t\t\t<\/div>\n\t\t\t\t<\/div>\n\t\t\t\t<\/div>\n\t\t<div class=\"elementor-element elementor-element-3704b04 aux-appear-watch-animation aux-scale-down e-con-full e-flex e-con e-child\" data-id=\"3704b04\" data-element_type=\"container\" data-e-type=\"container\">\n\t\t\t\t<div class=\"elementor-element elementor-element-8db1082 elementor-widget elementor-widget-aux_image\" data-id=\"8db1082\" data-element_type=\"widget\" data-e-type=\"widget\" data-widget_type=\"aux_image.default\">\n\t\t\t\t<div class=\"elementor-widget-container\">\n\t\t\t\t\t<section class=\"widget-container aux-widget-image aux-alignnone aux-parent-auc6f125b8\">\n    <div class=\"aux-media-hint-frame \">\n        <div class=\"aux-media-image aux-hover-active\" >\n                    <a class=\"\" href=\"https:\/\/www.google.com\/maps\/d\/viewer?mid=1vqKuuAHgKelJv-myl9OeoDACotbMP2dc&#038;femb=1&#038;ll=20.282604320290368%2C35.25552336099179&#038;z=2\" data-elementor-open-lightbox=\"no\" data-original-width=\"1024\" data-original-height=\"682\" data-caption=\"kaart\" target=\"_self\"  >\n        \n            \n\n            \n            <img fetchpriority=\"high\" decoding=\"async\" width=\"1024\" height=\"682\" src=\"data:image\/gif;base64,R0lGODlhAQABAIAAAAAAAP\/\/\/yH5BAEAAAAALAAAAAABAAEAAAIBRAA7\" class=\"aux-attachment aux-featured-image aux-attachment-id-964 aux-preload aux-blank\" alt=\"kaart\" data-ratio=\"1.5\" data-original-w=\"1024\" data-src=\"https:\/\/dominiiklased.ee\/wp-content\/uploads\/2025\/03\/kaart.png\" \/>            \n                    <\/a>\n                <\/div>\n    <\/div>\n\n<\/section><!-- widget-container -->\t\t\t\t<\/div>\n\t\t\t\t<\/div>\n\t\t\t\t<\/div>\n\t\t\t\t\t<\/div>\n\t\t\t\t<\/div>\n\t\t\t\t<\/div>\n\t\t","protected":false},"excerpt":{"rendered":"<p>\u00c0 PROPOS DE NOS ACTIVIT\u00c9S Les Dominicains dans le monde L\u2019Ordre des Pr\u00eacheurs, ou Dominicains, est divis\u00e9 en provinces et leurs vicariats, pr\u00e9sents dans la plupart des pays du monde. La province fran\u00e7aise est responsable de la repr\u00e9sentation des Dominicains en Estonie, en Lettonie (Liep\u0101ja), en Lituanie (Vilnius), en Scandinavie (Oslo et Lund) et en [&hellip;]<\/p>\n","protected":false},"author":1,"featured_media":0,"parent":0,"menu_order":0,"comment_status":"closed","ping_status":"closed","template":"templates\/page-builder-content.php","meta":{"footnotes":""},"class_list":["post-985","page","type-page","status-publish","hentry"],"_links":{"self":[{"href":"https:\/\/dominiiklased.ee\/fr\/wp-json\/wp\/v2\/pages\/985","targetHints":{"allow":["GET"]}}],"collection":[{"href":"https:\/\/dominiiklased.ee\/fr\/wp-json\/wp\/v2\/pages"}],"about":[{"href":"https:\/\/dominiiklased.ee\/fr\/wp-json\/wp\/v2\/types\/page"}],"author":[{"embeddable":true,"href":"https:\/\/dominiiklased.ee\/fr\/wp-json\/wp\/v2\/users\/1"}],"replies":[{"embeddable":true,"href":"https:\/\/dominiiklased.ee\/fr\/wp-json\/wp\/v2\/comments?post=985"}],"version-history":[{"count":11,"href":"https:\/\/dominiiklased.ee\/fr\/wp-json\/wp\/v2\/pages\/985\/revisions"}],"predecessor-version":[{"id":4911,"href":"https:\/\/dominiiklased.ee\/fr\/wp-json\/wp\/v2\/pages\/985\/revisions\/4911"}],"wp:attachment":[{"href":"https:\/\/dominiiklased.ee\/fr\/wp-json\/wp\/v2\/media?parent=985"}],"curies":[{"name":"wp","href":"https:\/\/api.w.org\/{rel}","templated":true}]}}