{"id":914,"date":"2025-02-14T12:33:46","date_gmt":"2025-02-14T10:33:46","guid":{"rendered":"https:\/\/dominiiklased.ee\/qui-sommes-nous\/"},"modified":"2025-08-31T17:43:08","modified_gmt":"2025-08-31T14:43:08","slug":"qui-sommes-nous","status":"publish","type":"page","link":"https:\/\/dominiiklased.ee\/fr\/qui-sommes-nous\/","title":{"rendered":"Qui sommes-nous"},"content":{"rendered":"\t\t<div data-elementor-type=\"wp-page\" data-elementor-id=\"914\" class=\"elementor elementor-914 elementor-314\">\n\t\t\t\t<div class=\"aux-parallax-section elementor-element elementor-element-46e1247 e-flex e-con-boxed e-con e-parent\" data-id=\"46e1247\" data-element_type=\"container\" data-e-type=\"container\">\n\t\t\t\t\t<div class=\"e-con-inner\">\n\t\t<div class=\"elementor-element elementor-element-baae426 e-con-full e-flex e-con e-child\" data-id=\"baae426\" data-element_type=\"container\" data-e-type=\"container\">\n\t\t\t\t<div class=\"elementor-element elementor-element-ab98aaa aux-appear-watch-animation aux-fade-in-up elementor-widget elementor-widget-aux_modern_heading\" data-id=\"ab98aaa\" data-element_type=\"widget\" data-e-type=\"widget\" data-widget_type=\"aux_modern_heading.default\">\n\t\t\t\t<div class=\"elementor-widget-container\">\n\t\t\t\t\t<section class=\"aux-widget-modern-heading\">\n            <div class=\"aux-widget-inner\"><h2 class=\"aux-modern-heading-primary\">\u00c0 PROPOS DE NOS ACTIVIT\u00c9S<\/h2><h3 class=\"aux-modern-heading-secondary\"><span class=\"aux-head-before\">Qui sont les Dominicains ?<\/span><\/h3><div class=\"aux-modern-heading-divider\"><\/div><div class=\"aux-modern-heading-description\"><p class=\"Standard\" style=\"text-align: justify\">Cette question ne peut pas \u00eatre r\u00e9pondue en une ou deux phrases, car l\u2019Ordre des Pr\u00eacheurs est compos\u00e9 de personnes tr\u00e8s diff\u00e9rentes : des vieux et des jeunes, des ordonn\u00e9s et des non-ordonn\u00e9s, des c\u00e9libataires et des mari\u00e9s, des femmes et des hommes avec des formations diff\u00e9rentes et aussi des habitudes religieuses diff\u00e9rentes. Le mot cl\u00e9 pour comprendre la spiritualit\u00e9 dominicaine est la diversit\u00e9. <\/p><p class=\"Standard\" style=\"text-align: justify\">Mais depuis plus de 800 ans, ce qui nous unit, c\u2019est que nous marchons sur les traces de saint Dominique. Cela signifie que nous sommes des chr\u00e9tiens qui se sont engag\u00e9s envers l\u2019Ordre dominicain en faisant v\u0153u de suivre les lois et les r\u00e8gles de l\u2019Ordre. Cette promesse demande un certain rythme et un certain engagement de vie. Nous orientons nos vies vers Dieu et faisons tout ce que nous pouvons pour proclamer l\u2019\u00c9vangile, ou la bonne nouvelle de J\u00e9sus-Christ, de diverses mani\u00e8res. Nous avons la responsabilit\u00e9 commune de faire cela \u00ab pour sauver les gens \u00bb. C\u2019\u00e9tait aussi le but de saint Dominique en fondant l\u2019Ordre des Pr\u00eacheurs.     <\/p><p class=\"Standard\" style=\"text-align: justify\">L'Ordre dominicain est \u00e9galement appel\u00e9 Ordre des Pr\u00eacheurs et est actif dans de nombreux pays. Actuellement, l\u2019ordre compte environ 5 200 fr\u00e8res, 2 500 religieuses, 130 000 la\u00efcs et 25 000 s\u0153urs apostoliques. <\/p><p class=\"Standard\" style=\"text-align: justify\">Les Dominicains arrivent en Estonie en 1229. Leur histoire ici a \u00e9t\u00e9 tr\u00e8s mouvement\u00e9e, avec ses hauts et ses bas, comme celle de notre pays tout entier.  <\/p><\/div><\/div>\n        <\/section>\t\t\t\t<\/div>\n\t\t\t\t<\/div>\n\t\t\t\t<\/div>\n\t\t<div class=\"elementor-element elementor-element-3704b04 aux-appear-watch-animation aux-scale-down e-con-full e-flex e-con e-child\" data-id=\"3704b04\" data-element_type=\"container\" data-e-type=\"container\">\n\t\t\t\t<div class=\"elementor-element elementor-element-8db1082 elementor-widget elementor-widget-aux_image\" data-id=\"8db1082\" data-element_type=\"widget\" data-e-type=\"widget\" data-widget_type=\"aux_image.default\">\n\t\t\t\t<div class=\"elementor-widget-container\">\n\t\t\t\t\t<section class=\"widget-container aux-widget-image aux-alignnone aux-parent-au2b3b84a4\">\n    <div class=\"aux-media-hint-frame \">\n        <div class=\"aux-media-image \" >\n        \n            \n\n            \n            <img fetchpriority=\"high\" decoding=\"async\" width=\"2560\" height=\"1696\" src=\"data:image\/gif;base64,R0lGODlhAQABAIAAAAAAAP\/\/\/yH5BAEAAAAALAAAAAABAAEAAAIBRAA7\" class=\"aux-attachment aux-featured-image aux-attachment-id-109 aux-preload aux-blank\" alt=\"kabel_\" data-ratio=\"1.51\" data-original-w=\"2560\" data-src=\"https:\/\/dominiiklased.ee\/wp-content\/uploads\/2025\/02\/kabel_-scaled.jpg\" \/>            \n                <\/div>\n    <\/div>\n\n<\/section><!-- widget-container -->\t\t\t\t<\/div>\n\t\t\t\t<\/div>\n\t\t\t\t<\/div>\n\t\t\t\t\t<\/div>\n\t\t\t\t<\/div>\n\t\t\t\t<\/div>\n\t\t","protected":false},"excerpt":{"rendered":"<p>\u00c0 PROPOS DE NOS ACTIVIT\u00c9S Qui sont les Dominicains ? Cette question ne peut pas \u00eatre r\u00e9pondue en une ou deux phrases, car l\u2019Ordre des Pr\u00eacheurs est compos\u00e9 de personnes tr\u00e8s diff\u00e9rentes : des vieux et des jeunes, des ordonn\u00e9s et des non-ordonn\u00e9s, des c\u00e9libataires et des mari\u00e9s, des femmes et des hommes avec des [&hellip;]<\/p>\n","protected":false},"author":1,"featured_media":0,"parent":0,"menu_order":0,"comment_status":"closed","ping_status":"closed","template":"templates\/page-builder-content.php","meta":{"footnotes":""},"class_list":["post-914","page","type-page","status-publish","hentry"],"_links":{"self":[{"href":"https:\/\/dominiiklased.ee\/fr\/wp-json\/wp\/v2\/pages\/914","targetHints":{"allow":["GET"]}}],"collection":[{"href":"https:\/\/dominiiklased.ee\/fr\/wp-json\/wp\/v2\/pages"}],"about":[{"href":"https:\/\/dominiiklased.ee\/fr\/wp-json\/wp\/v2\/types\/page"}],"author":[{"embeddable":true,"href":"https:\/\/dominiiklased.ee\/fr\/wp-json\/wp\/v2\/users\/1"}],"replies":[{"embeddable":true,"href":"https:\/\/dominiiklased.ee\/fr\/wp-json\/wp\/v2\/comments?post=914"}],"version-history":[{"count":15,"href":"https:\/\/dominiiklased.ee\/fr\/wp-json\/wp\/v2\/pages\/914\/revisions"}],"predecessor-version":[{"id":3962,"href":"https:\/\/dominiiklased.ee\/fr\/wp-json\/wp\/v2\/pages\/914\/revisions\/3962"}],"wp:attachment":[{"href":"https:\/\/dominiiklased.ee\/fr\/wp-json\/wp\/v2\/media?parent=914"}],"curies":[{"name":"wp","href":"https:\/\/api.w.org\/{rel}","templated":true}]}}