{"id":4929,"date":"2026-03-20T19:49:40","date_gmt":"2026-03-20T17:49:40","guid":{"rendered":"https:\/\/dominiiklased.ee\/samuel-mazzuchelli\/"},"modified":"2026-03-22T20:37:13","modified_gmt":"2026-03-22T18:37:13","slug":"samuel-mazzuchelli","status":"publish","type":"page","link":"https:\/\/dominiiklased.ee\/fr\/samuel-mazzuchelli\/","title":{"rendered":"Samuel Mazzuchelli"},"content":{"rendered":"\t\t<div data-elementor-type=\"wp-page\" data-elementor-id=\"4929\" class=\"elementor elementor-4929 elementor-4829\">\n\t\t\t\t<div class=\"aux-parallax-section elementor-element elementor-element-2284ac6 e-flex e-con-boxed e-con e-parent\" data-id=\"2284ac6\" data-element_type=\"container\" data-e-type=\"container\">\n\t\t\t\t\t<div class=\"e-con-inner\">\n\t\t\t\t<div class=\"elementor-element elementor-element-51ccffe elementor-widget elementor-widget-heading\" data-id=\"51ccffe\" data-element_type=\"widget\" data-e-type=\"widget\" data-widget_type=\"heading.default\">\n\t\t\t\t<div class=\"elementor-widget-container\">\n\t\t\t\t\t<h2 class=\"elementor-heading-title elementor-size-default\">Nos mod\u00e8les<\/h2>\t\t\t\t<\/div>\n\t\t\t\t<\/div>\n\t\t\t\t<div class=\"elementor-element elementor-element-0bb9e25 elementor-widget elementor-widget-aux_menu_box\" data-id=\"0bb9e25\" data-element_type=\"widget\" data-e-type=\"widget\" data-widget_type=\"aux_menu_box.default\">\n\t\t\t\t<div class=\"elementor-widget-container\">\n\t\t\t\t\t<div class=\"aux-elementor-header-menu aux-nav-menu-element aux-nav-menu-element-0bb9e25\"><div class=\"aux-burger-box\" data-target-panel=\"toggle-bar\" data-target-content=\".elementor-element-0bb9e25 .aux-master-menu\"><div class=\"aux-burger aux-lite-small\"><span class=\"mid-line\"><\/span><\/div><\/div><!-- start master menu -->\n<nav id=\"master-menu-elementor-0bb9e25\" class=\"menu-dominikaanlased-francais-container\">\n\n\t<ul id=\"menu-dominikaanlased-francais\" class=\"aux-master-menu aux-no-js aux-skin-classic aux-with-indicator aux-with-splitter aux-horizontal\" data-type=\"horizontal\"  data-switch-type=\"toggle\" data-switch-parent=\".elementor-element-0bb9e25 .aux-toggle-menu-bar\" data-switch-width=\"115\"  >\n\t\t<!-- start single menu -->\n\t\t<li id=\"menu-item-1837\" class=\"menu-item menu-item-type-post_type menu-item-object-page menu-item-1837 aux-menu-depth-0 aux-menu-root-1 aux-menu-item\">\n\t\t\t<a href=\"https:\/\/dominiiklased.ee\/fr\/bienheureuse-agnes-de-langeac\/\" class=\"aux-item-content\">\n\t\t\t\t<span class=\"aux-menu-label\">Bienheureuse Agn\u00e8s de Langeac<\/span>\n\t\t\t<\/a>\n\t\t<\/li>\n\t\t<!-- end single menu -->\n\t\t<!-- start single menu -->\n\t\t<li id=\"menu-item-1838\" class=\"menu-item menu-item-type-post_type menu-item-object-page menu-item-1838 aux-menu-depth-0 aux-menu-root-2 aux-menu-item\">\n\t\t\t<a href=\"https:\/\/dominiiklased.ee\/fr\/jose-alvarez-fernandez\/\" class=\"aux-item-content\">\n\t\t\t\t<span class=\"aux-menu-label\">Jos\u00e9 Alvarez Fernandez<\/span>\n\t\t\t<\/a>\n\t\t<\/li>\n\t\t<!-- end single menu -->\n\t\t<!-- start single menu -->\n\t\t<li id=\"menu-item-1839\" class=\"menu-item menu-item-type-post_type menu-item-object-page menu-item-1839 aux-menu-depth-0 aux-menu-root-3 aux-menu-item\">\n\t\t\t<a href=\"https:\/\/dominiiklased.ee\/fr\/therese-chikaba\/\" class=\"aux-item-content\">\n\t\t\t\t<span class=\"aux-menu-label\">Teresa Chikaba<\/span>\n\t\t\t<\/a>\n\t\t<\/li>\n\t\t<!-- end single menu -->\n\t\t<!-- start single menu -->\n\t\t<li id=\"menu-item-1840\" class=\"menu-item menu-item-type-post_type menu-item-object-page menu-item-1840 aux-menu-depth-0 aux-menu-root-4 aux-menu-item\">\n\t\t\t<a href=\"https:\/\/dominiiklased.ee\/fr\/titus-horten\/\" class=\"aux-item-content\">\n\t\t\t\t<span class=\"aux-menu-label\">Titus Horten<\/span>\n\t\t\t<\/a>\n\t\t<\/li>\n\t\t<!-- end single menu -->\n\t\t<!-- start single menu -->\n\t\t<li id=\"menu-item-1841\" class=\"menu-item menu-item-type-post_type menu-item-object-page menu-item-1841 aux-menu-depth-0 aux-menu-root-5 aux-menu-item\">\n\t\t\t<a href=\"https:\/\/dominiiklased.ee\/fr\/marie-joseph-lagrange\/\" class=\"aux-item-content\">\n\t\t\t\t<span class=\"aux-menu-label\">Marie Joseph Lagrange<\/span>\n\t\t\t<\/a>\n\t\t<\/li>\n\t\t<!-- end single menu -->\n\t\t<!-- start single menu -->\n\t\t<li id=\"menu-item-1852\" class=\"menu-item menu-item-type-post_type menu-item-object-page menu-item-1852 aux-menu-depth-0 aux-menu-root-6 aux-menu-item\">\n\t\t\t<a href=\"https:\/\/dominiiklased.ee\/fr\/vincent-liem-de-la-paix\/\" class=\"aux-item-content\">\n\t\t\t\t<span class=\"aux-menu-label\">Vincent Liem de la Paix<\/span>\n\t\t\t<\/a>\n\t\t<\/li>\n\t\t<!-- end single menu -->\n\t\t<!-- start single menu -->\n\t\t<li id=\"menu-item-1853\" class=\"menu-item menu-item-type-post_type menu-item-object-page menu-item-1853 aux-menu-depth-0 aux-menu-root-7 aux-menu-item\">\n\t\t\t<a href=\"https:\/\/dominiiklased.ee\/fr\/juan-macias\/\" class=\"aux-item-content\">\n\t\t\t\t<span class=\"aux-menu-label\">Juan Macias<\/span>\n\t\t\t<\/a>\n\t\t<\/li>\n\t\t<!-- end single menu -->\n\t\t<!-- start single menu -->\n\t\t<li id=\"menu-item-1854\" class=\"menu-item menu-item-type-post_type menu-item-object-page menu-item-1854 aux-menu-depth-0 aux-menu-root-8 aux-menu-item\">\n\t\t\t<a href=\"https:\/\/dominiiklased.ee\/fr\/giorgio-la-pira\/\" class=\"aux-item-content\">\n\t\t\t\t<span class=\"aux-menu-label\">Giorgio La Pira<\/span>\n\t\t\t<\/a>\n\t\t<\/li>\n\t\t<!-- end single menu -->\n\t\t<!-- start single menu -->\n\t\t<li id=\"menu-item-1855\" class=\"menu-item menu-item-type-post_type menu-item-object-page menu-item-1855 aux-menu-depth-0 aux-menu-root-9 aux-menu-item\">\n\t\t\t<a href=\"https:\/\/dominiiklased.ee\/fr\/francois-de-vitoria\/\" class=\"aux-item-content\">\n\t\t\t\t<span class=\"aux-menu-label\">Franciso de Vitoria<\/span>\n\t\t\t<\/a>\n\t\t<\/li>\n\t\t<!-- end single menu -->\n\t<\/ul>\n\n<\/nav>\n<!-- end master menu -->\n<div class=\"aux-toggle-menu-bar\"><\/div><\/div><style>@media only screen and (min-width: 116px) { .elementor-element-0bb9e25 .aux-burger-box { display: none } }<\/style>\t\t\t\t<\/div>\n\t\t\t\t<\/div>\n\t\t\t\t\t<\/div>\n\t\t\t\t<\/div>\n\t\t<div class=\"aux-parallax-section elementor-element elementor-element-c41fd24 e-flex e-con-boxed e-con e-parent\" data-id=\"c41fd24\" data-element_type=\"container\" data-e-type=\"container\">\n\t\t\t\t\t<div class=\"e-con-inner\">\n\t\t<div class=\"elementor-element elementor-element-f8c7192 e-con-full e-flex e-con e-child\" data-id=\"f8c7192\" data-element_type=\"container\" data-e-type=\"container\">\n\t\t\t\t<div class=\"elementor-element elementor-element-c99461e aux-appear-watch-animation aux-fade-in-up elementor-widget elementor-widget-aux_modern_heading\" data-id=\"c99461e\" data-element_type=\"widget\" data-e-type=\"widget\" data-widget_type=\"aux_modern_heading.default\">\n\t\t\t\t<div class=\"elementor-widget-container\">\n\t\t\t\t\t<section class=\"aux-widget-modern-heading\">\n            <div class=\"aux-widget-inner\"><h2 class=\"aux-modern-heading-primary\">Samuel Mazzuchelli<\/h2><h3 class=\"aux-modern-heading-secondary\"><span class=\"aux-head-before\">\u00b0 Milan 1806 \u2013 \u2020 Benton 1864<\/span><\/h3><div class=\"aux-modern-heading-divider\"><\/div><div class=\"aux-modern-heading-description\"><p>Samuel Mazzuchelli naquit \u00e0 Milan en 1806, au sein d'une famille d'intellectuels. D\u00e8s sa jeunesse, il ressentit une vocation.<br> Il se consacra au travail missionnaire et rejoignit l'Ordre des Pr\u00eacheurs en 1823. Apr\u00e8s son noviciat, il fut envoy\u00e9 en mission \u00e0 seulement 22 ans.<br> Il est arriv\u00e9 aux \u00c9tats-Unis \u00e0 l'\u00e2ge de 18 ans pour servir les Am\u00e9rindiens et les nouveaux immigrants.<br> Il a exerc\u00e9 ses activit\u00e9s dans les r\u00e9gions du Michigan, du Wisconsin et de l'Iowa, apprenant les langues locales et \u00e9tablissant des dizaines de<br> paroisses, \u00e9glises et \u00e9coles. De plus, il \u00e9tait enseignant, traducteur et architecte, et il a con\u00e7u plusieurs b\u00e2timents.<br> des \u00e9glises importantes, notamment la cath\u00e9drale Saint-Augustin de Dubuque.<br> Mazzuchelli d\u00e9fendit les droits des autochtones et des immigrants et promut l'\u00e9ducation en traduisant des textes liturgiques.<br> des textes dans la langue maternelle des populations locales. Par modestie, il refusa la charge \u00e9piscopale et resta<br> fid\u00e8le \u00e0 la vie missionnaire simple.<br> Il mourut en 1864 \u00e0 Benton, dans le Wisconsin.<br> En 1993, le pape Jean-Paul II l'a b\u00e9atifi\u00e9.        <\/p><\/div><\/div>\n        <\/section>\t\t\t\t<\/div>\n\t\t\t\t<\/div>\n\t\t\t\t<\/div>\n\t\t<div class=\"elementor-element elementor-element-9a4430c aux-appear-watch-animation aux-scale-down e-con-full e-flex e-con e-child\" data-id=\"9a4430c\" data-element_type=\"container\" data-e-type=\"container\">\n\t\t\t\t<div class=\"elementor-element elementor-element-46c0b7d elementor-widget elementor-widget-aux_image\" data-id=\"46c0b7d\" data-element_type=\"widget\" data-e-type=\"widget\" data-widget_type=\"aux_image.default\">\n\t\t\t\t<div class=\"elementor-widget-container\">\n\t\t\t\t\t<section class=\"widget-container aux-widget-image aux-alignnone aux-parent-au7004a89c\">\n    <div class=\"aux-media-hint-frame \">\n        <div class=\"aux-media-image \" >\n        \n            \n\n            \n            <img fetchpriority=\"high\" decoding=\"async\" width=\"1585\" height=\"2560\" src=\"data:image\/gif;base64,R0lGODlhAQABAIAAAAAAAP\/\/\/yH5BAEAAAAALAAAAAABAAEAAAIBRAA7\" class=\"aux-attachment aux-featured-image aux-attachment-id-4816 aux-preload aux-blank\" alt=\"Mazzucchelli\" data-ratio=\"0.62\" data-original-w=\"1585\" data-src=\"https:\/\/dominiiklased.ee\/wp-content\/uploads\/2026\/03\/Mazzucchelli-scaled.jpg\" \/>            \n                <\/div>\n    <\/div>\n\n<\/section><!-- widget-container -->\t\t\t\t<\/div>\n\t\t\t\t<\/div>\n\t\t\t\t<div class=\"elementor-element elementor-element-85916eb elementor-widget elementor-widget-heading\" data-id=\"85916eb\" data-element_type=\"widget\" data-e-type=\"widget\" data-widget_type=\"heading.default\">\n\t\t\t\t<div class=\"elementor-widget-container\">\n\t\t\t\t\t<h2 class=\"elementor-heading-title elementor-size-default\">Kai Kiudsoo - Peinture, peinture sur verre et fusion<\/h2>\t\t\t\t<\/div>\n\t\t\t\t<\/div>\n\t\t\t\t<\/div>\n\t\t\t\t\t<\/div>\n\t\t\t\t<\/div>\n\t\t\t\t<\/div>\n\t\t","protected":false},"excerpt":{"rendered":"<p>Nos mod\u00e8les Agn\u00e8s de Langeac Jos\u00e9 \u00c1lavrez Fern\u00e0ndez Teresa Chikaba Titus Horten Marie Joseph Lagrange Vincent Liem of Peace Juan Macias Giorgio La Pira Franciscus de Vitoria Samuel Mazzuchelli Samuel Mazzuchelli \u00b0 Milan 1806 \u2013 \u2020 Benton 1864 Samuel Mazzuchelli naquit \u00e0 Milan en 1806, au sein d&rsquo;une famille d&rsquo;intellectuels. D\u00e8s sa jeunesse, il ressentit [&hellip;]<\/p>\n","protected":false},"author":2,"featured_media":0,"parent":0,"menu_order":0,"comment_status":"closed","ping_status":"closed","template":"templates\/page-builder-content.php","meta":{"footnotes":""},"class_list":["post-4929","page","type-page","status-publish","hentry"],"_links":{"self":[{"href":"https:\/\/dominiiklased.ee\/fr\/wp-json\/wp\/v2\/pages\/4929","targetHints":{"allow":["GET"]}}],"collection":[{"href":"https:\/\/dominiiklased.ee\/fr\/wp-json\/wp\/v2\/pages"}],"about":[{"href":"https:\/\/dominiiklased.ee\/fr\/wp-json\/wp\/v2\/types\/page"}],"author":[{"embeddable":true,"href":"https:\/\/dominiiklased.ee\/fr\/wp-json\/wp\/v2\/users\/2"}],"replies":[{"embeddable":true,"href":"https:\/\/dominiiklased.ee\/fr\/wp-json\/wp\/v2\/comments?post=4929"}],"version-history":[{"count":1,"href":"https:\/\/dominiiklased.ee\/fr\/wp-json\/wp\/v2\/pages\/4929\/revisions"}],"predecessor-version":[{"id":4930,"href":"https:\/\/dominiiklased.ee\/fr\/wp-json\/wp\/v2\/pages\/4929\/revisions\/4930"}],"wp:attachment":[{"href":"https:\/\/dominiiklased.ee\/fr\/wp-json\/wp\/v2\/media?parent=4929"}],"curies":[{"name":"wp","href":"https:\/\/api.w.org\/{rel}","templated":true}]}}