{"id":4925,"date":"2026-01-19T09:20:32","date_gmt":"2026-01-19T07:20:32","guid":{"rendered":"https:\/\/dominiiklased.ee\/semaine-de-priere\/"},"modified":"2026-03-22T20:35:35","modified_gmt":"2026-03-22T18:35:35","slug":"semaine-de-priere","status":"publish","type":"page","link":"https:\/\/dominiiklased.ee\/fr\/semaine-de-priere\/","title":{"rendered":"Semaine de pri\u00e8re"},"content":{"rendered":"\t\t<div data-elementor-type=\"wp-page\" data-elementor-id=\"4925\" class=\"elementor elementor-4925 elementor-4624\">\n\t\t\t\t<div class=\"aux-parallax-section elementor-element elementor-element-46e1247 e-flex e-con-boxed e-con e-parent\" data-id=\"46e1247\" data-element_type=\"container\" data-e-type=\"container\">\n\t\t\t\t\t<div class=\"e-con-inner\">\n\t\t<div class=\"elementor-element elementor-element-baae426 e-con-full e-flex e-con e-child\" data-id=\"baae426\" data-element_type=\"container\" data-e-type=\"container\">\n\t\t\t\t<div class=\"elementor-element elementor-element-ab98aaa aux-appear-watch-animation aux-fade-in-up elementor-widget elementor-widget-aux_modern_heading\" data-id=\"ab98aaa\" data-element_type=\"widget\" data-e-type=\"widget\" data-widget_type=\"aux_modern_heading.default\">\n\t\t\t\t<div class=\"elementor-widget-container\">\n\t\t\t\t\t<section class=\"aux-widget-modern-heading\">\n            <div class=\"aux-widget-inner\"><h2 class=\"aux-modern-heading-primary\">18.-25. Janvier 2026<\/h2><h3 class=\"aux-modern-heading-secondary\"><span class=\"aux-head-before\">Semaine de pri\u00e8re pour l'unit\u00e9 des chr\u00e9tiens  <\/span><\/h3><div class=\"aux-modern-heading-divider\"><\/div><div class=\"aux-modern-heading-description\"><p><strong>Chaque ann\u00e9e, du 18 au 25 janvier, tous les chr\u00e9tiens sont invit\u00e9s \u00e0 participer \u00e0 la pri\u00e8re sacerdotale du Christ : \u00ab Je prie pour eux, afin que tous soient un, comme toi, P\u00e8re, tu es en moi et moi en toi, afin qu\u2019eux aussi soient en nous, pour que le monde croie que tu m\u2019as envoy\u00e9 \u00bb (Jean 17, 21).   <\/strong><\/p><p>Cette Semaine de pri\u00e8re pour l\u2019unit\u00e9 des chr\u00e9tiens est organis\u00e9e conjointement par le Conseil \u0153cum\u00e9nique des \u00c9glises et le Dicast\u00e8re pontifical pour la promotion de l\u2019unit\u00e9 des chr\u00e9tiens depuis 1966. Dans l\u2019h\u00e9misph\u00e8re Nord, elle se d\u00e9roule traditionnellement du 18 au 25 janvier, p\u00e9riode qui co\u00efncide avec les f\u00eates des ap\u00f4tres Pierre et Paul. Dans l\u2019h\u00e9misph\u00e8re Sud, elle est souvent c\u00e9l\u00e9br\u00e9e \u00e0 la Pentec\u00f4te. Le Conseil \u0153cum\u00e9nique des \u00c9glises d\u2019Estonie a instaur\u00e9 des pri\u00e8res \u0153cum\u00e9niques communes pour la Pentec\u00f4te en 1995.      En 2018, ils se sont r\u00e9unis pour la premi\u00e8re fois. Les ann\u00e9es suivantes, ils se sont rassembl\u00e9s \u00e0 l'invitation de diverses confessions. Depuis 2018, les v\u00eapres de la Semaine de pri\u00e8re pour l'unit\u00e9 des chr\u00e9tiens sont c\u00e9l\u00e9br\u00e9es \u00e0 la cath\u00e9drale Saint-Pierre-et-Saint-Paul de Tallinn du 18 au 25 janvier&nbsp;; les th\u00e8mes de pri\u00e8re sont \u00e9galement communiqu\u00e9s \u00e0 d'autres communaut\u00e9s par voie de communiqu\u00e9s de presse.     2025. En 2018, la conf\u00e9rence des enseignants d'EELK s'est jointe \u00e0 l'intercession.<\/p><ol start=\"2026\"><li>Les th\u00e8mes de la Semaine de pri\u00e8re 2019 ont \u00e9t\u00e9 pr\u00e9par\u00e9s par l'\u00c9glise apostolique arm\u00e9nienne, d'apr\u00e8s le texte des Saintes \u00c9critures&nbsp;: \u00ab&nbsp;Un seul corps et un seul Esprit, comme vous avez \u00e9t\u00e9 appel\u00e9s \u00e0 une seule esp\u00e9rance par votre vocation.&nbsp;\u00bb<br> (\u00c9ph\u00e9siens 4:4). On peut les lire ici&nbsp;: <a href=\"https:\/\/oikoumene.org\/sites\/default\/files\/2025-07\/EN%20%202026%20WPCU.pdf\">https:\/\/oikoumene.org\/sites\/default\/files\/2025-07\/EN%20%202026%20WPCU.pdf<\/a> . Il est rappel\u00e9 que tous les chr\u00e9tiens forment un seul corps en Christ, conduit par le Saint-Esprit. Cette unit\u00e9 est essentielle et n\u2019est pas alt\u00e9r\u00e9e par la diversit\u00e9 confessionnelle, culturelle ou nationale, mais au contraire enrichie. Le Saint-Esprit donne aux chr\u00e9tiens la force de manifester leur unit\u00e9 dans ce monde&nbsp;; il met le peuple de Dieu en p\u00e8lerinage vers une esp\u00e9rance commune. Cette esp\u00e9rance commune r\u00e9side dans la vie \u00e9ternelle avec J\u00e9sus-Christ. Ce p\u00e8lerinage se poursuit jusqu\u2019\u00e0 ce que \u00ab&nbsp;nous soyons tous parvenus \u00e0 l\u2019unit\u00e9 de la foi et de la connaissance du Fils de Dieu, \u00e0 l\u2019\u00e9tat d\u2019homme fait, \u00e0 la mesure de la stature parfaite de Christ&nbsp;\u00bb (\u00c9ph\u00e9siens 4:13). La maturit\u00e9 spirituelle, en tant que mesure de la pl\u00e9nitude de Christ, est encore un objectif \u00e0 atteindre pour les chr\u00e9tiens&nbsp;; c\u2019est ce qu\u2019ils recherchent continuellement et avec pers\u00e9v\u00e9rance en apprenant \u00e0 conna\u00eetre Christ. En Christ, nous trouvons une foi et une communion communes, un renouveau de l'esprit et un amour actif.       <\/li><\/ol><p>L\u2019unit\u00e9 visible des chr\u00e9tiens n\u2019est pas une fin en soi, mais un moyen de rendre visible l\u2019\u00c9vangile du Christ dans le monde, afin que chacun puisse trouver la foi en lui. Le 5 novembre 2025, la Charte \u0152cum\u00e9nique a \u00e9t\u00e9 pr\u00e9sent\u00e9e \u00e0 Rome conjointement par la Conf\u00e9rence des \u00c9glises d\u2019Europe et le Conseil des Conf\u00e9rences \u00e9piscopales d\u2019Europe. Par ce document, les \u00c9glises europ\u00e9ennes r\u00e9affirment leur cheminement commun, leur engagement dans le dialogue et leur attachement \u00e0 une proclamation commune de l\u2019\u00c9vangile. \u00ab Un t\u00e9moignage cr\u00e9dible exige que nous r\u00e9pandions la Bonne Nouvelle ensemble, et non en comp\u00e9tition. \u00bb Le document souligne que la foi proclam\u00e9e ensemble affirme le respect de la vie&nbsp;; l\u2019importance des relations humaines, notamment du mariage et de la famille&nbsp;; l\u2019option pr\u00e9f\u00e9rentielle pour les pauvres&nbsp;; la disposition au pardon&nbsp;; et la compassion en toutes choses. Dans notre qu\u00eate de paix en Europe, aspirant \u00e0 nouveau \u00e0 \u00ab forger des socs de charrue et des faucilles de lance \u00bb (Jean 2, 4), nous prenons conscience de la tragique r\u00e9alit\u00e9 du choix entre laisser la violence se perp\u00e9tuer ou y mettre fin par la force. \u00ab En tant qu\u2019\u00c9glises, nous devons implorer Dieu de nous accorder la paix, don pr\u00e9cieux de notre foi, conscients qu\u2019elle doit aussi se construire activement, jour apr\u00e8s jour, par des actes de justice et d\u2019amour. \u00bb C\u2019est pourquoi notre foi ne nous permet pas de d\u00e9sesp\u00e9rer de nos adversaires. Nous ne les condamnons pas par leurs erreurs et ne perdons pas espoir en eux.<\/p><p>Prions pour l\u2019unit\u00e9 du peuple de Dieu selon la volont\u00e9 du Christ, afin que les gens croient \u00e0 l\u2019\u00c9vangile et suivent le Seigneur Christ&nbsp;:  <\/p><p><em>Dieu, notre P\u00e8re c\u00e9leste, nous t'adorons, toi qui t'es r\u00e9v\u00e9l\u00e9 au monde dans la v\u00e9rit\u00e9, la bont\u00e9 et la beaut\u00e9. Nous te prions de nous permettre de vivre ensemble comme tes enfants dans le monde, en accomplissant ta volont\u00e9. Donne-nous le courage de professer la foi chr\u00e9tienne, afin que nous soyons porteurs de v\u00e9rit\u00e9, de lumi\u00e8re, de puret\u00e9, de bont\u00e9 et de beaut\u00e9 dans le monde.    <\/em><\/p><p><em>Seigneur, entends notre pri\u00e8re et guide-nous !<\/em><\/p><p><em>Dieu de gr\u00e2ce, nous venons \u00e0 toi, repentants de ne pas avoir su, en tant que chr\u00e9tiens, nous aimer les uns les autres comme tu l'attends. Souvent impuissants, nous acceptons l'injustice dans le monde, dans nos relations humaines et au sein de l'\u00c9glise. Nous te demandons pardon, purifie nos esprits et renouvelle nos c\u0153urs.  <\/em><\/p><p><em>Seigneur, entends notre pri\u00e8re et renouvelle-nous !<\/em><\/p><p><em>Dieu tout-puissant, nous t'en prions, mets fin aux guerres et rends la paix \u00e0 ton peuple, car tu aimes ta cr\u00e9ation. Prot\u00e8ge notre terre du mal et de la tromperie. Montre-nous ta puissance. Que ceux qui souffrent et subissent l'injustice sachent que leur espoir en toi n'a pas \u00e9t\u00e9 vain. Donne-leur l'esp\u00e9rance de la vie.    <\/em><\/p><p><em>Seigneur, entends notre pri\u00e8re et prot\u00e8ge-nous !<\/em><\/p><p><em>Vrai Dieu, juge la justice<\/em><em>  Sur ceux qui sont dirigeants et responsables, guide leurs d\u00e9cisions et leurs actions selon Tes lois. Aujourd'hui, nous prions pour les responsables politiques, \u00e9conomiques, culturels, \u00e9ducatifs et religieux. B\u00e9nis leur engagement pour le bien de tous.   <\/em><\/p><p><em>Seigneur, entends notre pri\u00e8re et b\u00e9nis-nous !<\/em><\/p><p><em>Dieu Saint,<\/em> <em>que ton \u00c9glise devienne forte dans la foi, l'esp\u00e9rance et l'amour, afin que nous puissions nous faire encore plus confiance et nous soutenir les uns les autres dans notre p\u00e8lerinage jusqu'\u00e0 ce que nous atteignions l'unit\u00e9 avec toi, le Dieu trinitaire saint \u2013 P\u00e8re, Fils et Saint-Esprit.<\/em> <\/p><p><em>Seigneur, exauce notre pri\u00e8re et r\u00e9jouis-nous !<\/em><\/p><p><strong><em>Les v\u00eapres communes auront lieu le vendredi 22 janvier 2026 \u00e0 18h45 \u00e0 la cath\u00e9drale Pierre-et-Paul de Tallinn. L'orateur sera l'archev\u00eaque Urmas Viilma de l'\u00c9glise orthodoxe estonienne.  <\/em><\/strong><\/p><\/div><\/div>\n        <\/section>\t\t\t\t<\/div>\n\t\t\t\t<\/div>\n\t\t\t\t<\/div>\n\t\t<div class=\"elementor-element elementor-element-3704b04 aux-appear-watch-animation aux-scale-down e-con-full e-flex e-con e-child\" data-id=\"3704b04\" data-element_type=\"container\" data-e-type=\"container\">\n\t\t\t\t<div class=\"elementor-element elementor-element-8db1082 elementor-widget elementor-widget-aux_image\" data-id=\"8db1082\" data-element_type=\"widget\" data-e-type=\"widget\" data-widget_type=\"aux_image.default\">\n\t\t\t\t<div class=\"elementor-widget-container\">\n\t\t\t\t\t<section class=\"widget-container aux-widget-image aux-alignnone aux-parent-auaea8cac7\">\n    <div class=\"aux-media-hint-frame \">\n        <div class=\"aux-media-image aux-hover-active\" >\n                    <a class=\"\" href=\"https:\/\/www.google.com\/maps\/d\/viewer?mid=1vqKuuAHgKelJv-myl9OeoDACotbMP2dc&#038;femb=1&#038;ll=20.282604320290368%2C35.25552336099179&#038;z=2\" data-elementor-open-lightbox=\"no\" data-original-width=\"496\" data-original-height=\"331\" data-caption=\"Pict1\" target=\"_self\"  >\n        \n            \n\n            \n            <img fetchpriority=\"high\" decoding=\"async\" width=\"496\" height=\"331\" src=\"data:image\/gif;base64,R0lGODlhAQABAIAAAAAAAP\/\/\/yH5BAEAAAAALAAAAAABAAEAAAIBRAA7\" class=\"aux-attachment aux-featured-image aux-attachment-id-4614 aux-preload aux-blank\" alt=\"Pict1\" data-ratio=\"1.5\" data-original-w=\"496\" data-src=\"https:\/\/dominiiklased.ee\/wp-content\/uploads\/2026\/01\/Picture1.jpg\" \/>            \n                    <\/a>\n                <\/div>\n    <\/div>\n\n<\/section><!-- widget-container -->\t\t\t\t<\/div>\n\t\t\t\t<\/div>\n\t\t\t\t<div class=\"elementor-element elementor-element-e1287bd elementor-widget elementor-widget-aux_modern_button\" data-id=\"e1287bd\" data-element_type=\"widget\" data-e-type=\"widget\" data-widget_type=\"aux_modern_button.default\">\n\t\t\t\t<div class=\"elementor-widget-container\">\n\t\t\t\t\t    <div class=\"aux-modern-button-wrapper aux-modern-button-align-left\" >\n                    <a class=\"aux-modern-button aux-white aux-modern-button-md aux-modern-button-normal aux-modern-button-default aux-icon-right\" href=\"https:\/\/dominiiklased.ee\/wp-content\/uploads\/2026\/01\/Palvenadal-2026.pdf\">\n                <div class=\"aux-overlay\"><\/div>\n                                    <div class=\"aux-icon \">\n                        <i aria-hidden=\"true\" class=\"fas fa-file-download\"><\/i>                    <\/div>\n                                <div class=\"aux-text\">\n<span class=\"aux-text-before\">Informations en estonien<\/span>                <\/div>\n            <\/a>\n            \n    <\/div>\n\n    \t\t\t\t<\/div>\n\t\t\t\t<\/div>\n\t\t\t\t<div class=\"elementor-element elementor-element-5159543 elementor-widget elementor-widget-aux_modern_button\" data-id=\"5159543\" data-element_type=\"widget\" data-e-type=\"widget\" data-widget_type=\"aux_modern_button.default\">\n\t\t\t\t<div class=\"elementor-widget-container\">\n\t\t\t\t\t    <div class=\"aux-modern-button-wrapper aux-modern-button-align-left\" >\n                    <a class=\"aux-modern-button aux-white aux-modern-button-md aux-modern-button-normal aux-modern-button-default aux-icon-right\" href=\"https:\/\/dominiiklased.ee\/wp-content\/uploads\/2026\/01\/Week-of-Prayer-2026.pdf\">\n                <div class=\"aux-overlay\"><\/div>\n                                    <div class=\"aux-icon \">\n                        <i aria-hidden=\"true\" class=\"fas fa-file-download\"><\/i>                    <\/div>\n                                <div class=\"aux-text\">\n<span class=\"aux-text-before\">Informations en anglais<\/span>                <\/div>\n            <\/a>\n            \n    <\/div>\n\n    \t\t\t\t<\/div>\n\t\t\t\t<\/div>\n\t\t\t\t<\/div>\n\t\t\t\t\t<\/div>\n\t\t\t\t<\/div>\n\t\t\t\t<\/div>\n\t\t","protected":false},"excerpt":{"rendered":"<p>18.-25. Janvier 2026 Semaine de pri\u00e8re pour l&rsquo;unit\u00e9 des chr\u00e9tiens Chaque ann\u00e9e, du 18 au 25 janvier, tous les chr\u00e9tiens sont invit\u00e9s \u00e0 participer \u00e0 la pri\u00e8re sacerdotale du Christ : \u00ab Je prie pour eux, afin que tous soient un, comme toi, P\u00e8re, tu es en moi et moi en toi, afin qu\u2019eux aussi [&hellip;]<\/p>\n","protected":false},"author":2,"featured_media":0,"parent":0,"menu_order":0,"comment_status":"closed","ping_status":"closed","template":"","meta":{"footnotes":""},"class_list":["post-4925","page","type-page","status-publish","hentry"],"_links":{"self":[{"href":"https:\/\/dominiiklased.ee\/fr\/wp-json\/wp\/v2\/pages\/4925","targetHints":{"allow":["GET"]}}],"collection":[{"href":"https:\/\/dominiiklased.ee\/fr\/wp-json\/wp\/v2\/pages"}],"about":[{"href":"https:\/\/dominiiklased.ee\/fr\/wp-json\/wp\/v2\/types\/page"}],"author":[{"embeddable":true,"href":"https:\/\/dominiiklased.ee\/fr\/wp-json\/wp\/v2\/users\/2"}],"replies":[{"embeddable":true,"href":"https:\/\/dominiiklased.ee\/fr\/wp-json\/wp\/v2\/comments?post=4925"}],"version-history":[{"count":1,"href":"https:\/\/dominiiklased.ee\/fr\/wp-json\/wp\/v2\/pages\/4925\/revisions"}],"predecessor-version":[{"id":4926,"href":"https:\/\/dominiiklased.ee\/fr\/wp-json\/wp\/v2\/pages\/4925\/revisions\/4926"}],"wp:attachment":[{"href":"https:\/\/dominiiklased.ee\/fr\/wp-json\/wp\/v2\/media?parent=4925"}],"curies":[{"name":"wp","href":"https:\/\/api.w.org\/{rel}","templated":true}]}}