{"id":4853,"date":"2026-03-21T07:10:39","date_gmt":"2026-03-21T05:10:39","guid":{"rendered":"https:\/\/dominiiklased.ee\/interview-avec-le-cardinal-timothy-radcliffe-op\/"},"modified":"2026-03-22T20:09:34","modified_gmt":"2026-03-22T18:09:34","slug":"interview-avec-le-cardinal-timothy-radcliffe-op","status":"publish","type":"page","link":"https:\/\/dominiiklased.ee\/fr\/interview-avec-le-cardinal-timothy-radcliffe-op\/","title":{"rendered":"Interview avec le cardinal Timothy Radcliffe OP"},"content":{"rendered":"\t\t<div data-elementor-type=\"wp-page\" data-elementor-id=\"4853\" class=\"elementor elementor-4853 elementor-4838\">\n\t\t\t\t<div class=\"aux-parallax-section elementor-element elementor-element-46e1247 e-flex e-con-boxed e-con e-parent\" data-id=\"46e1247\" data-element_type=\"container\" data-e-type=\"container\">\n\t\t\t\t\t<div class=\"e-con-inner\">\n\t\t<div class=\"elementor-element elementor-element-baae426 e-con-full e-flex e-con e-child\" data-id=\"baae426\" data-element_type=\"container\" data-e-type=\"container\">\n\t\t\t\t<div class=\"elementor-element elementor-element-ab98aaa aux-appear-watch-animation aux-fade-in-up elementor-widget elementor-widget-aux_modern_heading\" data-id=\"ab98aaa\" data-element_type=\"widget\" data-e-type=\"widget\" data-widget_type=\"aux_modern_heading.default\">\n\t\t\t\t<div class=\"elementor-widget-container\">\n\t\t\t\t\t<section class=\"aux-widget-modern-heading\">\n            <div class=\"aux-widget-inner\"><h2 class=\"aux-modern-heading-primary\">Mars 2026<\/h2><h3 class=\"aux-modern-heading-secondary\"><span class=\"aux-head-before\">Mettre en \u0153uvre la synodalit\u00e9 dans les \u00c9glises locales.<br>Entretien exclusif avec le cardinal Timothy Radcliffe OP.<\/span><\/h3><div class=\"aux-modern-heading-divider\"><\/div><div class=\"aux-modern-heading-description\"><p class=\"Textbody\">Le processus de r\u00e9flexion sur la synodalit\u00e9 dans l\u2019\u00c9glise, lanc\u00e9 par le d\u00e9funt pape Fran\u00e7ois, se poursuit.<\/p>\n<p class=\"Textbody\">Dans un premier temps, les \u00c9glises locales du monde entier ont fait part au synode de leurs id\u00e9es et de leurs attentes concernant la synodalit\u00e9. Puis, lors de deux assembl\u00e9es g\u00e9n\u00e9rales du synode au Vatican (2023 et 2024), les participants issus des \u00c9glises locales de tous les continents ont pris le temps de r\u00e9fl\u00e9chir ensemble sur le sujet.   <\/p>\n<p class=\"Textbody\">Au cours de cette phase du processus, le cardinal dominicain Timothy Radcliffe a jou\u00e9 un r\u00f4le particulier. Le pape Fran\u00e7ois l\u2019a invit\u00e9 \u00e0 proposer des m\u00e9ditations sur la synodalit\u00e9 aux participants des deux assembl\u00e9es g\u00e9n\u00e9rales. Maintenant que le synode au niveau de l\u2019\u00c9glise universelle est achev\u00e9, il appartient \u00e0 pr\u00e9sent aux \u00c9glises locales de mettre en \u0153uvre localement les conclusions du synode.  <\/p>\n<p class=\"Textbody\">Alors que la publication de la traduction en estonien des m\u00e9ditations sur la synodalit\u00e9 du cardinal Radcliffe est en pr\u00e9paration, l\u2019ancien ma\u00eetre de l\u2019Ordre des Pr\u00eacheurs a accord\u00e9 une interview au site web des Dominicains en Estonie. Au cours de cet entretien, il partage ses impressions sur ce processus, souligne son importance pour l\u2019avenir de l\u2019\u00c9glise et donne quelques conseils pour surmonter les r\u00e9sistances \u00e0 la synodalit\u00e9 au niveau local. <\/p>\n<p class=\"Textbody\"> <\/p><\/div><\/div>\n        <\/section>\t\t\t\t<\/div>\n\t\t\t\t<\/div>\n\t\t\t\t<\/div>\n\t\t<div class=\"elementor-element elementor-element-3704b04 aux-appear-watch-animation aux-scale-down e-con-full e-flex e-con e-child\" data-id=\"3704b04\" data-element_type=\"container\" data-e-type=\"container\">\n\t\t\t\t<div class=\"elementor-element elementor-element-3e4416a elementor-widget elementor-widget-text-editor\" data-id=\"3e4416a\" data-element_type=\"widget\" data-e-type=\"widget\" data-widget_type=\"text-editor.default\">\n\t\t\t\t<div class=\"elementor-widget-container\">\n\t\t\t\t\t\t\t\t\t<p>D\u00e9couvrez l\u2019entretien avec le cardinal Radcliffe, qui se termine par un message sp\u00e9cial adress\u00e9 au habitants de l\u2019Estonie :<\/p>\t\t\t\t\t\t\t\t<\/div>\n\t\t\t\t<\/div>\n\t\t\t\t<div class=\"elementor-element elementor-element-5c6de91 elementor-widget elementor-widget-video\" data-id=\"5c6de91\" data-element_type=\"widget\" data-e-type=\"widget\" data-settings=\"{&quot;youtube_url&quot;:&quot;https:\\\/\\\/youtu.be\\\/iq_libYfVTw&quot;,&quot;video_type&quot;:&quot;youtube&quot;,&quot;controls&quot;:&quot;yes&quot;}\" data-widget_type=\"video.default\">\n\t\t\t\t<div class=\"elementor-widget-container\">\n\t\t\t\t\t\t\t<div class=\"elementor-wrapper elementor-open-inline\">\n\t\t\t<div class=\"elementor-video\"><\/div>\t\t<\/div>\n\t\t\t\t\t\t<\/div>\n\t\t\t\t<\/div>\n\t\t\t\t<\/div>\n\t\t\t\t\t<\/div>\n\t\t\t\t<\/div>\n\t\t<div class=\"aux-parallax-section elementor-element elementor-element-0ad5122 e-flex e-con-boxed e-con e-parent\" data-id=\"0ad5122\" data-element_type=\"container\" data-e-type=\"container\">\n\t\t\t\t\t<div class=\"e-con-inner\">\n\t\t<div class=\"elementor-element elementor-element-4edfc4e aux-appear-watch-animation aux-fade-in-up e-con-full e-flex e-con e-child\" data-id=\"4edfc4e\" data-element_type=\"container\" data-e-type=\"container\" data-settings=\"{&quot;background_background&quot;:&quot;classic&quot;}\">\n\t\t<div class=\"elementor-element elementor-element-e9398bd e-grid e-con-boxed e-con e-child\" data-id=\"e9398bd\" data-element_type=\"container\" data-e-type=\"container\">\n\t\t\t\t\t<div class=\"e-con-inner\">\n\t\t\t\t<div class=\"elementor-element elementor-element-64fd735 elementor-widget elementor-widget-menu-anchor\" data-id=\"64fd735\" data-element_type=\"widget\" data-e-type=\"widget\" data-widget_type=\"menu-anchor.default\">\n\t\t\t\t<div class=\"elementor-widget-container\">\n\t\t\t\t\t\t\t<div class=\"elementor-menu-anchor\" id=\"donation\"><\/div>\n\t\t\t\t\t\t<\/div>\n\t\t\t\t<\/div>\n\t\t\t\t\t<\/div>\n\t\t\t\t<\/div>\n\t\t<div class=\"elementor-element elementor-element-ab623e3 e-grid e-con-full e-con e-child\" data-id=\"ab623e3\" data-element_type=\"container\" data-e-type=\"container\">\n\t\t\t\t<div class=\"elementor-element elementor-element-5b765bf elementor-widget elementor-widget-aux_modern_heading\" data-id=\"5b765bf\" data-element_type=\"widget\" data-e-type=\"widget\" data-widget_type=\"aux_modern_heading.default\">\n\t\t\t\t<div class=\"elementor-widget-container\">\n\t\t\t\t\t<section class=\"aux-widget-modern-heading\">\n            <div class=\"aux-widget-inner\"><h2 class=\"aux-modern-heading-primary\"><\/h2><h3 class=\"aux-modern-heading-secondary\"><span class=\"aux-head-before\">Pri\u00e8re de soutien<br> Mission dominicaine en Estonie<\/span><\/h3><\/div>\n        <\/section>\t\t\t\t<\/div>\n\t\t\t\t<\/div>\n\t\t\t\t<div class=\"elementor-element elementor-element-863050e elementor-align-center elementor-widget elementor-widget-button\" data-id=\"863050e\" data-element_type=\"widget\" data-e-type=\"widget\" data-widget_type=\"button.default\">\n\t\t\t\t<div class=\"elementor-widget-container\">\n\t\t\t\t\t\t\t\t\t<div class=\"elementor-button-wrapper\">\n\t\t\t\t\t<a class=\"elementor-button elementor-button-link elementor-size-sm\" href=\"https:\/\/swedbank.every-pay.eu\/lp\/z8bva6os5v\">\n\t\t\t\t\t\t<span class=\"elementor-button-content-wrapper\">\n\t\t\t\t\t\t<span class=\"elementor-button-icon\">\n\t\t\t\t<i aria-hidden=\"true\" class=\"fas fa-euro-sign\"><\/i>\t\t\t<\/span>\n\t\t\t\t\t\t\t\t\t<span class=\"elementor-button-text\">Don unique<\/span>\n\t\t\t\t\t<\/span>\n\t\t\t\t\t<\/a>\n\t\t\t\t<\/div>\n\t\t\t\t\t\t\t\t<\/div>\n\t\t\t\t<\/div>\n\t\t\t\t<\/div>\n\t\t\t\t<div class=\"elementor-element elementor-element-d3e60b3 elementor-widget__width-initial elementor-widget-mobile__width-initial elementor-widget elementor-widget-text-editor\" data-id=\"d3e60b3\" data-element_type=\"widget\" data-e-type=\"widget\" data-widget_type=\"text-editor.default\">\n\t\t\t\t<div class=\"elementor-widget-container\">\n\t\t\t\t\t\t\t\t\t<p>Aujourd\u2019hui, les Dominicains servent les Estoniens dans une soci\u00e9t\u00e9 profond\u00e9ment s\u00e9cularis\u00e9e, en proposant diverses initiatives pour apporter espoir et joie aux gens \u00e0 travers la foi catholique.<\/p><p>Des liturgies quotidiennes ont lieu dans la chapelle dominicaine. Des efforts sont d\u00e9ploy\u00e9s pour traduire et publier des \u0153uvres d&rsquo;auteurs dominicains. Des conf\u00e9renciers invit\u00e9s sont invit\u00e9s \u00e0 donner des conf\u00e9rences et \u00e0 participer \u00e0 des retraites. Un accompagnement spirituel personnalis\u00e9 et une pr\u00e9paration aux sacrements, dont le bapt\u00eame, sont propos\u00e9s. Un groupe de jeunes catholiques est ouvert aux nouveaux membres, etc.    <\/p><p>En 2025, les Dominicains, c&rsquo;est-\u00e0-dire les fr\u00e8res et les la\u00efcs de l&rsquo;Ordre des Pr\u00eacheurs, ont organis\u00e9 une lecture continue des noms de 22&nbsp;600 Estoniens morts sous la r\u00e9pression communiste, les 4 et 5 septembre 2025, en lien direct avec la b\u00e9atification de l&rsquo;archev\u00eaque Eduard Profittlich le 6 septembre. Cette lecture t\u00e9moigne de notre volont\u00e9 de tisser des liens avec toute la soci\u00e9t\u00e9 estonienne. Pour atteindre nos objectifs, nous avons besoin de vos pri\u00e8res et de votre soutien mat\u00e9riel.      <\/p><p>Nous sommes profond\u00e9ment reconnaissants pour chaque don et promettons de toujours vous garder dans nos pri\u00e8res !<\/p><p>Fr\u00e8re Alain Arnould OP<\/p>\t\t\t\t\t\t\t\t<\/div>\n\t\t\t\t<\/div>\n\t\t\t\t<div class=\"elementor-element elementor-element-2515e27 elementor-widget__width-initial elementor-widget-mobile__width-initial elementor-widget elementor-widget-text-editor\" data-id=\"2515e27\" data-element_type=\"widget\" data-e-type=\"widget\" data-widget_type=\"text-editor.default\">\n\t\t\t\t<div class=\"elementor-widget-container\">\n\t\t\t\t\t\t\t\t\t<p>Si vous le souhaitez, indiquez votre num\u00e9ro d&rsquo;identification personnel lors de votre don &#8211; cela vous permettra de d\u00e9clarer le don et de recevoir un remboursement d&rsquo;imp\u00f4t sur le montant du don.<\/p><p>L&rsquo;ONG figure sur la liste des organisations b\u00e9n\u00e9ficiant d&rsquo;avantages fiscaux.<\/p><p>Pour information :<a href=\"https:\/\/dominiiklased.ee\/fr\/conditions-de-don\/\"> conditions de don<\/a><\/p>\t\t\t\t\t\t\t\t<\/div>\n\t\t\t\t<\/div>\n\t\t\t\t<\/div>\n\t\t\t\t\t<\/div>\n\t\t\t\t<\/div>\n\t\t<div class=\"aux-parallax-section elementor-element elementor-element-df85672 e-flex e-con-boxed e-con e-parent\" data-id=\"df85672\" data-element_type=\"container\" data-e-type=\"container\">\n\t\t\t\t\t<div class=\"e-con-inner\">\n\t\t\t\t\t<\/div>\n\t\t\t\t<\/div>\n\t\t\t\t<\/div>\n\t\t","protected":false},"excerpt":{"rendered":"<p>Mars 2026 Mettre en \u0153uvre la synodalit\u00e9 dans les \u00c9glises locales.Entretien exclusif avec le cardinal Timothy Radcliffe OP. Le processus de r\u00e9flexion sur la synodalit\u00e9 dans l\u2019\u00c9glise, lanc\u00e9 par le d\u00e9funt pape Fran\u00e7ois, se poursuit. Dans un premier temps, les \u00c9glises locales du monde entier ont fait part au synode de leurs id\u00e9es et de [&hellip;]<\/p>\n","protected":false},"author":2,"featured_media":0,"parent":0,"menu_order":0,"comment_status":"closed","ping_status":"closed","template":"templates\/page-builder-content.php","meta":{"footnotes":""},"class_list":["post-4853","page","type-page","status-publish","hentry"],"_links":{"self":[{"href":"https:\/\/dominiiklased.ee\/fr\/wp-json\/wp\/v2\/pages\/4853","targetHints":{"allow":["GET"]}}],"collection":[{"href":"https:\/\/dominiiklased.ee\/fr\/wp-json\/wp\/v2\/pages"}],"about":[{"href":"https:\/\/dominiiklased.ee\/fr\/wp-json\/wp\/v2\/types\/page"}],"author":[{"embeddable":true,"href":"https:\/\/dominiiklased.ee\/fr\/wp-json\/wp\/v2\/users\/2"}],"replies":[{"embeddable":true,"href":"https:\/\/dominiiklased.ee\/fr\/wp-json\/wp\/v2\/comments?post=4853"}],"version-history":[{"count":4,"href":"https:\/\/dominiiklased.ee\/fr\/wp-json\/wp\/v2\/pages\/4853\/revisions"}],"predecessor-version":[{"id":4901,"href":"https:\/\/dominiiklased.ee\/fr\/wp-json\/wp\/v2\/pages\/4853\/revisions\/4901"}],"wp:attachment":[{"href":"https:\/\/dominiiklased.ee\/fr\/wp-json\/wp\/v2\/media?parent=4853"}],"curies":[{"name":"wp","href":"https:\/\/api.w.org\/{rel}","templated":true}]}}