{"id":4716,"date":"2025-09-25T05:17:13","date_gmt":"2025-09-25T02:17:13","guid":{"rendered":"https:\/\/dominiiklased.ee\/lecture-publique\/"},"modified":"2026-03-22T08:28:54","modified_gmt":"2026-03-22T06:28:54","slug":"lecture-publique","status":"publish","type":"page","link":"https:\/\/dominiiklased.ee\/fr\/lecture-publique\/","title":{"rendered":"lecture publique"},"content":{"rendered":"\t\t<div data-elementor-type=\"wp-page\" data-elementor-id=\"4716\" class=\"elementor elementor-4716 elementor-4429\">\n\t\t\t\t<div class=\"aux-parallax-section elementor-element elementor-element-46e1247 e-flex e-con-boxed e-con e-parent\" data-id=\"46e1247\" data-element_type=\"container\" data-e-type=\"container\">\n\t\t\t\t\t<div class=\"e-con-inner\">\n\t\t<div class=\"elementor-element elementor-element-3704b04 aux-appear-watch-animation aux-scale-down e-con-full e-flex e-con e-child\" data-id=\"3704b04\" data-element_type=\"container\" data-e-type=\"container\">\n\t\t<div class=\"elementor-element elementor-element-1a17ea2 e-con-full e-flex e-con e-child\" data-id=\"1a17ea2\" data-element_type=\"container\" data-e-type=\"container\" data-settings=\"{&quot;background_background&quot;:&quot;classic&quot;}\">\n\t\t\t\t<div class=\"elementor-element elementor-element-6e77d09 elementor-widget elementor-widget-heading\" data-id=\"6e77d09\" data-element_type=\"widget\" data-e-type=\"widget\" data-widget_type=\"heading.default\">\n\t\t\t\t<div class=\"elementor-widget-container\">\n\t\t\t\t\t<h2 class=\"elementor-heading-title elementor-size-default\">Enregistrements de diffusions en direct :<\/h2>\t\t\t\t<\/div>\n\t\t\t\t<\/div>\n\t\t<div class=\"elementor-element elementor-element-117922b e-grid e-con-full e-con e-child\" data-id=\"117922b\" data-element_type=\"container\" data-e-type=\"container\">\n\t\t\t\t<div class=\"elementor-element elementor-element-36df316 elementor-widget elementor-widget-aux_modern_button\" data-id=\"36df316\" data-element_type=\"widget\" data-e-type=\"widget\" data-widget_type=\"aux_modern_button.default\">\n\t\t\t\t<div class=\"elementor-widget-container\">\n\t\t\t\t\t    <div class=\"aux-modern-button-wrapper aux-modern-button-align-center\" >\n                    <a class=\"aux-modern-button aux-white aux-modern-button-sm aux-modern-button-normal aux-modern-button-default aux-icon-bottom\" href=\"https:\/\/www.youtube.com\/live\/L53TzkRM_qk\">\n                <div class=\"aux-overlay\"><\/div>\n                                    <div class=\"aux-icon \">\n                        <i aria-hidden=\"true\" class=\"fab fa-youtube\"><\/i>                    <\/div>\n                                <div class=\"aux-text\">\n<span class=\"aux-text-before\">Enregistrement partie 1<\/span>                <\/div>\n            <\/a>\n            \n    <\/div>\n\n    \t\t\t\t<\/div>\n\t\t\t\t<\/div>\n\t\t\t\t<div class=\"elementor-element elementor-element-71a63e7 elementor-widget elementor-widget-aux_modern_button\" data-id=\"71a63e7\" data-element_type=\"widget\" data-e-type=\"widget\" data-widget_type=\"aux_modern_button.default\">\n\t\t\t\t<div class=\"elementor-widget-container\">\n\t\t\t\t\t    <div class=\"aux-modern-button-wrapper aux-modern-button-align-center\" >\n                    <a class=\"aux-modern-button aux-white aux-modern-button-sm aux-modern-button-normal aux-modern-button-default aux-icon-bottom\" href=\"https:\/\/youtube.com\/live\/rUYbx53m2rY\">\n                <div class=\"aux-overlay\"><\/div>\n                                    <div class=\"aux-icon \">\n                        <i aria-hidden=\"true\" class=\"fab fa-youtube\"><\/i>                    <\/div>\n                                <div class=\"aux-text\">\n<span class=\"aux-text-before\">Enregistrement partie 2<\/span>                <\/div>\n            <\/a>\n            \n    <\/div>\n\n    \t\t\t\t<\/div>\n\t\t\t\t<\/div>\n\t\t\t\t<div class=\"elementor-element elementor-element-c4e2044 elementor-widget elementor-widget-aux_modern_button\" data-id=\"c4e2044\" data-element_type=\"widget\" data-e-type=\"widget\" data-widget_type=\"aux_modern_button.default\">\n\t\t\t\t<div class=\"elementor-widget-container\">\n\t\t\t\t\t    <div class=\"aux-modern-button-wrapper aux-modern-button-align-center\" >\n                    <a class=\"aux-modern-button aux-white aux-modern-button-sm aux-modern-button-normal aux-modern-button-default aux-icon-bottom\" href=\"https:\/\/youtube.com\/live\/92iPswS9fcM\">\n                <div class=\"aux-overlay\"><\/div>\n                                    <div class=\"aux-icon \">\n                        <i aria-hidden=\"true\" class=\"fab fa-youtube\"><\/i>                    <\/div>\n                                <div class=\"aux-text\">\n<span class=\"aux-text-before\">Enregistrement partie 3<\/span>                <\/div>\n            <\/a>\n            \n    <\/div>\n\n    \t\t\t\t<\/div>\n\t\t\t\t<\/div>\n\t\t\t\t<\/div>\n\t\t\t\t<div class=\"elementor-element elementor-element-3a5698e elementor-widget elementor-widget-heading\" data-id=\"3a5698e\" data-element_type=\"widget\" data-e-type=\"widget\" data-widget_type=\"heading.default\">\n\t\t\t\t<div class=\"elementor-widget-container\">\n\t\t\t\t\t<h2 class=\"elementor-heading-title elementor-size-default\"> <\/h2>\t\t\t\t<\/div>\n\t\t\t\t<\/div>\n\t\t\t\t<div class=\"elementor-element elementor-element-54fb674 elementor-widget elementor-widget-image\" data-id=\"54fb674\" data-element_type=\"widget\" data-e-type=\"widget\" data-widget_type=\"image.default\">\n\t\t\t\t<div class=\"elementor-widget-container\">\n\t\t\t\t\t\t\t\t\t\t\t\t\t\t\t<img fetchpriority=\"high\" decoding=\"async\" width=\"1024\" height=\"674\" src=\"https:\/\/dominiiklased.ee\/wp-content\/uploads\/2025\/09\/Final-est-1024x674.png\" class=\"attachment-large size-large wp-image-4361\" alt=\"\" \/>\t\t\t\t\t\t\t\t\t\t\t\t\t\t\t<\/div>\n\t\t\t\t<\/div>\n\t\t\t\t<\/div>\n\t\t\t\t<div class=\"elementor-element elementor-element-5c6de91 elementor-widget elementor-widget-video\" data-id=\"5c6de91\" data-element_type=\"widget\" data-e-type=\"widget\" data-settings=\"{&quot;youtube_url&quot;:&quot;https:\\\/\\\/youtu.be\\\/ndoXnIgwBrU&quot;,&quot;video_type&quot;:&quot;youtube&quot;,&quot;controls&quot;:&quot;yes&quot;}\" data-widget_type=\"video.default\">\n\t\t\t\t<div class=\"elementor-widget-container\">\n\t\t\t\t\t\t\t<div class=\"elementor-wrapper elementor-open-inline\">\n\t\t\t<div class=\"elementor-video\"><\/div>\t\t<\/div>\n\t\t\t\t\t\t<\/div>\n\t\t\t\t<\/div>\n\t\t\t\t<\/div>\n\t\t<div class=\"elementor-element elementor-element-baae426 e-con-full e-flex e-con e-child\" data-id=\"baae426\" data-element_type=\"container\" data-e-type=\"container\">\n\t\t\t\t<div class=\"elementor-element elementor-element-ab98aaa aux-appear-watch-animation aux-fade-in-up elementor-widget elementor-widget-aux_modern_heading\" data-id=\"ab98aaa\" data-element_type=\"widget\" data-e-type=\"widget\" data-widget_type=\"aux_modern_heading.default\">\n\t\t\t\t<div class=\"elementor-widget-container\">\n\t\t\t\t\t<section class=\"aux-widget-modern-heading\">\n            <div class=\"aux-widget-inner\"><h2 class=\"aux-modern-heading-primary\">4.-6. Septembre 2025<\/h2><h3 class=\"aux-modern-heading-secondary\"><span class=\"aux-head-before\">B\u00e9atification de l'archev\u00eaque Eduard Profittlich et comm\u00e9moration des victimes du communisme<\/span><\/h3><div class=\"aux-modern-heading-divider\"><\/div><div class=\"aux-modern-heading-description\"><p class=\"Standard\" style=\"text-align: justify\"><strong>Le 6 septembre 2025 \u00e0 11h00, l'\u00c9glise catholique romaine a solennellement b\u00e9atifi\u00e9 l'archev\u00eaque Eduard Profittlich (www.profittlich.eu) lors d'une messe c\u00e9l\u00e9br\u00e9e sur la place de l'H\u00f4tel de Ville de Tallinn<\/strong> . La b\u00e9atification est la premi\u00e8re \u00e9tape du processus de canonisation, selon la tradition catholique romaine. \u00c0 cette occasion historique, les fr\u00e8res de l'Ordre dominicain de Tallinn et les la\u00efcs de l'Ordre dominicain de Fra Angelico ont organis\u00e9 une lecture publique des noms de 22 600 hommes, femmes et enfants morts sous le r\u00e9gime communiste en Estonie durant l'occupation sovi\u00e9tique.  <\/p><p class=\"Standard\" style=\"text-align: justify\">Par cet \u00e9v\u00e9nement, les Dominicains, associ\u00e9s \u00e0 l'histoire estonienne depuis 1239, ont souhait\u00e9 comm\u00e9morer et honorer toutes les victimes d\u00e9c\u00e9d\u00e9es en Estonie et ailleurs sur le territoire de l'URSS, qui, comme l'archev\u00eaque Eduard Profittlich, ont souffert et p\u00e9ri sous la r\u00e9pression de l'occupation sovi\u00e9tique. La souffrance de ces victimes, quelles que soient leurs convictions religieuses, n'a pas \u00e9t\u00e9 oubli\u00e9e. Leur mort nous rappelle et nous appelle chacun \u00e0 la paix dans le monde d'aujourd'hui, o\u00f9 la justice, la libert\u00e9 et la dignit\u00e9 humaine sont loin d'\u00eatre garanties pour tous.  <\/p><p class=\"Standard\" style=\"text-align: justify\">La lecture des noms des Estoniens morts des suites des r\u00e9pressions \u00e9tait aussi une mani\u00e8re pour l'\u00c9glise catholique romaine d'exprimer sa profonde compassion envers le peuple estonien. En tant que chr\u00e9tiens, les Dominicains croient que chaque personne est cr\u00e9\u00e9e \u00e0 l'image de Dieu et, par cons\u00e9quent, digne de respect et d'amour.<br>Le 4 septembre 2025, pendant environ 21 heures, 180 lecteurs de tous horizons ont lu les noms de 22 600 victimes du communisme, identifi\u00e9es gr\u00e2ce au travail inlassable de Memento et de l'Institut estonien de la m\u00e9moire. <\/p><p class=\"Standard\" style=\"text-align: justify\">Cette c\u00e9r\u00e9monie comm\u00e9morative s'est d\u00e9roul\u00e9e dans la salle capitulaire du monast\u00e8re dominicain m\u00e9di\u00e9val de Tallinn. La lecture a \u00e9t\u00e9 retransmise en direct sur la cha\u00eene YouTube de l'Ordre dominicain, permettant ainsi \u00e0 tous ceux qui le souhaitaient, o\u00f9 qu'ils soient, de participer \u00e0 l'\u00e9v\u00e9nement. Chacun pouvait se rendre dans la cour du monast\u00e8re m\u00e9di\u00e9val dominicain de Tallinn pour allumer un cierge comm\u00e9moratif et\/ou d\u00e9poser des fleurs en m\u00e9moire des victimes.<br> \u00c0 la fin de la c\u00e9r\u00e9monie, la liste des victimes a \u00e9t\u00e9 solennellement emmen\u00e9e \u00e0 la cath\u00e9drale catholique romaine des Saints Pierre et Paul, o\u00f9 se tiendra la veille de la b\u00e9atification de l'archev\u00eaque Eduard Profittlich. <\/p><\/div><\/div>\n        <\/section>\t\t\t\t<\/div>\n\t\t\t\t<\/div>\n\t\t\t\t<div class=\"elementor-element elementor-element-8db1082 elementor-widget elementor-widget-aux_image\" data-id=\"8db1082\" data-element_type=\"widget\" data-e-type=\"widget\" data-widget_type=\"aux_image.default\">\n\t\t\t\t<div class=\"elementor-widget-container\">\n\t\t\t\t\t<section class=\"widget-container aux-widget-image aux-alignnone aux-parent-aubee8e40d\">\n    <div class=\"aux-media-hint-frame \">\n        <div class=\"aux-media-image \" >\n        \n            \n\n            \n            <img decoding=\"async\" width=\"700\" height=\"631\" src=\"data:image\/gif;base64,R0lGODlhAQABAIAAAAAAAP\/\/\/yH5BAEAAAAALAAAAAABAAEAAAIBRAA7\" class=\"aux-attachment aux-featured-image aux-attachment-id-1875 aux-preload aux-blank\" alt=\"Maarjama\u0308e1_\" data-ratio=\"1.11\" data-original-w=\"700\" data-src=\"https:\/\/dominiiklased.ee\/wp-content\/uploads\/2025\/03\/Maarjamae1_-e1743526402254.jpg\" \/>            \n                <\/div>\n    <\/div>\n\n<\/section><!-- widget-container -->\t\t\t\t<\/div>\n\t\t\t\t<\/div>\n\t\t\t\t<\/div>\n\t\t\t\t\t<\/div>\n\t\t\t\t<\/div>\n\t\t<div class=\"aux-parallax-section elementor-element elementor-element-0ad5122 e-flex e-con-boxed e-con e-parent\" data-id=\"0ad5122\" data-element_type=\"container\" data-e-type=\"container\">\n\t\t\t\t\t<div class=\"e-con-inner\">\n\t\t<div class=\"elementor-element elementor-element-4edfc4e aux-appear-watch-animation aux-fade-in-up e-con-full e-flex e-con e-child\" data-id=\"4edfc4e\" data-element_type=\"container\" data-e-type=\"container\" data-settings=\"{&quot;background_background&quot;:&quot;classic&quot;}\">\n\t\t<div class=\"elementor-element elementor-element-e9398bd e-grid e-con-boxed e-con e-child\" data-id=\"e9398bd\" data-element_type=\"container\" data-e-type=\"container\">\n\t\t\t\t\t<div class=\"e-con-inner\">\n\t\t\t\t<div class=\"elementor-element elementor-element-64fd735 elementor-widget elementor-widget-menu-anchor\" data-id=\"64fd735\" data-element_type=\"widget\" data-e-type=\"widget\" data-widget_type=\"menu-anchor.default\">\n\t\t\t\t<div class=\"elementor-widget-container\">\n\t\t\t\t\t\t\t<div class=\"elementor-menu-anchor\" id=\"donation\"><\/div>\n\t\t\t\t\t\t<\/div>\n\t\t\t\t<\/div>\n\t\t\t\t\t<\/div>\n\t\t\t\t<\/div>\n\t\t<div class=\"elementor-element elementor-element-ab623e3 e-grid e-con-full e-con e-child\" data-id=\"ab623e3\" data-element_type=\"container\" data-e-type=\"container\">\n\t\t\t\t<div class=\"elementor-element elementor-element-5b765bf elementor-widget elementor-widget-aux_modern_heading\" data-id=\"5b765bf\" data-element_type=\"widget\" data-e-type=\"widget\" data-widget_type=\"aux_modern_heading.default\">\n\t\t\t\t<div class=\"elementor-widget-container\">\n\t\t\t\t\t<section class=\"aux-widget-modern-heading\">\n            <div class=\"aux-widget-inner\"><h2 class=\"aux-modern-heading-primary\"><\/h2><h3 class=\"aux-modern-heading-secondary\"><span class=\"aux-head-before\">Pri\u00e8re de soutien<br> Mission dominicaine en Estonie<\/span><\/h3><\/div>\n        <\/section>\t\t\t\t<\/div>\n\t\t\t\t<\/div>\n\t\t\t\t<div class=\"elementor-element elementor-element-863050e elementor-align-center elementor-widget elementor-widget-button\" data-id=\"863050e\" data-element_type=\"widget\" data-e-type=\"widget\" data-widget_type=\"button.default\">\n\t\t\t\t<div class=\"elementor-widget-container\">\n\t\t\t\t\t\t\t\t\t<div class=\"elementor-button-wrapper\">\n\t\t\t\t\t<a class=\"elementor-button elementor-button-link elementor-size-sm\" href=\"https:\/\/swedbank.every-pay.eu\/lp\/z8bva6os5v\">\n\t\t\t\t\t\t<span class=\"elementor-button-content-wrapper\">\n\t\t\t\t\t\t<span class=\"elementor-button-icon\">\n\t\t\t\t<i aria-hidden=\"true\" class=\"fas fa-euro-sign\"><\/i>\t\t\t<\/span>\n\t\t\t\t\t\t\t\t\t<span class=\"elementor-button-text\">Don unique<\/span>\n\t\t\t\t\t<\/span>\n\t\t\t\t\t<\/a>\n\t\t\t\t<\/div>\n\t\t\t\t\t\t\t\t<\/div>\n\t\t\t\t<\/div>\n\t\t\t\t<\/div>\n\t\t\t\t<div class=\"elementor-element elementor-element-d3e60b3 elementor-widget__width-initial elementor-widget-mobile__width-initial elementor-widget elementor-widget-text-editor\" data-id=\"d3e60b3\" data-element_type=\"widget\" data-e-type=\"widget\" data-widget_type=\"text-editor.default\">\n\t\t\t\t<div class=\"elementor-widget-container\">\n\t\t\t\t\t\t\t\t\t<p>Aujourd\u2019hui, les Dominicains servent les Estoniens dans une soci\u00e9t\u00e9 profond\u00e9ment s\u00e9cularis\u00e9e, en proposant diverses initiatives pour apporter espoir et joie aux gens \u00e0 travers la foi catholique.<\/p><p>Des liturgies quotidiennes ont lieu dans la chapelle dominicaine. Des efforts sont d\u00e9ploy\u00e9s pour traduire et publier des \u0153uvres d&rsquo;auteurs dominicains. Des conf\u00e9renciers invit\u00e9s sont invit\u00e9s \u00e0 donner des conf\u00e9rences et \u00e0 participer \u00e0 des retraites. Un accompagnement spirituel personnalis\u00e9 et une pr\u00e9paration aux sacrements, dont le bapt\u00eame, sont propos\u00e9s. Un groupe de jeunes catholiques est ouvert aux nouveaux membres, etc.    <\/p><p>En 2025, les Dominicains, c&rsquo;est-\u00e0-dire les fr\u00e8res et les la\u00efcs de l&rsquo;Ordre des Pr\u00eacheurs, ont organis\u00e9 une lecture continue des noms de 22&nbsp;600 Estoniens morts sous la r\u00e9pression communiste, les 4 et 5 septembre 2025, en lien direct avec la b\u00e9atification de l&rsquo;archev\u00eaque Eduard Profittlich le 6 septembre. Cette lecture t\u00e9moigne de notre volont\u00e9 de tisser des liens avec toute la soci\u00e9t\u00e9 estonienne. Pour atteindre nos objectifs, nous avons besoin de vos pri\u00e8res et de votre soutien mat\u00e9riel.      <\/p><p>Nous sommes profond\u00e9ment reconnaissants pour chaque don et promettons de toujours vous garder dans nos pri\u00e8res !<\/p><p>Fr\u00e8re Alain Arnould OP<\/p>\t\t\t\t\t\t\t\t<\/div>\n\t\t\t\t<\/div>\n\t\t\t\t<div class=\"elementor-element elementor-element-2515e27 elementor-widget__width-initial elementor-widget-mobile__width-initial elementor-widget elementor-widget-text-editor\" data-id=\"2515e27\" data-element_type=\"widget\" data-e-type=\"widget\" data-widget_type=\"text-editor.default\">\n\t\t\t\t<div class=\"elementor-widget-container\">\n\t\t\t\t\t\t\t\t\t<p>Si vous le souhaitez, indiquez votre num\u00e9ro d&rsquo;identification personnel lors de votre don &#8211; cela vous permettra de d\u00e9clarer le don et de recevoir un remboursement d&rsquo;imp\u00f4t sur le montant du don.<\/p><p>L&rsquo;ONG figure sur la liste des organisations b\u00e9n\u00e9ficiant d&rsquo;avantages fiscaux.<\/p><p>Pour information :<a href=\"https:\/\/dominiiklased.ee\/fr\/conditions-de-don\/\"> conditions de don<\/a><\/p>\t\t\t\t\t\t\t\t<\/div>\n\t\t\t\t<\/div>\n\t\t\t\t<\/div>\n\t\t\t\t\t<\/div>\n\t\t\t\t<\/div>\n\t\t<div class=\"aux-parallax-section elementor-element elementor-element-df85672 e-flex e-con-boxed e-con e-parent\" data-id=\"df85672\" data-element_type=\"container\" data-e-type=\"container\">\n\t\t\t\t\t<div class=\"e-con-inner\">\n\t\t\t\t\t<\/div>\n\t\t\t\t<\/div>\n\t\t\t\t<\/div>\n\t\t","protected":false},"excerpt":{"rendered":"<p>Enregistrements de diffusions en direct : Enregistrement partie 1 Enregistrement partie 2 Enregistrement partie 3 4.-6. Septembre 2025 B\u00e9atification de l&rsquo;archev\u00eaque Eduard Profittlich et comm\u00e9moration des victimes du communisme Le 6 septembre 2025 \u00e0 11h00, l&rsquo;\u00c9glise catholique romaine a solennellement b\u00e9atifi\u00e9 l&rsquo;archev\u00eaque Eduard Profittlich (www.profittlich.eu) lors d&rsquo;une messe c\u00e9l\u00e9br\u00e9e sur la place de l&rsquo;H\u00f4tel de [&hellip;]<\/p>\n","protected":false},"author":2,"featured_media":0,"parent":0,"menu_order":0,"comment_status":"closed","ping_status":"closed","template":"templates\/page-builder-content.php","meta":{"footnotes":""},"class_list":["post-4716","page","type-page","status-publish","hentry"],"_links":{"self":[{"href":"https:\/\/dominiiklased.ee\/fr\/wp-json\/wp\/v2\/pages\/4716","targetHints":{"allow":["GET"]}}],"collection":[{"href":"https:\/\/dominiiklased.ee\/fr\/wp-json\/wp\/v2\/pages"}],"about":[{"href":"https:\/\/dominiiklased.ee\/fr\/wp-json\/wp\/v2\/types\/page"}],"author":[{"embeddable":true,"href":"https:\/\/dominiiklased.ee\/fr\/wp-json\/wp\/v2\/users\/2"}],"replies":[{"embeddable":true,"href":"https:\/\/dominiiklased.ee\/fr\/wp-json\/wp\/v2\/comments?post=4716"}],"version-history":[{"count":3,"href":"https:\/\/dominiiklased.ee\/fr\/wp-json\/wp\/v2\/pages\/4716\/revisions"}],"predecessor-version":[{"id":4889,"href":"https:\/\/dominiiklased.ee\/fr\/wp-json\/wp\/v2\/pages\/4716\/revisions\/4889"}],"wp:attachment":[{"href":"https:\/\/dominiiklased.ee\/fr\/wp-json\/wp\/v2\/media?parent=4716"}],"curies":[{"name":"wp","href":"https:\/\/api.w.org\/{rel}","templated":true}]}}