{"id":3781,"date":"2025-08-28T22:29:33","date_gmt":"2025-08-28T19:29:33","guid":{"rendered":"https:\/\/dominiiklased.ee\/soutien\/"},"modified":"2025-11-27T09:55:50","modified_gmt":"2025-11-27T07:55:50","slug":"soutien","status":"publish","type":"page","link":"https:\/\/dominiiklased.ee\/fr\/soutien\/","title":{"rendered":"Soutien"},"content":{"rendered":"\t\t<div data-elementor-type=\"wp-post\" data-elementor-id=\"3781\" class=\"elementor elementor-3781 elementor-3239\">\n\t\t\t\t<div class=\"aux-parallax-section elementor-element elementor-element-ce938d7 e-flex e-con-boxed e-con e-parent\" data-id=\"ce938d7\" data-element_type=\"container\" data-e-type=\"container\" data-settings=\"{&quot;background_background&quot;:&quot;classic&quot;}\">\n\t\t\t\t\t<div class=\"e-con-inner\">\n\t\t<div class=\"elementor-element elementor-element-f480499 e-con-full e-flex e-con e-child\" data-id=\"f480499\" data-element_type=\"container\" data-e-type=\"container\" data-settings=\"{&quot;background_background&quot;:&quot;classic&quot;}\">\n\t\t\t\t<div class=\"elementor-element elementor-element-3a24f96 elementor-widget-mobile__width-initial elementor-widget__width-initial elementor-widget elementor-widget-menu-anchor\" data-id=\"3a24f96\" data-element_type=\"widget\" data-e-type=\"widget\" data-widget_type=\"menu-anchor.default\">\n\t\t\t\t<div class=\"elementor-widget-container\">\n\t\t\t\t\t\t\t<div class=\"elementor-menu-anchor\" id=\"soutien\"><\/div>\n\t\t\t\t\t\t<\/div>\n\t\t\t\t<\/div>\n\t\t<div class=\"elementor-element elementor-element-0b84918 aux-appear-watch-animation aux-fade-in-up e-con-full e-flex e-con e-child\" data-id=\"0b84918\" data-element_type=\"container\" data-e-type=\"container\">\n\t\t<div class=\"elementor-element elementor-element-e1c8a3d e-grid e-con-boxed e-con e-child\" data-id=\"e1c8a3d\" data-element_type=\"container\" data-e-type=\"container\">\n\t\t\t\t\t<div class=\"e-con-inner\">\n\t\t\t\t<div class=\"elementor-element elementor-element-5e9a70d elementor-widget elementor-widget-aux_modern_heading\" data-id=\"5e9a70d\" data-element_type=\"widget\" data-e-type=\"widget\" data-widget_type=\"aux_modern_heading.default\">\n\t\t\t\t<div class=\"elementor-widget-container\">\n\t\t\t\t\t<section class=\"aux-widget-modern-heading\">\n            <div class=\"aux-widget-inner\"><h2 class=\"aux-modern-heading-primary\"><\/h2><h3 class=\"aux-modern-heading-secondary\"><span class=\"aux-head-before\">Pri\u00e8re pour soutenir la mission dominicaine en Estonie :<\/span><\/h3><\/div>\n        <\/section>\t\t\t\t<\/div>\n\t\t\t\t<\/div>\n\t\t\t\t\t<\/div>\n\t\t\t\t<\/div>\n\t\t<div class=\"elementor-element elementor-element-c738640 e-grid e-con-full e-con e-child\" data-id=\"c738640\" data-element_type=\"container\" data-e-type=\"container\">\n\t\t\t\t<div class=\"elementor-element elementor-element-ba8bcee elementor-align-center elementor-widget elementor-widget-button\" data-id=\"ba8bcee\" data-element_type=\"widget\" data-e-type=\"widget\" data-widget_type=\"button.default\">\n\t\t\t\t<div class=\"elementor-widget-container\">\n\t\t\t\t\t\t\t\t\t<div class=\"elementor-button-wrapper\">\n\t\t\t\t\t<a class=\"elementor-button elementor-button-link elementor-size-sm\" href=\"https:\/\/swedbank.every-pay.eu\/lp\/z8bva6os5v\">\n\t\t\t\t\t\t<span class=\"elementor-button-content-wrapper\">\n\t\t\t\t\t\t<span class=\"elementor-button-icon\">\n\t\t\t\t<i aria-hidden=\"true\" class=\"fas fa-euro-sign\"><\/i>\t\t\t<\/span>\n\t\t\t\t\t\t\t\t\t<span class=\"elementor-button-text\">Don unique<\/span>\n\t\t\t\t\t<\/span>\n\t\t\t\t\t<\/a>\n\t\t\t\t<\/div>\n\t\t\t\t\t\t\t\t<\/div>\n\t\t\t\t<\/div>\n\t\t\t\t<\/div>\n\t\t\t\t<div class=\"elementor-element elementor-element-c96b254 elementor-widget elementor-widget-text-editor\" data-id=\"c96b254\" data-element_type=\"widget\" data-e-type=\"widget\" data-widget_type=\"text-editor.default\">\n\t\t\t\t<div class=\"elementor-widget-container\">\n\t\t\t\t\t\t\t\t\t<p>Aujourd\u2019hui, les Dominicains servent les Estoniens dans une soci\u00e9t\u00e9 profond\u00e9ment s\u00e9cularis\u00e9e, en proposant diverses initiatives pour apporter espoir et joie aux gens \u00e0 travers la foi catholique.<\/p><p>Des liturgies quotidiennes ont lieu dans la chapelle dominicaine. Des efforts sont d\u00e9ploy\u00e9s pour traduire et publier des \u0153uvres d&rsquo;auteurs dominicains. Des conf\u00e9renciers invit\u00e9s sont invit\u00e9s \u00e0 donner des conf\u00e9rences et \u00e0 participer \u00e0 des retraites. Un accompagnement spirituel personnalis\u00e9 et une pr\u00e9paration aux sacrements, dont le bapt\u00eame, sont propos\u00e9s. Un groupe de jeunes catholiques est ouvert aux nouveaux membres, etc.    <\/p><p>En 2025, les Dominicains, fr\u00e8res et la\u00efcs de l&rsquo;Ordre des Pr\u00eacheurs, organiseront une lecture continue des noms de 22 600 Estoniens morts des suites de la r\u00e9pression communiste les 4 et 5 septembre 2025, en lien direct avec la b\u00e9atification de l&rsquo;archev\u00eaque Eduard Profittlich le 6 septembre. Cette lecture illustre une fois de plus notre volont\u00e9 de tisser des liens avec l&rsquo;ensemble de la soci\u00e9t\u00e9 estonienne. Pour atteindre ces objectifs, nous avons besoin de vos pri\u00e8res et de votre soutien mat\u00e9riel.      <\/p><p>Nous sommes profond\u00e9ment reconnaissants pour chaque don et promettons de toujours vous garder dans nos pri\u00e8res !<\/p><p>Fr\u00e8re Alain Arnould OP<\/p>\t\t\t\t\t\t\t\t<\/div>\n\t\t\t\t<\/div>\n\t\t\t\t<div class=\"elementor-element elementor-element-d84af7b elementor-widget__width-initial elementor-widget elementor-widget-text-editor\" data-id=\"d84af7b\" data-element_type=\"widget\" data-e-type=\"widget\" data-widget_type=\"text-editor.default\">\n\t\t\t\t<div class=\"elementor-widget-container\">\n\t\t\t\t\t\t\t\t\t<p>Si vous le souhaitez, indiquez votre num\u00e9ro d&rsquo;identification personnel lors de votre don &#8211; cela vous permettra de d\u00e9clarer le don et de recevoir un remboursement d&rsquo;imp\u00f4t sur le montant du don.<\/p><p>L&rsquo;ONG figure sur la liste des organisations b\u00e9n\u00e9ficiant d&rsquo;avantages fiscaux.<\/p><p>Pour information :<a href=\"https:\/\/dominiiklased.ee\/fr\/conditions-de-don\/\"> conditions de don<\/a><\/p>\t\t\t\t\t\t\t\t<\/div>\n\t\t\t\t<\/div>\n\t\t\t\t<\/div>\n\t\t\t\t<\/div>\n\t\t\t\t\t<\/div>\n\t\t\t\t<\/div>\n\t\t<div class=\"aux-parallax-section elementor-element elementor-element-eb12a18 e-flex e-con-boxed e-con e-parent\" data-id=\"eb12a18\" data-element_type=\"container\" data-e-type=\"container\" data-settings=\"{&quot;background_background&quot;:&quot;classic&quot;}\">\n\t\t\t\t\t<div class=\"e-con-inner\">\n\t\t<div class=\"elementor-element elementor-element-0a77e71 e-con-full e-flex e-con e-child\" data-id=\"0a77e71\" data-element_type=\"container\" data-e-type=\"container\" data-settings=\"{&quot;background_background&quot;:&quot;classic&quot;}\">\n\t\t\t\t<div class=\"elementor-element elementor-element-1c8749f elementor-widget-mobile__width-initial elementor-widget elementor-widget-menu-anchor\" data-id=\"1c8749f\" data-element_type=\"widget\" data-e-type=\"widget\" data-widget_type=\"menu-anchor.default\">\n\t\t\t\t<div class=\"elementor-widget-container\">\n\t\t\t\t\t\t\t<div class=\"elementor-menu-anchor\" id=\"soutien\"><\/div>\n\t\t\t\t\t\t<\/div>\n\t\t\t\t<\/div>\n\t\t<div class=\"elementor-element elementor-element-726476c aux-appear-watch-animation aux-fade-in-up e-con-full e-flex e-con e-child\" data-id=\"726476c\" data-element_type=\"container\" data-e-type=\"container\">\n\t\t\t\t<div class=\"elementor-element elementor-element-72a8159 elementor-widget elementor-widget-aux_modern_button\" data-id=\"72a8159\" data-element_type=\"widget\" data-e-type=\"widget\" data-widget_type=\"aux_modern_button.default\">\n\t\t\t\t<div class=\"elementor-widget-container\">\n\t\t\t\t\t    <div class=\"aux-modern-button-wrapper aux-modern-button-align-center\" >\n                    <a class=\"aux-modern-button aux-black aux-modern-button-md aux-modern-button-normal aux-modern-button-default aux-icon-\" href=\"https:\/\/dominiiklased.ee\/annetustingimused\/\">\n                <div class=\"aux-overlay\"><\/div>\n                                    <div class=\"aux-icon \">\n                                            <\/div>\n                                <div class=\"aux-text\">\n<span class=\"aux-text-before\">Conditions de don<\/span>                <\/div>\n            <\/a>\n            \n    <\/div>\n\n    \t\t\t\t<\/div>\n\t\t\t\t<\/div>\n\t\t\t\t<div class=\"elementor-element elementor-element-dc1e77c elementor-widget elementor-widget-aux_modern_button\" data-id=\"dc1e77c\" data-element_type=\"widget\" data-e-type=\"widget\" data-widget_type=\"aux_modern_button.default\">\n\t\t\t\t<div class=\"elementor-widget-container\">\n\t\t\t\t\t    <div class=\"aux-modern-button-wrapper aux-modern-button-align-center\" >\n                    <a class=\"aux-modern-button aux-black aux-modern-button-md aux-modern-button-normal aux-modern-button-default aux-icon-\" href=\"https:\/\/dominiiklased.ee\/privaatsustingimused\/\">\n                <div class=\"aux-overlay\"><\/div>\n                                    <div class=\"aux-icon \">\n                                            <\/div>\n                                <div class=\"aux-text\">\n<span class=\"aux-text-before\">politique de confidentialit\u00e9<\/span>                <\/div>\n            <\/a>\n            \n    <\/div>\n\n    \t\t\t\t<\/div>\n\t\t\t\t<\/div>\n\t\t\t\t<\/div>\n\t\t<div class=\"elementor-element elementor-element-b3c44ce aux-appear-watch-animation aux-fade-in-up-1 e-con-full e-flex e-con e-child\" data-id=\"b3c44ce\" data-element_type=\"container\" data-e-type=\"container\">\n\t\t\t\t<div class=\"elementor-element elementor-element-96563a8 elementor-widget__width-initial elementor-widget elementor-widget-text-editor\" data-id=\"96563a8\" data-element_type=\"widget\" data-e-type=\"widget\" data-widget_type=\"text-editor.default\">\n\t\t\t\t<div class=\"elementor-widget-container\">\n\t\t\t\t\t\t\t\t\t<div><strong>MT\u00dc<\/strong> <strong>DOMINIKAANI VENDADE ORDU KLOOSTER TALLINNAS<\/strong> <\/div><p><span class=\"margin\"><span class=\"margin\">M\u00fc\u00fcrivahe 33-11<\/span><br>10140 Tallinn<\/span><br>Eesti<\/p><p><strong>Num\u00e9ro d&rsquo;enregistrement : 80216197<\/strong><\/p><p><span class=\"margin\"><span class=\"margin\">SWEDBANK AS<\/span><br> SWIFT\/BIC:HABAEE2X<\/span><br> IBAN : EE77 2200 2210 1673 5627<\/p>\t\t\t\t\t\t\t\t<\/div>\n\t\t\t\t<\/div>\n\t\t\t\t<\/div>\n\t\t\t\t<\/div>\n\t\t\t\t\t<\/div>\n\t\t\t\t<\/div>\n\t\t<div class=\"aux-parallax-section elementor-element elementor-element-02af5a5 e-flex e-con-boxed e-con e-parent\" data-id=\"02af5a5\" data-element_type=\"container\" data-e-type=\"container\">\n\t\t\t\t\t<div class=\"e-con-inner\">\n\t\t\t\t\t<\/div>\n\t\t\t\t<\/div>\n\t\t\t\t<\/div>\n\t\t","protected":false},"excerpt":{"rendered":"<p>Pri\u00e8re pour soutenir la mission dominicaine en Estonie : Don unique Aujourd\u2019hui, les Dominicains servent les Estoniens dans une soci\u00e9t\u00e9 profond\u00e9ment s\u00e9cularis\u00e9e, en proposant diverses initiatives pour apporter espoir et joie aux gens \u00e0 travers la foi catholique. Des liturgies quotidiennes ont lieu dans la chapelle dominicaine. Des efforts sont d\u00e9ploy\u00e9s pour traduire et publier [&hellip;]<\/p>\n","protected":false},"author":2,"featured_media":0,"parent":0,"menu_order":0,"comment_status":"closed","ping_status":"closed","template":"templates\/page-builder-content.php","meta":{"footnotes":""},"class_list":["post-3781","page","type-page","status-publish","hentry"],"_links":{"self":[{"href":"https:\/\/dominiiklased.ee\/fr\/wp-json\/wp\/v2\/pages\/3781","targetHints":{"allow":["GET"]}}],"collection":[{"href":"https:\/\/dominiiklased.ee\/fr\/wp-json\/wp\/v2\/pages"}],"about":[{"href":"https:\/\/dominiiklased.ee\/fr\/wp-json\/wp\/v2\/types\/page"}],"author":[{"embeddable":true,"href":"https:\/\/dominiiklased.ee\/fr\/wp-json\/wp\/v2\/users\/2"}],"replies":[{"embeddable":true,"href":"https:\/\/dominiiklased.ee\/fr\/wp-json\/wp\/v2\/comments?post=3781"}],"version-history":[{"count":9,"href":"https:\/\/dominiiklased.ee\/fr\/wp-json\/wp\/v2\/pages\/3781\/revisions"}],"predecessor-version":[{"id":4537,"href":"https:\/\/dominiiklased.ee\/fr\/wp-json\/wp\/v2\/pages\/3781\/revisions\/4537"}],"wp:attachment":[{"href":"https:\/\/dominiiklased.ee\/fr\/wp-json\/wp\/v2\/media?parent=3781"}],"curies":[{"name":"wp","href":"https:\/\/api.w.org\/{rel}","templated":true}]}}