{"id":3735,"date":"2025-08-30T14:59:36","date_gmt":"2025-08-30T11:59:36","guid":{"rendered":"https:\/\/dominiiklased.ee\/conditions-de-don\/"},"modified":"2025-09-03T22:00:39","modified_gmt":"2025-09-03T19:00:39","slug":"conditions-de-don","status":"publish","type":"page","link":"https:\/\/dominiiklased.ee\/fr\/conditions-de-don\/","title":{"rendered":"Conditions de don"},"content":{"rendered":"\t\t<div data-elementor-type=\"wp-page\" data-elementor-id=\"3735\" class=\"elementor elementor-3735 elementor-3287\">\n\t\t\t\t<div class=\"aux-parallax-section elementor-element elementor-element-144828e7 e-con-full e-flex e-con e-parent\" data-id=\"144828e7\" data-element_type=\"container\" data-e-type=\"container\">\n\t\t\t\t<div class=\"elementor-element elementor-element-9c745f7 elementor-widget elementor-widget-aux_modern_heading\" data-id=\"9c745f7\" data-element_type=\"widget\" data-e-type=\"widget\" data-widget_type=\"aux_modern_heading.default\">\n\t\t\t\t<div class=\"elementor-widget-container\">\n\t\t\t\t\t<section class=\"aux-widget-modern-heading\">\n            <div class=\"aux-widget-inner\"><h2 class=\"aux-modern-heading-primary\">Conditions de don<\/h2><div class=\"aux-modern-heading-divider\"><\/div><div class=\"aux-modern-heading-description\"><p><strong>Conditions g\u00e9n\u00e9rales<\/strong><\/p><p>Les dons faits \u00e0 DOMINIKAANI VENDADE ORDU KLOOSTER TALLINNAS MT\u00dc sont utilis\u00e9s pour soutenir les frais de fonctionnement - l'entretien des b\u00e2timents, etc. n\u00e9cessitent un soutien financier.<br>Vous pouvez faire un don ponctuel ou mensuel. Vous pouvez \u00e9galement effectuer un don directement depuis votre banque en ligne ou en agence. Pour un don plus pratique, vous pouvez utiliser l'espace don ici.<br>Lorsque vous effectuez un don unique dans cet environnement de don, vous serez dirig\u00e9 vers un formulaire de paiement bancaire en ligne ou par carte de cr\u00e9dit avec les d\u00e9tails de don pr\u00e9-remplis que vous avez s\u00e9lectionn\u00e9s, ce qui vous fait gagner du temps et r\u00e9duit les risques d'erreurs lors de la saisie des donn\u00e9es.<br>La devise du don est l'euro. <\/p><p>L'imp\u00f4t sur le revenu peut \u00eatre r\u00e9cup\u00e9r\u00e9 sur les dons faits \u00e0 DOMINIKAANI VENDADE ORDU KLOOSTER TALLINNAS MT\u00dc.<br>Si vous souhaitez recevoir un remboursement de l'imp\u00f4t sur le revenu sur les dons faits au DOMINIKAANI VENDADE ORDU KLOOSTER TALLINNAS MT\u00dc, veuillez nous informer de cette demande par e-mail (dominiiklased@gmail.com) au plus tard le 1er janvier de l'ann\u00e9e suivante. <\/p><p>DOMINIKAANI VENDADE ORDU KLOOSTER TALLINNAS MT\u00dc transmettra les donn\u00e9es de don des personnes souhaitant recevoir un remboursement d'imp\u00f4t sur le revenu au Conseil des imp\u00f4ts au plus tard le 1er f\u00e9vrier. <\/p><p>DOMINIKAANI VENDADE ORDU KLOOSTER TALLINNAS MT\u00dc ne rembourse pas les dons. Avant de faire un don, veuillez vous assurer que le montant et les informations sont corrects. Si vous avez fait un don par erreur ou que vous avez fait une erreur de saisie du montant, veuillez nous contacter \u00e0 l'adresse dominiiklased@gmail.com.  <\/p><\/div><\/div>\n        <\/section>\t\t\t\t<\/div>\n\t\t\t\t<\/div>\n\t\t\t\t<\/div>\n\t\t\t\t<\/div>\n\t\t","protected":false},"excerpt":{"rendered":"<p>Conditions de don Conditions g\u00e9n\u00e9rales Les dons faits \u00e0 DOMINIKAANI VENDADE ORDU KLOOSTER TALLINNAS MT\u00dc sont utilis\u00e9s pour soutenir les frais de fonctionnement &#8211; l&rsquo;entretien des b\u00e2timents, etc. n\u00e9cessitent un soutien financier.Vous pouvez faire un don ponctuel ou mensuel. Vous pouvez \u00e9galement effectuer un don directement depuis votre banque en ligne ou en agence. Pour [&hellip;]<\/p>\n","protected":false},"author":2,"featured_media":0,"parent":0,"menu_order":0,"comment_status":"closed","ping_status":"open","template":"","meta":{"footnotes":""},"class_list":["post-3735","page","type-page","status-publish","hentry"],"_links":{"self":[{"href":"https:\/\/dominiiklased.ee\/fr\/wp-json\/wp\/v2\/pages\/3735","targetHints":{"allow":["GET"]}}],"collection":[{"href":"https:\/\/dominiiklased.ee\/fr\/wp-json\/wp\/v2\/pages"}],"about":[{"href":"https:\/\/dominiiklased.ee\/fr\/wp-json\/wp\/v2\/types\/page"}],"author":[{"embeddable":true,"href":"https:\/\/dominiiklased.ee\/fr\/wp-json\/wp\/v2\/users\/2"}],"replies":[{"embeddable":true,"href":"https:\/\/dominiiklased.ee\/fr\/wp-json\/wp\/v2\/comments?post=3735"}],"version-history":[{"count":7,"href":"https:\/\/dominiiklased.ee\/fr\/wp-json\/wp\/v2\/pages\/3735\/revisions"}],"predecessor-version":[{"id":4126,"href":"https:\/\/dominiiklased.ee\/fr\/wp-json\/wp\/v2\/pages\/3735\/revisions\/4126"}],"wp:attachment":[{"href":"https:\/\/dominiiklased.ee\/fr\/wp-json\/wp\/v2\/media?parent=3735"}],"curies":[{"name":"wp","href":"https:\/\/api.w.org\/{rel}","templated":true}]}}