{"id":2847,"date":"2025-07-03T22:38:59","date_gmt":"2025-07-03T19:38:59","guid":{"rendered":"https:\/\/dominiiklased.ee\/groupe-pier-giorgio-frassati\/"},"modified":"2025-08-31T17:25:14","modified_gmt":"2025-08-31T14:25:14","slug":"groupe-pier-giorgio-frassati","status":"publish","type":"page","link":"https:\/\/dominiiklased.ee\/fr\/groupe-pier-giorgio-frassati\/","title":{"rendered":"Groupe Pier Giorgio Frassati"},"content":{"rendered":"\t\t<div data-elementor-type=\"wp-page\" data-elementor-id=\"2847\" class=\"elementor elementor-2847 elementor-2752\">\n\t\t\t\t<div class=\"aux-parallax-section elementor-element elementor-element-46e1247 e-flex e-con-boxed e-con e-parent\" data-id=\"46e1247\" data-element_type=\"container\" data-e-type=\"container\">\n\t\t\t\t\t<div class=\"e-con-inner\">\n\t\t<div class=\"elementor-element elementor-element-baae426 e-con-full e-flex e-con e-child\" data-id=\"baae426\" data-element_type=\"container\" data-e-type=\"container\">\n\t\t\t\t<div class=\"elementor-element elementor-element-ab98aaa aux-appear-watch-animation aux-fade-in-up elementor-widget elementor-widget-aux_modern_heading\" data-id=\"ab98aaa\" data-element_type=\"widget\" data-e-type=\"widget\" data-widget_type=\"aux_modern_heading.default\">\n\t\t\t\t<div class=\"elementor-widget-container\">\n\t\t\t\t\t<section class=\"aux-widget-modern-heading\">\n            <div class=\"aux-widget-inner\"><h2 class=\"aux-modern-heading-primary\">Dominicains en Estonie<\/h2><h3 class=\"aux-modern-heading-secondary\"><span class=\"aux-head-before\">Groupe Pier Giorgio Frassati<\/span><\/h3><div class=\"aux-modern-heading-divider\"><\/div><div class=\"aux-modern-heading-description\"><p>Le jeune saint la\u00efc dominicain Pier Giorgio Frassati (1901-1925) a donn\u00e9 son nom \u00e0 un groupe de jeunes professionnels anglophones qui se r\u00e9unissent le premier jeudi soir de chaque mois (voir calendrier) au monast\u00e8re dominicain de Tallinn. Chaque r\u00e9union comprend une pri\u00e8re, une discussion sur des sujets chr\u00e9tiens et un repas. <\/p><p><br>Si vous avez moins de 35 ans, que vous parlez anglais (que vous soyez estonien ou \u00e9tranger) et que vous \u00eates int\u00e9ress\u00e9 \u00e0 grandir dans la foi chr\u00e9tienne, n'h\u00e9sitez pas \u00e0 contacter le fr\u00e8re Alain : <a href=\"mailto:aefmgarnould@gmail.com\">aefmgarnould@gmail.com<\/a> .<\/p><p><br>Th\u00e8me de discussion de cette ann\u00e9e&nbsp;: \u00ab&nbsp;\u00c0 quoi sert d'\u00eatre chr\u00e9tien&nbsp;?&nbsp;\u00bb Avant chaque rencontre, nous nous pr\u00e9parons \u00e0 la discussion en lisant un chapitre du livre du cardinal Timothy Radcliffe, \u00ab&nbsp;\u00c0 quoi sert d'\u00eatre chr\u00e9tien&nbsp;?&nbsp;\u00bb. Lieu de rencontre&nbsp;: Monast\u00e8re dominicain, M\u00fc\u00fcrivahe 33, Tallinn.<\/p><\/div><\/div>\n        <\/section>\t\t\t\t<\/div>\n\t\t\t\t<\/div>\n\t\t\t\t<\/div>\n\t\t<div class=\"elementor-element elementor-element-3704b04 aux-appear-watch-animation aux-scale-down e-con-full e-flex e-con e-child\" data-id=\"3704b04\" data-element_type=\"container\" data-e-type=\"container\">\n\t\t\t\t<div class=\"elementor-element elementor-element-8db1082 elementor-widget elementor-widget-aux_image\" data-id=\"8db1082\" data-element_type=\"widget\" data-e-type=\"widget\" data-widget_type=\"aux_image.default\">\n\t\t\t\t<div class=\"elementor-widget-container\">\n\t\t\t\t\t<section class=\"widget-container aux-widget-image aux-alignnone aux-parent-aue05eb87d\">\n    <div class=\"aux-media-hint-frame \">\n        <div class=\"aux-media-image  aux-tilt-box\" >\n        \n            \n\n            \n            <img fetchpriority=\"high\" decoding=\"async\" width=\"1866\" height=\"2560\" src=\"data:image\/gif;base64,R0lGODlhAQABAIAAAAAAAP\/\/\/yH5BAEAAAAALAAAAAABAAEAAAIBRAA7\" class=\"aux-attachment aux-featured-image aux-attachment-id-2754 aux-preload aux-blank\" alt=\"Foto Pier Giorgio Frassati\" data-ratio=\"0.73\" data-original-w=\"1866\" data-src=\"https:\/\/dominiiklased.ee\/wp-content\/uploads\/2025\/07\/Foto-Pier-Giorgio-Frassati-scaled.jpeg\" \/>            \n                <\/div>\n    <\/div>\n\n<\/section><!-- widget-container -->\t\t\t\t<\/div>\n\t\t\t\t<\/div>\n\t\t\t\t<div class=\"elementor-element elementor-element-3099210 elementor-widget elementor-widget-aux_image\" data-id=\"3099210\" data-element_type=\"widget\" data-e-type=\"widget\" data-widget_type=\"aux_image.default\">\n\t\t\t\t<div class=\"elementor-widget-container\">\n\t\t\t\t\t<section class=\"widget-container aux-widget-image aux-alignnone aux-parent-aub187a886\">\n    <div class=\"aux-media-hint-frame \">\n        <div class=\"aux-media-image \" >\n        \n            \n\n            \n            <img decoding=\"async\" width=\"1414\" height=\"2000\" src=\"https:\/\/dominiiklased.ee\/wp-content\/uploads\/2025\/07\/Poster-Pier-Giorgio-Frassati-Group.jpg\" class=\"aux-attachment aux-featured-image aux-attachment-id-3039\" alt=\"Poster Pier Giorgio Frassati Group\" data-ratio=\"0.71\" data-original-w=\"1414\" \/>            \n                <\/div>\n    <\/div>\n\n<\/section><!-- widget-container -->\t\t\t\t<\/div>\n\t\t\t\t<\/div>\n\t\t\t\t<\/div>\n\t\t\t\t\t<\/div>\n\t\t\t\t<\/div>\n\t\t\t\t<\/div>\n\t\t","protected":false},"excerpt":{"rendered":"<p>Dominicains en Estonie Groupe Pier Giorgio Frassati Le jeune saint la\u00efc dominicain Pier Giorgio Frassati (1901-1925) a donn\u00e9 son nom \u00e0 un groupe de jeunes professionnels anglophones qui se r\u00e9unissent le premier jeudi soir de chaque mois (voir calendrier) au monast\u00e8re dominicain de Tallinn. Chaque r\u00e9union comprend une pri\u00e8re, une discussion sur des sujets chr\u00e9tiens [&hellip;]<\/p>\n","protected":false},"author":2,"featured_media":0,"parent":0,"menu_order":0,"comment_status":"closed","ping_status":"closed","template":"templates\/page-builder-content.php","meta":{"footnotes":""},"class_list":["post-2847","page","type-page","status-publish","hentry"],"_links":{"self":[{"href":"https:\/\/dominiiklased.ee\/fr\/wp-json\/wp\/v2\/pages\/2847","targetHints":{"allow":["GET"]}}],"collection":[{"href":"https:\/\/dominiiklased.ee\/fr\/wp-json\/wp\/v2\/pages"}],"about":[{"href":"https:\/\/dominiiklased.ee\/fr\/wp-json\/wp\/v2\/types\/page"}],"author":[{"embeddable":true,"href":"https:\/\/dominiiklased.ee\/fr\/wp-json\/wp\/v2\/users\/2"}],"replies":[{"embeddable":true,"href":"https:\/\/dominiiklased.ee\/fr\/wp-json\/wp\/v2\/comments?post=2847"}],"version-history":[{"count":5,"href":"https:\/\/dominiiklased.ee\/fr\/wp-json\/wp\/v2\/pages\/2847\/revisions"}],"predecessor-version":[{"id":3932,"href":"https:\/\/dominiiklased.ee\/fr\/wp-json\/wp\/v2\/pages\/2847\/revisions\/3932"}],"wp:attachment":[{"href":"https:\/\/dominiiklased.ee\/fr\/wp-json\/wp\/v2\/media?parent=2847"}],"curies":[{"name":"wp","href":"https:\/\/api.w.org\/{rel}","templated":true}]}}