{"id":2839,"date":"2025-04-20T20:08:09","date_gmt":"2025-04-20T17:08:09","guid":{"rendered":"https:\/\/dominiiklased.ee\/sermons\/"},"modified":"2026-04-25T15:17:20","modified_gmt":"2026-04-25T12:17:20","slug":"sermons","status":"publish","type":"page","link":"https:\/\/dominiiklased.ee\/fr\/sermons\/","title":{"rendered":"Sermons"},"content":{"rendered":"\t\t<div data-elementor-type=\"wp-page\" data-elementor-id=\"2839\" class=\"elementor elementor-2839 elementor-2453\">\n\t\t\t\t<div class=\"aux-parallax-section elementor-element elementor-element-46e1247 e-con-full e-flex e-con e-parent\" data-id=\"46e1247\" data-element_type=\"container\" data-e-type=\"container\">\n\t\t<div class=\"elementor-element elementor-element-baae426 e-con-full e-flex e-con e-child\" data-id=\"baae426\" data-element_type=\"container\" data-e-type=\"container\">\n\t\t\t\t<div class=\"elementor-element elementor-element-ab98aaa aux-appear-watch-animation aux-fade-in-up elementor-widget elementor-widget-aux_modern_heading\" data-id=\"ab98aaa\" data-element_type=\"widget\" data-e-type=\"widget\" data-widget_type=\"aux_modern_heading.default\">\n\t\t\t\t<div class=\"elementor-widget-container\">\n\t\t\t\t\t<section class=\"aux-widget-modern-heading\">\n            <div class=\"aux-widget-inner\"><h2 class=\"aux-modern-heading-primary\"><\/h2><h3 class=\"aux-modern-heading-secondary\"><span class=\"aux-head-before\">Sermons<\/span><\/h3><div class=\"aux-modern-heading-divider\"><\/div><div class=\"aux-modern-heading-description\"><p>Nous publions ici une s\u00e9lection de nos sermons.<\/p><p>Ces documents sont disponibles au format PDF ou en vid\u00e9o ici&nbsp;:<\/p><\/div><\/div>\n        <\/section>\t\t\t\t<\/div>\n\t\t\t\t<\/div>\n\t\t\t\t<div class=\"elementor-element elementor-element-fd13b60 elementor-widget elementor-widget-text-editor\" data-id=\"fd13b60\" data-element_type=\"widget\" data-e-type=\"widget\" data-widget_type=\"text-editor.default\">\n\t\t\t\t<div class=\"elementor-widget-container\">\n\t\t\t\t\t\t\t\t\t<p><a href=\"https:\/\/youtu.be\/vg4x4RJo-iIv\">Nouvelle <i>vie et foi.<\/i><\/a><br> Conf\u00e9rence du fr\u00e8re Alain Arnould OP lors de sa visite \u00e0 Kharkiv le 7 mars 2026. <\/p><p><a href=\"https:\/\/dominiiklased.ee\/wp-content\/uploads\/2026\/04\/Tallinn-Palm-Sunday-2026-Pirita.pdf\">Tallinn Dimanche des Rameaux 2026 Pirita<\/a><\/p><p><a href=\"https:\/\/dominiiklased.ee\/wp-content\/uploads\/2025\/11\/Tallinn-Puha-Katariina-Malestuspaev-2025-EE.pdf\">Tallinn, Sainte-Catherine 2025 EE<\/a><\/p><p><a href=\"https:\/\/dominiiklased.ee\/wp-content\/uploads\/2025\/11\/Tallinn-Puha-Katariina-Malestuspaev-2025-ENG.pdf\">Tallinn Sainte-Catherine 2025 ENG<\/a><\/p><p><a href=\"https:\/\/dominiiklased.ee\/wp-content\/uploads\/2025\/07\/Tallinn-13-07-2025-Luke-10-Samaritan.pdf\">Tallinn 13 07 2025 Luke 10 Samaritan<\/a><\/p><p><a href=\"https:\/\/dominiiklased.ee\/wp-content\/uploads\/2025\/07\/8-juin-2025-Pentecote.pdf\">8 juin 2025 Penteco\u0302te<\/a><\/p><p><a href=\"https:\/\/dominiiklased.ee\/wp-content\/uploads\/2025\/07\/Tallinn-24-05-2025-Jn-14-16-23.pdf\">Tallinn 24 05 2025 Jn 14 16-23<\/a><\/p><p><a href=\"https:\/\/dominiiklased.ee\/wp-content\/uploads\/2025\/07\/Tallinn-17-May-2025.pdf\">Tallinn 17 May 2025<\/a><\/p><p><a href=\"https:\/\/dominiiklased.ee\/wp-content\/uploads\/2025\/07\/Tallinn-04-05-2025-Jn-211-16.pdf\">Tallinn 04 05 2025 Jn 21,1-16<\/a><\/p><p><a href=\"https:\/\/dominiiklased.ee\/wp-content\/uploads\/2025\/04\/Woman-taken-in-adultery-06-04-2025-Alain-Arnould-OP.pdf\">Femme adult\u00e8re 06 04 2025 (Alain Arnould OP)<\/a><\/p><p><a href=\"https:\/\/dominiiklased.ee\/wp-content\/uploads\/2025\/07\/Tallinn-Ascension-2025-Acts-1-Lk-24.pdf\">Tallinn Ascension 2025 Acts 1 &amp; Lk 24<\/a><\/p><p><a href=\"https:\/\/dominiiklased.ee\/wp-content\/uploads\/2025\/07\/TALLINN-Jaroslaw-Krawiec-30-03-2025.pdf\">Tallinn Jaroslaw Krawiec 30 03 2025<\/a><\/p>\t\t\t\t\t\t\t\t<\/div>\n\t\t\t\t<\/div>\n\t\t\t\t<\/div>\n\t\t\t\t<\/div>\n\t\t\t\t<\/div>\n\t\t","protected":false},"excerpt":{"rendered":"<p>Sermons Nous publions ici une s\u00e9lection de nos sermons. Ces documents sont disponibles au format PDF ou en vid\u00e9o ici&nbsp;: Nouvelle vie et foi. Conf\u00e9rence du fr\u00e8re Alain Arnould OP lors de sa visite \u00e0 Kharkiv le 7 mars 2026. Tallinn Dimanche des Rameaux 2026 Pirita Tallinn, Sainte-Catherine 2025 EE Tallinn Sainte-Catherine 2025 ENG Tallinn [&hellip;]<\/p>\n","protected":false},"author":1,"featured_media":0,"parent":0,"menu_order":0,"comment_status":"closed","ping_status":"closed","template":"templates\/page-builder-content.php","meta":{"footnotes":""},"class_list":["post-2839","page","type-page","status-publish","hentry"],"_links":{"self":[{"href":"https:\/\/dominiiklased.ee\/fr\/wp-json\/wp\/v2\/pages\/2839","targetHints":{"allow":["GET"]}}],"collection":[{"href":"https:\/\/dominiiklased.ee\/fr\/wp-json\/wp\/v2\/pages"}],"about":[{"href":"https:\/\/dominiiklased.ee\/fr\/wp-json\/wp\/v2\/types\/page"}],"author":[{"embeddable":true,"href":"https:\/\/dominiiklased.ee\/fr\/wp-json\/wp\/v2\/users\/1"}],"replies":[{"embeddable":true,"href":"https:\/\/dominiiklased.ee\/fr\/wp-json\/wp\/v2\/comments?post=2839"}],"version-history":[{"count":19,"href":"https:\/\/dominiiklased.ee\/fr\/wp-json\/wp\/v2\/pages\/2839\/revisions"}],"predecessor-version":[{"id":5069,"href":"https:\/\/dominiiklased.ee\/fr\/wp-json\/wp\/v2\/pages\/2839\/revisions\/5069"}],"wp:attachment":[{"href":"https:\/\/dominiiklased.ee\/fr\/wp-json\/wp\/v2\/media?parent=2839"}],"curies":[{"name":"wp","href":"https:\/\/api.w.org\/{rel}","templated":true}]}}