{"id":1676,"date":"2025-02-28T20:36:47","date_gmt":"2025-02-28T18:36:47","guid":{"rendered":"https:\/\/dominiiklased.ee\/therese-chikaba\/"},"modified":"2026-03-22T20:38:42","modified_gmt":"2026-03-22T18:38:42","slug":"therese-chikaba","status":"publish","type":"page","link":"https:\/\/dominiiklased.ee\/fr\/therese-chikaba\/","title":{"rendered":"Teresa Chikaba"},"content":{"rendered":"\t\t<div data-elementor-type=\"wp-page\" data-elementor-id=\"1676\" class=\"elementor elementor-1676 elementor-650\">\n\t\t\t\t<div class=\"aux-parallax-section elementor-element elementor-element-2284ac6 e-flex e-con-boxed e-con e-parent\" data-id=\"2284ac6\" data-element_type=\"container\" data-e-type=\"container\">\n\t\t\t\t\t<div class=\"e-con-inner\">\n\t\t\t\t<div class=\"elementor-element elementor-element-51ccffe elementor-widget elementor-widget-heading\" data-id=\"51ccffe\" data-element_type=\"widget\" data-e-type=\"widget\" data-widget_type=\"heading.default\">\n\t\t\t\t<div class=\"elementor-widget-container\">\n\t\t\t\t\t<h2 class=\"elementor-heading-title elementor-size-default\">Nos mod\u00e8les<\/h2>\t\t\t\t<\/div>\n\t\t\t\t<\/div>\n\t\t\t\t<div class=\"elementor-element elementor-element-0bb9e25 elementor-widget elementor-widget-aux_menu_box\" data-id=\"0bb9e25\" data-element_type=\"widget\" data-e-type=\"widget\" data-widget_type=\"aux_menu_box.default\">\n\t\t\t\t<div class=\"elementor-widget-container\">\n\t\t\t\t\t<div class=\"aux-elementor-header-menu aux-nav-menu-element aux-nav-menu-element-0bb9e25\"><div class=\"aux-burger-box\" data-target-panel=\"toggle-bar\" data-target-content=\".elementor-element-0bb9e25 .aux-master-menu\"><div class=\"aux-burger aux-lite-small\"><span class=\"mid-line\"><\/span><\/div><\/div><!-- start master menu -->\n<nav id=\"master-menu-elementor-0bb9e25\" class=\"menu-dominikaanlased-francais-container\">\n\n\t<ul id=\"menu-dominikaanlased-francais\" class=\"aux-master-menu aux-no-js aux-skin-classic aux-with-indicator aux-with-splitter aux-horizontal\" data-type=\"horizontal\"  data-switch-type=\"toggle\" data-switch-parent=\".elementor-element-0bb9e25 .aux-toggle-menu-bar\" data-switch-width=\"115\"  >\n\t\t<!-- start single menu -->\n\t\t<li id=\"menu-item-1837\" class=\"menu-item menu-item-type-post_type menu-item-object-page menu-item-1837 aux-menu-depth-0 aux-menu-root-1 aux-menu-item\">\n\t\t\t<a href=\"https:\/\/dominiiklased.ee\/fr\/bienheureuse-agnes-de-langeac\/\" class=\"aux-item-content\">\n\t\t\t\t<span class=\"aux-menu-label\">Bienheureuse Agn\u00e8s de Langeac<\/span>\n\t\t\t<\/a>\n\t\t<\/li>\n\t\t<!-- end single menu -->\n\t\t<!-- start single menu -->\n\t\t<li id=\"menu-item-1838\" class=\"menu-item menu-item-type-post_type menu-item-object-page menu-item-1838 aux-menu-depth-0 aux-menu-root-2 aux-menu-item\">\n\t\t\t<a href=\"https:\/\/dominiiklased.ee\/fr\/jose-alvarez-fernandez\/\" class=\"aux-item-content\">\n\t\t\t\t<span class=\"aux-menu-label\">Jos\u00e9 Alvarez Fernandez<\/span>\n\t\t\t<\/a>\n\t\t<\/li>\n\t\t<!-- end single menu -->\n\t\t<!-- start single menu -->\n\t\t<li id=\"menu-item-1839\" class=\"menu-item menu-item-type-post_type menu-item-object-page menu-item-1839 aux-menu-depth-0 aux-menu-root-3 aux-menu-item\">\n\t\t\t<a href=\"https:\/\/dominiiklased.ee\/fr\/therese-chikaba\/\" class=\"aux-item-content\">\n\t\t\t\t<span class=\"aux-menu-label\">Teresa Chikaba<\/span>\n\t\t\t<\/a>\n\t\t<\/li>\n\t\t<!-- end single menu -->\n\t\t<!-- start single menu -->\n\t\t<li id=\"menu-item-1840\" class=\"menu-item menu-item-type-post_type menu-item-object-page menu-item-1840 aux-menu-depth-0 aux-menu-root-4 aux-menu-item\">\n\t\t\t<a href=\"https:\/\/dominiiklased.ee\/fr\/titus-horten\/\" class=\"aux-item-content\">\n\t\t\t\t<span class=\"aux-menu-label\">Titus Horten<\/span>\n\t\t\t<\/a>\n\t\t<\/li>\n\t\t<!-- end single menu -->\n\t\t<!-- start single menu -->\n\t\t<li id=\"menu-item-1841\" class=\"menu-item menu-item-type-post_type menu-item-object-page menu-item-1841 aux-menu-depth-0 aux-menu-root-5 aux-menu-item\">\n\t\t\t<a href=\"https:\/\/dominiiklased.ee\/fr\/marie-joseph-lagrange\/\" class=\"aux-item-content\">\n\t\t\t\t<span class=\"aux-menu-label\">Marie Joseph Lagrange<\/span>\n\t\t\t<\/a>\n\t\t<\/li>\n\t\t<!-- end single menu -->\n\t\t<!-- start single menu -->\n\t\t<li id=\"menu-item-1852\" class=\"menu-item menu-item-type-post_type menu-item-object-page menu-item-1852 aux-menu-depth-0 aux-menu-root-6 aux-menu-item\">\n\t\t\t<a href=\"https:\/\/dominiiklased.ee\/fr\/vincent-liem-de-la-paix\/\" class=\"aux-item-content\">\n\t\t\t\t<span class=\"aux-menu-label\">Vincent Liem de la Paix<\/span>\n\t\t\t<\/a>\n\t\t<\/li>\n\t\t<!-- end single menu -->\n\t\t<!-- start single menu -->\n\t\t<li id=\"menu-item-1853\" class=\"menu-item menu-item-type-post_type menu-item-object-page menu-item-1853 aux-menu-depth-0 aux-menu-root-7 aux-menu-item\">\n\t\t\t<a href=\"https:\/\/dominiiklased.ee\/fr\/juan-macias\/\" class=\"aux-item-content\">\n\t\t\t\t<span class=\"aux-menu-label\">Juan Macias<\/span>\n\t\t\t<\/a>\n\t\t<\/li>\n\t\t<!-- end single menu -->\n\t\t<!-- start single menu -->\n\t\t<li id=\"menu-item-1854\" class=\"menu-item menu-item-type-post_type menu-item-object-page menu-item-1854 aux-menu-depth-0 aux-menu-root-8 aux-menu-item\">\n\t\t\t<a href=\"https:\/\/dominiiklased.ee\/fr\/giorgio-la-pira\/\" class=\"aux-item-content\">\n\t\t\t\t<span class=\"aux-menu-label\">Giorgio La Pira<\/span>\n\t\t\t<\/a>\n\t\t<\/li>\n\t\t<!-- end single menu -->\n\t\t<!-- start single menu -->\n\t\t<li id=\"menu-item-1855\" class=\"menu-item menu-item-type-post_type menu-item-object-page menu-item-1855 aux-menu-depth-0 aux-menu-root-9 aux-menu-item\">\n\t\t\t<a href=\"https:\/\/dominiiklased.ee\/fr\/francois-de-vitoria\/\" class=\"aux-item-content\">\n\t\t\t\t<span class=\"aux-menu-label\">Franciso de Vitoria<\/span>\n\t\t\t<\/a>\n\t\t<\/li>\n\t\t<!-- end single menu -->\n\t<\/ul>\n\n<\/nav>\n<!-- end master menu -->\n<div class=\"aux-toggle-menu-bar\"><\/div><\/div><style>@media only screen and (min-width: 116px) { .elementor-element-0bb9e25 .aux-burger-box { display: none } }<\/style>\t\t\t\t<\/div>\n\t\t\t\t<\/div>\n\t\t\t\t\t<\/div>\n\t\t\t\t<\/div>\n\t\t<div class=\"aux-parallax-section elementor-element elementor-element-c41fd24 e-flex e-con-boxed e-con e-parent\" data-id=\"c41fd24\" data-element_type=\"container\" data-e-type=\"container\">\n\t\t\t\t\t<div class=\"e-con-inner\">\n\t\t<div class=\"elementor-element elementor-element-f8c7192 e-con-full e-flex e-con e-child\" data-id=\"f8c7192\" data-element_type=\"container\" data-e-type=\"container\">\n\t\t\t\t<div class=\"elementor-element elementor-element-c99461e aux-appear-watch-animation aux-fade-in-up elementor-widget elementor-widget-aux_modern_heading\" data-id=\"c99461e\" data-element_type=\"widget\" data-e-type=\"widget\" data-widget_type=\"aux_modern_heading.default\">\n\t\t\t\t<div class=\"elementor-widget-container\">\n\t\t\t\t\t<section class=\"aux-widget-modern-heading\">\n            <div class=\"aux-widget-inner\"><h2 class=\"aux-modern-heading-primary\">Teresa Chikaba<\/h2><h3 class=\"aux-modern-heading-secondary\"><span class=\"aux-head-before\">\u00b0 Ghana vers 1676 \u2013 \u2020 6 d\u00e9cembre 1748 <\/span><\/h3><div class=\"aux-modern-heading-divider\"><\/div><div class=\"aux-modern-heading-description\"><p>Ce que nous savons de Chikaba provient principalement de sa biographie, \u00e9crite apr\u00e8s sa mort vers 1752. <\/p><p>Chikaba naquit dans une famille princi\u00e8re de la r\u00e9gion qui comprend aujourd'hui le Ghana, le Togo, le B\u00e9nin et l'ouest du Nig\u00e9ria. Enlev\u00e9e enfant par des n\u00e9griers portugais, elle fut baptis\u00e9e sous le nom de Teresa. Vendue comme esclave, elle arriva en Espagne, o\u00f9 la duchesse d'Arcos l'acheta et l'accueillit dans sa maison. Au service de la duchesse, Teresa fut profond\u00e9ment impressionn\u00e9e par la pi\u00e9t\u00e9 de sa ma\u00eetresse et commen\u00e7a \u00e0 l'imiter dans sa vie religieuse. Parall\u00e8lement, elle eut l'opportunit\u00e9 d'acqu\u00e9rir les connaissances et les comp\u00e9tences n\u00e9cessaires pour entrer au couvent.    <\/p><p>En 1703, apr\u00e8s la mort de sa ma\u00eetresse, Th\u00e9r\u00e8se fut affranchie de l'esclavage. Sa ma\u00eetresse conseilla \u00e0 sa famille de lui fournir la dot n\u00e9cessaire pour qu'elle puisse entrer au couvent. Apr\u00e8s plusieurs refus, elle fut finalement accept\u00e9e dans la communaut\u00e9 des s\u0153urs p\u00e9nitentes du Tiers-Ordre dominicain de Sainte-Marie-Madeleine \u00e0 Salamanque. Elle y gagna le respect de ses cons\u0153urs par sa profonde pi\u00e9t\u00e9, sa g\u00e9n\u00e9rosit\u00e9 envers les pauvres et ses dons de gu\u00e9rison. Sa cause de b\u00e9atification est actuellement d\u00e9fendue par l'Ordre des Pr\u00eacheurs.    <\/p><\/div><\/div>\n        <\/section>\t\t\t\t<\/div>\n\t\t\t\t<\/div>\n\t\t\t\t<\/div>\n\t\t<div class=\"elementor-element elementor-element-9a4430c aux-appear-watch-animation aux-scale-down e-con-full e-flex e-con e-child\" data-id=\"9a4430c\" data-element_type=\"container\" data-e-type=\"container\">\n\t\t\t\t<div class=\"elementor-element elementor-element-46c0b7d elementor-widget elementor-widget-aux_image\" data-id=\"46c0b7d\" data-element_type=\"widget\" data-e-type=\"widget\" data-widget_type=\"aux_image.default\">\n\t\t\t\t<div class=\"elementor-widget-container\">\n\t\t\t\t\t<section class=\"widget-container aux-widget-image aux-alignnone aux-parent-au4da680fb\">\n    <div class=\"aux-media-hint-frame \">\n        <div class=\"aux-media-image \" >\n        \n            \n\n            \n            <img fetchpriority=\"high\" decoding=\"async\" width=\"284\" height=\"413\" src=\"data:image\/gif;base64,R0lGODlhAQABAIAAAAAAAP\/\/\/yH5BAEAAAAALAAAAAABAAEAAAIBRAA7\" class=\"aux-attachment aux-featured-image aux-attachment-id-545 aux-preload aux-blank\" alt=\"Teresa_Juliana_Tshikaba\" data-ratio=\"0.69\" data-original-w=\"284\" data-src=\"https:\/\/dominiiklased.ee\/wp-content\/uploads\/2025\/02\/Teresa_Juliana_Tshikaba.jpg\" \/>            \n                <\/div>\n    <\/div>\n\n<\/section><!-- widget-container -->\t\t\t\t<\/div>\n\t\t\t\t<\/div>\n\t\t\t\t<\/div>\n\t\t\t\t\t<\/div>\n\t\t\t\t<\/div>\n\t\t\t\t<\/div>\n\t\t","protected":false},"excerpt":{"rendered":"<p>Nos mod\u00e8les Agn\u00e8s de Langeac Jos\u00e9 \u00c1lavrez Fern\u00e0ndez Teresa Chikaba Titus Horten Marie Joseph Lagrange Vincent Liem of Peace Juan Macias Giorgio La Pira Franciscus de Vitoria Samuel Mazzuchelli Teresa Chikaba \u00b0 Ghana vers 1676 \u2013 \u2020 6 d\u00e9cembre 1748 Ce que nous savons de Chikaba provient principalement de sa biographie, \u00e9crite apr\u00e8s sa mort [&hellip;]<\/p>\n","protected":false},"author":1,"featured_media":0,"parent":0,"menu_order":0,"comment_status":"closed","ping_status":"closed","template":"templates\/page-builder-content.php","meta":{"footnotes":""},"class_list":["post-1676","page","type-page","status-publish","hentry"],"_links":{"self":[{"href":"https:\/\/dominiiklased.ee\/fr\/wp-json\/wp\/v2\/pages\/1676","targetHints":{"allow":["GET"]}}],"collection":[{"href":"https:\/\/dominiiklased.ee\/fr\/wp-json\/wp\/v2\/pages"}],"about":[{"href":"https:\/\/dominiiklased.ee\/fr\/wp-json\/wp\/v2\/types\/page"}],"author":[{"embeddable":true,"href":"https:\/\/dominiiklased.ee\/fr\/wp-json\/wp\/v2\/users\/1"}],"replies":[{"embeddable":true,"href":"https:\/\/dominiiklased.ee\/fr\/wp-json\/wp\/v2\/comments?post=1676"}],"version-history":[{"count":21,"href":"https:\/\/dominiiklased.ee\/fr\/wp-json\/wp\/v2\/pages\/1676\/revisions"}],"predecessor-version":[{"id":4937,"href":"https:\/\/dominiiklased.ee\/fr\/wp-json\/wp\/v2\/pages\/1676\/revisions\/4937"}],"wp:attachment":[{"href":"https:\/\/dominiiklased.ee\/fr\/wp-json\/wp\/v2\/media?parent=1676"}],"curies":[{"name":"wp","href":"https:\/\/api.w.org\/{rel}","templated":true}]}}