{"id":1662,"date":"2025-02-07T08:34:28","date_gmt":"2025-02-07T06:34:28","guid":{"rendered":"https:\/\/dominiiklased.ee\/politique-de-confidentialite\/"},"modified":"2025-08-31T12:26:06","modified_gmt":"2025-08-31T09:26:06","slug":"politique-de-confidentialite","status":"publish","type":"page","link":"https:\/\/dominiiklased.ee\/fr\/politique-de-confidentialite\/","title":{"rendered":"politique de confidentialit\u00e9"},"content":{"rendered":"\t\t<div data-elementor-type=\"wp-page\" data-elementor-id=\"1662\" class=\"elementor elementor-1662 elementor-3\">\n\t\t\t\t<div class=\"aux-parallax-section elementor-element elementor-element-144828e7 e-con-full e-flex e-con e-parent\" data-id=\"144828e7\" data-element_type=\"container\" data-e-type=\"container\">\n\t\t\t\t<div class=\"elementor-element elementor-element-1b519875 elementor-widget elementor-widget-text-editor\" data-id=\"1b519875\" data-element_type=\"widget\" data-e-type=\"widget\" data-widget_type=\"text-editor.default\">\n\t\t\t\t<div class=\"elementor-widget-container\">\n\t\t\t\t\t\t\t\t\t<p>Avec cette politique de confidentialit\u00e9, nous souhaitons vous expliquer quelles donn\u00e9es nous collectons, comment nous les utilisons et quels sont vos droits pour prot\u00e9ger vos donn\u00e9es. La politique s&rsquo;applique uniquement \u00e0 notre site Web et \u00e0 ses visiteurs et ne s&rsquo;applique pas aux donn\u00e9es collect\u00e9es via d&rsquo;autres canaux. <\/p>\t\t\t\t\t\t\t\t<\/div>\n\t\t\t\t<\/div>\n\t\t\t\t<div class=\"elementor-element elementor-element-1303255 elementor-widget elementor-widget-aux_modern_heading\" data-id=\"1303255\" data-element_type=\"widget\" data-e-type=\"widget\" data-widget_type=\"aux_modern_heading.default\">\n\t\t\t\t<div class=\"elementor-widget-container\">\n\t\t\t\t\t<section class=\"aux-widget-modern-heading\">\n            <div class=\"aux-widget-inner\"><h2 class=\"aux-modern-heading-primary\"><\/h2><h3 class=\"aux-modern-heading-secondary\"><span class=\"aux-head-before\">politique de confidentialit\u00e9<\/span><\/h3><div class=\"aux-modern-heading-divider\"><\/div><div class=\"aux-modern-heading-description\"><p>Votre vie priv\u00e9e est importante pour le MONAST\u00c8RE DE L'ORDRE DES AMIS DOMINICAINS DE TALLINN MT\u00dc et nous respectons toutes les lois et r\u00e9glementations applicables concernant toute information personnelle que nous pouvons collecter \u00e0 votre sujet lorsque vous visitez notre site Web <u>dominiiklased.ee<\/u> . En utilisant notre site Web, vous acceptez que nous collections et utilisions vos informations conform\u00e9ment \u00e0 la pr\u00e9sente politique de confidentialit\u00e9. <\/p><p>Avec cette politique de confidentialit\u00e9, nous souhaitons vous expliquer quelles donn\u00e9es nous collectons, comment nous les utilisons et quels sont vos droits pour prot\u00e9ger vos donn\u00e9es. La politique s'applique uniquement \u00e0 notre site Web et \u00e0 ses visiteurs et ne s'applique pas aux donn\u00e9es collect\u00e9es via d'autres canaux. <\/p><p><strong>Le responsable du traitement de vos donn\u00e9es est l'ONG MONAST\u00c8RE DE L'ORDRE DOMINICAIN DES AMIS DE TALLINN e-mail : dominiiklased@gmail.com<\/strong><\/p><p>Nous collectons et traitons les informations conform\u00e9ment au r\u00e8glement g\u00e9n\u00e9ral sur la protection des donn\u00e9es (RGPD) de l'Union europ\u00e9enne, entr\u00e9 en vigueur le 25.05.2018.<\/p><p><strong>Collecte et utilisation des donn\u00e9es<\/strong><\/p><p><strong>Quelles donn\u00e9es collectons-nous ?<\/strong><\/p><p>Les informations que nous collectons comprennent les informations que vous nous fournissez sciemment et activement lorsque vous utilisez ou participez \u00e0 nos services ou promotions, ainsi que toutes les informations que vos appareils envoient lors de l'acc\u00e8s \u00e0 nos produits et services.<\/p><p>Les donn\u00e9es que nous collectons comprennent les informations que vous avez sciemment partag\u00e9es avec nous lors de l'utilisation de nos services ou campagnes et les informations que vos appareils nous transmettent automatiquement.<\/p><p>Vos donn\u00e9es personnelles peuvent nous parvenir des mani\u00e8res suivantes :<\/p><ul><li>lorsque vous nous contactez par t\u00e9l\u00e9phone, email ou chat en ligne<\/li><li>lorsque vous naviguez sur le site <u>dominiiklased.ee<\/u><\/li><li>lorsque vous commentez, aimez ou partagez une publication sur notre compte de m\u00e9dias sociaux<\/li><li>lorsque vous vous abonnez \u00e0 notre newsletter<\/li><li>lorsque vous commentez des publications sur notre site Web<\/li><\/ul><p><strong>Types de donn\u00e9es collect\u00e9es<\/strong><\/p><p><strong>Donn\u00e9es personnelles<\/strong><\/p><p>Nous vous demandons uniquement des informations personnelles lorsque cela est n\u00e9cessaire pour vous fournir un service. En nous contactant ou en visitant notre site Web, vous pouvez partager les informations suivantes avec nous : <\/p><ul><li>Pr\u00e9nom et nom<\/li><li>Adresse email<\/li><li>Num\u00e9ro de t\u00e9l\u00e9phone<\/li><li>Institution<\/li><\/ul><p><strong>Fichiers journaux<\/strong><\/p><p>Notre site Web <u>dominiiklased.ee<\/u> stocke des fichiers journaux sur ses visiteurs. Les informations collect\u00e9es peuvent inclure : <\/p><ul><li>Type d'appareil utilis\u00e9<\/li><li>adresse de protocole Internet (IP)<\/li><li>type de navigateur<\/li><li>Fournisseur d'acc\u00e8s Internet (FAI)<\/li><li>Date et heure de la visite du site Web<\/li><li>Nombre de clics sur la page d'entr\u00e9e et de sortie du site Web<\/li><\/ul><p>Les informations contenues dans les fichiers journaux sont utilis\u00e9es pour analyser les tendances, administrer le site Web, suivre les activit\u00e9s des visiteurs du site Web et recueillir des informations d\u00e9mographiques. Les informations re\u00e7ues ne visent pas \u00e0 identifier une personne ni ne permettent de l'identifier. <\/p><p><strong>Cookies<\/strong><\/p><p>Comme la plupart des sites Web, <u>dominikaanid.ee<\/u> utilise \u00e9galement des \u00ab cookies \u00bb. Un cookie est essentiellement un fichier texte qui est stock\u00e9 sur l\u2019appareil d\u2019un utilisateur lorsqu\u2019il visite un site Web. Les cookies sont utilis\u00e9s pour d\u00e9terminer et enregistrer les pr\u00e9f\u00e9rences, les param\u00e8tres r\u00e9gionaux, les options d'utilisation des services, etc.  <\/p><p>Si vous le souhaitez, vous pouvez d\u00e9sactiver l'utilisation des cookies dans les param\u00e8tres de votre navigateur, mais dans ce cas, le service qui vous est fourni pourrait \u00eatre perturb\u00e9.<\/p><p>Les cookies sont divis\u00e9s en cookies persistants et cookies de session. Les cookies persistants restent sur votre ordinateur personnel ou votre appareil mobile m\u00eame apr\u00e8s avoir ferm\u00e9 votre navigateur ou votre ordinateur. Cependant, les cookies de session sont supprim\u00e9s imm\u00e9diatement apr\u00e8s la fermeture de votre navigateur.  <\/p><p>Les cookies sont divis\u00e9s en fonction de leur finalit\u00e9 :<\/p><p><strong>Cookies n\u00e9cessaires.<\/strong>  Cookies de session dont le but est de vous permettre d'utiliser les services propos\u00e9s sur notre site Internet. Ces cookies aident \u00e0 authentifier les utilisateurs et \u00e0 emp\u00eacher l'utilisation malveillante des comptes d'utilisateurs. Sans ces cookies, nous ne pouvons pas vous fournir les services que vous avez demand\u00e9s.  <\/p><p><strong>Cookies de notification.<\/strong>  Ces cookies d\u00e9tectent si les utilisateurs ont accept\u00e9 l'utilisation de cookies sur le site Web.<\/p><p><strong>Cookies de fonctionnalit\u00e9.<\/strong>  Ces cookies permettent \u00e0 votre navigateur de m\u00e9moriser les choix que vous faites lors de l'utilisation du site Web, tels que l'enregistrement de vos informations de connexion ou de vos pr\u00e9f\u00e9rences linguistiques. Le but de ces cookies est de vous offrir une exp\u00e9rience plus personnalis\u00e9e et d'\u00e9viter d'avoir \u00e0 ressaisir vos pr\u00e9f\u00e9rences. <\/p><p><strong>Comment nous utilisons les donn\u00e9es<\/strong><\/p><p>Nous pouvons utiliser les informations que nous collectons \u00e0 diverses fins, notamment :<\/p><ul><li>Pour maintenir, administrer, d\u00e9velopper, personnaliser et \u00e9tendre notre site Web<\/li><li>Pour collecter des statistiques afin que nous puissions fournir de meilleurs services et\/ou offres et pour comprendre et analyser le comportement des visiteurs de notre site Web<\/li><li>Pour vous identifier par t\u00e9l\u00e9phone, SMS ou e-mail<\/li><li>Lorsque nous vous envoyons des informations et demandons des commentaires sur nos services<\/li><li>Pour pr\u00e9venir la fraude et prot\u00e9ger notre site Web<\/li><li>Pour nous permettre de nous connecter avec vous via votre compte de r\u00e9seau social<\/li><li>Pour permettre la lecture de l'historique des conversations afin d'acc\u00e9l\u00e9rer la fourniture de conseils pertinents<\/li><li>Dans le but d'am\u00e9liorer la qualit\u00e9 de notre service et de fournir des solutions de navigation plus efficaces<\/li><li>D\u00e9velopper de nouveaux produits, services ou am\u00e9liorer leurs fonctionnalit\u00e9s<\/li><li>Pour simplifier et acc\u00e9l\u00e9rer les interactions entre nous lorsque vous nous contactez<\/li><li>\u00c0 d'autres fins. Par exemple, pour analyser les donn\u00e9es, \u00e9tudier les tendances et \u00e9valuer l\u2019efficacit\u00e9 de nos campagnes publicitaires. <\/li><\/ul><p><strong>Dans quels cas est-il possible que nous partagions vos donn\u00e9es ?<\/strong><\/p><ul><li>Nous pouvons partager ou transf\u00e9rer vos donn\u00e9es personnelles dans le cadre d'un changement de propri\u00e9taire, d'une fusion, d'une vente d'actifs, d'un financement ou d'une acquisition de notre soci\u00e9t\u00e9. Nous vous informerons du transfert de vos donn\u00e9es personnelles et du moment o\u00f9 les dispositions d'une autre politique de confidentialit\u00e9 s'appliqueront \u00e0 celles-ci. <\/li><li>Nous pouvons partager vos informations avec nos soci\u00e9t\u00e9s partenaires, en leur demandant de se conformer \u00e0 cette politique de confidentialit\u00e9. Les soci\u00e9t\u00e9s affili\u00e9es comprennent nos soci\u00e9t\u00e9s m\u00e8res, nos filiales, nos partenaires de coentreprise ou les soci\u00e9t\u00e9s que nous poss\u00e9dons. <\/li><li>Nous pouvons partager vos informations avec nos partenaires commerciaux pour vous fournir certains produits, services ou promotions.<\/li><li>Nous pouvons divulguer vos donn\u00e9es personnelles \u00e0 toute autre fin avec votre consentement.<\/li><li>Nous sommes tenus de divulguer vos donn\u00e9es personnelles si la loi l'exige. De bonne foi, nous pouvons \u00e9galement divulguer vos informations pour nous conformer \u00e0 une obligation l\u00e9gale, prot\u00e9ger nos droits ou notre propri\u00e9t\u00e9, pr\u00e9venir ou d\u00e9tecter d'\u00e9ventuelles violations de la loi li\u00e9es \u00e0 l'utilisation de notre service et assurer la s\u00e9curit\u00e9 des utilisateurs du service. <\/li><\/ul><p><strong>Conservation de vos donn\u00e9es personnelles<\/strong><\/p><p>La Soci\u00e9t\u00e9 conservera vos donn\u00e9es personnelles uniquement aussi longtemps que n\u00e9cessaire aux fins \u00e9nonc\u00e9es dans la pr\u00e9sente Politique de confidentialit\u00e9. Nous conservons et utilisons vos donn\u00e9es personnelles dans la mesure n\u00e9cessaire pour respecter nos obligations l\u00e9gales (par exemple, si nous devons conserver vos donn\u00e9es pour nous conformer aux lois applicables), r\u00e9soudre les litiges et appliquer nos accords et politiques juridiques. <\/p><p>La soci\u00e9t\u00e9 conserve \u00e9galement des fichiers journaux \u00e0 des fins d\u2019analyse. Les fichiers journaux sont g\u00e9n\u00e9ralement conserv\u00e9s pendant une p\u00e9riode plus courte, \u00e0 moins que ces donn\u00e9es ne soient utilis\u00e9es pour renforcer la s\u00e9curit\u00e9 ou am\u00e9liorer la fonctionnalit\u00e9 de notre service, ou que nous soyons tenus par la loi de conserver ces donn\u00e9es pendant une p\u00e9riode plus longue. <\/p><p><strong>Traitement des donn\u00e9es des enfants<\/strong><\/p><p>Aucun de nos produits ou services ne s'adresse aux enfants de moins de 13 ans et nous ne collectons pas sciemment de donn\u00e9es aupr\u00e8s d'enfants de moins de 13 ans. Si nous soup\u00e7onnons que nous traitons les donn\u00e9es d'une personne de moins de 13 ans, nous supprimerons cette personne de toutes nos bases de donn\u00e9es. <\/p><p><strong>Vos droits pour prot\u00e9ger vos donn\u00e9es<\/strong><\/p><p>Vous avez toujours le droit de ne pas partager vos donn\u00e9es avec nous, sachant que cela peut affecter votre exp\u00e9rience sur notre site Web. Si vous choisissez de ne pas partager vos donn\u00e9es avec nous, nous ne vous traiterons pas moins favorablement pour autant. Si vous nous fournissez des informations personnelles, vous comprenez que nous les collecterons, les stockerons, les utiliserons et les divulguerons conform\u00e9ment \u00e0 la pr\u00e9sente politique de confidentialit\u00e9. Vous avez le droit de demander des d\u00e9tails sur les donn\u00e9es collect\u00e9es vous concernant.   <\/p><p>Lorsque nous recevons des informations personnelles vous concernant de la part d'un tiers, nous les prot\u00e9geons conform\u00e9ment \u00e0 la pr\u00e9sente politique de confidentialit\u00e9 et \u00e0 la loi de la R\u00e9publique d'Estonie. Si vous partagez vous-m\u00eame des donn\u00e9es de tiers, vous confirmez que vous avez le droit et la permission de le faire. <\/p><p>M\u00eame si vous avez pr\u00e9c\u00e9demment consenti \u00e0 ce que nous partagions vos informations personnelles \u00e0 des fins de marketing, vous avez le droit de changer d'avis \u00e0 tout moment. Vous avez toujours le droit de refuser de communiquer avec nous et de demander que nous supprimions vos donn\u00e9es de nos bases de donn\u00e9es. De temps \u00e0 autre, nous pouvons \u00e9galement vous demander des informations vous concernant afin de v\u00e9rifier votre identit\u00e9. Si vous trouvez que les donn\u00e9es que nous avons collect\u00e9es \u00e0 votre sujet sont inexactes, obsol\u00e8tes, incompl\u00e8tes, non pertinentes ou trompeuses, veuillez nous contacter par e-mail : aivar@eventmedia.ee. Nous ferons de notre mieux pour corriger les informations inexactes, incompl\u00e8tes, trompeuses ou obsol\u00e8tes.    <\/p><p>Si vous pensez que nous avons enfreint la loi sur la protection des donn\u00e9es et que vous souhaitez d\u00e9poser une plainte, veuillez nous contacter en utilisant les coordonn\u00e9es figurant dans ce document et nous fournir tous les d\u00e9tails de la violation. Nous enqu\u00eaterons rapidement sur votre plainte et vous r\u00e9pondrons par \u00e9crit, en vous fournissant les r\u00e9sultats de l\u2019enqu\u00eate et en d\u00e9crivant les mesures que nous prendrons pour r\u00e9soudre votre plainte. Vous avez \u00e9galement le droit de contacter une autorit\u00e9 de r\u00e9gulation ou une autorit\u00e9 de protection des donn\u00e9es.  <\/p><p><strong>Droits de protection des donn\u00e9es du RGPD<\/strong><\/p><p>Nous voulons nous assurer que vous \u00eates conscient de tous vos droits en mati\u00e8re de protection des donn\u00e9es. Chaque utilisateur de la page a droit aux conditions suivantes : <\/p><ul><li>Droit d\u2019acc\u00e8s \u2013 vous avez le droit de demander des copies de vos donn\u00e9es personnelles.<\/li><li>Droit de rectification des donn\u00e9es - vous avez le droit de demander que nous corrigions les donn\u00e9es que vous jugez inexactes. Vous avez \u00e9galement le droit de demander que nous compl\u00e9tions les donn\u00e9es que vous estimez incompl\u00e8tes. <\/li><li>Droit \u00e0 l\u2019effacement \u2013 \u200b\u200bsous certaines conditions, vous avez le droit de demander la suppression de vos donn\u00e9es personnelles.<\/li><li>Droit \u00e0 la restriction du traitement des donn\u00e9es - sous certaines conditions, vous avez le droit de demander la restriction de l'utilisation de vos donn\u00e9es personnelles.<\/li><li>Droit de s'opposer \u00e0 l'utilisation des donn\u00e9es personnelles - sous certaines conditions, vous avez le droit de vous opposer \u00e0 l'utilisation de vos donn\u00e9es personnelles.<\/li><li>Droit \u00e0 la portabilit\u00e9 des donn\u00e9es - sous certaines conditions, vous avez le droit de demander que nous transf\u00e9rions les donn\u00e9es que nous collectons \u00e0 un tiers ou directement \u00e0 vous.<\/li><\/ul><p><strong> <\/strong><\/p><p><strong>S\u00e9curit\u00e9 de vos donn\u00e9es<\/strong><\/p><p>La s\u00e9curit\u00e9 de vos informations personnelles est importante pour nous, mais n'oubliez pas qu'aucune m\u00e9thode d'\u00e9change d'informations sur Internet ou de stockage \u00e9lectronique n'est s\u00fbre \u00e0 100 %. Bien que nous fassions de notre mieux pour prot\u00e9ger vos donn\u00e9es, nous ne pouvons pas garantir leur s\u00e9curit\u00e9 compl\u00e8te. <\/p><p>DOMINIKAANI VENDADE ORDU KLOOSTER TALLINNAS MT\u00dc prend toutes les mesures raisonnablement n\u00e9cessaires pour garantir que vos donn\u00e9es sont trait\u00e9es en toute s\u00e9curit\u00e9 et conform\u00e9ment \u00e0 la pr\u00e9sente politique de confidentialit\u00e9 et \u00e0 la loi de la R\u00e9publique d'Estonie. Vos donn\u00e9es ne seront transf\u00e9r\u00e9es \u00e0 aucune organisation ni \u00e0 aucun pays, sauf s'il existe une raison valable pour cela et que la s\u00e9curit\u00e9 de vos donn\u00e9es est garantie. <\/p><p><strong>R\u00e9f\u00e9rence \u00e0 d'autres sites Web<\/strong><\/p><p>Sur notre site Web, vous pouvez trouver des liens vers d\u2019autres sites Web qui ne nous appartiennent pas. Si vous cliquez sur un lien tiers, vous serez redirig\u00e9 vers ce site tiers. Nous vous recommandons fortement de consulter la politique de confidentialit\u00e9 de chaque site que vous visitez.  <\/p><p>Nous n'avons aucun contr\u00f4le sur les sites tiers et n'assumons aucune responsabilit\u00e9 quant \u00e0 leur contenu, leurs politiques de confidentialit\u00e9, leurs services offerts ou quoi que ce soit d'autre.<\/p><p><strong>Mises \u00e0 jour de la politique de confidentialit\u00e9<\/strong><\/p><p>Si n\u00e9cessaire, nous avons le droit d'apporter des modifications \u00e0 ce document de politique de confidentialit\u00e9. Apr\u00e8s la mise \u00e0 jour de la politique de confidentialit\u00e9, nous modifierons la date de mise \u00e0 jour du document au bas du document. Si vous continuez \u00e0 visiter et \u00e0 utiliser notre site Web apr\u00e8s la mise \u00e0 jour de notre politique de confidentialit\u00e9, nous consid\u00e9rerons cela comme votre consentement tacite aux modifications.  <\/p><p>Derni\u00e8re modification le 17.04.2025<\/p><\/div><\/div>\n        <\/section>\t\t\t\t<\/div>\n\t\t\t\t<\/div>\n\t\t\t\t<\/div>\n\t\t\t\t<\/div>\n\t\t","protected":false},"excerpt":{"rendered":"<p>Avec cette politique de confidentialit\u00e9, nous souhaitons vous expliquer quelles donn\u00e9es nous collectons, comment nous les utilisons et quels sont vos droits pour prot\u00e9ger vos donn\u00e9es. La politique s&rsquo;applique uniquement \u00e0 notre site Web et \u00e0 ses visiteurs et ne s&rsquo;applique pas aux donn\u00e9es collect\u00e9es via d&rsquo;autres canaux. politique de confidentialit\u00e9 Votre vie priv\u00e9e est [&hellip;]<\/p>\n","protected":false},"author":1,"featured_media":0,"parent":0,"menu_order":0,"comment_status":"closed","ping_status":"open","template":"","meta":{"footnotes":""},"class_list":["post-1662","page","type-page","status-publish","hentry"],"_links":{"self":[{"href":"https:\/\/dominiiklased.ee\/fr\/wp-json\/wp\/v2\/pages\/1662","targetHints":{"allow":["GET"]}}],"collection":[{"href":"https:\/\/dominiiklased.ee\/fr\/wp-json\/wp\/v2\/pages"}],"about":[{"href":"https:\/\/dominiiklased.ee\/fr\/wp-json\/wp\/v2\/types\/page"}],"author":[{"embeddable":true,"href":"https:\/\/dominiiklased.ee\/fr\/wp-json\/wp\/v2\/users\/1"}],"replies":[{"embeddable":true,"href":"https:\/\/dominiiklased.ee\/fr\/wp-json\/wp\/v2\/comments?post=1662"}],"version-history":[{"count":3,"href":"https:\/\/dominiiklased.ee\/fr\/wp-json\/wp\/v2\/pages\/1662\/revisions"}],"predecessor-version":[{"id":3762,"href":"https:\/\/dominiiklased.ee\/fr\/wp-json\/wp\/v2\/pages\/1662\/revisions\/3762"}],"wp:attachment":[{"href":"https:\/\/dominiiklased.ee\/fr\/wp-json\/wp\/v2\/media?parent=1662"}],"curies":[{"name":"wp","href":"https:\/\/api.w.org\/{rel}","templated":true}]}}