{"id":4927,"date":"2026-03-20T19:49:40","date_gmt":"2026-03-20T17:49:40","guid":{"rendered":"https:\/\/dominiiklased.ee\/samuel-mazzuchelli\/"},"modified":"2026-03-22T20:35:51","modified_gmt":"2026-03-22T18:35:51","slug":"samuel-mazzuchelli","status":"publish","type":"page","link":"https:\/\/dominiiklased.ee\/en\/samuel-mazzuchelli\/","title":{"rendered":"Samuel Mazzuchelli"},"content":{"rendered":"\t\t<div data-elementor-type=\"wp-page\" data-elementor-id=\"4927\" class=\"elementor elementor-4927 elementor-4829\">\n\t\t\t\t<div class=\"aux-parallax-section elementor-element elementor-element-2284ac6 e-flex e-con-boxed e-con e-parent\" data-id=\"2284ac6\" data-element_type=\"container\" data-e-type=\"container\">\n\t\t\t\t\t<div class=\"e-con-inner\">\n\t\t\t\t<div class=\"elementor-element elementor-element-51ccffe elementor-widget elementor-widget-heading\" data-id=\"51ccffe\" data-element_type=\"widget\" data-e-type=\"widget\" data-widget_type=\"heading.default\">\n\t\t\t\t<div class=\"elementor-widget-container\">\n\t\t\t\t\t<h2 class=\"elementor-heading-title elementor-size-default\">Our role models<\/h2>\t\t\t\t<\/div>\n\t\t\t\t<\/div>\n\t\t\t\t<div class=\"elementor-element elementor-element-0bb9e25 elementor-widget elementor-widget-aux_menu_box\" data-id=\"0bb9e25\" data-element_type=\"widget\" data-e-type=\"widget\" data-widget_type=\"aux_menu_box.default\">\n\t\t\t\t<div class=\"elementor-widget-container\">\n\t\t\t\t\t<div class=\"aux-elementor-header-menu aux-nav-menu-element aux-nav-menu-element-0bb9e25\"><div class=\"aux-burger-box\" data-target-panel=\"toggle-bar\" data-target-content=\".elementor-element-0bb9e25 .aux-master-menu\"><div class=\"aux-burger aux-lite-small\"><span class=\"mid-line\"><\/span><\/div><\/div><!-- start master menu -->\n<nav id=\"master-menu-elementor-0bb9e25\" class=\"menu-dominikaanlased-english-container\">\n\n\t<ul id=\"menu-dominikaanlased-english\" class=\"aux-master-menu aux-no-js aux-skin-classic aux-with-indicator aux-with-splitter aux-horizontal\" data-type=\"horizontal\"  data-switch-type=\"toggle\" data-switch-parent=\".elementor-element-0bb9e25 .aux-toggle-menu-bar\" data-switch-width=\"115\"  >\n\t\t<!-- start single menu -->\n\t\t<li id=\"menu-item-1831\" class=\"menu-item menu-item-type-post_type menu-item-object-page menu-item-1831 aux-menu-depth-0 aux-menu-root-1 aux-menu-item\">\n\t\t\t<a href=\"https:\/\/dominiiklased.ee\/en\/blessed-agnes-de-langeac\/\" class=\"aux-item-content\">\n\t\t\t\t<span class=\"aux-menu-label\">Blessed Agnes de Langeac<\/span>\n\t\t\t<\/a>\n\t\t<\/li>\n\t\t<!-- end single menu -->\n\t\t<!-- start single menu -->\n\t\t<li id=\"menu-item-1832\" class=\"menu-item menu-item-type-post_type menu-item-object-page menu-item-1832 aux-menu-depth-0 aux-menu-root-2 aux-menu-item\">\n\t\t\t<a href=\"https:\/\/dominiiklased.ee\/en\/jose-alvarez-fernandez\/\" class=\"aux-item-content\">\n\t\t\t\t<span class=\"aux-menu-label\">Jose Alvarez Fernandez<\/span>\n\t\t\t<\/a>\n\t\t<\/li>\n\t\t<!-- end single menu -->\n\t\t<!-- start single menu -->\n\t\t<li id=\"menu-item-1833\" class=\"menu-item menu-item-type-post_type menu-item-object-page menu-item-1833 aux-menu-depth-0 aux-menu-root-3 aux-menu-item\">\n\t\t\t<a href=\"https:\/\/dominiiklased.ee\/en\/teresa-chikaba\/\" class=\"aux-item-content\">\n\t\t\t\t<span class=\"aux-menu-label\">Teresa Chikaba<\/span>\n\t\t\t<\/a>\n\t\t<\/li>\n\t\t<!-- end single menu -->\n\t\t<!-- start single menu -->\n\t\t<li id=\"menu-item-1834\" class=\"menu-item menu-item-type-post_type menu-item-object-page menu-item-1834 aux-menu-depth-0 aux-menu-root-4 aux-menu-item\">\n\t\t\t<a href=\"https:\/\/dominiiklased.ee\/en\/titus-horten\/\" class=\"aux-item-content\">\n\t\t\t\t<span class=\"aux-menu-label\">Titus Horten<\/span>\n\t\t\t<\/a>\n\t\t<\/li>\n\t\t<!-- end single menu -->\n\t\t<!-- start single menu -->\n\t\t<li id=\"menu-item-1835\" class=\"menu-item menu-item-type-post_type menu-item-object-page menu-item-1835 aux-menu-depth-0 aux-menu-root-5 aux-menu-item\">\n\t\t\t<a href=\"https:\/\/dominiiklased.ee\/en\/marie-joseph-lagrange\/\" class=\"aux-item-content\">\n\t\t\t\t<span class=\"aux-menu-label\">Marie Joseph Lagrange<\/span>\n\t\t\t<\/a>\n\t\t<\/li>\n\t\t<!-- end single menu -->\n\t\t<!-- start single menu -->\n\t\t<li id=\"menu-item-1836\" class=\"menu-item menu-item-type-post_type menu-item-object-page menu-item-1836 aux-menu-depth-0 aux-menu-root-6 aux-menu-item\">\n\t\t\t<a href=\"https:\/\/dominiiklased.ee\/en\/vincent-liem-of-peace\/\" class=\"aux-item-content\">\n\t\t\t\t<span class=\"aux-menu-label\">Vincent Liem of Peace<\/span>\n\t\t\t<\/a>\n\t\t<\/li>\n\t\t<!-- end single menu -->\n\t\t<!-- start single menu -->\n\t\t<li id=\"menu-item-1864\" class=\"menu-item menu-item-type-post_type menu-item-object-page menu-item-1864 aux-menu-depth-0 aux-menu-root-7 aux-menu-item\">\n\t\t\t<a href=\"https:\/\/dominiiklased.ee\/en\/juan-macias\/\" class=\"aux-item-content\">\n\t\t\t\t<span class=\"aux-menu-label\">Juan Macias<\/span>\n\t\t\t<\/a>\n\t\t<\/li>\n\t\t<!-- end single menu -->\n\t\t<!-- start single menu -->\n\t\t<li id=\"menu-item-1865\" class=\"menu-item menu-item-type-post_type menu-item-object-page menu-item-1865 aux-menu-depth-0 aux-menu-root-8 aux-menu-item\">\n\t\t\t<a href=\"https:\/\/dominiiklased.ee\/en\/giorgio-la-pira\/\" class=\"aux-item-content\">\n\t\t\t\t<span class=\"aux-menu-label\">Giorgio La Pira<\/span>\n\t\t\t<\/a>\n\t\t<\/li>\n\t\t<!-- end single menu -->\n\t\t<!-- start single menu -->\n\t\t<li id=\"menu-item-1866\" class=\"menu-item menu-item-type-post_type menu-item-object-page menu-item-1866 aux-menu-depth-0 aux-menu-root-9 aux-menu-item\">\n\t\t\t<a href=\"https:\/\/dominiiklased.ee\/en\/francis-of-vitoria\/\" class=\"aux-item-content\">\n\t\t\t\t<span class=\"aux-menu-label\">Francis of Vitoria<\/span>\n\t\t\t<\/a>\n\t\t<\/li>\n\t\t<!-- end single menu -->\n\t<\/ul>\n\n<\/nav>\n<!-- end master menu -->\n<div class=\"aux-toggle-menu-bar\"><\/div><\/div><style>@media only screen and (min-width: 116px) { .elementor-element-0bb9e25 .aux-burger-box { display: none } }<\/style>\t\t\t\t<\/div>\n\t\t\t\t<\/div>\n\t\t\t\t\t<\/div>\n\t\t\t\t<\/div>\n\t\t<div class=\"aux-parallax-section elementor-element elementor-element-c41fd24 e-flex e-con-boxed e-con e-parent\" data-id=\"c41fd24\" data-element_type=\"container\" data-e-type=\"container\">\n\t\t\t\t\t<div class=\"e-con-inner\">\n\t\t<div class=\"elementor-element elementor-element-f8c7192 e-con-full e-flex e-con e-child\" data-id=\"f8c7192\" data-element_type=\"container\" data-e-type=\"container\">\n\t\t\t\t<div class=\"elementor-element elementor-element-c99461e aux-appear-watch-animation aux-fade-in-up elementor-widget elementor-widget-aux_modern_heading\" data-id=\"c99461e\" data-element_type=\"widget\" data-e-type=\"widget\" data-widget_type=\"aux_modern_heading.default\">\n\t\t\t\t<div class=\"elementor-widget-container\">\n\t\t\t\t\t<section class=\"aux-widget-modern-heading\">\n            <div class=\"aux-widget-inner\"><h2 class=\"aux-modern-heading-primary\">Samuel Mazzuchelli<\/h2><h3 class=\"aux-modern-heading-secondary\"><span class=\"aux-head-before\">\u00b0 Milan 1806 \u2013 \u2020 Benton 1864<\/span><\/h3><div class=\"aux-modern-heading-divider\"><\/div><div class=\"aux-modern-heading-description\"><p>Samuel Mazzuchelli was born in Milan in 1806, into an intellectual family. In his youth he felt a calling<br> missionary work and joined the Order of Preachers in 1823. After the novitiate, he was sent at just 22<br> to the United States at the age of 18 to serve Native Americans and new immigrants.<br> He operated in the Michigan, Wisconsin, and Iowa regions, learning local languages \u200b\u200band establishing dozens of<br> parishes, churches and schools. In addition, he was a teacher, translator and architect who designed several<br> prominent churches, including St. Augustine Cathedral in Dubuque.<br> Mazzuchelli defended the rights of natives and immigrants and promoted education by translating liturgical<br> texts in the native language of the local people. Due to his modesty, he refused the episcopal office and remained<br> faithful to the simple missionary life.<br> He died in 1864 in Benton, Wisconsin.<br> In 1993, Pope John Paul II beatified him.        <\/p><\/div><\/div>\n        <\/section>\t\t\t\t<\/div>\n\t\t\t\t<\/div>\n\t\t\t\t<\/div>\n\t\t<div class=\"elementor-element elementor-element-9a4430c aux-appear-watch-animation aux-scale-down e-con-full e-flex e-con e-child\" data-id=\"9a4430c\" data-element_type=\"container\" data-e-type=\"container\">\n\t\t\t\t<div class=\"elementor-element elementor-element-46c0b7d elementor-widget elementor-widget-aux_image\" data-id=\"46c0b7d\" data-element_type=\"widget\" data-e-type=\"widget\" data-widget_type=\"aux_image.default\">\n\t\t\t\t<div class=\"elementor-widget-container\">\n\t\t\t\t\t<section class=\"widget-container aux-widget-image aux-alignnone aux-parent-au1687f415\">\n    <div class=\"aux-media-hint-frame \">\n        <div class=\"aux-media-image \" >\n        \n            \n\n            \n            <img fetchpriority=\"high\" decoding=\"async\" width=\"1585\" height=\"2560\" src=\"data:image\/gif;base64,R0lGODlhAQABAIAAAAAAAP\/\/\/yH5BAEAAAAALAAAAAABAAEAAAIBRAA7\" class=\"aux-attachment aux-featured-image aux-attachment-id-4816 aux-preload aux-blank\" alt=\"Mazzucchelli\" data-ratio=\"0.62\" data-original-w=\"1585\" data-src=\"https:\/\/dominiiklased.ee\/wp-content\/uploads\/2026\/03\/Mazzucchelli-scaled.jpg\" \/>            \n                <\/div>\n    <\/div>\n\n<\/section><!-- widget-container -->\t\t\t\t<\/div>\n\t\t\t\t<\/div>\n\t\t\t\t<div class=\"elementor-element elementor-element-85916eb elementor-widget elementor-widget-heading\" data-id=\"85916eb\" data-element_type=\"widget\" data-e-type=\"widget\" data-widget_type=\"heading.default\">\n\t\t\t\t<div class=\"elementor-widget-container\">\n\t\t\t\t\t<h2 class=\"elementor-heading-title elementor-size-default\">Kai Kiudsoo-Paint, glass painting and melting<\/h2>\t\t\t\t<\/div>\n\t\t\t\t<\/div>\n\t\t\t\t<\/div>\n\t\t\t\t\t<\/div>\n\t\t\t\t<\/div>\n\t\t\t\t<\/div>\n\t\t","protected":false},"excerpt":{"rendered":"<p>Our role models Agn\u00e8s de Langeac Jos\u00e9 \u00c1lavrez Fern\u00e0ndez Teresa Chikaba Titus Horten Marie Joseph Lagrange Vincent Liem of Peace Juan Macias Giorgio La Pira Franciscus de Vitoria Samuel Mazzuchelli Samuel Mazzuchelli \u00b0 Milan 1806 \u2013 \u2020 Benton 1864 Samuel Mazzuchelli was born in Milan in 1806, into an intellectual family. In his youth he [&hellip;]<\/p>\n","protected":false},"author":2,"featured_media":0,"parent":0,"menu_order":0,"comment_status":"closed","ping_status":"closed","template":"templates\/page-builder-content.php","meta":{"footnotes":""},"class_list":["post-4927","page","type-page","status-publish","hentry"],"_links":{"self":[{"href":"https:\/\/dominiiklased.ee\/en\/wp-json\/wp\/v2\/pages\/4927","targetHints":{"allow":["GET"]}}],"collection":[{"href":"https:\/\/dominiiklased.ee\/en\/wp-json\/wp\/v2\/pages"}],"about":[{"href":"https:\/\/dominiiklased.ee\/en\/wp-json\/wp\/v2\/types\/page"}],"author":[{"embeddable":true,"href":"https:\/\/dominiiklased.ee\/en\/wp-json\/wp\/v2\/users\/2"}],"replies":[{"embeddable":true,"href":"https:\/\/dominiiklased.ee\/en\/wp-json\/wp\/v2\/comments?post=4927"}],"version-history":[{"count":1,"href":"https:\/\/dominiiklased.ee\/en\/wp-json\/wp\/v2\/pages\/4927\/revisions"}],"predecessor-version":[{"id":4928,"href":"https:\/\/dominiiklased.ee\/en\/wp-json\/wp\/v2\/pages\/4927\/revisions\/4928"}],"wp:attachment":[{"href":"https:\/\/dominiiklased.ee\/en\/wp-json\/wp\/v2\/media?parent=4927"}],"curies":[{"name":"wp","href":"https:\/\/api.w.org\/{rel}","templated":true}]}}